{"id":27997,"date":"2024-11-13T08:15:19","date_gmt":"2024-11-13T08:15:19","guid":{"rendered":"https:\/\/meconstructionsupplies.com\/product\/f-easy-d-brushless-cordless-angle-grinder-grinding-machine-cutting-electric-grinder-16-8v-battery-power-tool\/"},"modified":"2024-12-02T08:12:55","modified_gmt":"2024-12-02T08:12:55","slug":"f-easy-d-brushless-cordless-angle-grinder-grinding-machine-cutting-electric-grinder-16-8v-battery-power-tool","status":"publish","type":"product","link":"https:\/\/meconstructionsupplies.com\/fr\/product\/f-easy-d-brushless-cordless-angle-grinder-grinding-machine-cutting-electric-grinder-16-8v-battery-power-tool\/","title":{"rendered":"F.EASY.D Meuleuse d&#039;angle sans fil sans balais Meuleuse de coupe \u00e9lectrique Meuleuse \u00e9lectrique 16,8 V Outil \u00e9lectrique \u00e0 batterie"},"content":{"rendered":"<div style=\"width: 540px;\" class=\"wp-video\"><!--[if lt IE 9]><script>document.createElement('video');<\/script><![endif]-->\n<video class=\"wp-video-shortcode\" id=\"video-27997-1\" width=\"540\" height=\"960\" preload=\"metadata\" controls=\"controls\"><source type=\"video\/mp4\" src=\"\/\/play.video.alibaba.com\/play\/u\/2153292369\/p\/1\/e\/6\/t\/10300\/445632798783.mp4?_=1\" \/><a href=\"\/\/play.video.alibaba.com\/play\/u\/2153292369\/p\/1\/e\/6\/t\/10300\/445632798783.mp4\">\/\/play.video.alibaba.com\/play\/u\/2153292369\/p\/1\/e\/6\/t\/10300\/445632798783.mp4<\/a><\/video><\/div>\n<div id=\"detail_decorate_root\" data-magic-global=\"%7B%22bizId%22%3A2210617493587%2C%22pageId%22%3A21355941597%2C%22siteId%22%3A10002364041%7D\">\n<div class=\"J_module\">\n<div class=\"icbu-pc-detailSellerRecommend magic-0\" data-magic=\"{&quot;mds&quot;:{&quot;assetsVersion&quot;:&quot;0.0.14&quot;,&quot;assetsPackageName&quot;:&quot;icbumod&quot;,&quot;moduleNameAlias&quot;:&quot;icbu-pc-detailSellerRecommend&quot;,&quot;moduleData&quot;:{&quot;config&quot;:{&quot;columnCount&quot;:4,&quot;titleKey&quot;:6,&quot;products&quot;:[1600990043639,1600472179073,1600999530356,1600446890529]}}},&quot;version&quot;:1}\"><\/div>\n<\/div>\n<div class=\"J_module\">\n<div class=\"icbu-pc-images magic-1\">\n<div>\n<div class=\"flex-layout-v\">\n<div class=\"flex-layout-h magic-1\">\n<div class=\"magic-2\"><img fetchpriority=\"high\" decoding=\"async\" class=\"magic-3\" src=\"\/\/sc04.alicdn.com\/kf\/Hd802ceb8a3054a978b74646a746ece0bj\/250468609\/Hd802ceb8a3054a978b74646a746ece0bj.jpg\" width=\"542\" height=\"254\" \/><\/div>\n<\/div>\n<\/div>\n<\/div>\n<\/div>\n<\/div>\n<div class=\"J_module\">\n<div id=\"ali-anchor-AliMagic-ekojq9\" class=\"magic-4\" data-section=\"AliMagic-ekojq9\" data-section-title=\"Products Description\">Products Description<\/div>\n<\/div>\n<div class=\"J_module\">\n<div class=\"ife-detail-decorate-table\">\n<table class=\"all magic-5\" style=\"height: 187px;\" width=\"542\">\n<tbody>\n<tr>\n<td colspan=\"1\" rowspan=\"1\">\n<div class=\"magic-6\"><b>Item<\/b><\/div>\n<\/td>\n<td colspan=\"1\" rowspan=\"1\">\n<div class=\"magic-7\">Rechargeable Angle Grinder Mini Cheap Cordless Electric Brushless Portable Hand Angle Grinder Power Tools<\/div>\n<\/td>\n<\/tr>\n<tr>\n<td colspan=\"1\" rowspan=\"1\">\n<div class=\"magic-6\"><b data-spm-anchor-id=\"a2700.pc-decorate.0.i13.439c3333jUSSPt\">Power<\/b><\/div>\n<\/td>\n<td colspan=\"1\" rowspan=\"1\">\n<div class=\"magic-7\">500W<\/div>\n<\/td>\n<\/tr>\n<tr>\n<td colspan=\"1\" rowspan=\"1\">\n<div class=\"magic-6\"><b>Product size<\/b><\/div>\n<\/td>\n<td colspan=\"1\" rowspan=\"1\">\n<div class=\"magic-7\">27*14*9.5cm<\/div>\n<\/td>\n<\/tr>\n<tr>\n<td colspan=\"1\" rowspan=\"1\">\n<div class=\"magic-6\"><b>Product weight<\/b><\/div>\n<\/td>\n<td colspan=\"1\" rowspan=\"1\">\n<div class=\"magic-7\">0.8 kg<\/div>\n<\/td>\n<\/tr>\n<tr>\n<td colspan=\"1\" rowspan=\"1\">\n<div class=\"magic-6\"><b>Ambient temperature<\/b><\/div>\n<\/td>\n<td colspan=\"1\" rowspan=\"1\">\n<div class=\"magic-7\">-20- + 50\u00b0C<\/div>\n<\/td>\n<\/tr>\n<\/tbody>\n<\/table>\n<\/div>\n<\/div>\n<div class=\"J_module\">\n<div class=\"icbu-pc-detailManyImage magic-8\">\n<div class=\"magic-9\"><img decoding=\"async\" class=\"magic-10\" src=\"\/\/sc04.alicdn.com\/kf\/Hf219f93eaa47486baf65fea579505ab6h\/250468609\/Hf219f93eaa47486baf65fea579505ab6h.png\" width=\"541\" height=\"541\" \/><\/div>\n<div class=\"magic-9\"><img decoding=\"async\" class=\"magic-10\" src=\"\/\/sc04.alicdn.com\/kf\/Hf8134682e0474d6e94d2a10fab5286d3B\/250468609\/Hf8134682e0474d6e94d2a10fab5286d3B.png\" width=\"543\" height=\"724\" \/><\/div>\n<div class=\"magic-9\"><img loading=\"lazy\" decoding=\"async\" class=\"magic-10\" src=\"\/\/sc04.alicdn.com\/kf\/Hfb3bc2ac48b544349c686e6b3f060854x\/250468609\/Hfb3bc2ac48b544349c686e6b3f060854x.png\" width=\"542\" height=\"692\" \/><\/div>\n<div class=\"magic-9\"><img loading=\"lazy\" decoding=\"async\" class=\"magic-10\" src=\"\/\/sc04.alicdn.com\/kf\/H010f3b12adc8478cac31dc1b07b91487Z\/250468609\/H010f3b12adc8478cac31dc1b07b91487Z.png\" width=\"541\" height=\"541\" \/><\/div>\n<div class=\"magic-9\"><img loading=\"lazy\" decoding=\"async\" class=\"magic-10\" src=\"\/\/sc04.alicdn.com\/kf\/Ha3988620d77942699a99f2e778df77eft\/250468609\/Ha3988620d77942699a99f2e778df77eft.png\" width=\"540\" height=\"550\" \/><\/div>\n<div class=\"magic-9\"><img loading=\"lazy\" decoding=\"async\" class=\"magic-10\" src=\"\/\/sc04.alicdn.com\/kf\/H1015c38ea75641d885d133fa172c4651R\/250468609\/H1015c38ea75641d885d133fa172c4651R.png\" width=\"537\" height=\"537\" \/><\/div>\n<div class=\"magic-9\"><img loading=\"lazy\" decoding=\"async\" class=\"magic-10\" src=\"\/\/sc04.alicdn.com\/kf\/Hb464d178168743699fdc556e46a9830cX\/250468609\/Hb464d178168743699fdc556e46a9830cX.png\" width=\"537\" height=\"600\" \/><\/div>\n<\/div>\n<\/div>\n<div class=\"J_module\">\n<div class=\"icbu-pc-images magic-1\">\n<div>\n<div class=\"flex-layout-v\">\n<div class=\"flex-layout-h magic-1\">\n<div class=\"magic-11\"><img loading=\"lazy\" decoding=\"async\" class=\"magic-12\" src=\"\/\/sc04.alicdn.com\/kf\/H86a28b56294b4c758dc9c460a7b86981k\/250468609\/H86a28b56294b4c758dc9c460a7b86981k.jpg\" width=\"540\" height=\"446\" \/><\/div>\n<\/div>\n<\/div>\n<\/div>\n<\/div>\n<\/div>\n<div class=\"J_module\">\n<div id=\"ali-anchor-AliMagic-v3v941\" class=\"magic-4\" data-section=\"AliMagic-v3v941\" data-section-title=\"Why Choose Us\">Why Choose Us<\/div>\n<\/div>\n<div class=\"J_module\">\n<div class=\"icbu-pc-images magic-1\">\n<div>\n<div class=\"flex-layout-v\">\n<div class=\"flex-layout-h magic-1\">\n<div class=\"magic-13\"><\/div>\n<\/div>\n<\/div>\n<\/div>\n<\/div>\n<\/div>\n<div class=\"J_module\">\n<div class=\"icbu-pc-images magic-1\">\n<div>\n<div class=\"flex-layout-v\">\n<div class=\"flex-layout-h magic-1\">\n<div class=\"magic-15\"><img loading=\"lazy\" decoding=\"async\" class=\"magic-16\" src=\"\/\/sc04.alicdn.com\/kf\/H0678e5e731234f538ac98dd2ef1cfc4fg\/250468609\/H0678e5e731234f538ac98dd2ef1cfc4fg.jpg\" width=\"536\" height=\"519\" \/><\/div>\n<\/div>\n<\/div>\n<\/div>\n<\/div>\n<\/div>\n<div class=\"J_module\">\n<div class=\"icbu-pc-images magic-1\">\n<div>\n<div class=\"flex-layout-v\">\n<div class=\"flex-layout-h magic-1\">\n<div class=\"magic-17\"><\/div>\n<\/div>\n<\/div>\n<\/div>\n<\/div>\n<\/div>\n<div class=\"J_module\">\n<div id=\"ali-anchor-AliMagic-id0rzo\" class=\"magic-4\" data-section=\"AliMagic-id0rzo\" data-section-title=\"FAQ\">FAQ<\/div>\n<\/div>\n<div class=\"J_module\">\n<div class=\"detail-decorate-json-renderer-container\">\n<div class=\"magic-19\">\n<div class=\"magic-20\">\n<div class=\"magic-21\">\n<div class=\"magic-22\"><b><span class=\"magic-23\">Q1: Why choose us?<\/span><\/b><br \/>\nA:Our products has low MOQ,high quality which meets US or EU standard. We provide high level service, accept OEM and Trade assurance order. You can shop without worries.<b><span class=\"magic-23\">Q2: Can I print our logo, barcode, unique QR code or series number on your Product?<\/span><\/b><br \/>\nA: Yes, We can customized as per your request.<\/p>\n<div><b><span class=\"magic-23\">Q3: Can I order some samples for our testing?<\/span><\/b><br \/>\nA: Yes, we welcome ask for samples to test and check our quality.<\/div>\n<div><b><span class=\"magic-23\">Q4: What is the lead time for sample?<\/span><\/b><br \/>\nA: 1 to 3 days for stock samples, 7-15 working days for nonstick samples and customized samples.<br \/>\n<b><span class=\"magic-23\"><br \/>\n<\/span><\/b><\/div>\n<div><b><span class=\"magic-23\">Q5: What express do you often use to send the samples?<\/span><\/b><br \/>\nA: Normally we send samples by DHL, UPS, FedEx, TNT or SF. It takes 3-7 days to delivery.<\/div>\n<div><b><span class=\"magic-23\">Q6: Do you have any MOQ limit?<\/span><\/b><br \/>\nA: Yes, please refer to Quick Details for MOQ for different products. Please send the e-mail to us to confirm the details, if you want a small order.<\/div>\n<div><b><span class=\"magic-23\">Q6: Do you want to know more offers?<\/span><\/b><\/div>\n<\/div>\n<\/div>\n<\/div>\n<\/div>\n<\/div>\n<\/div>\n<\/div>\n","protected":false},"excerpt":{"rendered":"<p>Description des produits Article Meuleuse d&#039;angle rechargeable Mini pas cher \u00e9lectrique sans fil sans balais portable meuleuse d&#039;angle \u00e0 main outils \u00e9lectriques puissance 500W Produit<\/p>","protected":false},"featured_media":27996,"comment_status":"open","ping_status":"closed","template":"","meta":[],"product_cat":[74,72,71],"product_tag":[],"class_list":{"0":"post-27997","1":"product","2":"type-product","3":"status-publish","4":"has-post-thumbnail","6":"product_cat-cordless-angle-grinders","7":"product_cat-cordless-tools","8":"product_cat-power-tools","10":"first","11":"instock","12":"shipping-taxable","13":"purchasable","14":"product-type-simple"},"_links":{"self":[{"href":"https:\/\/meconstructionsupplies.com\/fr\/wp-json\/wp\/v2\/product\/27997","targetHints":{"allow":["GET"]}}],"collection":[{"href":"https:\/\/meconstructionsupplies.com\/fr\/wp-json\/wp\/v2\/product"}],"about":[{"href":"https:\/\/meconstructionsupplies.com\/fr\/wp-json\/wp\/v2\/types\/product"}],"replies":[{"embeddable":true,"href":"https:\/\/meconstructionsupplies.com\/fr\/wp-json\/wp\/v2\/comments?post=27997"}],"version-history":[{"count":3,"href":"https:\/\/meconstructionsupplies.com\/fr\/wp-json\/wp\/v2\/product\/27997\/revisions"}],"predecessor-version":[{"id":28682,"href":"https:\/\/meconstructionsupplies.com\/fr\/wp-json\/wp\/v2\/product\/27997\/revisions\/28682"}],"wp:featuredmedia":[{"embeddable":true,"href":"https:\/\/meconstructionsupplies.com\/fr\/wp-json\/wp\/v2\/media\/27996"}],"wp:attachment":[{"href":"https:\/\/meconstructionsupplies.com\/fr\/wp-json\/wp\/v2\/media?parent=27997"}],"wp:term":[{"taxonomy":"product_cat","embeddable":true,"href":"https:\/\/meconstructionsupplies.com\/fr\/wp-json\/wp\/v2\/product_cat?post=27997"},{"taxonomy":"product_tag","embeddable":true,"href":"https:\/\/meconstructionsupplies.com\/fr\/wp-json\/wp\/v2\/product_tag?post=27997"}],"curies":[{"name":"wp","href":"https:\/\/api.w.org\/{rel}","templated":true}]}}