{"id":28039,"date":"2024-11-13T08:37:44","date_gmt":"2024-11-13T08:37:44","guid":{"rendered":"https:\/\/meconstructionsupplies.com\/product\/new-model-manufacturer-wholesales-21v-cordless-brushless-235mm-circular-saw-power-tools-set-cutting-machine-tool-sets\/"},"modified":"2024-12-02T08:12:55","modified_gmt":"2024-12-02T08:12:55","slug":"new-model-manufacturer-wholesales-21v-cordless-brushless-235mm-circular-saw-power-tools-set-cutting-machine-tool-sets","status":"publish","type":"product","link":"https:\/\/meconstructionsupplies.com\/fr\/product\/new-model-manufacturer-wholesales-21v-cordless-brushless-235mm-circular-saw-power-tools-set-cutting-machine-tool-sets\/","title":{"rendered":"Nouveau mod\u00e8le Fabricant en gros 21V sans fil sans balais 235 mm Scie circulaire Ensemble d&#039;outils \u00e9lectriques Ensembles d&#039;outils de machine de d\u00e9coupe"},"content":{"rendered":"<div style=\"width: 540px;\" class=\"wp-video\"><!--[if lt IE 9]><script>document.createElement('video');<\/script><![endif]-->\n<video class=\"wp-video-shortcode\" id=\"video-28039-1\" width=\"540\" height=\"960\" preload=\"metadata\" controls=\"controls\"><source type=\"video\/mp4\" src=\"\/\/play.video.alibaba.com\/play\/u\/2153292369\/p\/1\/e\/6\/t\/10300\/364250246322.mp4?_=1\" \/><a href=\"\/\/play.video.alibaba.com\/play\/u\/2153292369\/p\/1\/e\/6\/t\/10300\/364250246322.mp4\">\/\/play.video.alibaba.com\/play\/u\/2153292369\/p\/1\/e\/6\/t\/10300\/364250246322.mp4<\/a><\/video><\/div>\n<div id=\"detail_decorate_root\" data-magic-global=\"%7B%22bizId%22%3A2644486559%2C%22pageId%22%3A21024211979%2C%22siteId%22%3A5005774556%7D\">\n<div class=\"J_module\">\n<div class=\"icbu-pc-images magic-0\">\n<div>\n<div class=\"flex-layout-v\">\n<div class=\"flex-layout-h magic-0\">\n<div class=\"magic-1\"><img fetchpriority=\"high\" decoding=\"async\" class=\"magic-2\" src=\"\/\/sc04.alicdn.com\/kf\/H6e2a814afb0646149410540dfdf88629O\/225634184\/H6e2a814afb0646149410540dfdf88629O.jpg\" width=\"539\" height=\"414\" \/><\/div>\n<\/div>\n<\/div>\n<\/div>\n<\/div>\n<\/div>\n<div class=\"J_module\">\n<div id=\"ali-anchor-AliMagic-wxbhap\" class=\"magic-3\" data-section=\"AliMagic-wxbhap\" data-section-title=\"Product Information\">Product Information<\/div>\n<\/div>\n<div class=\"J_module\">\n<div class=\"ife-detail-decorate-table\">\n<table class=\"has-title all magic-4\" style=\"height: 373px;\" width=\"536\">\n<tbody>\n<tr>\n<td colspan=\"1\" rowspan=\"1\">\n<div class=\"magic-5\">Place of Origin<\/div>\n<\/td>\n<td colspan=\"1\" rowspan=\"1\">\n<div class=\"magic-6\">China<\/div>\n<\/td>\n<\/tr>\n<tr>\n<td colspan=\"1\" rowspan=\"1\">\n<div class=\"magic-5\">Power Source<\/div>\n<\/td>\n<td colspan=\"1\" rowspan=\"1\">\n<div class=\"magic-6\">Battery<\/div>\n<\/td>\n<\/tr>\n<tr>\n<td colspan=\"1\" rowspan=\"1\">\n<div class=\"magic-5\">Product name<\/div>\n<\/td>\n<td colspan=\"1\" rowspan=\"1\">\n<div class=\"magic-6\">Cordless Citcular Saw<\/div>\n<\/td>\n<\/tr>\n<tr>\n<td colspan=\"1\" rowspan=\"1\">\n<div class=\"magic-5\">No load speed<\/div>\n<\/td>\n<td colspan=\"1\" rowspan=\"1\">\n<div class=\"magic-6\">4500rpm<\/div>\n<\/td>\n<\/tr>\n<tr>\n<td colspan=\"1\" rowspan=\"1\">\n<div class=\"magic-5\">Color<\/div>\n<\/td>\n<td colspan=\"1\" rowspan=\"1\">\n<div class=\"magic-6\">Customer Designed<\/div>\n<\/td>\n<\/tr>\n<tr>\n<td colspan=\"1\" rowspan=\"1\">\n<div class=\"magic-5\">OEM service<\/div>\n<\/td>\n<td colspan=\"1\" rowspan=\"1\">\n<div class=\"magic-6\">welcomed<\/div>\n<\/td>\n<\/tr>\n<tr>\n<td colspan=\"1\" rowspan=\"1\">\n<div class=\"magic-5\">Blade Diametor<\/div>\n<\/td>\n<td colspan=\"1\" rowspan=\"1\">\n<div class=\"magic-6\">235mm<\/div>\n<\/td>\n<\/tr>\n<tr>\n<td colspan=\"1\" rowspan=\"1\">\n<div class=\"magic-5\">Packing<\/div>\n<\/td>\n<td colspan=\"1\" rowspan=\"1\">\n<div class=\"magic-6\">Color Box<\/div>\n<\/td>\n<\/tr>\n<tr>\n<td colspan=\"1\" rowspan=\"1\">\n<div class=\"magic-5\">MOQ<\/div>\n<\/td>\n<td colspan=\"1\" rowspan=\"1\">\n<div class=\"magic-6\">300pcs<\/div>\n<\/td>\n<\/tr>\n<tr>\n<td colspan=\"1\" rowspan=\"1\">\n<div class=\"magic-5\">Application<\/div>\n<\/td>\n<td colspan=\"1\" rowspan=\"1\">\n<div class=\"magic-6\">Wood stone cutting<\/div>\n<\/td>\n<\/tr>\n<tr>\n<td colspan=\"1\" rowspan=\"1\">\n<div class=\"magic-5\">Saw Type<\/div>\n<\/td>\n<td colspan=\"1\" rowspan=\"1\">\n<div class=\"magic-6\">Corded Circular Saws<\/div>\n<\/td>\n<\/tr>\n<tr>\n<td colspan=\"1\" rowspan=\"1\">\n<div class=\"magic-5\">For Use On<\/div>\n<\/td>\n<td colspan=\"1\" rowspan=\"1\">\n<div class=\"magic-6\">Wood<\/div>\n<\/td>\n<\/tr>\n<\/tbody>\n<\/table>\n<\/div>\n<\/div>\n<div class=\"J_module\">\n<div class=\"icbu-pc-detailManyImage magic-7\">\n<div class=\"magic-8\"><img decoding=\"async\" class=\"magic-9\" src=\"\/\/sc04.alicdn.com\/kf\/H15e0db7a78cd484c8cc4ba0a2f5a0f23k\/225634184\/H15e0db7a78cd484c8cc4ba0a2f5a0f23k.jpg\" width=\"536\" height=\"836\" \/><\/div>\n<\/div>\n<\/div>\n<div class=\"J_module\">\n<div id=\"ali-anchor-AliMagic-xv0nw7\" class=\"magic-3\" data-section=\"AliMagic-xv0nw7\" data-section-title=\"Product Features\">Product Features<\/div>\n<\/div>\n<div class=\"J_module\">\n<div class=\"icbu-pc-images magic-0\">\n<div>\n<div class=\"flex-layout-v\">\n<div class=\"flex-layout-h magic-0\">\n<div class=\"magic-10\"><img decoding=\"async\" class=\"magic-11\" src=\"\/\/sc04.alicdn.com\/kf\/He66d7f240a114ddea03c9ae818addfb9i\/225634184\/He66d7f240a114ddea03c9ae818addfb9i.jpg\" width=\"527\" height=\"775\" \/><\/div>\n<\/div>\n<\/div>\n<\/div>\n<\/div>\n<\/div>\n<div class=\"J_module\">\n<div id=\"ali-anchor-AliMagic-8pqn89\" class=\"magic-3\" data-section=\"AliMagic-8pqn89\" data-section-title=\"Product Application\">Product Application<\/div>\n<\/div>\n<div class=\"J_module\">\n<div class=\"icbu-pc-images magic-0\">\n<div>\n<div class=\"flex-layout-v\">\n<div class=\"flex-layout-h magic-0\">\n<div class=\"magic-12\"><img loading=\"lazy\" decoding=\"async\" class=\"magic-13\" src=\"\/\/sc04.alicdn.com\/kf\/H8f9ae25918024886ac4b2eef734cc62fu\/225634184\/H8f9ae25918024886ac4b2eef734cc62fu.jpg\" width=\"524\" height=\"397\" \/><\/div>\n<\/div>\n<\/div>\n<\/div>\n<\/div>\n<\/div>\n<div class=\"J_module\">\n<div id=\"ali-anchor-AliMagic-gy24q2\" class=\"magic-3\" data-section=\"AliMagic-gy24q2\" data-section-title=\"Related Products\">Related Products<\/div>\n<\/div>\n<div class=\"J_module\">\n<div class=\"icbu-pc-images magic-0\">\n<div>\n<div class=\"flex-layout-v\">\n<div class=\"flex-layout-h magic-0\">\n<div class=\"magic-14\"><img loading=\"lazy\" decoding=\"async\" class=\"magic-15\" src=\"\/\/sc04.alicdn.com\/kf\/Hddab1f0ec3a944d9b6a0359ae74e30beE\/225634184\/Hddab1f0ec3a944d9b6a0359ae74e30beE.jpg\" width=\"516\" height=\"104\" \/><\/div>\n<\/div>\n<\/div>\n<\/div>\n<\/div>\n<\/div>\n<div class=\"J_module\">\n<div class=\"icbu-pc-detailSellerRecommend magic-16\" data-magic=\"{&quot;mds&quot;:{&quot;assetsVersion&quot;:&quot;0.0.14&quot;,&quot;assetsPackageName&quot;:&quot;icbumod&quot;,&quot;moduleNameAlias&quot;:&quot;icbu-pc-detailSellerRecommend&quot;,&quot;moduleData&quot;:{&quot;config&quot;:{&quot;columnCount&quot;:4,&quot;titleKey&quot;:0,&quot;products&quot;:[62485692155,62483935425,62483887854,62568621966,1600455613758,1600455687297,1600455586988,1600455707099,1600448958053,1600448893560,1600454074398,1600454114203]}}},&quot;version&quot;:1}\"><\/div>\n<\/div>\n<div class=\"J_module\">\n<div class=\"icbu-pc-images magic-0\">\n<div>\n<div class=\"flex-layout-v\">\n<div class=\"flex-layout-h magic-0\">\n<div><\/div>\n<div class=\"magic-17\">Packing&amp;Shipping<\/div>\n<\/div>\n<\/div>\n<\/div>\n<\/div>\n<\/div>\n<div class=\"J_module\">\n<div class=\"icbu-pc-images magic-0\">\n<div>\n<div class=\"flex-layout-v\">\n<div class=\"flex-layout-h magic-0\">\n<div class=\"magic-21\"><img loading=\"lazy\" decoding=\"async\" class=\"magic-22\" src=\"\/\/sc04.alicdn.com\/kf\/H9282986cd3dc4cc389a3bc498710414c7\/225634184\/H9282986cd3dc4cc389a3bc498710414c7.jpg\" width=\"518\" height=\"555\" \/><\/div>\n<\/div>\n<\/div>\n<\/div>\n<\/div>\n<\/div>\n<div class=\"J_module\">\n<div id=\"ali-anchor-AliMagic-ajvwce\" class=\"magic-3\" data-section=\"AliMagic-ajvwce\" data-section-title=\"FAQ\">FAQ<\/div>\n<\/div>\n<div class=\"J_module\">\n<div class=\"icbu-pc-images magic-0\">\n<div>\n<div class=\"flex-layout-v\">\n<div class=\"flex-layout-h magic-0\">\n<div class=\"magic-23\"><img loading=\"lazy\" decoding=\"async\" class=\"magic-24\" src=\"\/\/sc04.alicdn.com\/kf\/H88ac9e39487142dc8b59e1ae5ad74b36x\/225634184\/H88ac9e39487142dc8b59e1ae5ad74b36x.jpg\" width=\"517\" height=\"95\" \/><\/div>\n<\/div>\n<\/div>\n<\/div>\n<\/div>\n<\/div>\n<div class=\"J_module\">\n<div class=\"detail-decorate-json-renderer-container\">\n<div class=\"magic-25\">\n<div class=\"magic-26\">\n<div class=\"magic-27\">\n<div class=\"magic-28\">\n<p><b>1. who are we?<\/b><\/p>\n<p><b>2. how can we guarantee quality?<\/b><br \/>\nAlways a pre-production sample before mass production;<br \/>\nAlways final Inspection before shipment;<\/p>\n<p><b>3.what can you buy from us?<\/b><br \/>\nimpact drill,angle grinder,Plunge Router,high pressure washer,hand riveter<\/p>\n<p><b>4. why should you buy from us not from other suppliers?<\/b><br \/>\nAfter more than ten years of development, Zhejiang Jinlong Tools has become a large-scale group enterprise specializing in R&amp;D, manufacturing and sales of electric tools.<\/p>\n<p><b>5. what services can we provide?<\/b><br \/>\nAccepted Delivery Terms: FOB,CFR,CIF\uff1b<br \/>\nAccepted Payment Currency:USD,EUR,JPY,CAD,AUD,HKD,GBP,CNY,CHF;<br \/>\nAccepted Payment Type: T\/T,L\/C,D\/P D\/A,Credit Card,Western Union,Cash;<br \/>\nLanguage Spoken:English,Chinese,Spanish,Japanese,Portuguese,German,Arabic,French,Russian,Korean,Hindi,Italian<\/p>\n<\/div>\n<\/div>\n<\/div>\n<\/div>\n<\/div>\n<\/div>\n<div class=\"J_module\">\n<div class=\"icbu-pc-images magic-0\">\n<div>\n<div class=\"flex-layout-v\">\n<div class=\"flex-layout-h magic-0\">\n<div class=\"magic-29\"><img loading=\"lazy\" decoding=\"async\" class=\"magic-30\" src=\"\/\/sc04.alicdn.com\/kf\/H1b7bbedec398464a9841ef60ddf35fddx\/225634184\/H1b7bbedec398464a9841ef60ddf35fddx.jpg\" width=\"517\" height=\"179\" \/><\/div>\n<\/div>\n<\/div>\n<\/div>\n<\/div>\n<\/div>\n<\/div>\n","protected":false},"excerpt":{"rendered":"<p>Informations sur le produit Lieu d&#039;origine Chine Source d&#039;alimentation Batterie Nom du produit Scie circulaire sans fil Vitesse \u00e0 vide 4500 tr\/min Couleur Client<\/p>","protected":false},"featured_media":28038,"comment_status":"open","ping_status":"closed","template":"","meta":[],"product_cat":[78,72,71],"product_tag":[],"class_list":{"0":"post-28039","1":"product","2":"type-product","3":"status-publish","4":"has-post-thumbnail","6":"product_cat-cordless-reciprocating-saws","7":"product_cat-cordless-tools","8":"product_cat-power-tools","10":"first","11":"instock","12":"shipping-taxable","13":"purchasable","14":"product-type-simple"},"_links":{"self":[{"href":"https:\/\/meconstructionsupplies.com\/fr\/wp-json\/wp\/v2\/product\/28039","targetHints":{"allow":["GET"]}}],"collection":[{"href":"https:\/\/meconstructionsupplies.com\/fr\/wp-json\/wp\/v2\/product"}],"about":[{"href":"https:\/\/meconstructionsupplies.com\/fr\/wp-json\/wp\/v2\/types\/product"}],"replies":[{"embeddable":true,"href":"https:\/\/meconstructionsupplies.com\/fr\/wp-json\/wp\/v2\/comments?post=28039"}],"version-history":[{"count":5,"href":"https:\/\/meconstructionsupplies.com\/fr\/wp-json\/wp\/v2\/product\/28039\/revisions"}],"predecessor-version":[{"id":31218,"href":"https:\/\/meconstructionsupplies.com\/fr\/wp-json\/wp\/v2\/product\/28039\/revisions\/31218"}],"wp:featuredmedia":[{"embeddable":true,"href":"https:\/\/meconstructionsupplies.com\/fr\/wp-json\/wp\/v2\/media\/28038"}],"wp:attachment":[{"href":"https:\/\/meconstructionsupplies.com\/fr\/wp-json\/wp\/v2\/media?parent=28039"}],"wp:term":[{"taxonomy":"product_cat","embeddable":true,"href":"https:\/\/meconstructionsupplies.com\/fr\/wp-json\/wp\/v2\/product_cat?post=28039"},{"taxonomy":"product_tag","embeddable":true,"href":"https:\/\/meconstructionsupplies.com\/fr\/wp-json\/wp\/v2\/product_tag?post=28039"}],"curies":[{"name":"wp","href":"https:\/\/api.w.org\/{rel}","templated":true}]}}