{"id":28317,"date":"2024-11-15T03:49:34","date_gmt":"2024-11-15T03:49:34","guid":{"rendered":"https:\/\/meconstructionsupplies.com\/product\/3-function-hammer-drill-cordless-jack-hammer-drill-machine-cheap-power-tools-26mm-rotary-hammer-drill-coofix\/"},"modified":"2024-12-02T08:12:36","modified_gmt":"2024-12-02T08:12:36","slug":"3-function-hammer-drill-cordless-jack-hammer-drill-machine-cheap-power-tools-26mm-rotary-hammer-drill-coofix","status":"publish","type":"product","link":"https:\/\/meconstructionsupplies.com\/fr\/product\/3-function-hammer-drill-cordless-jack-hammer-drill-machine-cheap-power-tools-26mm-rotary-hammer-drill-coofix\/","title":{"rendered":"Perceuse \u00e0 percussion 3 fonctions, perceuse \u00e0 percussion sans fil, outils \u00e9lectriques bon march\u00e9, perceuse \u00e0 percussion rotative 26 mm COOFIX"},"content":{"rendered":"<div style=\"width: 540px;\" class=\"wp-video\"><!--[if lt IE 9]><script>document.createElement('video');<\/script><![endif]-->\n<video class=\"wp-video-shortcode\" id=\"video-28317-1\" width=\"540\" height=\"960\" preload=\"metadata\" controls=\"controls\"><source type=\"video\/mp4\" src=\"\/\/play.video.alibaba.com\/play\/u\/2153292369\/p\/1\/e\/6\/t\/10300\/351830486532.mp4?_=1\" \/><a href=\"\/\/play.video.alibaba.com\/play\/u\/2153292369\/p\/1\/e\/6\/t\/10300\/351830486532.mp4\">\/\/play.video.alibaba.com\/play\/u\/2153292369\/p\/1\/e\/6\/t\/10300\/351830486532.mp4<\/a><\/video><\/div>\n<h3><strong>COOFIX accept OEM &amp; ODM<\/strong><\/h3>\n<hr style=\"border: 2px solid #000; margin-top: 5px; margin-bottom: 5px;\" \/>\n<p><img fetchpriority=\"high\" decoding=\"async\" class=\"alignnone \" src=\"\/\/sc04.alicdn.com\/kf\/H747761403c0241b5be36d99cdd59c8e2L\/229917843\/H747761403c0241b5be36d99cdd59c8e2L.jpg\" width=\"540\" height=\"304\" \/><\/p>\n<p><b>Coofix support <span style=\"color: #d67b03;\">OEM \/ ODM <\/span><\/b><b>custom voltage, frequency, plug, colors, design, and color box. <\/b><\/p>\n<h3><strong>Tools Details<\/strong><\/h3>\n<hr style=\"border: 2px solid #000; margin-top: 5px; margin-bottom: 5px;\" \/>\n<p><img decoding=\"async\" class=\"alignnone \" src=\"\/\/sc04.alicdn.com\/kf\/Hb96b86de83db45a5822d41a8d8e4612bJ\/229917843\/Hb96b86de83db45a5822d41a8d8e4612bJ.png\" width=\"540\" height=\"388\" \/><\/p>\n<p><img decoding=\"async\" class=\"alignnone \" src=\"\/\/sc04.alicdn.com\/kf\/He9e0d5bccbe449ee892461018654cbe25\/229917843\/He9e0d5bccbe449ee892461018654cbe25.png\" width=\"539\" height=\"440\" \/><\/p>\n<p><img loading=\"lazy\" decoding=\"async\" class=\"alignnone \" src=\"\/\/sc04.alicdn.com\/kf\/H8961558886a140a787ede0d33a6b07caL\/229917843\/H8961558886a140a787ede0d33a6b07caL.png\" width=\"537\" height=\"207\" \/><\/p>\n<p><img loading=\"lazy\" decoding=\"async\" class=\"alignnone \" src=\"\/\/sc04.alicdn.com\/kf\/Hc976642e1d5f4af384d22003785a3729i\/229917843\/Hc976642e1d5f4af384d22003785a3729i.jpg\" width=\"540\" height=\"540\" \/><\/p>\n<div style=\"display: flex; background-color: #f2f2f2; padding: 10px; border-bottom: 1px solid #ddd;\">\n<div style=\"width: 40%; font-weight: bold;\">Size<\/div>\n<div style=\"width: 60%;\">59 (L) * 44.5 (W) * 30(D)cm<\/div>\n<\/div>\n<div style=\"display: flex; background-color: #ffffff; padding: 10px; border-bottom: 1px solid #ddd;\">\n<div style=\"width: 40%; font-weight: bold;\">Weight<\/div>\n<div style=\"width: 60%;\">25.2kgs<\/div>\n<\/div>\n<div style=\"display: flex; background-color: #f2f2f2; padding: 10px; border-bottom: 1px solid #ddd;\">\n<div style=\"width: 40%; font-weight: bold;\">&lt;BR\/&gt;&lt;BR\/&gt;&lt;BR\/&gt;Packaging Details<\/div>\n<div style=\"width: 60%;\">&lt;BR\/&gt;&lt;BR\/&gt;The normal package is color box5pcs \/ctn&lt;BR\/&gt;we also support BMC BOX Packing.<\/div>\n<\/div>\n<h3><strong>Coofix Warehouse &amp; Media &amp; Fair<\/strong><\/h3>\n<hr style=\"border: 2px solid #000; margin-top: 5px; margin-bottom: 5px;\" \/>\n<p><img loading=\"lazy\" decoding=\"async\" class=\"alignnone \" src=\"\/\/sc04.alicdn.com\/kf\/H6814ec0898c94547a7654a49c42a2fae1\/229917843\/H6814ec0898c94547a7654a49c42a2fae1.jpg\" width=\"537\" height=\"224\" \/><\/p>\n<p><b>WAREHOUSE<\/b><\/p>\n<p><img loading=\"lazy\" decoding=\"async\" class=\"alignnone \" src=\"\/\/sc04.alicdn.com\/kf\/H64b0eb3b11e9471ab67a4b7711b621928\/229917843\/H64b0eb3b11e9471ab67a4b7711b621928.jpg\" width=\"540\" height=\"103\" \/><\/p>\n<h3><strong>Coofix R&amp;D Team<\/strong><\/h3>\n<hr style=\"border: 2px solid #000; margin-top: 5px; margin-bottom: 5px;\" \/>\n<p>&nbsp;<\/p>\n<div style=\"display: flex; background-color: #f2f2f2; padding: 10px; border-bottom: 1px solid #ddd;\">\n<div style=\"width: 40%; font-weight: bold;\">Project Manager<\/div>\n<div style=\"width: 60%;\">Eric Ying<\/div>\n<\/div>\n<div style=\"display: flex; background-color: #ffffff; padding: 10px; border-bottom: 1px solid #ddd;\">\n<div style=\"width: 40%; font-weight: bold;\">Technical Adviser<\/div>\n<div style=\"width: 60%;\">Technical Adviser<\/div>\n<\/div>\n<div style=\"display: flex; background-color: #f2f2f2; padding: 10px; border-bottom: 1px solid #ddd;\">\n<div style=\"width: 40%; font-weight: bold;\">Bud Tong<\/div>\n<div style=\"width: 60%;\">Bud Tong<\/div>\n<\/div>\n<div style=\"display: flex; background-color: #ffffff; padding: 10px; border-bottom: 1px solid #ddd;\">\n<div style=\"width: 40%; font-weight: bold;\">Bud Tong<\/div>\n<div style=\"width: 60%;\">Bud Tong<\/div>\n<\/div>\n<h3><strong>Certifications<\/strong><\/h3>\n<hr style=\"border: 2px solid #000; margin-top: 5px; margin-bottom: 5px;\" \/>\n<p>As a well-known brand recognized and publicized by the government,<br \/>\n<b>Coofix has always held With a global vision and innovative spirit, we will continuously improve our core competitiveness.<\/b><\/p>\n<p><img loading=\"lazy\" decoding=\"async\" class=\"alignnone \" src=\"\/\/sc04.alicdn.com\/kf\/He9e538b2e40944a6a9da88e44bd9a885n\/229917843\/He9e538b2e40944a6a9da88e44bd9a885n.jpg\" width=\"543\" height=\"318\" \/><\/p>\n<p><b>3 function hammer drill cordless jack hammer drill machine cheap power tools 26mm rotary hammer drill COOFIX<\/b><\/p>\n<p><img loading=\"lazy\" decoding=\"async\" class=\"alignnone \" src=\"\/\/sc04.alicdn.com\/kf\/H1c285ee2a6914156a5fa8e3d43976e44N\/229917843\/H1c285ee2a6914156a5fa8e3d43976e44N.jpg\" width=\"537\" height=\"47\" \/><\/p>\n","protected":false},"excerpt":{"rendered":"<p>COOFIX accepte les OEM et ODM Coofix prend en charge la tension, la fr\u00e9quence, la prise, les couleurs, la conception et la bo\u00eete de couleur personnalis\u00e9es OEM \/ ODM. Outils<\/p>","protected":false},"featured_media":28316,"comment_status":"open","ping_status":"closed","template":"","meta":[],"product_cat":[85,71,87],"product_tag":[],"class_list":{"0":"post-28317","1":"product","2":"type-product","3":"status-publish","4":"has-post-thumbnail","6":"product_cat-corded-tools","7":"product_cat-power-tools","8":"product_cat-rotary-tools","10":"first","11":"instock","12":"shipping-taxable","13":"purchasable","14":"product-type-simple"},"_links":{"self":[{"href":"https:\/\/meconstructionsupplies.com\/fr\/wp-json\/wp\/v2\/product\/28317","targetHints":{"allow":["GET"]}}],"collection":[{"href":"https:\/\/meconstructionsupplies.com\/fr\/wp-json\/wp\/v2\/product"}],"about":[{"href":"https:\/\/meconstructionsupplies.com\/fr\/wp-json\/wp\/v2\/types\/product"}],"replies":[{"embeddable":true,"href":"https:\/\/meconstructionsupplies.com\/fr\/wp-json\/wp\/v2\/comments?post=28317"}],"version-history":[{"count":3,"href":"https:\/\/meconstructionsupplies.com\/fr\/wp-json\/wp\/v2\/product\/28317\/revisions"}],"predecessor-version":[{"id":31237,"href":"https:\/\/meconstructionsupplies.com\/fr\/wp-json\/wp\/v2\/product\/28317\/revisions\/31237"}],"wp:featuredmedia":[{"embeddable":true,"href":"https:\/\/meconstructionsupplies.com\/fr\/wp-json\/wp\/v2\/media\/28316"}],"wp:attachment":[{"href":"https:\/\/meconstructionsupplies.com\/fr\/wp-json\/wp\/v2\/media?parent=28317"}],"wp:term":[{"taxonomy":"product_cat","embeddable":true,"href":"https:\/\/meconstructionsupplies.com\/fr\/wp-json\/wp\/v2\/product_cat?post=28317"},{"taxonomy":"product_tag","embeddable":true,"href":"https:\/\/meconstructionsupplies.com\/fr\/wp-json\/wp\/v2\/product_tag?post=28317"}],"curies":[{"name":"wp","href":"https:\/\/api.w.org\/{rel}","templated":true}]}}