{"id":28367,"date":"2024-11-15T05:37:54","date_gmt":"2024-11-15T05:37:54","guid":{"rendered":"https:\/\/meconstructionsupplies.com\/product\/wholesale-factory-oem-21v-lithium-battery-electric-wireless-drill-powerful-cordless-drills-rechargeable-power-drills\/"},"modified":"2024-12-02T08:12:36","modified_gmt":"2024-12-02T08:12:36","slug":"wholesale-factory-oem-21v-lithium-battery-electric-wireless-drill-powerful-cordless-drills-rechargeable-power-drills","status":"publish","type":"product","link":"https:\/\/meconstructionsupplies.com\/fr\/product\/wholesale-factory-oem-21v-lithium-battery-electric-wireless-drill-powerful-cordless-drills-rechargeable-power-drills\/","title":{"rendered":"Perceuse \u00e9lectrique sans fil \u00e0 batterie au lithium OEM 21 V en gros d&#039;usine, perceuses sans fil puissantes, perceuses \u00e9lectriques rechargeables"},"content":{"rendered":"<div style=\"width: 540px;\" class=\"wp-video\"><!--[if lt IE 9]><script>document.createElement('video');<\/script><![endif]-->\n<video class=\"wp-video-shortcode\" id=\"video-28367-1\" width=\"540\" height=\"960\" preload=\"metadata\" controls=\"controls\"><source type=\"video\/mp4\" src=\"\/\/play.video.alibaba.com\/play\/u\/2153292369\/p\/1\/e\/6\/t\/10300\/418354496314.mp4?_=1\" \/><a href=\"\/\/play.video.alibaba.com\/play\/u\/2153292369\/p\/1\/e\/6\/t\/10300\/418354496314.mp4\">\/\/play.video.alibaba.com\/play\/u\/2153292369\/p\/1\/e\/6\/t\/10300\/418354496314.mp4<\/a><\/video><\/div>\n<h3><strong>Products Description<\/strong><\/h3>\n<hr style=\"border: 2px solid #000; margin-top: 5px; margin-bottom: 5px;\" \/>\n<h3><span style=\"font-family: Georgia;\"> Cordless Electric Drill Machine 21V <\/span><\/h3>\n<p><img fetchpriority=\"high\" decoding=\"async\" class=\"alignnone \" src=\"\/\/sc04.alicdn.com\/kf\/H4852b2b0a8a44619a445d1be0365fd62v\/242113588\/H4852b2b0a8a44619a445d1be0365fd62v.jpg\" width=\"542\" height=\"542\" \/><\/p>\n<p><img decoding=\"async\" class=\"alignnone \" src=\"\/\/sc04.alicdn.com\/kf\/H2789d826611d41c6a0e9144247da4b0cL\/242113588\/H2789d826611d41c6a0e9144247da4b0cL.jpg\" width=\"544\" height=\"544\" \/><\/p>\n<p><img decoding=\"async\" class=\"alignnone \" src=\"\/\/sc04.alicdn.com\/kf\/H8a264ef17f97498681e4f8cef96cf0d0t\/242113588\/H8a264ef17f97498681e4f8cef96cf0d0t.jpg\" width=\"544\" height=\"427\" \/><\/p>\n<p><img loading=\"lazy\" decoding=\"async\" class=\"alignnone \" src=\"\/\/sc04.alicdn.com\/kf\/Hb9ca9c8097f84d1b9e81759a88469fee0\/242113588\/Hb9ca9c8097f84d1b9e81759a88469fee0.jpg\" width=\"543\" height=\"689\" \/><\/p>\n<map name=\"f-cd-997-fd89\">\n<area coords=\"20,117,244,359\" shape=\"rect\" href=\"https:\/\/feihutech.en.alibaba.com\/productgrouplist-919699246\/Cordless_Drill.html\" target=\"_blank\" \/>\n<area coords=\"260,118,487,363\" shape=\"rect\" href=\"https:\/\/feihutech.en.alibaba.com\/productgrouplist-821551702\/Impact_Wrench.html\" target=\"_blank\" \/>\n<area coords=\"502,118,733,369\" shape=\"rect\" href=\"https:\/\/feihutech.en.alibaba.com\/productgrouplist-818709606\/Angle_Grinder.html\" target=\"_blank\" \/>\n<area coords=\"16,388,734,643\" shape=\"rect\" href=\"https:\/\/feihutech.en.alibaba.com\/productgrouplist-921802125\/Cordless_Chainsaw.html\" target=\"_blank\" \/>\n<area coords=\"506,672,736,919\" shape=\"rect\" href=\"https:\/\/feihutech.en.alibaba.com\/productgrouplist-922085543\/Cordless_Blower.html\" target=\"_blank\" \/>\n<area coords=\"258,670,488,932\" shape=\"rect\" href=\"https:\/\/feihutech.en.alibaba.com\/productgrouplist-821616471\/Grass_trimmer.html\" target=\"_blank\" \/>\n<area coords=\"16,671,245,916\" shape=\"rect\" href=\"https:\/\/feihutech.en.alibaba.com\/productgrouplist-919469242\/New_Car_Washer.html\" target=\"_blank\" \/>\n<area coords=\"257,388,484,630\" shape=\"rect\" href=\"https:\/\/feihutech.en.alibaba.com\/productgrouplist-821222699\/Electric_Shears.html\" target=\"_blank\" \/><\/map>\n<p><img loading=\"lazy\" decoding=\"async\" class=\"alignnone \" src=\"\/\/sc04.alicdn.com\/kf\/H5612257eacf346799232497cab217c77I\/242113588\/H5612257eacf346799232497cab217c77I.jpg\" width=\"542\" height=\"495\" \/><\/p>\n<map name=\"4-0f-a09-9380\">\n<area coords=\"14,159,169,382\" shape=\"rect\" href=\"https:\/\/feihutech.en.alibaba.com\/product\/1601196270511-919699246\/OEM_Wholesale_12_21V_Li_ion_Rechargeable_Battery_Drill_24_1_Cordless_Electric_Drills_Set_Drill_Power.html\" target=\"_blank\" \/>\n<area coords=\"195,167,334,387\" shape=\"rect\" href=\"https:\/\/feihutech.en.alibaba.com\/product\/1601206140624-919699246\/2024_Factory_Wholesale_Power_Tools_10MM_Mini_Power_Drills_12V_and_21V_Cordless_Drills_Woodworking_Tools_Set.html\" target=\"_blank\" \/>\n<area coords=\"361,160,529,391\" shape=\"rect\" href=\"https:\/\/feihutech.en.alibaba.com\/product\/1601273270435-821551702\/Feihu_lithium_electric_Screwdriver_300N_m_torque_portable_cordless_hand_wrench_tool_21V_battery_Power_impact_wrench.html\" target=\"_blank\" \/>\n<area coords=\"578,158,718,393\" shape=\"rect\" href=\"https:\/\/feihutech.en.alibaba.com\/product\/1601259709661-921355443\/Portable_Garden_Tools_Rechargeable_Battery_Power_Chain_Saw_21v_Cordless_Electric_Chainsaw_Machines_6_Inch_For_Garden_Work.html\" target=\"_blank\" \/>\n<area coords=\"28,409,189,665\" shape=\"rect\" href=\"https:\/\/feihutech.en.alibaba.com\/product\/1601269464275-922085543\/Portable_21v_Professional_Li_ion_3_0Ah_Garden_Air_Leaves_Blower_Lithium_Cordless_Electric_Leaf_Blower_Cordless_Jet_Fan_Blower.html\" target=\"_blank\" \/>\n<area coords=\"211,416,338,662\" shape=\"rect\" href=\"https:\/\/feihutech.en.alibaba.com\/product\/1601283481839-821616471\/New_Arrival_12V_42V_Grass_Trimmer_Cordless_Lawn_Mower_Rechargeable_Battery_Brushless_Cutter_Equipment_Garden_Machine.html\" target=\"_blank\" \/>\n<area coords=\"358,473,547,660\" shape=\"rect\" href=\"https:\/\/feihutech.en.alibaba.com\/product\/1601281253472-919469242\/OEM_21V_High_Pressure_Cordless_Portable_Car_Washer_Wireless_Spray_Electric_Water_Gun_Cleaning_Machine_With_Lithium_Battery.html\" target=\"_blank\" \/>\n<area coords=\"576,439,713,658\" shape=\"rect\" href=\"https:\/\/feihutech.en.alibaba.com\/product\/1601261648708-818709606\/21V_Li_Ion_Rechargeable_100mm_Cordless_Grinder_DIY_Industrial_Grade_Brushless_Angle_Grinder_Customized_Polishing.html\" target=\"_blank\" \/><\/map>\n<p><img loading=\"lazy\" decoding=\"async\" class=\"alignnone \" src=\"\/\/sc04.alicdn.com\/kf\/H58b1dfdf5eef4ec8a9fd727a97cf09d1v\/242113588\/H58b1dfdf5eef4ec8a9fd727a97cf09d1v.jpg\" width=\"544\" height=\"544\" \/><\/p>\n<div style=\"display: flex; background-color: #f2f2f2; padding: 10px; border-bottom: 1px solid #ddd;\">\n<div style=\"width: 40%; font-weight: bold;\">Product Name<\/div>\n<div style=\"width: 60%;\">21V Cordless Power Drill Set(28)<\/div>\n<\/div>\n<div style=\"display: flex; background-color: #ffffff; padding: 10px; border-bottom: 1px solid #ddd;\">\n<div style=\"width: 40%; font-weight: bold;\">Certification<\/div>\n<div style=\"width: 60%;\">CE, GS, UL, KC, PSE<\/div>\n<\/div>\n<div style=\"display: flex; background-color: #f2f2f2; padding: 10px; border-bottom: 1px solid #ddd;\">\n<div style=\"width: 40%; font-weight: bold;\">Customized support<\/div>\n<div style=\"width: 60%;\">OEM, ODM, OBM<\/div>\n<\/div>\n<div style=\"display: flex; background-color: #ffffff; padding: 10px; border-bottom: 1px solid #ddd;\">\n<div style=\"width: 40%; font-weight: bold;\">Brand Name<\/div>\n<div style=\"width: 60%;\">FEIHU<\/div>\n<\/div>\n<div style=\"display: flex; background-color: #f2f2f2; padding: 10px; border-bottom: 1px solid #ddd;\">\n<div style=\"width: 40%; font-weight: bold;\">Package Size<\/div>\n<div style=\"width: 60%;\">Hard Case 32*30*9cm<\/div>\n<\/div>\n<div style=\"display: flex; background-color: #ffffff; padding: 10px; border-bottom: 1px solid #ddd;\">\n<div style=\"width: 40%; font-weight: bold;\">Weight<\/div>\n<div style=\"width: 60%;\">2.35KG<\/div>\n<\/div>\n<div style=\"display: flex; background-color: #f2f2f2; padding: 10px; border-bottom: 1px solid #ddd;\">\n<div style=\"width: 40%; font-weight: bold;\">Application<\/div>\n<div style=\"width: 60%;\">Household Repair<\/div>\n<\/div>\n<div style=\"display: flex; background-color: #ffffff; padding: 10px; border-bottom: 1px solid #ddd;\">\n<div style=\"width: 40%; font-weight: bold;\">Number of Pieces<\/div>\n<div style=\"width: 60%;\">28 Pieces<\/div>\n<\/div>\n<p><img loading=\"lazy\" decoding=\"async\" class=\"alignnone \" src=\"\/\/sc04.alicdn.com\/kf\/H66be5beb19534985a41a89ea4e4edfd3P\/242113588\/H66be5beb19534985a41a89ea4e4edfd3P.jpg\" width=\"546\" height=\"546\" \/><\/p>\n<div style=\"display: flex; background-color: #f2f2f2; padding: 10px; border-bottom: 1px solid #ddd;\">\n<div style=\"width: 40%; font-weight: bold;\">Product Name<\/div>\n<div style=\"width: 60%;\">21V Cordless Power Drill Set(108)<\/div>\n<\/div>\n<div style=\"display: flex; background-color: #ffffff; padding: 10px; border-bottom: 1px solid #ddd;\">\n<div style=\"width: 40%; font-weight: bold;\">Certification<\/div>\n<div style=\"width: 60%;\">CE, GS, UL, KC, PSE<\/div>\n<\/div>\n<div style=\"display: flex; background-color: #f2f2f2; padding: 10px; border-bottom: 1px solid #ddd;\">\n<div style=\"width: 40%; font-weight: bold;\">Customized support<\/div>\n<div style=\"width: 60%;\">OEM, ODM, OBM<\/div>\n<\/div>\n<div style=\"display: flex; background-color: #ffffff; padding: 10px; border-bottom: 1px solid #ddd;\">\n<div style=\"width: 40%; font-weight: bold;\">Brand Name<\/div>\n<div style=\"width: 60%;\">FEIHU<\/div>\n<\/div>\n<div style=\"display: flex; background-color: #f2f2f2; padding: 10px; border-bottom: 1px solid #ddd;\">\n<div style=\"width: 40%; font-weight: bold;\">Package Size<\/div>\n<div style=\"width: 60%;\">Hard Case 41*33.5*11cm<\/div>\n<\/div>\n<div style=\"display: flex; background-color: #ffffff; padding: 10px; border-bottom: 1px solid #ddd;\">\n<div style=\"width: 40%; font-weight: bold;\">Weight<\/div>\n<div style=\"width: 60%;\">4.86KG<\/div>\n<\/div>\n<div style=\"display: flex; background-color: #f2f2f2; padding: 10px; border-bottom: 1px solid #ddd;\">\n<div style=\"width: 40%; font-weight: bold;\">Application<\/div>\n<div style=\"width: 60%;\">Household Repair<\/div>\n<\/div>\n<div style=\"display: flex; background-color: #ffffff; padding: 10px; border-bottom: 1px solid #ddd;\">\n<div style=\"width: 40%; font-weight: bold;\">Number of Pieces<\/div>\n<div style=\"width: 60%;\">108Pieces<\/div>\n<\/div>\n<p><img loading=\"lazy\" decoding=\"async\" class=\"alignnone \" src=\"\/\/sc04.alicdn.com\/kf\/H110f29e9e4314b2d87fdebce58c9706aD\/242113588\/H110f29e9e4314b2d87fdebce58c9706aD.jpg\" width=\"542\" height=\"542\" \/><\/p>\n<p><img loading=\"lazy\" decoding=\"async\" class=\"alignnone \" src=\"\/\/sc04.alicdn.com\/kf\/Hbcc1d416f89c4d0ca31f22361c196b89E\/242113588\/Hbcc1d416f89c4d0ca31f22361c196b89E.jpg\" width=\"544\" height=\"544\" \/><\/p>\n<p><img loading=\"lazy\" decoding=\"async\" class=\"alignnone \" src=\"\/\/sc04.alicdn.com\/kf\/H82537842883a438f968be168a4f1a662C\/242113588\/H82537842883a438f968be168a4f1a662C.jpg\" width=\"542\" height=\"542\" \/><\/p>\n<p><img loading=\"lazy\" decoding=\"async\" class=\"alignnone \" src=\"\/\/sc04.alicdn.com\/kf\/Ha900766e2fc141b68c535145fa5d6b8da\/242113588\/Ha900766e2fc141b68c535145fa5d6b8da.jpg\" width=\"542\" height=\"542\" \/><\/p>\n<p><img loading=\"lazy\" decoding=\"async\" class=\"alignnone \" src=\"\/\/sc04.alicdn.com\/kf\/Hb5fe91ac407948038c51a2c6d52a078cl\/242113588\/Hb5fe91ac407948038c51a2c6d52a078cl.jpg\" width=\"543\" height=\"387\" \/><\/p>\n<p><img loading=\"lazy\" decoding=\"async\" class=\"alignnone \" src=\"\/\/sc04.alicdn.com\/kf\/Hd1627070a63e46fc8d8ecfc9c3c9c005U\/242113588\/Hd1627070a63e46fc8d8ecfc9c3c9c005U.jpg\" width=\"544\" height=\"385\" \/><\/p>\n<p><img loading=\"lazy\" decoding=\"async\" class=\"alignnone \" src=\"\/\/sc04.alicdn.com\/kf\/H5ef9082e90ed4803ae7dd68e79cc392f8\/242113588\/H5ef9082e90ed4803ae7dd68e79cc392f8.jpg\" width=\"542\" height=\"378\" \/><\/p>\n<p>&nbsp;<\/p>\n<p>&nbsp;<\/p>\n<p>&nbsp;<\/p>\n<p><img loading=\"lazy\" decoding=\"async\" class=\"alignnone \" src=\"\/\/sc04.alicdn.com\/kf\/H3fb4d13e43f3435c9b889db8cc4bec88S\/242113588\/H3fb4d13e43f3435c9b889db8cc4bec88S.jpg\" width=\"545\" height=\"352\" \/><\/p>\n<p>&nbsp;<\/p>\n<p><img loading=\"lazy\" decoding=\"async\" class=\"alignnone \" src=\"\/\/sc04.alicdn.com\/kf\/Hef3257197ac7403193fc218d44a8460c0\/242113588\/Hef3257197ac7403193fc218d44a8460c0.jpg\" width=\"545\" height=\"614\" \/><\/p>\n<p>&nbsp;<\/p>\n<p><b>1. who are we?<\/b><\/p>\n<p><b>2. how can we guarantee quality?<\/b><br \/>\nAlways a pre-production sample before mass production;<br \/>\nAlways final Inspection before shipment;<\/p>\n<p><b>3.what can you buy from us?<\/b><br \/>\nlithium drill,lithium trimmer,battery tools,battery gun,battery wrench<\/p>\n<p><b>4. why should you buy from us not from other suppliers?<\/b><br \/>\nMost of our tools have passed the GS \/ CE \/ CB \/ IEC \/UL certificate according to the latest regulation, the products was widely<br \/>\nexported to America, Europe,Southeast Asia with one year warranty. We can OEM clients in private mould, color, brand and so on.<\/p>\n<p><b>5. what services can we provide?<\/b><br \/>\nAccepted Delivery Terms: FOB,CFR,CIF,EXW,FAS,CIP,FCA,CPT,DEQ,DDP,DDU,Express Delivery,DAF,DES\uff1b<br \/>\nAccepted Payment Currency:USD;<br \/>\nAccepted Payment Type: L\/C,PayPal,Western Union,Cash,Escrow;<br \/>\nLanguage Spoken:English<\/p>\n","protected":false},"excerpt":{"rendered":"<p>Description des produits Perceuse \u00e9lectrique sans fil 21 V Nom du produit Ensemble de perceuse \u00e9lectrique sans fil 21 V (28) Certification CE, GS, UL, KC, PSE<\/p>","protected":false},"featured_media":28366,"comment_status":"open","ping_status":"closed","template":"","meta":[],"product_cat":[85,89,71],"product_tag":[],"class_list":{"0":"post-28367","1":"product","2":"type-product","3":"status-publish","4":"has-post-thumbnail","6":"product_cat-corded-tools","7":"product_cat-cordless-drills-corded-tools","8":"product_cat-power-tools","10":"first","11":"instock","12":"shipping-taxable","13":"purchasable","14":"product-type-simple"},"_links":{"self":[{"href":"https:\/\/meconstructionsupplies.com\/fr\/wp-json\/wp\/v2\/product\/28367","targetHints":{"allow":["GET"]}}],"collection":[{"href":"https:\/\/meconstructionsupplies.com\/fr\/wp-json\/wp\/v2\/product"}],"about":[{"href":"https:\/\/meconstructionsupplies.com\/fr\/wp-json\/wp\/v2\/types\/product"}],"replies":[{"embeddable":true,"href":"https:\/\/meconstructionsupplies.com\/fr\/wp-json\/wp\/v2\/comments?post=28367"}],"version-history":[{"count":2,"href":"https:\/\/meconstructionsupplies.com\/fr\/wp-json\/wp\/v2\/product\/28367\/revisions"}],"predecessor-version":[{"id":28668,"href":"https:\/\/meconstructionsupplies.com\/fr\/wp-json\/wp\/v2\/product\/28367\/revisions\/28668"}],"wp:featuredmedia":[{"embeddable":true,"href":"https:\/\/meconstructionsupplies.com\/fr\/wp-json\/wp\/v2\/media\/28366"}],"wp:attachment":[{"href":"https:\/\/meconstructionsupplies.com\/fr\/wp-json\/wp\/v2\/media?parent=28367"}],"wp:term":[{"taxonomy":"product_cat","embeddable":true,"href":"https:\/\/meconstructionsupplies.com\/fr\/wp-json\/wp\/v2\/product_cat?post=28367"},{"taxonomy":"product_tag","embeddable":true,"href":"https:\/\/meconstructionsupplies.com\/fr\/wp-json\/wp\/v2\/product_tag?post=28367"}],"curies":[{"name":"wp","href":"https:\/\/api.w.org\/{rel}","templated":true}]}}