{"id":28491,"date":"2024-11-15T07:33:19","date_gmt":"2024-11-15T07:33:19","guid":{"rendered":"https:\/\/meconstructionsupplies.com\/product\/berserker-1700w-sds-demolition-jack-hammer-corded-electric-heavy-duty-concrete-demolition-hammer\/"},"modified":"2024-12-02T08:12:36","modified_gmt":"2024-12-02T08:12:36","slug":"berserker-1700w-sds-demolition-jack-hammer-corded-electric-heavy-duty-concrete-demolition-hammer","status":"publish","type":"product","link":"https:\/\/meconstructionsupplies.com\/fr\/product\/berserker-1700w-sds-demolition-jack-hammer-corded-electric-heavy-duty-concrete-demolition-hammer\/","title":{"rendered":"Marteau-piqueur de d\u00e9molition Berserker 1700 W SDS Marteau-piqueur de d\u00e9molition de b\u00e9ton \u00e9lectrique robuste avec fil"},"content":{"rendered":"<div style=\"width: 540px;\" class=\"wp-video\"><!--[if lt IE 9]><script>document.createElement('video');<\/script><![endif]-->\n<video class=\"wp-video-shortcode\" id=\"video-28491-1\" width=\"540\" height=\"960\" preload=\"metadata\" controls=\"controls\"><source type=\"video\/mp4\" src=\"\/\/play.video.alibaba.com\/play\/u\/2153292369\/p\/1\/e\/6\/t\/10300\/462544963670.mp4?_=1\" \/><a href=\"\/\/play.video.alibaba.com\/play\/u\/2153292369\/p\/1\/e\/6\/t\/10300\/462544963670.mp4\">\/\/play.video.alibaba.com\/play\/u\/2153292369\/p\/1\/e\/6\/t\/10300\/462544963670.mp4<\/a><\/video><\/div>\n<p><b>WELCOME TO INQUIRY !!!<\/b><b>WE SUPPORT YOUR BUSINESS !!!<\/b><\/p>\n<h3><strong>Products Description<\/strong><\/h3>\n<hr style=\"border: 2px solid #000; margin-top: 5px; margin-bottom: 5px;\" \/>\n<p><img fetchpriority=\"high\" decoding=\"async\" class=\"alignnone \" src=\"\/\/sc04.alicdn.com\/kf\/Hc8cf39cc13fb4601b8fab31f357528f6T\/254543824\/Hc8cf39cc13fb4601b8fab31f357528f6T.jpg\" width=\"540\" height=\"167\" \/><\/p>\n<p><img decoding=\"async\" class=\"alignnone \" src=\"\/\/sc04.alicdn.com\/kf\/H0b3603911c3046f1882a00814b2445fcP\/254543824\/H0b3603911c3046f1882a00814b2445fcP.jpg\" width=\"538\" height=\"538\" \/><\/p>\n<p><img decoding=\"async\" class=\"alignnone \" src=\"\/\/sc04.alicdn.com\/kf\/H71be6e2728764e90b2803cc72563b4c4O\/254543824\/H71be6e2728764e90b2803cc72563b4c4O.jpg\" width=\"537\" height=\"332\" \/><\/p>\n<p><b>Our 1700 watt electric demolition jack hammer with adjustable 360\u00b0 fore-grip provides extra control and comfort during extended use. It is characterized by heavy-duty construction with an industrial grade for high durability.<\/b><\/p>\n<p><img loading=\"lazy\" decoding=\"async\" class=\"alignnone \" src=\"\/\/sc04.alicdn.com\/kf\/Hb17b632e8e324a24a88bb81c70c2d689a\/254543824\/Hb17b632e8e324a24a88bb81c70c2d689a.jpg\" width=\"537\" height=\"537\" \/><\/p>\n<h3>SDS-HEX Keyless Chuck<\/h3>\n<p>Patented SDS-Hex keyless chuck is designed to improve your work efficiency. You never need any tool to change bits in-between jobs. Accurate control provides the maximum impact energy transfer.<\/p>\n<p><img loading=\"lazy\" decoding=\"async\" class=\"alignnone \" src=\"\/\/sc04.alicdn.com\/kf\/H02eca3dc109543d8b7eddeb6b6b1e7819\/254543824\/H02eca3dc109543d8b7eddeb6b6b1e7819.jpg\" width=\"537\" height=\"537\" \/><\/p>\n<h3>Roller Tool Box<\/h3>\n<p>We provide you with a roller tool box to make it easier for you to carry.<\/p>\n<p><img loading=\"lazy\" decoding=\"async\" class=\"alignnone \" src=\"\/\/sc04.alicdn.com\/kf\/Hd49b0fa63558478491294b51f91ef37ei\/254543824\/Hd49b0fa63558478491294b51f91ef37ei.jpg\" width=\"536\" height=\"536\" \/><\/p>\n<h3>360\u00b0 Adjustable Handle<\/h3>\n<p>360 degree adjustable rubber handle to improve your comfort, you can easily complete the work.<\/p>\n<p><img loading=\"lazy\" decoding=\"async\" class=\"alignnone \" src=\"\/\/sc04.alicdn.com\/kf\/H3996c869265247959fa8becd72edcac3B\/254543824\/H3996c869265247959fa8becd72edcac3B.jpg\" width=\"535\" height=\"535\" \/><\/p>\n<h3>Heat and Dust Dissipation System<\/h3>\n<p>The complete motor protection structure is designed to prevent dust from entering the motor during work to affect the work of the motor, and the efficient cooling system effectively cools the motor to improve the life of the machine.<\/p>\n<p><img loading=\"lazy\" decoding=\"async\" class=\"alignnone \" src=\"\/\/sc04.alicdn.com\/kf\/H320b9d039de344a89301190530511f18J\/254543824\/H320b9d039de344a89301190530511f18J.jpg\" width=\"538\" height=\"538\" \/><\/p>\n<h3>Self-Lock Switch<\/h3>\n<p>When we need to use for a long time, the Lock-on Button allows us not to hold the switch all the time\uff0cadded user comfort during extended periods of work. Constant Speed Control automatically applies additional power to the motor to maintain consistent speed under load for the most challenging jobs.<\/p>\n<p><img loading=\"lazy\" decoding=\"async\" class=\"alignnone \" src=\"\/\/sc04.alicdn.com\/kf\/Hc46e3214947c418eb0c0a95cc690f7fbi\/254543824\/Hc46e3214947c418eb0c0a95cc690f7fbi.jpg\" width=\"536\" height=\"536\" \/><\/p>\n<h3>Grease<\/h3>\n<p>Grease lubricates the hammer mechanism and feeds it down onto where it engages the SDS-hex bit. Add grease regularly for proper functioning and extended jack hammer life.<\/p>\n<p><img loading=\"lazy\" decoding=\"async\" class=\"alignnone \" src=\"\/\/sc04.alicdn.com\/kf\/Ha47d7da6da214547bc720026d6454a03d\/254543824\/Ha47d7da6da214547bc720026d6454a03d.jpg\" width=\"538\" height=\"538\" \/><\/p>\n<p><img loading=\"lazy\" decoding=\"async\" class=\"alignnone \" src=\"\/\/sc04.alicdn.com\/kf\/H4b2a5d0de64a48e38c1af8b7df452e41B\/254543824\/H4b2a5d0de64a48e38c1af8b7df452e41B.jpg\" width=\"538\" height=\"538\" \/><\/p>\n<p><img loading=\"lazy\" decoding=\"async\" class=\"alignnone \" src=\"\/\/sc04.alicdn.com\/kf\/H25478685215849e7a55f0c142d7f0f6e8\/254543824\/H25478685215849e7a55f0c142d7f0f6e8.jpg\" width=\"539\" height=\"539\" \/><\/p>\n<h3><strong>Business Service<\/strong><\/h3>\n<hr style=\"border: 2px solid #000; margin-top: 5px; margin-bottom: 5px;\" \/>\n<p><img loading=\"lazy\" decoding=\"async\" class=\"alignnone \" src=\"\/\/sc04.alicdn.com\/kf\/He18af4f86e704e2fb2bcb84d37df48f4t\/254543824\/He18af4f86e704e2fb2bcb84d37df48f4t.jpg\" width=\"537\" height=\"339\" \/><\/p>\n<h3><strong>Real Customer Feedback<\/strong><\/h3>\n<hr style=\"border: 2px solid #000; margin-top: 5px; margin-bottom: 5px;\" \/>\n<p><img loading=\"lazy\" decoding=\"async\" class=\"alignnone \" src=\"\/\/sc04.alicdn.com\/kf\/Hd60960cbeb2845d0946afc31d3641f31I\/254543824\/Hd60960cbeb2845d0946afc31d3641f31I.png\" width=\"538\" height=\"307\" \/><\/p>\n<h3><strong>FAQ<\/strong><\/h3>\n<hr style=\"border: 2px solid #000; margin-top: 5px; margin-bottom: 5px;\" \/>\n<p><b>Q: Are you a factory or a trading company?<\/b>A: We are integration of industry and trade.And provide one-to-one service, good communication is the beginning of cooperation.<\/p>\n<p><b>Q: Is the quality guaranteed?<\/b><br \/>\nA: Of course , 100% guaranteed . Quality always first.No matter how many quantities, QC will go to quality inspection before production and delivery.<\/p>\n<p><b>Q: Can I buy samples first?<\/b><br \/>\nA: Sure\uff0cWe can ship one for you\uff0cand also provide shipping service.<\/p>\n<p><b>Q: How to ship?<\/b><br \/>\nA: If you do not have a shipping forwarder .We provide professional shipping service and the price is cheap.Like sea ,Rail ,air shipping .<\/p>\n<p><b>Q:I want to get the best price, can I?<\/b><br \/>\nA:We are always committed to helping our clients&#8217; businesses, so please contact me. We discuss together.<\/p>\n","protected":false},"excerpt":{"rendered":"<p>BIENVENUE \u00c0 L&#039;ENQU\u00caTE !!! NOUS SOUTENONS VOTRE ENTREPRISE !!! Description des produits Notre marteau-piqueur de d\u00e9molition \u00e9lectrique de 1700 watts avec r\u00e9glage \u00e0 360 \u00b0<\/p>","protected":false},"featured_media":28490,"comment_status":"open","ping_status":"closed","template":"","meta":[],"product_cat":[85,94,71],"product_tag":[],"class_list":{"0":"post-28491","1":"product","2":"type-product","3":"status-publish","4":"has-post-thumbnail","6":"product_cat-corded-tools","7":"product_cat-demolition-hammers","8":"product_cat-power-tools","10":"first","11":"instock","12":"shipping-taxable","13":"purchasable","14":"product-type-simple"},"_links":{"self":[{"href":"https:\/\/meconstructionsupplies.com\/fr\/wp-json\/wp\/v2\/product\/28491","targetHints":{"allow":["GET"]}}],"collection":[{"href":"https:\/\/meconstructionsupplies.com\/fr\/wp-json\/wp\/v2\/product"}],"about":[{"href":"https:\/\/meconstructionsupplies.com\/fr\/wp-json\/wp\/v2\/types\/product"}],"replies":[{"embeddable":true,"href":"https:\/\/meconstructionsupplies.com\/fr\/wp-json\/wp\/v2\/comments?post=28491"}],"version-history":[{"count":3,"href":"https:\/\/meconstructionsupplies.com\/fr\/wp-json\/wp\/v2\/product\/28491\/revisions"}],"predecessor-version":[{"id":31245,"href":"https:\/\/meconstructionsupplies.com\/fr\/wp-json\/wp\/v2\/product\/28491\/revisions\/31245"}],"wp:featuredmedia":[{"embeddable":true,"href":"https:\/\/meconstructionsupplies.com\/fr\/wp-json\/wp\/v2\/media\/28490"}],"wp:attachment":[{"href":"https:\/\/meconstructionsupplies.com\/fr\/wp-json\/wp\/v2\/media?parent=28491"}],"wp:term":[{"taxonomy":"product_cat","embeddable":true,"href":"https:\/\/meconstructionsupplies.com\/fr\/wp-json\/wp\/v2\/product_cat?post=28491"},{"taxonomy":"product_tag","embeddable":true,"href":"https:\/\/meconstructionsupplies.com\/fr\/wp-json\/wp\/v2\/product_tag?post=28491"}],"curies":[{"name":"wp","href":"https:\/\/api.w.org\/{rel}","templated":true}]}}