{"id":28516,"date":"2024-11-15T07:43:39","date_gmt":"2024-11-15T07:43:39","guid":{"rendered":"https:\/\/meconstructionsupplies.com\/product\/1500w-550c-cordless-handheld-hot-air-gun-with-3-nozzles-temperature-adjustable-electric-heat-gun-for-makita-18v-battery\/"},"modified":"2025-09-23T01:31:57","modified_gmt":"2025-09-23T01:31:57","slug":"1500w-550c-cordless-handheld-hot-air-gun-with-3-nozzles-temperature-adjustable-electric-heat-gun-for-makita-18v-battery","status":"publish","type":"product","link":"https:\/\/meconstructionsupplies.com\/fr\/product\/1500w-550c-cordless-handheld-hot-air-gun-with-3-nozzles-temperature-adjustable-electric-heat-gun-for-makita-18v-battery\/","title":{"rendered":"Pistolet \u00e0 air chaud portatif sans fil 1500 W 550 C avec 3 buses Pistolet thermique \u00e9lectrique \u00e0 temp\u00e9rature r\u00e9glable pour batterie Makita 18 V"},"content":{"rendered":"<div style=\"width: 540px;\" class=\"wp-video\"><!--[if lt IE 9]><script>document.createElement('video');<\/script><![endif]-->\n<video class=\"wp-video-shortcode\" id=\"video-28516-1\" width=\"540\" height=\"960\" preload=\"metadata\" controls=\"controls\"><source type=\"video\/mp4\" src=\"\/\/play.video.alibaba.com\/play\/u\/2153292369\/p\/1\/e\/6\/t\/10300\/382632811459.mp4?_=1\" \/><a href=\"\/\/play.video.alibaba.com\/play\/u\/2153292369\/p\/1\/e\/6\/t\/10300\/382632811459.mp4\">\/\/play.video.alibaba.com\/play\/u\/2153292369\/p\/1\/e\/6\/t\/10300\/382632811459.mp4<\/a><\/video><\/div>\n<h3><strong>Products Description<\/strong><\/h3>\n<hr style=\"border: 2px solid #000; margin-top: 5px; margin-bottom: 5px;\" \/>\n<div style=\"display: flex; background-color: #f2f2f2; padding: 10px; border-bottom: 1px solid #ddd;\">\n<div style=\"width: 40%; font-weight: bold;\">Voltage<\/div>\n<div style=\"width: 60%;\">18V<\/div>\n<\/div>\n<div style=\"display: flex; background-color: #ffffff; padding: 10px; border-bottom: 1px solid #ddd;\">\n<div style=\"width: 40%; font-weight: bold;\">Power<\/div>\n<div style=\"width: 60%;\">2000W<\/div>\n<\/div>\n<div style=\"display: flex; background-color: #f2f2f2; padding: 10px; border-bottom: 1px solid #ddd;\">\n<div style=\"width: 40%; font-weight: bold;\">Air Flow<\/div>\n<div style=\"width: 60%;\">250\/500LPM<\/div>\n<\/div>\n<div style=\"display: flex; background-color: #ffffff; padding: 10px; border-bottom: 1px solid #ddd;\">\n<div style=\"width: 40%; font-weight: bold;\">Battery Voltage<\/div>\n<div style=\"width: 60%;\">18-20V MAX<\/div>\n<\/div>\n<div style=\"display: flex; background-color: #f2f2f2; padding: 10px; border-bottom: 1px solid #ddd;\">\n<div style=\"width: 40%; font-weight: bold;\">Battery Capacity<\/div>\n<div style=\"width: 60%;\">15000mAh(1500mAh*10)<\/div>\n<\/div>\n<div style=\"display: flex; background-color: #ffffff; padding: 10px; border-bottom: 1px solid #ddd;\">\n<div style=\"width: 40%; font-weight: bold;\">Battery Cell<\/div>\n<div style=\"width: 60%;\">10 sections (1 battery cell 1500mAh)<\/div>\n<\/div>\n<p><img fetchpriority=\"high\" decoding=\"async\" class=\"alignnone \" src=\"\/\/sc04.alicdn.com\/kf\/He3d200e44fd648df97d9fc0e360ce969I\/250534321\/He3d200e44fd648df97d9fc0e360ce969I.jpg\" width=\"537\" height=\"537\" \/><\/p>\n<p><img decoding=\"async\" class=\"alignnone \" src=\"\/\/sc04.alicdn.com\/kf\/H8f506d78c4ca4ffc9545a383d0978f5bn\/250534321\/H8f506d78c4ca4ffc9545a383d0978f5bn.jpg\" width=\"537\" height=\"537\" \/><\/p>\n<p><img decoding=\"async\" class=\"alignnone \" src=\"\/\/sc04.alicdn.com\/kf\/H4f10b2a88c234af2b597df83d37f1080l\/250534321\/H4f10b2a88c234af2b597df83d37f1080l.jpg\" width=\"535\" height=\"535\" \/><\/p>\n<p><img loading=\"lazy\" decoding=\"async\" class=\"alignnone \" src=\"\/\/sc04.alicdn.com\/kf\/H87d600549f464125a9ad1943e1627678N\/250534321\/H87d600549f464125a9ad1943e1627678N.jpg\" width=\"536\" height=\"536\" \/><\/p>\n<p><img loading=\"lazy\" decoding=\"async\" class=\"alignnone \" src=\"\/\/sc04.alicdn.com\/kf\/H8df6d89c004341cf8834f17a43b8d275Y\/250534321\/H8df6d89c004341cf8834f17a43b8d275Y.jpg\" width=\"537\" height=\"537\" \/><\/p>\n<p><img loading=\"lazy\" decoding=\"async\" class=\"alignnone \" src=\"\/\/sc04.alicdn.com\/kf\/H58ea1d9ad4c94b11a53834189e6bf315w\/250534321\/H58ea1d9ad4c94b11a53834189e6bf315w.jpg\" width=\"537\" height=\"537\" \/><\/p>\n<p><img loading=\"lazy\" decoding=\"async\" class=\"alignnone \" src=\"\/\/sc04.alicdn.com\/kf\/H1c2cd7de14594bea9564fc4043a0fe9aC\/250534321\/H1c2cd7de14594bea9564fc4043a0fe9aC.jpg\" width=\"535\" height=\"535\" \/><\/p>\n<h3><strong>Company Profile<\/strong><\/h3>\n<hr style=\"border: 2px solid #000; margin-top: 5px; margin-bottom: 5px;\" \/>\n<p><img loading=\"lazy\" decoding=\"async\" class=\"alignnone \" src=\"\/\/sc04.alicdn.com\/kf\/H21125d75b19945cd808f7bbd43b946e1t\/250534321\/H21125d75b19945cd808f7bbd43b946e1t.jpg\" width=\"539\" height=\"1725\" \/><\/p>\n<p>&nbsp;<\/p>\n<h3><strong>Shipping &amp; Packaging<\/strong><\/h3>\n<hr style=\"border: 2px solid #000; margin-top: 5px; margin-bottom: 5px;\" \/>\n<p><img loading=\"lazy\" decoding=\"async\" class=\"alignnone \" src=\"\/\/sc04.alicdn.com\/kf\/Hd7303f1b96ef4f84b20392d92f6bacd64\/250534321\/Hd7303f1b96ef4f84b20392d92f6bacd64.jpg\" width=\"536\" height=\"134\" \/><\/p>\n<p><img loading=\"lazy\" decoding=\"async\" class=\"alignnone \" src=\"\/\/sc04.alicdn.com\/kf\/Hb7df4a8ffd044bca818b06970dbfed18d\/250534321\/Hb7df4a8ffd044bca818b06970dbfed18d.jpg\" width=\"538\" height=\"222\" \/><\/p>\n<p><img loading=\"lazy\" decoding=\"async\" class=\"alignnone \" src=\"\/\/sc04.alicdn.com\/kf\/H7eb6987d9663442a92b42e930b583572B\/250534321\/H7eb6987d9663442a92b42e930b583572B.jpg\" width=\"534\" height=\"359\" \/><\/p>\n<p><b>Packingaging<\/b>: Under normal circumstances, we are neutral packing, the inside of the carton is protected with foam, and the outer box of the bulk is wrapped with film to waterproof.<b>Shipping: <\/b>We have warehouses in China and around the world, and use the most advanced ERP system for inventory management to ensure that the goods can be delivered to customers as soon as possible.<\/p>\n<h3><strong>Customer&#8217;s Feedbacks<\/strong><\/h3>\n<hr style=\"border: 2px solid #000; margin-top: 5px; margin-bottom: 5px;\" \/>\n<p><img loading=\"lazy\" decoding=\"async\" class=\"alignnone \" src=\"\/\/sc04.alicdn.com\/kf\/H51559c376ba04d969782d9d20eebb18bo\/250534321\/H51559c376ba04d969782d9d20eebb18bo.jpg\" width=\"537\" height=\"2265\" \/><\/p>\n<h3><strong>FAQ<\/strong><\/h3>\n<hr style=\"border: 2px solid #000; margin-top: 5px; margin-bottom: 5px;\" \/>\n<p><b>Q1: What&#8217;s your MOQ for OEM?<\/b><b>A1: 300PCS, we can print your logo on the item body, custom the carton or plastic box.<\/b><b><br \/>\n<\/b><b>Q2: What&#8217;s your brand?<\/b><b>A2: We have 2 brands for electric power tools, ONEVAN and Yofidra, and we welcome you to be our brand agent in your country.<\/b><b><br \/>\n<\/b><b>Q3: Can I get free samples?<\/b><b>A3: We have to charge both samples and freight cost, and when you place orders, we&#8217;llrefund your sample cost. Or we can provide free samples to you with freight collect.<\/b><b><br \/>\n<\/b><b>Q4: What&#8217;s your after-sales service?<\/b><b>A4: We can provide spare parts for after-sales service, in generally, we can offer 1% freespare parts .<\/b><b><br \/>\n<\/b><b>Q5: What is your payment terms?<\/b><b>A5: Our payment terms is 30% deposit, balance against receiving copy of B\/L or L\/C sight.<\/b><b>Q6: How do you help promote?<\/b><b>A6: We can provide some free promotional items to you, like display stand, T-shirt, caps.pens, notebook, etc, and also we can help you design the posters to put in the shops.<\/b><b><br \/>\n<\/b><b>Q7: What&#8217;s the certificate do you have?<\/b><b>A7: We have GS\/CE\/Rohs\/UL\/ETL certificate.<\/b><\/p>\n","protected":false},"excerpt":{"rendered":"<p>Description des produits Tension 18V Puissance 2000W D\u00e9bit d&#039;air 250\/500LPM Tension de la batterie 18-20V MAX Capacit\u00e9 de la batterie 15000mAh(1500mAh*10) Cellule de batterie 10 sections<\/p>","protected":false},"featured_media":28515,"comment_status":"open","ping_status":"closed","template":"","meta":[],"product_cat":[85,95,71],"product_tag":[],"class_list":{"0":"post-28516","1":"product","2":"type-product","3":"status-publish","4":"has-post-thumbnail","6":"product_cat-corded-tools","7":"product_cat-hot-air-guns","8":"product_cat-power-tools","10":"first","11":"instock","12":"shipping-taxable","13":"purchasable","14":"product-type-simple"},"_links":{"self":[{"href":"https:\/\/meconstructionsupplies.com\/fr\/wp-json\/wp\/v2\/product\/28516","targetHints":{"allow":["GET"]}}],"collection":[{"href":"https:\/\/meconstructionsupplies.com\/fr\/wp-json\/wp\/v2\/product"}],"about":[{"href":"https:\/\/meconstructionsupplies.com\/fr\/wp-json\/wp\/v2\/types\/product"}],"replies":[{"embeddable":true,"href":"https:\/\/meconstructionsupplies.com\/fr\/wp-json\/wp\/v2\/comments?post=28516"}],"version-history":[{"count":2,"href":"https:\/\/meconstructionsupplies.com\/fr\/wp-json\/wp\/v2\/product\/28516\/revisions"}],"predecessor-version":[{"id":31248,"href":"https:\/\/meconstructionsupplies.com\/fr\/wp-json\/wp\/v2\/product\/28516\/revisions\/31248"}],"wp:featuredmedia":[{"embeddable":true,"href":"https:\/\/meconstructionsupplies.com\/fr\/wp-json\/wp\/v2\/media\/28515"}],"wp:attachment":[{"href":"https:\/\/meconstructionsupplies.com\/fr\/wp-json\/wp\/v2\/media?parent=28516"}],"wp:term":[{"taxonomy":"product_cat","embeddable":true,"href":"https:\/\/meconstructionsupplies.com\/fr\/wp-json\/wp\/v2\/product_cat?post=28516"},{"taxonomy":"product_tag","embeddable":true,"href":"https:\/\/meconstructionsupplies.com\/fr\/wp-json\/wp\/v2\/product_tag?post=28516"}],"curies":[{"name":"wp","href":"https:\/\/api.w.org\/{rel}","templated":true}]}}