{"id":28527,"date":"2024-11-15T07:49:01","date_gmt":"2024-11-15T07:49:01","guid":{"rendered":"https:\/\/meconstructionsupplies.com\/product\/1500w-high-pressure-electric-wall-airless-paint-spraying-machine-airless-spray-gun-model-405\/"},"modified":"2024-12-02T08:12:36","modified_gmt":"2024-12-02T08:12:36","slug":"1500w-high-pressure-electric-wall-airless-paint-spraying-machine-airless-spray-gun-model-405","status":"publish","type":"product","link":"https:\/\/meconstructionsupplies.com\/fr\/product\/1500w-high-pressure-electric-wall-airless-paint-spraying-machine-airless-spray-gun-model-405\/","title":{"rendered":"Machine de pulv\u00e9risation de peinture murale sans air \u00e9lectrique haute pression 1500 W Pistolet pulv\u00e9risateur sans air mod\u00e8le 405"},"content":{"rendered":"<div style=\"width: 540px;\" class=\"wp-video\"><!--[if lt IE 9]><script>document.createElement('video');<\/script><![endif]-->\n<video class=\"wp-video-shortcode\" id=\"video-28527-1\" width=\"540\" height=\"960\" preload=\"metadata\" controls=\"controls\"><source type=\"video\/mp4\" src=\"\/\/play.video.alibaba.com\/play\/u\/2153292369\/p\/1\/e\/6\/t\/10300\/450663528335.mp4?_=1\" \/><a href=\"\/\/play.video.alibaba.com\/play\/u\/2153292369\/p\/1\/e\/6\/t\/10300\/450663528335.mp4\">\/\/play.video.alibaba.com\/play\/u\/2153292369\/p\/1\/e\/6\/t\/10300\/450663528335.mp4<\/a><\/video><\/div>\n<h3><strong>Product Paramenters<\/strong><\/h3>\n<hr style=\"border: 2px solid #000; margin-top: 5px; margin-bottom: 5px;\" \/>\n<div style=\"display: flex; background-color: #f2f2f2; padding: 10px; border-bottom: 1px solid #ddd;\">\n<div style=\"width: 40%; font-weight: bold;\">Product Item<\/div>\n<div style=\"width: 60%;\">Airless Paint Spray Gun<\/div>\n<\/div>\n<div style=\"display: flex; background-color: #ffffff; padding: 10px; border-bottom: 1px solid #ddd;\">\n<div style=\"width: 40%; font-weight: bold;\">Cup Volume<\/div>\n<div style=\"width: 60%;\">4500<\/div>\n<\/div>\n<div style=\"display: flex; background-color: #f2f2f2; padding: 10px; border-bottom: 1px solid #ddd;\">\n<div style=\"width: 40%; font-weight: bold;\">Nozzle type<\/div>\n<div style=\"width: 60%;\">515\/517\/519<\/div>\n<\/div>\n<div style=\"display: flex; background-color: #ffffff; padding: 10px; border-bottom: 1px solid #ddd;\">\n<div style=\"width: 40%; font-weight: bold;\">Max Pressure:<\/div>\n<div style=\"width: 60%;\">3200PSI<\/div>\n<\/div>\n<div style=\"display: flex; background-color: #f2f2f2; padding: 10px; border-bottom: 1px solid #ddd;\">\n<div style=\"width: 40%; font-weight: bold;\">Power<\/div>\n<div style=\"width: 60%;\">1500Watts<\/div>\n<\/div>\n<div style=\"display: flex; background-color: #ffffff; padding: 10px; border-bottom: 1px solid #ddd;\">\n<div style=\"width: 40%; font-weight: bold;\">Fluid delivery<\/div>\n<div style=\"width: 60%;\">1.8L\/min, up to 0.5gal\/min<\/div>\n<\/div>\n<div style=\"display: flex; background-color: #f2f2f2; padding: 10px; border-bottom: 1px solid #ddd;\">\n<div style=\"width: 40%; font-weight: bold;\">Hose length<\/div>\n<div style=\"width: 60%;\">7.5-15m<\/div>\n<\/div>\n<p><b>Before order , Please contact supplier if you want special cable plug !!!!<\/b><\/p>\n<p><img fetchpriority=\"high\" decoding=\"async\" class=\"alignnone \" src=\"\/\/sc04.alicdn.com\/kf\/Hcb94a1ff029140a6af565c4cee5d6771P\/223469865\/Hcb94a1ff029140a6af565c4cee5d6771P.jpg\" width=\"536\" height=\"536\" \/><\/p>\n<p><img decoding=\"async\" class=\"alignnone \" src=\"\/\/sc04.alicdn.com\/kf\/Hd7b550fd17254f48a8b873f361a3d251B\/223469865\/Hd7b550fd17254f48a8b873f361a3d251B.jpg\" width=\"536\" height=\"536\" \/><\/p>\n<p><img decoding=\"async\" class=\"alignnone \" src=\"\/\/sc04.alicdn.com\/kf\/H3285a2ccba5e41e1927a086115a05e34b\/223469865\/H3285a2ccba5e41e1927a086115a05e34b.jpg\" width=\"537\" height=\"607\" \/><\/p>\n<p><img loading=\"lazy\" decoding=\"async\" class=\"alignnone \" src=\"\/\/sc04.alicdn.com\/kf\/H2b1507d362ef4831893be357968544a1x\/223469865\/H2b1507d362ef4831893be357968544a1x.jpg\" width=\"536\" height=\"1300\" \/><\/p>\n<p><img loading=\"lazy\" decoding=\"async\" class=\"alignnone \" src=\"\/\/sc04.alicdn.com\/kf\/Hebe8895cd1ae409bb989828ca485447bp\/223469865\/Hebe8895cd1ae409bb989828ca485447bp.png\" width=\"537\" height=\"537\" \/><\/p>\n<p><img loading=\"lazy\" decoding=\"async\" class=\"alignnone \" src=\"\/\/sc04.alicdn.com\/kf\/H077e57e03927437d9b1b7cbce3e8bc2c4\/223469865\/H077e57e03927437d9b1b7cbce3e8bc2c4.png\" width=\"535\" height=\"535\" \/><\/p>\n<h3><strong>FAQ<\/strong><\/h3>\n<hr style=\"border: 2px solid #000; margin-top: 5px; margin-bottom: 5px;\" \/>\n<p>1-Samples Order : Acceptable , it takes 5-7days for sample production. 2-Samples Charge: Pay in advance,and will return back the cost after placing bulk order in the future.<br \/>\n<b>How To Order: <\/b><br \/>\n1,After you confirm the model and price,we will issue the Proforma Invoice for your final confirmation 2,We will arrange the mass production once get your deposit after confirmed with PI. 3,&#8221;Artworks&#8221;Confirmation after get your order.<br \/>\n4,Goods Ready for Inspection and Shipment.<\/p>\n<p><b>After-sales Service:<\/b><br \/>\n1-6 to 12 months warranty policy. 2-Free spare parts replace the defective or broken parts when you place new order.<\/p>\n<p><b>Why Choose Us? <\/b><br \/>\n1.Over 10 years exporting experience. 2.24 hours Online Customer Service. 3.OEM and ODM Services 4.Reasonbale Price,Attractive Design,Good Performance and High Efficiency5.Professional QC-Inspection Report With Details Will Be Provided.<\/p>\n","protected":false},"excerpt":{"rendered":"<p>Param\u00e8tres du produit Article du produit Pistolet pulv\u00e9risateur de peinture sans air Volume du godet 4500 Type de buse 515\/517\/519 Pression maximale : 3200PSI Puissance 1500Watts Fluide<\/p>","protected":false},"featured_media":28526,"comment_status":"open","ping_status":"closed","template":"","meta":[],"product_cat":[85,71,96],"product_tag":[],"class_list":{"0":"post-28527","1":"product","2":"type-product","3":"status-publish","4":"has-post-thumbnail","6":"product_cat-corded-tools","7":"product_cat-power-tools","8":"product_cat-spray-guns","10":"first","11":"instock","12":"shipping-taxable","13":"purchasable","14":"product-type-simple"},"_links":{"self":[{"href":"https:\/\/meconstructionsupplies.com\/fr\/wp-json\/wp\/v2\/product\/28527","targetHints":{"allow":["GET"]}}],"collection":[{"href":"https:\/\/meconstructionsupplies.com\/fr\/wp-json\/wp\/v2\/product"}],"about":[{"href":"https:\/\/meconstructionsupplies.com\/fr\/wp-json\/wp\/v2\/types\/product"}],"replies":[{"embeddable":true,"href":"https:\/\/meconstructionsupplies.com\/fr\/wp-json\/wp\/v2\/comments?post=28527"}],"version-history":[{"count":4,"href":"https:\/\/meconstructionsupplies.com\/fr\/wp-json\/wp\/v2\/product\/28527\/revisions"}],"predecessor-version":[{"id":31249,"href":"https:\/\/meconstructionsupplies.com\/fr\/wp-json\/wp\/v2\/product\/28527\/revisions\/31249"}],"wp:featuredmedia":[{"embeddable":true,"href":"https:\/\/meconstructionsupplies.com\/fr\/wp-json\/wp\/v2\/media\/28526"}],"wp:attachment":[{"href":"https:\/\/meconstructionsupplies.com\/fr\/wp-json\/wp\/v2\/media?parent=28527"}],"wp:term":[{"taxonomy":"product_cat","embeddable":true,"href":"https:\/\/meconstructionsupplies.com\/fr\/wp-json\/wp\/v2\/product_cat?post=28527"},{"taxonomy":"product_tag","embeddable":true,"href":"https:\/\/meconstructionsupplies.com\/fr\/wp-json\/wp\/v2\/product_tag?post=28527"}],"curies":[{"name":"wp","href":"https:\/\/api.w.org\/{rel}","templated":true}]}}