{"id":28548,"date":"2024-11-15T08:45:11","date_gmt":"2024-11-15T08:45:11","guid":{"rendered":"https:\/\/meconstructionsupplies.com\/product\/professional-wireless-battery-angle-grinder-125mm-150mm-household-steel-polishing-and-cutting-machine-1200w-power-tools\/"},"modified":"2024-12-02T08:12:36","modified_gmt":"2024-12-02T08:12:36","slug":"professional-wireless-battery-angle-grinder-125mm-150mm-household-steel-polishing-and-cutting-machine-1200w-power-tools","status":"publish","type":"product","link":"https:\/\/meconstructionsupplies.com\/fr\/product\/professional-wireless-battery-angle-grinder-125mm-150mm-household-steel-polishing-and-cutting-machine-1200w-power-tools\/","title":{"rendered":"Meuleuse d&#039;angle sans fil professionnelle \u00e0 batterie 125 mm 150 mm Machine de polissage et de d\u00e9coupe d&#039;acier domestique 1200 W Outils \u00e9lectriques"},"content":{"rendered":"<p><img decoding=\"async\" class=\"alignnone\" src=\"\/\/sc04.alicdn.com\/kf\/H2bf454390aa048c3af82dc727646bb12j\/268580278\/H2bf454390aa048c3af82dc727646bb12j.jpg\" width=\"540\" height=\"70\" \/><\/p>\n<p><img fetchpriority=\"high\" decoding=\"async\" class=\"alignnone\" src=\"\/\/sc04.alicdn.com\/kf\/Ha362900106f041caacf3a6f417e326f44\/268580278\/Ha362900106f041caacf3a6f417e326f44.jpg\" width=\"538\" height=\"268\" \/><\/p>\n<p><img decoding=\"async\" class=\"alignnone\" src=\"\/\/sc04.alicdn.com\/kf\/Hc987b7b8ff9741af808ae8dd03239e6ea\/268580278\/Hc987b7b8ff9741af808ae8dd03239e6ea.jpg\" width=\"537\" height=\"307\" \/><\/p>\n<p><img loading=\"lazy\" decoding=\"async\" class=\"alignnone\" src=\"\/\/sc04.alicdn.com\/kf\/H037045dae748422aa8882676204aa13eP\/268580278\/H037045dae748422aa8882676204aa13eP.jpg\" width=\"537\" height=\"525\" \/><\/p>\n<p><img loading=\"lazy\" decoding=\"async\" class=\"alignnone\" src=\"\/\/sc04.alicdn.com\/kf\/Hf69063fe069f4fe6b0d9f04ea5027fd1F\/268580278\/Hf69063fe069f4fe6b0d9f04ea5027fd1F.jpg\" width=\"537\" height=\"260\" \/><\/p>\n<p><img loading=\"lazy\" decoding=\"async\" class=\"alignnone\" src=\"\/\/sc04.alicdn.com\/kf\/H2698e444e68e4151a9cdb5bb8d2c2c43H\/268580278\/H2698e444e68e4151a9cdb5bb8d2c2c43H.jpg\" width=\"535\" height=\"66\" \/><\/p>\n<p><img loading=\"lazy\" decoding=\"async\" class=\"alignnone\" src=\"\/\/sc04.alicdn.com\/kf\/H1fbbc70ab8df4ff59d9c4fe240857260Z\/268580278\/H1fbbc70ab8df4ff59d9c4fe240857260Z.jpg\" width=\"537\" height=\"234\" \/><\/p>\n<p><img loading=\"lazy\" decoding=\"async\" class=\"alignnone\" src=\"\/\/sc04.alicdn.com\/kf\/H2debb9cc957749dc838784a4dddd57ab0\/268580278\/H2debb9cc957749dc838784a4dddd57ab0.jpg\" width=\"541\" height=\"55\" \/><\/p>\n<p><img loading=\"lazy\" decoding=\"async\" class=\"alignnone\" src=\"\/\/sc04.alicdn.com\/kf\/Hcb57e36f3e6c4bd7b5c7ef82877f5819w\/268580278\/Hcb57e36f3e6c4bd7b5c7ef82877f5819w.jpg\" width=\"540\" height=\"371\" \/><\/p>\n<p><img loading=\"lazy\" decoding=\"async\" class=\"alignnone\" src=\"\/\/sc04.alicdn.com\/kf\/H122a41fb8edb4aa2bc8dd33b1f028fd0Y\/268580278\/H122a41fb8edb4aa2bc8dd33b1f028fd0Y.jpg\" width=\"538\" height=\"440\" \/><\/p>\n<p><img loading=\"lazy\" decoding=\"async\" class=\"alignnone\" src=\"\/\/sc04.alicdn.com\/kf\/Hb76f1d7024eb44f2b7e15ea1d3aa4d2ci\/268580278\/Hb76f1d7024eb44f2b7e15ea1d3aa4d2ci.jpg\" width=\"536\" height=\"536\" \/><\/p>\n<p><b>\u25cf Brushless EC motor, max. power, best performance &amp; longer life time<br \/>\n\u25cf Convenient spindle locking button for quick and easy grinding wheel changes<br \/>\n\u25cf Powerful motor for the toughest applications<br \/>\n\u25cf Soft grip handle for comfortable working<br \/>\n\u25cf Large trigger switch with variable speed<br \/>\n\u25cf Lock-on switch for continuous working convenience<\/b><\/p>\n<p><img loading=\"lazy\" decoding=\"async\" class=\"alignnone\" src=\"\/\/sc04.alicdn.com\/kf\/Hed84ddcea05c4d3ba24e93f20cf42881a\/268580278\/Hed84ddcea05c4d3ba24e93f20cf42881a.jpg\" width=\"536\" height=\"354\" \/><\/p>\n<p><img loading=\"lazy\" decoding=\"async\" class=\"alignnone\" src=\"\/\/sc04.alicdn.com\/kf\/Hb0025f76735a41bfb78b30dfec9c80c17\/268580278\/Hb0025f76735a41bfb78b30dfec9c80c17.jpg\" width=\"537\" height=\"356\" \/><\/p>\n<p><img loading=\"lazy\" decoding=\"async\" class=\"alignnone\" src=\"\/\/sc04.alicdn.com\/kf\/Ha8e557a2a03a4ca5b60eb6786ea44891G\/268580278\/Ha8e557a2a03a4ca5b60eb6786ea44891G.jpg\" width=\"535\" height=\"768\" \/><\/p>\n<p>&nbsp;<\/p>\n<p><img loading=\"lazy\" decoding=\"async\" class=\"alignnone\" src=\"\/\/sc04.alicdn.com\/kf\/He0a7f016cfeb4064a59d0a7c2985db2er\/268580278\/He0a7f016cfeb4064a59d0a7c2985db2er.jpg\" width=\"536\" height=\"627\" \/><\/p>\n<p><img loading=\"lazy\" decoding=\"async\" class=\"alignnone\" src=\"\/\/sc04.alicdn.com\/kf\/He89534d95b6c47b6a79282349131c98eX\/268580278\/He89534d95b6c47b6a79282349131c98eX.jpg\" width=\"538\" height=\"717\" \/><\/p>\n<p>If you have any question , please do not hesitate to contact with us .<\/p>","protected":false},"excerpt":{"rendered":"<p>\u25cf Moteur EC sans balais, puissance maximale, meilleures performances et dur\u00e9e de vie plus longue \u25cf Bouton de verrouillage de la broche pratique pour un r\u00e9glage rapide et<\/p>","protected":false},"featured_media":28547,"comment_status":"open","ping_status":"closed","template":"","meta":[],"product_cat":[97,85,71],"product_tag":[],"class_list":{"0":"post-28548","1":"product","2":"type-product","3":"status-publish","4":"has-post-thumbnail","6":"product_cat-angle-polishers","7":"product_cat-corded-tools","8":"product_cat-power-tools","10":"first","11":"instock","12":"shipping-taxable","13":"purchasable","14":"product-type-simple"},"_links":{"self":[{"href":"https:\/\/meconstructionsupplies.com\/fr\/wp-json\/wp\/v2\/product\/28548","targetHints":{"allow":["GET"]}}],"collection":[{"href":"https:\/\/meconstructionsupplies.com\/fr\/wp-json\/wp\/v2\/product"}],"about":[{"href":"https:\/\/meconstructionsupplies.com\/fr\/wp-json\/wp\/v2\/types\/product"}],"replies":[{"embeddable":true,"href":"https:\/\/meconstructionsupplies.com\/fr\/wp-json\/wp\/v2\/comments?post=28548"}],"version-history":[{"count":3,"href":"https:\/\/meconstructionsupplies.com\/fr\/wp-json\/wp\/v2\/product\/28548\/revisions"}],"predecessor-version":[{"id":31250,"href":"https:\/\/meconstructionsupplies.com\/fr\/wp-json\/wp\/v2\/product\/28548\/revisions\/31250"}],"wp:featuredmedia":[{"embeddable":true,"href":"https:\/\/meconstructionsupplies.com\/fr\/wp-json\/wp\/v2\/media\/28547"}],"wp:attachment":[{"href":"https:\/\/meconstructionsupplies.com\/fr\/wp-json\/wp\/v2\/media?parent=28548"}],"wp:term":[{"taxonomy":"product_cat","embeddable":true,"href":"https:\/\/meconstructionsupplies.com\/fr\/wp-json\/wp\/v2\/product_cat?post=28548"},{"taxonomy":"product_tag","embeddable":true,"href":"https:\/\/meconstructionsupplies.com\/fr\/wp-json\/wp\/v2\/product_tag?post=28548"}],"curies":[{"name":"wp","href":"https:\/\/api.w.org\/{rel}","templated":true}]}}