{"id":28575,"date":"2024-11-15T08:51:59","date_gmt":"2024-11-15T08:51:59","guid":{"rendered":"https:\/\/meconstructionsupplies.com\/product\/new-wall-chaser-5500w-electric-wall-chaser-with-133mm-saw-blade-factory-wholesale-concrete-wall-chaser-40mm\/"},"modified":"2024-12-02T08:12:16","modified_gmt":"2024-12-02T08:12:16","slug":"new-wall-chaser-5500w-electric-wall-chaser-with-133mm-saw-blade-factory-wholesale-concrete-wall-chaser-40mm","status":"publish","type":"product","link":"https:\/\/meconstructionsupplies.com\/fr\/product\/new-wall-chaser-5500w-electric-wall-chaser-with-133mm-saw-blade-factory-wholesale-concrete-wall-chaser-40mm\/","title":{"rendered":"Nouvelle rainureuse murale 5500W Rainureuse murale \u00e9lectrique avec lame de scie 133mm Vente en gros d&#039;usine Rainureuse murale en b\u00e9ton 40mm"},"content":{"rendered":"<p>Nouvelle rainureuse murale 5500W Rainureuse murale \u00e9lectrique avec lame de scie 133mm Vente en gros d&#039;usine Rainureuse murale en b\u00e9ton 40mm<\/p>\n<h3><strong>Description des produits<\/strong><\/h3>\n<hr style=\"border: 2px solid #000; margin-top: 5px; margin-bottom: 5px;\" \/>\n<p><img fetchpriority=\"high\" decoding=\"async\" class=\"alignnone\" src=\"\/\/sc04.alicdn.com\/kf\/A1b0e95631f434ccdaa5b07618984cee2U\/258297379\/A1b0e95631f434ccdaa5b07618984cee2U.jpg\" width=\"537\" height=\"1702\" \/><\/p>\n<p><img decoding=\"async\" class=\"alignnone\" src=\"\/\/sc04.alicdn.com\/kf\/A63b8143b11c244cf93e1826d5124dc78C\/258297379\/A63b8143b11c244cf93e1826d5124dc78C.jpg\" width=\"536\" height=\"1824\" \/><\/p>\n<p><img decoding=\"async\" class=\"alignnone\" src=\"\/\/sc04.alicdn.com\/kf\/Af3620eed7b6049a39799fdb943574ce8K\/258297379\/Af3620eed7b6049a39799fdb943574ce8K.jpg\" width=\"536\" height=\"2219\" \/><\/p>\n<p><img loading=\"lazy\" decoding=\"async\" class=\"alignnone\" src=\"\/\/sc04.alicdn.com\/kf\/Af1a3e074aacb46ff8c9fda3861af4979o\/258297379\/Af1a3e074aacb46ff8c9fda3861af4979o.jpg\" width=\"538\" height=\"942\" \/><\/p>\n<h3><strong>Recommend Products<\/strong><\/h3>\n<hr style=\"border: 2px solid #000; margin-top: 5px; margin-bottom: 5px;\" \/>\n<h3><strong>One-Stop Shopping<\/strong><\/h3>\n<hr style=\"border: 2px solid #000; margin-top: 5px; margin-bottom: 5px;\" \/>\n<p><img loading=\"lazy\" decoding=\"async\" class=\"alignnone\" src=\"\/\/sc04.alicdn.com\/kf\/H26700c2be1964d1c85860be1f68c03882\/258297379\/H26700c2be1964d1c85860be1f68c03882.jpg\" width=\"538\" height=\"391\" \/><\/p>\n<map name=\"9-b7-a83-34b2\">\n<area coords=\"3,1,219,229\" shape=\"rect\" href=\"https:\/\/gzchengtong.en.alibaba.com\/productgrouplist-923621396\/Cutting_Tools.html\" target=\"_blank\" \/>\n<area coords=\"223,1,485,225\" shape=\"rect\" href=\"https:\/\/gzchengtong.en.alibaba.com\/productgrouplist-944611335\/Chain_saw_guide.html\" target=\"_blank\" \/>\n<area coords=\"487,0,745,222\" shape=\"rect\" href=\"https:\/\/gzchengtong.en.alibaba.com\/productgrouplist-944410054\/Saw_blade.html\" target=\"_blank\" \/>\n<area coords=\"3,232,244,492\" shape=\"rect\" href=\"https:\/\/gzchengtong.en.alibaba.com\/productgrouplist-925339940\/Diamond_Core_Drills.html\" target=\"_blank\" \/>\n<area coords=\"237,229,490,494\" shape=\"rect\" href=\"https:\/\/gzchengtong.en.alibaba.com\/productgrouplist-928243378\/Diamond_Core_Drill_Bits.html\" target=\"_blank\" \/>\n<area coords=\"488,225,742,494\" shape=\"rect\" href=\"https:\/\/gzchengtong.en.alibaba.com\/productgrouplist-921278898\/Brackets.html\" target=\"_blank\" \/><\/map>\n<h3><strong>Profil de l&#039;entreprise<\/strong><\/h3>\n<hr style=\"border: 2px solid #000; margin-top: 5px; margin-bottom: 5px;\" \/>\n<p>&nbsp;<\/p>\n<p><img loading=\"lazy\" decoding=\"async\" class=\"alignnone\" src=\"\/\/sc04.alicdn.com\/kf\/H55872ea4dfba4a55bd0497aeead9b60ck\/258297379\/H55872ea4dfba4a55bd0497aeead9b60ck.jpg\" width=\"540\" height=\"237\" \/><\/p>\n<p>&nbsp;<\/p>\n<h3><strong>Our Advantages<\/strong><\/h3>\n<hr style=\"border: 2px solid #000; margin-top: 5px; margin-bottom: 5px;\" \/>\n<p><img loading=\"lazy\" decoding=\"async\" class=\"alignnone\" src=\"\/\/sc04.alicdn.com\/kf\/H0917c031bfc2423e8b7323ed5df10a37G\/258297379\/H0917c031bfc2423e8b7323ed5df10a37G.jpg\" width=\"536\" height=\"412\" \/><\/p>\n<h3><strong>Packaging And Delivery<\/strong><\/h3>\n<hr style=\"border: 2px solid #000; margin-top: 5px; margin-bottom: 5px;\" \/>\n<p><img loading=\"lazy\" decoding=\"async\" class=\"alignnone\" src=\"\/\/sc04.alicdn.com\/kf\/Hdc26220780f548dab0c624557cade9dfP\/258297379\/Hdc26220780f548dab0c624557cade9dfP.jpg\" width=\"538\" height=\"572\" \/><\/p>\n<h3><strong>FAQ<\/strong><\/h3>\n<hr style=\"border: 2px solid #000; margin-top: 5px; margin-bottom: 5px;\" \/>\n<p><b>1. who are we?<\/b><\/p>\n<p><b>2. how can we guarantee quality<\/b>?<br \/>\nAlways a pre-production sample before mass production;<br \/>\nAlways final Inspection before shipment;<\/p>\n<p><b>3.what can you buy from us?<\/b><br \/>\nHardware,electrical tools,Accessories,Measuring tools,cutting tool<\/p>\n<p><b>4. why should you buy from us not from other suppliers?<\/b><br \/>\nHave rich experience in export transportation, have strict requirements for product production, strong sense of team service, and<br \/>\nsolve customer&#8217;s detailed work.<br \/>\n<b><br \/>\n5. what services can we provide?<\/b><br \/>\nAccepted Delivery Terms: FOB,EXW,DDP\uff1b<br \/>\nAccepted Payment Currency:USD,EUR,HKD,CNY;<br \/>\nAccepted Payment Type: T\/T,Credit Card,PayPal,Western Union;<br \/>\nLanguage Spoken:English,Chinese,Russian<\/p>","protected":false},"excerpt":{"rendered":"<p>Nouvelle rainureuse murale 5500W Rainureuse murale \u00e9lectrique avec lame de scie de 133 mm Vente en gros d&#039;usine Rainureuse murale en b\u00e9ton 40 mm Description des produits Recommander<\/p>","protected":false},"featured_media":28574,"comment_status":"open","ping_status":"closed","template":"","meta":[],"product_cat":[85,71,98],"product_tag":[],"class_list":{"0":"post-28575","1":"product","2":"type-product","3":"status-publish","4":"has-post-thumbnail","6":"product_cat-corded-tools","7":"product_cat-power-tools","8":"product_cat-wall-chasers","10":"first","11":"instock","12":"shipping-taxable","13":"purchasable","14":"product-type-simple"},"_links":{"self":[{"href":"https:\/\/meconstructionsupplies.com\/fr\/wp-json\/wp\/v2\/product\/28575","targetHints":{"allow":["GET"]}}],"collection":[{"href":"https:\/\/meconstructionsupplies.com\/fr\/wp-json\/wp\/v2\/product"}],"about":[{"href":"https:\/\/meconstructionsupplies.com\/fr\/wp-json\/wp\/v2\/types\/product"}],"replies":[{"embeddable":true,"href":"https:\/\/meconstructionsupplies.com\/fr\/wp-json\/wp\/v2\/comments?post=28575"}],"version-history":[{"count":3,"href":"https:\/\/meconstructionsupplies.com\/fr\/wp-json\/wp\/v2\/product\/28575\/revisions"}],"predecessor-version":[{"id":31254,"href":"https:\/\/meconstructionsupplies.com\/fr\/wp-json\/wp\/v2\/product\/28575\/revisions\/31254"}],"wp:featuredmedia":[{"embeddable":true,"href":"https:\/\/meconstructionsupplies.com\/fr\/wp-json\/wp\/v2\/media\/28574"}],"wp:attachment":[{"href":"https:\/\/meconstructionsupplies.com\/fr\/wp-json\/wp\/v2\/media?parent=28575"}],"wp:term":[{"taxonomy":"product_cat","embeddable":true,"href":"https:\/\/meconstructionsupplies.com\/fr\/wp-json\/wp\/v2\/product_cat?post=28575"},{"taxonomy":"product_tag","embeddable":true,"href":"https:\/\/meconstructionsupplies.com\/fr\/wp-json\/wp\/v2\/product_tag?post=28575"}],"curies":[{"name":"wp","href":"https:\/\/api.w.org\/{rel}","templated":true}]}}