{"id":28617,"date":"2024-11-15T09:10:49","date_gmt":"2024-11-15T09:10:49","guid":{"rendered":"https:\/\/meconstructionsupplies.com\/product\/dimec-ecf350-3-0kw-65cc-portable-cut-off-saw\/"},"modified":"2024-12-02T08:12:16","modified_gmt":"2024-12-02T08:12:16","slug":"dimec-ecf350-3-0kw-65cc-portable-cut-off-saw","status":"publish","type":"product","link":"https:\/\/meconstructionsupplies.com\/fr\/product\/dimec-ecf350-3-0kw-65cc-portable-cut-off-saw\/","title":{"rendered":"Scie \u00e0 tron\u00e7onner portative DIMEC ECF350 3,0 kW 65 cc"},"content":{"rendered":"<p><img fetchpriority=\"high\" decoding=\"async\" class=\"alignnone\" src=\"\/\/sc04.alicdn.com\/kf\/H429f7193ff62484f9d1270846929d375D\/228221139\/H429f7193ff62484f9d1270846929d375D.jpg\" width=\"536\" height=\"698\" \/><\/p>\n<p><img decoding=\"async\" class=\"alignnone\" src=\"\/\/sc04.alicdn.com\/kf\/H11bca3562f83477abc440dfea3d70538U\/228221139\/H11bca3562f83477abc440dfea3d70538U.jpg\" width=\"537\" height=\"528\" \/><\/p>\n<p><img decoding=\"async\" class=\"alignnone\" src=\"\/\/sc04.alicdn.com\/kf\/H49c2294e28c84b38af3ddb8ad8be8b5fL\/228221139\/H49c2294e28c84b38af3ddb8ad8be8b5fL.jpg\" width=\"535\" height=\"419\" \/><\/p>\n<p><img loading=\"lazy\" decoding=\"async\" class=\"alignnone\" src=\"\/\/sc04.alicdn.com\/kf\/H1a900785c3be46a49cdf40d42a81f2e1U\/228221139\/H1a900785c3be46a49cdf40d42a81f2e1U.jpg\" width=\"538\" height=\"590\" \/><\/p>\n<p>&nbsp;<\/p>\n<p><img loading=\"lazy\" decoding=\"async\" class=\"alignnone\" src=\"\/\/sc04.alicdn.com\/kf\/H0b8e9214665e4b8fa69c0703fda440f4v\/228221139\/H0b8e9214665e4b8fa69c0703fda440f4v.jpg\" width=\"539\" height=\"959\" \/><\/p>\n<p><img loading=\"lazy\" decoding=\"async\" class=\"alignnone\" src=\"\/\/sc04.alicdn.com\/kf\/Hbd065dfdc93e46248ed6b29dc3470d074\/228221139\/Hbd065dfdc93e46248ed6b29dc3470d074.jpg\" width=\"537\" height=\"560\" \/><\/p>\n<p><img loading=\"lazy\" decoding=\"async\" class=\"alignnone\" src=\"\/\/sc04.alicdn.com\/kf\/Hf8a02f8ccda84e648d2d5dbc25be1396o\/228221139\/Hf8a02f8ccda84e648d2d5dbc25be1396o.jpg\" width=\"536\" height=\"1006\" \/><\/p>\n<p>&nbsp;<\/p>\n<p><img loading=\"lazy\" decoding=\"async\" class=\"alignnone\" src=\"\/\/sc04.alicdn.com\/kf\/H78fc57eb463b46d3911c2e9288a5b3af8\/228221139\/H78fc57eb463b46d3911c2e9288a5b3af8.jpg\" width=\"535\" height=\"880\" \/><\/p>\n<p>&nbsp;<\/p>\n<h3><strong>FAQ<\/strong><\/h3>\n<hr style=\"border: 2px solid #000; margin-top: 5px; margin-bottom: 5px;\" \/>\n<p><b>How to control the quality?<\/b>1. 100% inspection for spare parts and material. 2. 8+years experienced skilled workers to produce the machines. 3. Advanced production equipments to ensure products quality, such as we have 2pcs laser cutting equipments, 25pcs<br \/>\ndifferent function fine finishing equipments, 20pcs Robot welding equipments&#8230;&#8230; 4.one QC for each production line monitor production status in real time. 5. 5 mins testing for each machine before packing. 6.Carry on durability testing for each models.<br \/>\n<b>What is the delivery time ?<\/b>25-45 days after advanced payment.<br \/>\n<b>Can you provide your certifications? <\/b>We have CE certificates. EPA emission certificates for North America. Euro V emission certificates for European Union countries. Other certificates, please specify and contact me. Thanks.<br \/>\n<b>Can I customize products? <\/b><br \/>\nYes, we supply OEM service. We can make the carton design, sticker design, color, LOGO, manual against your request. Customize products MOQ is 100pcs.<\/p>\n<p><b>What kind of packaging options do you offer ? <\/b>For the products less than 150KG, we usually use cartons, then 6pcs cartons put on one plywood pallet. For the products more than 150KG, we usually use iron frame+carton+pallet, or plywood box+pallet.<\/p>","protected":false},"excerpt":{"rendered":"<p>&nbsp; &nbsp; &nbsp; FAQ Comment contr\u00f4ler la qualit\u00e9 ? 1. Inspection 100% pour les pi\u00e8ces de rechange et le mat\u00e9riel. 2. Plus de 8 ans d&#039;exp\u00e9rience et de comp\u00e9tences<\/p>","protected":false},"featured_media":28616,"comment_status":"open","ping_status":"closed","template":"","meta":[],"product_cat":[99,102],"product_tag":[],"class_list":{"0":"post-28617","1":"product","2":"type-product","3":"status-publish","4":"has-post-thumbnail","6":"product_cat-bench-tools","7":"product_cat-cut-off-saws","9":"first","10":"instock","11":"shipping-taxable","12":"purchasable","13":"product-type-simple"},"_links":{"self":[{"href":"https:\/\/meconstructionsupplies.com\/fr\/wp-json\/wp\/v2\/product\/28617","targetHints":{"allow":["GET"]}}],"collection":[{"href":"https:\/\/meconstructionsupplies.com\/fr\/wp-json\/wp\/v2\/product"}],"about":[{"href":"https:\/\/meconstructionsupplies.com\/fr\/wp-json\/wp\/v2\/types\/product"}],"replies":[{"embeddable":true,"href":"https:\/\/meconstructionsupplies.com\/fr\/wp-json\/wp\/v2\/comments?post=28617"}],"version-history":[{"count":1,"href":"https:\/\/meconstructionsupplies.com\/fr\/wp-json\/wp\/v2\/product\/28617\/revisions"}],"predecessor-version":[{"id":28627,"href":"https:\/\/meconstructionsupplies.com\/fr\/wp-json\/wp\/v2\/product\/28617\/revisions\/28627"}],"wp:featuredmedia":[{"embeddable":true,"href":"https:\/\/meconstructionsupplies.com\/fr\/wp-json\/wp\/v2\/media\/28616"}],"wp:attachment":[{"href":"https:\/\/meconstructionsupplies.com\/fr\/wp-json\/wp\/v2\/media?parent=28617"}],"wp:term":[{"taxonomy":"product_cat","embeddable":true,"href":"https:\/\/meconstructionsupplies.com\/fr\/wp-json\/wp\/v2\/product_cat?post=28617"},{"taxonomy":"product_tag","embeddable":true,"href":"https:\/\/meconstructionsupplies.com\/fr\/wp-json\/wp\/v2\/product_tag?post=28617"}],"curies":[{"name":"wp","href":"https:\/\/api.w.org\/{rel}","templated":true}]}}