{"id":28629,"date":"2024-11-15T09:12:55","date_gmt":"2024-11-15T09:12:55","guid":{"rendered":"https:\/\/meconstructionsupplies.com\/product\/daen-high-quality-7-14-inch-portable-wood-metal-concrete-cut-off-saw-machine\/"},"modified":"2024-12-02T08:12:16","modified_gmt":"2024-12-02T08:12:16","slug":"daen-high-quality-7-14-inch-portable-wood-metal-concrete-cut-off-saw-machine","status":"publish","type":"product","link":"https:\/\/meconstructionsupplies.com\/fr\/product\/daen-high-quality-7-14-inch-portable-wood-metal-concrete-cut-off-saw-machine\/","title":{"rendered":"Machine de coupe de b\u00e9ton portable pour bois et m\u00e9tal de haute qualit\u00e9 Daen de 7\/14 pouces"},"content":{"rendered":"<div style=\"width: 540px;\" class=\"wp-video\"><!--[if lt IE 9]><script>document.createElement('video');<\/script><![endif]-->\n<video class=\"wp-video-shortcode\" id=\"video-28629-1\" width=\"540\" height=\"960\" preload=\"metadata\" controls=\"controls\"><source type=\"video\/mp4\" src=\"\/\/play.video.alibaba.com\/play\/u\/2153292369\/p\/1\/e\/6\/t\/10300\/450647451002.mp4?_=1\" \/><a href=\"\/\/play.video.alibaba.com\/play\/u\/2153292369\/p\/1\/e\/6\/t\/10300\/450647451002.mp4\">\/\/play.video.alibaba.com\/play\/u\/2153292369\/p\/1\/e\/6\/t\/10300\/450647451002.mp4<\/a><\/video><\/div>\n<h3><strong>Product Description<\/strong><\/h3>\n<hr style=\"border: 2px solid #000; margin-top: 5px; margin-bottom: 5px;\" \/>\n<p><img fetchpriority=\"high\" decoding=\"async\" class=\"alignnone \" src=\"\/\/sc04.alicdn.com\/kf\/Hd91103f803ab463b85d1ab59bb198082y\/244149297\/Hd91103f803ab463b85d1ab59bb198082y.jpg\" width=\"536\" height=\"536\" \/><\/p>\n<p><img decoding=\"async\" class=\"alignnone \" src=\"\/\/sc04.alicdn.com\/kf\/H7dca981092dc4cbd98de80ed882abdbfj\/244149297\/H7dca981092dc4cbd98de80ed882abdbfj.jpg\" width=\"538\" height=\"538\" \/><\/p>\n<p><img decoding=\"async\" class=\"alignnone \" src=\"\/\/sc04.alicdn.com\/kf\/H728ec381f834436f88d386e05522f41fu\/244149297\/H728ec381f834436f88d386e05522f41fu.jpg\" width=\"540\" height=\"540\" \/><\/p>\n<p><img loading=\"lazy\" decoding=\"async\" class=\"alignnone \" src=\"\/\/sc04.alicdn.com\/kf\/H139582e6af2d468f8674ab43528dd5b9R\/244149297\/H139582e6af2d468f8674ab43528dd5b9R.jpg\" width=\"536\" height=\"536\" \/><\/p>\n<p><img loading=\"lazy\" decoding=\"async\" class=\"alignnone \" src=\"\/\/sc04.alicdn.com\/kf\/H4b29f5876efd44d082d3a85bf44d9fb1i\/244149297\/H4b29f5876efd44d082d3a85bf44d9fb1i.jpg\" width=\"537\" height=\"537\" \/><\/p>\n<p><img loading=\"lazy\" decoding=\"async\" class=\"alignnone \" src=\"\/\/sc04.alicdn.com\/kf\/Hd24f7153a3be4e8f8ac45eab1e3e69a0v\/244149297\/Hd24f7153a3be4e8f8ac45eab1e3e69a0v.jpg\" width=\"535\" height=\"535\" \/><\/p>\n<p><img loading=\"lazy\" decoding=\"async\" class=\"alignnone \" src=\"\/\/sc04.alicdn.com\/kf\/Hcaf241e5d98d4574951e1399325470a6J\/244149297\/Hcaf241e5d98d4574951e1399325470a6J.jpg\" width=\"537\" height=\"537\" \/><\/p>\n<p><img loading=\"lazy\" decoding=\"async\" class=\"alignnone \" src=\"\/\/sc04.alicdn.com\/kf\/Hd19ec5618dfa439691286dcd16f6a9f3A\/244149297\/Hd19ec5618dfa439691286dcd16f6a9f3A.jpg\" width=\"536\" height=\"536\" \/><\/p>\n<p><img loading=\"lazy\" decoding=\"async\" class=\"alignnone \" src=\"\/\/sc04.alicdn.com\/kf\/Ha47ef52c859347b59406ebe4140dd90fn\/244149297\/Ha47ef52c859347b59406ebe4140dd90fn.jpg\" width=\"536\" height=\"536\" \/><\/p>\n<p><img loading=\"lazy\" decoding=\"async\" class=\"alignnone \" src=\"\/\/sc04.alicdn.com\/kf\/H424ab2cc0d4241f28a7680f46895bd5fa\/244149297\/H424ab2cc0d4241f28a7680f46895bd5fa.jpg\" width=\"536\" height=\"536\" \/><\/p>\n<h3><strong>Specification<\/strong><\/h3>\n<hr style=\"border: 2px solid #000; margin-top: 5px; margin-bottom: 5px;\" \/>\n<div style=\"display: flex; background-color: #f2f2f2; padding: 10px; border-bottom: 1px solid #ddd;\">\n<div style=\"width: 40%; font-weight: bold;\">rated voltage\uff1a<\/div>\n<div style=\"width: 60%;\">220v<\/div>\n<\/div>\n<div style=\"display: flex; background-color: #ffffff; padding: 10px; border-bottom: 1px solid #ddd;\">\n<div style=\"width: 40%; font-weight: bold;\">Input rated power:<\/div>\n<div style=\"width: 60%;\">7800w<\/div>\n<\/div>\n<div style=\"display: flex; background-color: #f2f2f2; padding: 10px; border-bottom: 1px solid #ddd;\">\n<div style=\"width: 40%; font-weight: bold;\">No-load speed:<\/div>\n<div style=\"width: 60%;\">4100<\/div>\n<\/div>\n<div style=\"display: flex; background-color: #ffffff; padding: 10px; border-bottom: 1px solid #ddd;\">\n<div style=\"width: 40%; font-weight: bold;\">Frequency:<\/div>\n<div style=\"width: 60%;\">50-60hz<\/div>\n<\/div>\n<div style=\"display: flex; background-color: #f2f2f2; padding: 10px; border-bottom: 1px solid #ddd;\">\n<div style=\"width: 40%; font-weight: bold;\">Saw blade diameter:<\/div>\n<div style=\"width: 60%;\">7\/14in<\/div>\n<\/div>\n<div style=\"display: flex; background-color: #ffffff; padding: 10px; border-bottom: 1px solid #ddd;\">\n<div style=\"width: 40%; font-weight: bold;\">Maximum cutting depth:<\/div>\n<div style=\"width: 60%;\">12cm<\/div>\n<\/div>\n<div style=\"display: flex; background-color: #f2f2f2; padding: 10px; border-bottom: 1px solid #ddd;\">\n<div style=\"width: 40%; font-weight: bold;\">Size specification:<\/div>\n<div style=\"width: 60%;\">480*400*200mm<\/div>\n<\/div>\n<div style=\"display: flex; background-color: #ffffff; padding: 10px; border-bottom: 1px solid #ddd;\">\n<div style=\"width: 40%; font-weight: bold;\">Weight:<\/div>\n<div style=\"width: 60%;\">20kg<\/div>\n<\/div>\n<div style=\"display: flex; background-color: #f2f2f2; padding: 10px; border-bottom: 1px solid #ddd;\">\n<div style=\"width: 40%; font-weight: bold;\">Power source:<\/div>\n<div style=\"width: 60%;\">Electric<\/div>\n<\/div>\n<h3><strong>Company Profile<\/strong><\/h3>\n<hr style=\"border: 2px solid #000; margin-top: 5px; margin-bottom: 5px;\" \/>\n<p>&nbsp;<\/p>\n<p><img loading=\"lazy\" decoding=\"async\" class=\"alignnone \" src=\"\/\/sc04.alicdn.com\/kf\/H478b8aebf15f4fdba1951e70a45b4e08t\/244149297\/H478b8aebf15f4fdba1951e70a45b4e08t.jpg\" width=\"537\" height=\"358\" \/><\/p>\n<h3><strong>FAQ<\/strong><\/h3>\n<hr style=\"border: 2px solid #000; margin-top: 5px; margin-bottom: 5px;\" \/>\n<p><b>1. who are we?<\/b><\/p>\n<p><b>2. how can we guarantee quality?<\/b><br \/>\nAlways a pre-production sample before mass production;<br \/>\nAlways final Inspection before shipment;<\/p>\n<p><b>3.what can you buy from us?<\/b><br \/>\nwire saw,Hydraulic Press,crane,stone crusher,Cutting Machine<\/p>\n<p><b>4. why should you buy from us not from other suppliers?<\/b><br \/>\nService for B2C sellers with 19 years&#8217; experienceCustomized service | Free samples available | Obtained CE and RoHS certifications<\/p>\n<p><b>5. what services can we provide?<\/b><br \/>\nAccepted Delivery Terms: FOB,CFR,CIF,EXW,FCA,DDP,DAF\uff1b<br \/>\nAccepted Payment Currency:USD,EUR,JPY,CAD,AUD,HKD,GBP,CNY,CHF;<br \/>\nAccepted Payment Type: T\/T,L\/C,D\/P D\/A,MoneyGram,Credit Card,PayPal,Western Union,Cash,Escrow;<br \/>\nLanguage Spoken:English,Chinese,Spanish,Japanese,Portuguese,German,Arabic,French,Russian,Korean,Hindi,Italian<\/p>\n","protected":false},"excerpt":{"rendered":"<p>Description du produit Sp\u00e9cifications Tension nominale : 220 V Puissance nominale d&#039;entr\u00e9e : 7 800 W Vitesse \u00e0 vide : 4 100 Fr\u00e9quence : 50-60 Hz Diam\u00e8tre de la lame de scie : 7\/14 po Maximum<\/p>","protected":false},"featured_media":28628,"comment_status":"open","ping_status":"closed","template":"","meta":[],"product_cat":[99,102],"product_tag":[],"class_list":{"0":"post-28629","1":"product","2":"type-product","3":"status-publish","4":"has-post-thumbnail","6":"product_cat-bench-tools","7":"product_cat-cut-off-saws","9":"first","10":"instock","11":"shipping-taxable","12":"purchasable","13":"product-type-simple"},"_links":{"self":[{"href":"https:\/\/meconstructionsupplies.com\/fr\/wp-json\/wp\/v2\/product\/28629","targetHints":{"allow":["GET"]}}],"collection":[{"href":"https:\/\/meconstructionsupplies.com\/fr\/wp-json\/wp\/v2\/product"}],"about":[{"href":"https:\/\/meconstructionsupplies.com\/fr\/wp-json\/wp\/v2\/types\/product"}],"replies":[{"embeddable":true,"href":"https:\/\/meconstructionsupplies.com\/fr\/wp-json\/wp\/v2\/comments?post=28629"}],"version-history":[{"count":2,"href":"https:\/\/meconstructionsupplies.com\/fr\/wp-json\/wp\/v2\/product\/28629\/revisions"}],"predecessor-version":[{"id":31264,"href":"https:\/\/meconstructionsupplies.com\/fr\/wp-json\/wp\/v2\/product\/28629\/revisions\/31264"}],"wp:featuredmedia":[{"embeddable":true,"href":"https:\/\/meconstructionsupplies.com\/fr\/wp-json\/wp\/v2\/media\/28628"}],"wp:attachment":[{"href":"https:\/\/meconstructionsupplies.com\/fr\/wp-json\/wp\/v2\/media?parent=28629"}],"wp:term":[{"taxonomy":"product_cat","embeddable":true,"href":"https:\/\/meconstructionsupplies.com\/fr\/wp-json\/wp\/v2\/product_cat?post=28629"},{"taxonomy":"product_tag","embeddable":true,"href":"https:\/\/meconstructionsupplies.com\/fr\/wp-json\/wp\/v2\/product_tag?post=28629"}],"curies":[{"name":"wp","href":"https:\/\/api.w.org\/{rel}","templated":true}]}}