{"id":28725,"date":"2024-11-15T14:36:00","date_gmt":"2024-11-15T14:36:00","guid":{"rendered":"https:\/\/meconstructionsupplies.com\/product\/coofix-professional-variable-speed-power-tools-13mm-650w-strong-power-impact-drill\/"},"modified":"2024-12-02T08:12:16","modified_gmt":"2024-12-02T08:12:16","slug":"coofix-professional-variable-speed-power-tools-13mm-650w-strong-power-impact-drill","status":"publish","type":"product","link":"https:\/\/meconstructionsupplies.com\/fr\/product\/coofix-professional-variable-speed-power-tools-13mm-650w-strong-power-impact-drill\/","title":{"rendered":"Outils \u00e9lectriques professionnels \u00e0 vitesse variable COOFIX 13 mm 650 W Perceuse \u00e0 percussion puissante"},"content":{"rendered":"<div style=\"width: 540px;\" class=\"wp-video\"><!--[if lt IE 9]><script>document.createElement('video');<\/script><![endif]-->\n<video class=\"wp-video-shortcode\" id=\"video-28725-1\" width=\"540\" height=\"960\" preload=\"metadata\" controls=\"controls\"><source type=\"video\/mp4\" src=\"\/\/play.video.alibaba.com\/play\/u\/2153292369\/p\/1\/e\/6\/t\/10300\/470190203413.mp4?_=1\" \/><a href=\"\/\/play.video.alibaba.com\/play\/u\/2153292369\/p\/1\/e\/6\/t\/10300\/470190203413.mp4\">\/\/play.video.alibaba.com\/play\/u\/2153292369\/p\/1\/e\/6\/t\/10300\/470190203413.mp4<\/a><\/video><\/div>\n<p><img fetchpriority=\"high\" decoding=\"async\" class=\"alignnone \" src=\"\/\/sc04.alicdn.com\/kf\/H14c2ef3dd0594f63b60f2dd84c072a2aL\/221117419\/H14c2ef3dd0594f63b60f2dd84c072a2aL.jpg\" width=\"536\" height=\"154\" \/><\/p>\n<h3><strong>Become A Coofix Agent<\/strong><\/h3>\n<hr style=\"border: 2px solid #000; margin-top: 5px; margin-bottom: 5px;\" \/>\n<p><img decoding=\"async\" class=\"alignnone \" src=\"\/\/sc04.alicdn.com\/kf\/Hbc218dbc19374f009c5615f686f2484eN\/221117419\/Hbc218dbc19374f009c5615f686f2484eN.jpg\" width=\"536\" height=\"562\" \/><\/p>\n<h3><strong>Why Choose Us<\/strong><\/h3>\n<hr style=\"border: 2px solid #000; margin-top: 5px; margin-bottom: 5px;\" \/>\n<p><img decoding=\"async\" class=\"alignnone \" src=\"\/\/sc04.alicdn.com\/kf\/H812ae950aa5045dd8c47a8d841407320V\/221117419\/H812ae950aa5045dd8c47a8d841407320V.jpg\" width=\"536\" height=\"414\" \/><\/p>\n<p><img loading=\"lazy\" decoding=\"async\" class=\"alignnone \" src=\"\/\/sc04.alicdn.com\/kf\/H07929387ab134155b8a3c846563a99bcH\/221117419\/H07929387ab134155b8a3c846563a99bcH.jpg\" width=\"536\" height=\"575\" \/><\/p>\n<p><img fetchpriority=\"high\" decoding=\"async\" class=\"alignnone \" src=\"\/\/sc04.alicdn.com\/kf\/H14c2ef3dd0594f63b60f2dd84c072a2aL\/221117419\/H14c2ef3dd0594f63b60f2dd84c072a2aL.jpg\" width=\"536\" height=\"154\" \/><\/p>\n<h3><strong>Coofix Product Details<\/strong><\/h3>\n<hr style=\"border: 2px solid #000; margin-top: 5px; margin-bottom: 5px;\" \/>\n<p><img loading=\"lazy\" decoding=\"async\" class=\"alignnone \" src=\"\/\/sc04.alicdn.com\/kf\/H23e89ec8b8c840799b32243565dba4dds\/221117419\/H23e89ec8b8c840799b32243565dba4dds.jpg\" width=\"537\" height=\"537\" \/><\/p>\n<p>CF-ID008Drill Capacity:13mm<br \/>\nRated Voltage:220-240V\/50-60hz<br \/>\nRated Input Power:650W<br \/>\nNo Load Speed:0-3000r\/min<\/p>\n<p><img loading=\"lazy\" decoding=\"async\" class=\"alignnone \" src=\"\/\/sc04.alicdn.com\/kf\/H7d9cd06c3319434eb9ea69e50086f1e3n\/221117419\/H7d9cd06c3319434eb9ea69e50086f1e3n.jpg\" width=\"537\" height=\"537\" \/><\/p>\n<h3><strong>Choose the plug of the charger<\/strong><\/h3>\n<hr style=\"border: 2px solid #000; margin-top: 5px; margin-bottom: 5px;\" \/>\n<p><img loading=\"lazy\" decoding=\"async\" class=\"alignnone \" src=\"\/\/sc04.alicdn.com\/kf\/H4d1294cd59984798a2227b4f97e1fcc8E\/221117419\/H4d1294cd59984798a2227b4f97e1fcc8E.jpg\" width=\"538\" height=\"530\" \/><\/p>\n<p><img fetchpriority=\"high\" decoding=\"async\" class=\"alignnone \" src=\"\/\/sc04.alicdn.com\/kf\/H14c2ef3dd0594f63b60f2dd84c072a2aL\/221117419\/H14c2ef3dd0594f63b60f2dd84c072a2aL.jpg\" width=\"536\" height=\"154\" \/><\/p>\n<h3><strong>FAQ For Coofix Agent<\/strong><\/h3>\n<hr style=\"border: 2px solid #000; margin-top: 5px; margin-bottom: 5px;\" \/>\n<p>Q<span style=\"color: #000000;\">1.How many items do you have?<\/span><br \/>\n<span style=\"color: #000000;\">A\uff1aMore than 2000 sku items.<\/span><br \/>\n<span style=\"color: #000000;\">Q2.Do you accept DDP?<br \/>\nA\uff1aYes,we can make DDP for some countries.<\/span><\/p>\n<p><span style=\"color: #000000;\">Q3.How to get the agency?<br \/>\nA\uff1aPurchase one full container goods at least, build a Coofix showroom, we will help you make the decoration designs,and offer sufficient racks to display whole series coofix products to attract customers.<\/span><br \/>\n<span style=\"color: #000000;\">Q4.When will arranthe shipment?<br \/>\nA\uff1aOur warehouse need 2 days at least to prepare goods, packup and finally inpection before delivery.<\/span><br \/>\n<span style=\"color: #000000;\">Q5.What is the after service policy?<br \/>\nA\uff1aWe offer 2% free spare parts to clients with every container. Our agent shall have the aftersell service technist to give prompt and satisfied service.<\/span><\/p>\n<p><span style=\"color: #000000;\">Q6.What is the support do you offer to agent?<br \/>\nA\uff1aWe can make yearly advertisement budget for agent, client can attend local fair, or make road promotion or supermarket promotion activity in local city.<\/span><\/p>\n<p><span style=\"color: #000000;\">Q7.How long is the warranty?<br \/>\nA\uff1aPower tools 6 months, hand tools 1 year,the cordless tools battery shall be charged one time at least after stock three months,and pls note to put them in the area which are between 4\u2103~35\u2103 dry environment. Put them away with hot commodities and direct sunshin<\/span><\/p>\n<p>&nbsp;<\/p>\n","protected":false},"excerpt":{"rendered":"<p>Devenez un agent Coofix Pourquoi nous choisir D\u00e9tails du produit Coofix CF-ID008Capacit\u00e9 de per\u00e7age : 13 mm Tension nominale : 220-240 V\/50-60 Hz Puissance d&#039;entr\u00e9e nominale : 650 W Vitesse \u00e0 vide : 0-3000 tr\/min<\/p>","protected":false},"featured_media":28724,"comment_status":"open","ping_status":"closed","template":"","meta":[],"product_cat":[85,91,71],"product_tag":[],"class_list":{"0":"post-28725","1":"product","2":"type-product","3":"status-publish","4":"has-post-thumbnail","6":"product_cat-corded-tools","7":"product_cat-impact-drills","8":"product_cat-power-tools","10":"first","11":"instock","12":"shipping-taxable","13":"purchasable","14":"product-type-simple"},"_links":{"self":[{"href":"https:\/\/meconstructionsupplies.com\/fr\/wp-json\/wp\/v2\/product\/28725","targetHints":{"allow":["GET"]}}],"collection":[{"href":"https:\/\/meconstructionsupplies.com\/fr\/wp-json\/wp\/v2\/product"}],"about":[{"href":"https:\/\/meconstructionsupplies.com\/fr\/wp-json\/wp\/v2\/types\/product"}],"replies":[{"embeddable":true,"href":"https:\/\/meconstructionsupplies.com\/fr\/wp-json\/wp\/v2\/comments?post=28725"}],"version-history":[{"count":3,"href":"https:\/\/meconstructionsupplies.com\/fr\/wp-json\/wp\/v2\/product\/28725\/revisions"}],"predecessor-version":[{"id":31274,"href":"https:\/\/meconstructionsupplies.com\/fr\/wp-json\/wp\/v2\/product\/28725\/revisions\/31274"}],"wp:featuredmedia":[{"embeddable":true,"href":"https:\/\/meconstructionsupplies.com\/fr\/wp-json\/wp\/v2\/media\/28724"}],"wp:attachment":[{"href":"https:\/\/meconstructionsupplies.com\/fr\/wp-json\/wp\/v2\/media?parent=28725"}],"wp:term":[{"taxonomy":"product_cat","embeddable":true,"href":"https:\/\/meconstructionsupplies.com\/fr\/wp-json\/wp\/v2\/product_cat?post=28725"},{"taxonomy":"product_tag","embeddable":true,"href":"https:\/\/meconstructionsupplies.com\/fr\/wp-json\/wp\/v2\/product_tag?post=28725"}],"curies":[{"name":"wp","href":"https:\/\/api.w.org\/{rel}","templated":true}]}}