{"id":28732,"date":"2024-11-15T14:36:14","date_gmt":"2024-11-15T14:36:14","guid":{"rendered":"https:\/\/meconstructionsupplies.com\/product\/kafuwell-pa5349-1150w-20mm-high-power-electric-professional-impact-drill\/"},"modified":"2024-12-02T08:12:16","modified_gmt":"2024-12-02T08:12:16","slug":"kafuwell-pa5349-1150w-20mm-high-power-electric-professional-impact-drill","status":"publish","type":"product","link":"https:\/\/meconstructionsupplies.com\/fr\/product\/kafuwell-pa5349-1150w-20mm-high-power-electric-professional-impact-drill\/","title":{"rendered":"Perceuse \u00e0 percussion \u00e9lectrique professionnelle haute puissance KAFUWELL PA5349 1150 W 20 mm"},"content":{"rendered":"<p>&nbsp;<\/p>\n<div style=\"display: flex; background-color: #f2f2f2; padding: 10px; border-bottom: 1px solid #ddd;\">\n<div style=\"width: 40%; font-weight: bold;\">Product name<\/div>\n<div style=\"width: 60%;\">Light electric hammer<\/div>\n<\/div>\n<div style=\"display: flex; background-color: #ffffff; padding: 10px; border-bottom: 1px solid #ddd;\">\n<div style=\"width: 40%; font-weight: bold;\">Num\u00e9ro de mod\u00e8le<\/div>\n<div style=\"width: 60%;\">PA5349<\/div>\n<\/div>\n<div style=\"display: flex; background-color: #f2f2f2; padding: 10px; border-bottom: 1px solid #ddd;\">\n<div style=\"width: 40%; font-weight: bold;\">Nom de marque<\/div>\n<div style=\"width: 60%;\">KAFUWELL<\/div>\n<\/div>\n<div style=\"display: flex; background-color: #ffffff; padding: 10px; border-bottom: 1px solid #ddd;\">\n<div style=\"width: 40%; font-weight: bold;\">Rated Input Power<\/div>\n<div style=\"width: 60%;\">950W<\/div>\n<\/div>\n<div style=\"display: flex; background-color: #f2f2f2; padding: 10px; border-bottom: 1px solid #ddd;\">\n<div style=\"width: 40%; font-weight: bold;\">Poids<\/div>\n<div style=\"width: 60%;\">2.8kg<\/div>\n<\/div>\n<div style=\"display: flex; background-color: #ffffff; padding: 10px; border-bottom: 1px solid #ddd;\">\n<div style=\"width: 40%; font-weight: bold;\">Vitesse \u00e0 vide<\/div>\n<div style=\"width: 60%;\">0-2800 r\/min<\/div>\n<\/div>\n<div style=\"display: flex; background-color: #f2f2f2; padding: 10px; border-bottom: 1px solid #ddd;\">\n<div style=\"width: 40%; font-weight: bold;\">Working modes<\/div>\n<div style=\"width: 60%;\">Electric drill mode\/hammer mode<\/div>\n<\/div>\n<div style=\"display: flex; background-color: #ffffff; padding: 10px; border-bottom: 1px solid #ddd;\">\n<div style=\"width: 40%; font-weight: bold;\">Concrete<\/div>\n<div style=\"width: 60%;\">13mm<\/div>\n<\/div>\n<div style=\"display: flex; background-color: #f2f2f2; padding: 10px; border-bottom: 1px solid #ddd;\">\n<div style=\"width: 40%; font-weight: bold;\">Steel<\/div>\n<div style=\"width: 60%;\">10mm<\/div>\n<\/div>\n<div style=\"display: flex; background-color: #ffffff; padding: 10px; border-bottom: 1px solid #ddd;\">\n<div style=\"width: 40%; font-weight: bold;\">Wood<\/div>\n<div style=\"width: 60%;\">20mm<\/div>\n<\/div>\n<h3><strong>Description des produits<\/strong><\/h3>\n<hr style=\"border: 2px solid #000; margin-top: 5px; margin-bottom: 5px;\" \/>\n<p><img fetchpriority=\"high\" decoding=\"async\" class=\"alignnone\" src=\"\/\/sc04.alicdn.com\/kf\/H5b383e79e7a0434687ceaa0e9456facee\/206065690\/H5b383e79e7a0434687ceaa0e9456facee.jpg\" width=\"535\" height=\"676\" \/><\/p>\n<p><img decoding=\"async\" class=\"alignnone\" src=\"\/\/sc04.alicdn.com\/kf\/Hc8588be842464e1e81ae71c7564e914eR\/206065690\/Hc8588be842464e1e81ae71c7564e914eR.jpg\" width=\"538\" height=\"671\" \/><\/p>\n<p><img decoding=\"async\" class=\"alignnone\" src=\"\/\/sc04.alicdn.com\/kf\/Hf13661c4547b44eb8611d8abaea6ebdbl\/206065690\/Hf13661c4547b44eb8611d8abaea6ebdbl.jpg\" width=\"536\" height=\"584\" \/><\/p>\n<p><img loading=\"lazy\" decoding=\"async\" class=\"alignnone\" src=\"\/\/sc04.alicdn.com\/kf\/H313d55e28e4c4f79bec0fd8dc1e602293\/206065690\/H313d55e28e4c4f79bec0fd8dc1e602293.jpg\" width=\"535\" height=\"497\" \/><\/p>\n<p><img loading=\"lazy\" decoding=\"async\" class=\"alignnone\" src=\"\/\/sc04.alicdn.com\/kf\/H2871727807634d84a905f4c9cfff0ee2P\/206065690\/H2871727807634d84a905f4c9cfff0ee2P.jpg\" width=\"538\" height=\"485\" \/><\/p>\n<p><img loading=\"lazy\" decoding=\"async\" class=\"alignnone\" src=\"\/\/sc04.alicdn.com\/kf\/H3d24687ef9934f4e936357c92aa6cad4M\/206065690\/H3d24687ef9934f4e936357c92aa6cad4M.jpg\" width=\"537\" height=\"413\" \/><\/p>\n<h3><strong>Exposition<\/strong><\/h3>\n<hr style=\"border: 2px solid #000; margin-top: 5px; margin-bottom: 5px;\" \/>\n<p><img loading=\"lazy\" decoding=\"async\" class=\"alignnone\" src=\"\/\/sc04.alicdn.com\/kf\/H1c0bfcd712ae441b9f4eb1d7ad6bdd4fp\/206065690\/H1c0bfcd712ae441b9f4eb1d7ad6bdd4fp.jpg\" width=\"537\" height=\"372\" \/><\/p>\n<h3><strong>Certifications<\/strong><\/h3>\n<hr style=\"border: 2px solid #000; margin-top: 5px; margin-bottom: 5px;\" \/>\n<p>&nbsp;<\/p>\n<p><img loading=\"lazy\" decoding=\"async\" class=\"alignnone\" src=\"\/\/sc04.alicdn.com\/kf\/H5dc0996b5adc40cb963dd1dc0c0c6214x\/206065690\/H5dc0996b5adc40cb963dd1dc0c0c6214x.jpg\" width=\"538\" height=\"662\" \/><\/p>\n<p><img loading=\"lazy\" decoding=\"async\" class=\"alignnone\" src=\"\/\/sc04.alicdn.com\/kf\/H9a71201c5fe14e8bbb3eec212971f8245\/206065690\/H9a71201c5fe14e8bbb3eec212971f8245.jpg\" width=\"537\" height=\"567\" \/><\/p>\n<p>&nbsp;<\/p>","protected":false},"excerpt":{"rendered":"<p>&nbsp; Nom du produit Marteau \u00e9lectrique l\u00e9ger Num\u00e9ro de mod\u00e8le PA5349 Nom de marque KAFUWELL Puissance d&#039;entr\u00e9e nominale 950 W Poids 2,8 kg Vitesse \u00e0 vide<\/p>","protected":false},"featured_media":28731,"comment_status":"open","ping_status":"closed","template":"","meta":[],"product_cat":[85,91,71],"product_tag":[],"class_list":{"0":"post-28732","1":"product","2":"type-product","3":"status-publish","4":"has-post-thumbnail","6":"product_cat-corded-tools","7":"product_cat-impact-drills","8":"product_cat-power-tools","10":"first","11":"instock","12":"shipping-taxable","13":"purchasable","14":"product-type-simple"},"_links":{"self":[{"href":"https:\/\/meconstructionsupplies.com\/fr\/wp-json\/wp\/v2\/product\/28732","targetHints":{"allow":["GET"]}}],"collection":[{"href":"https:\/\/meconstructionsupplies.com\/fr\/wp-json\/wp\/v2\/product"}],"about":[{"href":"https:\/\/meconstructionsupplies.com\/fr\/wp-json\/wp\/v2\/types\/product"}],"replies":[{"embeddable":true,"href":"https:\/\/meconstructionsupplies.com\/fr\/wp-json\/wp\/v2\/comments?post=28732"}],"version-history":[{"count":3,"href":"https:\/\/meconstructionsupplies.com\/fr\/wp-json\/wp\/v2\/product\/28732\/revisions"}],"predecessor-version":[{"id":31276,"href":"https:\/\/meconstructionsupplies.com\/fr\/wp-json\/wp\/v2\/product\/28732\/revisions\/31276"}],"wp:featuredmedia":[{"embeddable":true,"href":"https:\/\/meconstructionsupplies.com\/fr\/wp-json\/wp\/v2\/media\/28731"}],"wp:attachment":[{"href":"https:\/\/meconstructionsupplies.com\/fr\/wp-json\/wp\/v2\/media?parent=28732"}],"wp:term":[{"taxonomy":"product_cat","embeddable":true,"href":"https:\/\/meconstructionsupplies.com\/fr\/wp-json\/wp\/v2\/product_cat?post=28732"},{"taxonomy":"product_tag","embeddable":true,"href":"https:\/\/meconstructionsupplies.com\/fr\/wp-json\/wp\/v2\/product_tag?post=28732"}],"curies":[{"name":"wp","href":"https:\/\/api.w.org\/{rel}","templated":true}]}}