{"id":28738,"date":"2024-11-15T14:36:31","date_gmt":"2024-11-15T14:36:31","guid":{"rendered":"https:\/\/meconstructionsupplies.com\/product\/high-power-electric-rock-drill-electric-pick-set-concrete-breakers-rotary-demolition-impact-hammer-electric-rock-drill\/"},"modified":"2024-12-02T08:12:16","modified_gmt":"2024-12-02T08:12:16","slug":"high-power-electric-rock-drill-electric-pick-set-concrete-breakers-rotary-demolition-impact-hammer-electric-rock-drill","status":"publish","type":"product","link":"https:\/\/meconstructionsupplies.com\/fr\/product\/high-power-electric-rock-drill-electric-pick-set-concrete-breakers-rotary-demolition-impact-hammer-electric-rock-drill\/","title":{"rendered":"Perceuse \u00e0 roche \u00e9lectrique haute puissance Ensemble de pics \u00e9lectriques Brise-b\u00e9ton Marteau \u00e0 percussion rotatif de d\u00e9molition Perceuse \u00e0 roche \u00e9lectrique"},"content":{"rendered":"<h3><strong>Product Paramenters<\/strong><\/h3>\n<hr style=\"border: 2px solid #000; margin-top: 5px; margin-bottom: 5px;\" \/>\n<div style=\"display: flex; background-color: #f2f2f2; padding: 10px; border-bottom: 1px solid #ddd;\">\n<div style=\"width: 40%; font-weight: bold;\">Product name<\/div>\n<div style=\"width: 60%;\">Heavy Duty Electric Demolition Hammer<\/div>\n<\/div>\n<div style=\"display: flex; background-color: #ffffff; padding: 10px; border-bottom: 1px solid #ddd;\">\n<div style=\"width: 40%; font-weight: bold;\">Taper<\/div>\n<div style=\"width: 60%;\">Corded Demolition Breaker Hammer<\/div>\n<\/div>\n<div style=\"display: flex; background-color: #f2f2f2; padding: 10px; border-bottom: 1px solid #ddd;\">\n<div style=\"width: 40%; font-weight: bold;\">Impact Speed<\/div>\n<div style=\"width: 60%;\">1400rpm<\/div>\n<\/div>\n<h3><strong>Description des produits<\/strong><\/h3>\n<hr style=\"border: 2px solid #000; margin-top: 5px; margin-bottom: 5px;\" \/>\n<p><img fetchpriority=\"high\" decoding=\"async\" class=\"alignnone\" src=\"\/\/sc04.alicdn.com\/kf\/Haadd9e9ce85944049c60f2b5ddf5a3126\/278852891\/Haadd9e9ce85944049c60f2b5ddf5a3126.jpg\" width=\"536\" height=\"536\" \/><\/p>\n<p><img decoding=\"async\" class=\"alignnone\" src=\"\/\/sc04.alicdn.com\/kf\/Ha523a8dfee884ba0983c45591a7faed62\/278852891\/Ha523a8dfee884ba0983c45591a7faed62.jpg\" width=\"537\" height=\"537\" \/><\/p>\n<p><img decoding=\"async\" class=\"alignnone\" src=\"\/\/sc04.alicdn.com\/kf\/Hdd155b1431934422b8387402e2a11d4bK\/278852891\/Hdd155b1431934422b8387402e2a11d4bK.jpg\" width=\"533\" height=\"533\" \/><\/p>\n<p><img loading=\"lazy\" decoding=\"async\" class=\"alignnone\" src=\"\/\/sc04.alicdn.com\/kf\/Hcafdb801ba394072bb852b912800dd0do\/278852891\/Hcafdb801ba394072bb852b912800dd0do.jpg\" width=\"539\" height=\"539\" \/><\/p>\n<p><img loading=\"lazy\" decoding=\"async\" class=\"alignnone\" src=\"\/\/sc04.alicdn.com\/kf\/Hd367dabdcba84c95b9bf6d72ee534eeeU\/278852891\/Hd367dabdcba84c95b9bf6d72ee534eeeU.jpg\" width=\"538\" height=\"538\" \/><\/p>\n<p><img loading=\"lazy\" decoding=\"async\" class=\"alignnone\" src=\"\/\/sc04.alicdn.com\/kf\/H320e432af5704ab88ee6a54f35aea8e52\/278852891\/H320e432af5704ab88ee6a54f35aea8e52.jpg\" width=\"536\" height=\"536\" \/><\/p>\n<p>&nbsp;<\/p>\n<h3><strong>Profil de l&#039;entreprise<\/strong><\/h3>\n<hr style=\"border: 2px solid #000; margin-top: 5px; margin-bottom: 5px;\" \/>\n<p><img loading=\"lazy\" decoding=\"async\" class=\"alignnone\" src=\"\/\/sc04.alicdn.com\/kf\/Hb81f8e3fb62143e898fd18d4147407daq\/278852891\/Hb81f8e3fb62143e898fd18d4147407daq.jpg\" width=\"536\" height=\"263\" \/><\/p>\n<h3><strong>Why Choose Us<\/strong><\/h3>\n<hr style=\"border: 2px solid #000; margin-top: 5px; margin-bottom: 5px;\" \/>\n<p><img loading=\"lazy\" decoding=\"async\" class=\"alignnone\" src=\"\/\/sc04.alicdn.com\/kf\/H41e2efc292ac4a23b98597da5905497bn\/278852891\/H41e2efc292ac4a23b98597da5905497bn.jpg\" width=\"536\" height=\"339\" \/><\/p>\n<h3><strong>Certifications<\/strong><\/h3>\n<hr style=\"border: 2px solid #000; margin-top: 5px; margin-bottom: 5px;\" \/>\n<p>&nbsp;<\/p>\n<p><img loading=\"lazy\" decoding=\"async\" class=\"alignnone\" src=\"\/\/sc04.alicdn.com\/kf\/H1b82201686f74437be86e84e24ea9bcfq\/278852891\/H1b82201686f74437be86e84e24ea9bcfq.jpg\" width=\"534\" height=\"439\" \/><\/p>\n<h3><strong>FAQ<\/strong><\/h3>\n<hr style=\"border: 2px solid #000; margin-top: 5px; margin-bottom: 5px;\" \/>\n<p>Q1: Can you accept small order?A: Yes, we accept an trial order for the first time, it is the start of business and our long-term cooperation in the future.<br \/>\nQ2: Why choose us?<br \/>\nA:Our products has low MOQ,high quality which meets US or EU standard. We provide high level service, accept OEM and Trade assurance order. You can shop without worries.<\/p>\n<p>Q3: Can I print our logo, barcode, unique QR code or series number on your Product?<br \/>\nA: Yes, We can customized as per your request.<\/p>\n<p>Q4:.What&#8217;s your payment terms? A:We accept All Secure Payment.<br \/>\nQ5: What is the shipment terms ? A:Tracking number will be sent to you after shipment, you will recieve all important shipping updates.<br \/>\n06. How To Order ? Step 1, please tell us what model and quantity you need; Step 2, then we will make a Order Invoice for you to confirm the order details; Step 3, when we confirmed everything, You proceed with the payment arrangement; Step 4, finally we deliver the goods within the stipulated time.<br \/>\nQ7: Can I order some samples for our testing?<br \/>\nA: Yes, we welcome ask for samples to test and check our quality.<\/p>","protected":false},"excerpt":{"rendered":"<p>Param\u00e8tres du produit Nom du produit Marteau de d\u00e9molition \u00e9lectrique robuste Type Marteau de d\u00e9molition filaire Vitesse d&#039;impact 1400 tr\/min Description du produit &nbsp;<\/p>","protected":false},"featured_media":28737,"comment_status":"open","ping_status":"closed","template":"","meta":[],"product_cat":[85,94,71],"product_tag":[],"class_list":{"0":"post-28738","1":"product","2":"type-product","3":"status-publish","4":"has-post-thumbnail","6":"product_cat-corded-tools","7":"product_cat-demolition-hammers","8":"product_cat-power-tools","10":"first","11":"instock","12":"shipping-taxable","13":"purchasable","14":"product-type-simple"},"_links":{"self":[{"href":"https:\/\/meconstructionsupplies.com\/fr\/wp-json\/wp\/v2\/product\/28738","targetHints":{"allow":["GET"]}}],"collection":[{"href":"https:\/\/meconstructionsupplies.com\/fr\/wp-json\/wp\/v2\/product"}],"about":[{"href":"https:\/\/meconstructionsupplies.com\/fr\/wp-json\/wp\/v2\/types\/product"}],"replies":[{"embeddable":true,"href":"https:\/\/meconstructionsupplies.com\/fr\/wp-json\/wp\/v2\/comments?post=28738"}],"version-history":[{"count":2,"href":"https:\/\/meconstructionsupplies.com\/fr\/wp-json\/wp\/v2\/product\/28738\/revisions"}],"predecessor-version":[{"id":31278,"href":"https:\/\/meconstructionsupplies.com\/fr\/wp-json\/wp\/v2\/product\/28738\/revisions\/31278"}],"wp:featuredmedia":[{"embeddable":true,"href":"https:\/\/meconstructionsupplies.com\/fr\/wp-json\/wp\/v2\/media\/28737"}],"wp:attachment":[{"href":"https:\/\/meconstructionsupplies.com\/fr\/wp-json\/wp\/v2\/media?parent=28738"}],"wp:term":[{"taxonomy":"product_cat","embeddable":true,"href":"https:\/\/meconstructionsupplies.com\/fr\/wp-json\/wp\/v2\/product_cat?post=28738"},{"taxonomy":"product_tag","embeddable":true,"href":"https:\/\/meconstructionsupplies.com\/fr\/wp-json\/wp\/v2\/product_tag?post=28738"}],"curies":[{"name":"wp","href":"https:\/\/api.w.org\/{rel}","templated":true}]}}