{"id":28759,"date":"2024-11-15T14:37:02","date_gmt":"2024-11-15T14:37:02","guid":{"rendered":"https:\/\/meconstructionsupplies.com\/product\/grc-bluelink-standard-powerful-cordless-airless-spray-machine-high-performance-power-spray-guns\/"},"modified":"2024-12-02T08:12:16","modified_gmt":"2024-12-02T08:12:16","slug":"grc-bluelink-standard-powerful-cordless-airless-spray-machine-high-performance-power-spray-guns","status":"publish","type":"product","link":"https:\/\/meconstructionsupplies.com\/fr\/product\/grc-bluelink-standard-powerful-cordless-airless-spray-machine-high-performance-power-spray-guns\/","title":{"rendered":"Machine de pulv\u00e9risation sans air sans fil puissante standard Grc BlueLink Pistolets de pulv\u00e9risation \u00e9lectriques hautes performances"},"content":{"rendered":"<p>&nbsp;<\/p>\n<p>&nbsp;<\/p>\n<p><img fetchpriority=\"high\" decoding=\"async\" class=\"alignnone\" src=\"\/\/sc04.alicdn.com\/kf\/H6a3698a715af42f6a99f8f242ee25cc8A\/250477676\/H6a3698a715af42f6a99f8f242ee25cc8A.jpg\" width=\"535\" height=\"535\" \/><\/p>\n<p><img decoding=\"async\" class=\"alignnone\" src=\"\/\/sc04.alicdn.com\/kf\/H40602f0bb52e4a6e902002a56a210113l\/250477676\/H40602f0bb52e4a6e902002a56a210113l.jpg\" width=\"538\" height=\"538\" \/><\/p>\n<p><img decoding=\"async\" class=\"alignnone\" src=\"\/\/sc04.alicdn.com\/kf\/H54796ddb37cd4e7582a6060641e95aa8Y\/250477676\/H54796ddb37cd4e7582a6060641e95aa8Y.jpg\" width=\"536\" height=\"536\" \/><\/p>\n<p><img loading=\"lazy\" decoding=\"async\" class=\"alignnone\" src=\"\/\/sc04.alicdn.com\/kf\/Hfce9d35579704cc3b3660958ec281b67Q\/250477676\/Hfce9d35579704cc3b3660958ec281b67Q.jpg\" width=\"536\" height=\"536\" \/><\/p>\n<p><img loading=\"lazy\" decoding=\"async\" class=\"alignnone\" src=\"\/\/sc04.alicdn.com\/kf\/H62616a12746140688d8e3d99373d7a52L\/250477676\/H62616a12746140688d8e3d99373d7a52L.jpg\" width=\"536\" height=\"536\" \/><\/p>\n<p><img loading=\"lazy\" decoding=\"async\" class=\"alignnone\" src=\"\/\/sc04.alicdn.com\/kf\/H149750db31f147788c8afdad10edb636i\/250477676\/H149750db31f147788c8afdad10edb636i.jpg\" width=\"536\" height=\"536\" \/><\/p>\n<p><img loading=\"lazy\" decoding=\"async\" class=\"alignnone\" src=\"\/\/sc04.alicdn.com\/kf\/H2a5153892abe4fc49ca1583fc6c9ca4ct\/250477676\/H2a5153892abe4fc49ca1583fc6c9ca4ct.jpg\" width=\"537\" height=\"537\" \/><\/p>\n<p><img loading=\"lazy\" decoding=\"async\" class=\"alignnone\" src=\"\/\/sc04.alicdn.com\/kf\/H665e726ccc634479b2bc32990f3252998\/250477676\/H665e726ccc634479b2bc32990f3252998.jpg\" width=\"537\" height=\"832\" \/><\/p>\n<h3><strong>Related Products<\/strong><\/h3>\n<hr style=\"border: 2px solid #000; margin-top: 5px; margin-bottom: 5px;\" \/>\n<p><img loading=\"lazy\" decoding=\"async\" class=\"alignnone\" src=\"\/\/sc04.alicdn.com\/kf\/He3c42ba2c4b24516985e7e6ba975b596o\/250477676\/He3c42ba2c4b24516985e7e6ba975b596o.jpg\" width=\"535\" height=\"535\" \/><\/p>\n<p><b>PT-395 HiBoy<\/b><\/p>\n<p><img loading=\"lazy\" decoding=\"async\" class=\"alignnone\" src=\"\/\/sc04.alicdn.com\/kf\/Hce6ad76b510841cf8a4722d3c9ae6231D\/250477676\/Hce6ad76b510841cf8a4722d3c9ae6231D.jpg\" width=\"536\" height=\"536\" \/><\/p>\n<p><b>PT-495 <\/b><\/p>\n<p><img loading=\"lazy\" decoding=\"async\" class=\"alignnone\" src=\"\/\/sc04.alicdn.com\/kf\/H149750db31f147788c8afdad10edb636i\/250477676\/H149750db31f147788c8afdad10edb636i.jpg\" width=\"536\" height=\"536\" \/><\/p>\n<p><b>PT-595<\/b><\/p>\n<p><img loading=\"lazy\" decoding=\"async\" class=\"alignnone\" src=\"\/\/sc04.alicdn.com\/kf\/Hba619716b2814415aa877b2f827cbfc0d\/250477676\/Hba619716b2814415aa877b2f827cbfc0d.jpg\" width=\"538\" height=\"538\" \/><\/p>\n<p><b>PT-595 HiBoy<\/b><\/p>\n<p><img loading=\"lazy\" decoding=\"async\" class=\"alignnone\" src=\"\/\/sc04.alicdn.com\/kf\/H7c3163ea312b43d09e8e317957ad95ddy\/250477676\/H7c3163ea312b43d09e8e317957ad95ddy.jpg\" width=\"535\" height=\"535\" \/><\/p>\n<p><b>PT-695<\/b><\/p>\n<p><img loading=\"lazy\" decoding=\"async\" class=\"alignnone\" src=\"\/\/sc04.alicdn.com\/kf\/H4ed9fa46604d4633af0a4b462a049a46H\/250477676\/H4ed9fa46604d4633af0a4b462a049a46H.jpg\" width=\"536\" height=\"536\" \/><\/p>\n<p><b>6L Hopper<\/b><\/p>\n<p><img loading=\"lazy\" decoding=\"async\" class=\"alignnone\" src=\"\/\/sc04.alicdn.com\/kf\/H5e4f0dae7c144d60a10c713cea60957cW\/250477676\/H5e4f0dae7c144d60a10c713cea60957cW.jpg\" width=\"536\" height=\"536\" \/><\/p>\n<p><b>YF-850<\/b><\/p>\n<p><img loading=\"lazy\" decoding=\"async\" class=\"alignnone\" src=\"\/\/sc04.alicdn.com\/kf\/Hc0bf08132d5d479e94375621e0d408cfs\/250477676\/Hc0bf08132d5d479e94375621e0d408cfs.jpg\" width=\"537\" height=\"537\" \/><\/p>\n<p><b>YF812<\/b><\/p>\n<p><img loading=\"lazy\" decoding=\"async\" class=\"alignnone\" src=\"\/\/sc04.alicdn.com\/kf\/H2ab2858ebd644805a85aee6e0647a758o\/250477676\/H2ab2858ebd644805a85aee6e0647a758o.jpg\" width=\"534\" height=\"534\" \/><\/p>\n<p><b>Stilt<\/b><\/p>\n<h3><strong>Company Information<\/strong><\/h3>\n<hr style=\"border: 2px solid #000; margin-top: 5px; margin-bottom: 5px;\" \/>\n<p><img loading=\"lazy\" decoding=\"async\" class=\"alignnone\" src=\"\/\/sc04.alicdn.com\/kf\/H9166afcbfa6948f4b800524ced5aaf6do\/250477676\/H9166afcbfa6948f4b800524ced5aaf6do.jpg\" width=\"535\" height=\"401\" \/><\/p>\n<p>&nbsp;<\/p>\n<p><img loading=\"lazy\" decoding=\"async\" class=\"alignnone\" src=\"\/\/sc04.alicdn.com\/kf\/H5c35917220fa4f5c9072579c2e191107c\/250477676\/H5c35917220fa4f5c9072579c2e191107c.jpg\" width=\"536\" height=\"402\" \/><\/p>\n<p><img loading=\"lazy\" decoding=\"async\" class=\"alignnone\" src=\"\/\/sc04.alicdn.com\/kf\/H338d630138434ed091e1861af00da8dfy\/250477676\/H338d630138434ed091e1861af00da8dfy.jpg\" width=\"535\" height=\"401\" \/><\/p>\n<h3><strong>Profil de l&#039;entreprise<\/strong><\/h3>\n<hr style=\"border: 2px solid #000; margin-top: 5px; margin-bottom: 5px;\" \/>\n<p>&nbsp;<\/p>\n<p><img loading=\"lazy\" decoding=\"async\" class=\"alignnone\" src=\"\/\/sc04.alicdn.com\/kf\/H45bf3fbbe2ef4698ac204cafd322f459A\/250477676\/H45bf3fbbe2ef4698ac204cafd322f459A.png\" width=\"536\" height=\"357\" \/><\/p>\n<p><img loading=\"lazy\" decoding=\"async\" class=\"alignnone\" src=\"\/\/sc04.alicdn.com\/kf\/H5a6aed6b13754451b69104abe3490e60v\/250477676\/H5a6aed6b13754451b69104abe3490e60v.png\" width=\"538\" height=\"358\" \/><\/p>","protected":false},"excerpt":{"rendered":"<p>&nbsp; &nbsp; Produits connexes PT-395 HiBoy PT-495 PT-595 PT-595 HiBoy PT-695 Tr\u00e9mie 6L YF-850 YF812 Stilt Informations sur la soci\u00e9t\u00e9 Soci\u00e9t\u00e9<\/p>","protected":false},"featured_media":28758,"comment_status":"open","ping_status":"closed","template":"","meta":[],"product_cat":[85,71,96],"product_tag":[],"class_list":{"0":"post-28759","1":"product","2":"type-product","3":"status-publish","4":"has-post-thumbnail","6":"product_cat-corded-tools","7":"product_cat-power-tools","8":"product_cat-spray-guns","10":"first","11":"instock","12":"shipping-taxable","13":"purchasable","14":"product-type-simple"},"_links":{"self":[{"href":"https:\/\/meconstructionsupplies.com\/fr\/wp-json\/wp\/v2\/product\/28759","targetHints":{"allow":["GET"]}}],"collection":[{"href":"https:\/\/meconstructionsupplies.com\/fr\/wp-json\/wp\/v2\/product"}],"about":[{"href":"https:\/\/meconstructionsupplies.com\/fr\/wp-json\/wp\/v2\/types\/product"}],"replies":[{"embeddable":true,"href":"https:\/\/meconstructionsupplies.com\/fr\/wp-json\/wp\/v2\/comments?post=28759"}],"version-history":[{"count":2,"href":"https:\/\/meconstructionsupplies.com\/fr\/wp-json\/wp\/v2\/product\/28759\/revisions"}],"predecessor-version":[{"id":28984,"href":"https:\/\/meconstructionsupplies.com\/fr\/wp-json\/wp\/v2\/product\/28759\/revisions\/28984"}],"wp:featuredmedia":[{"embeddable":true,"href":"https:\/\/meconstructionsupplies.com\/fr\/wp-json\/wp\/v2\/media\/28758"}],"wp:attachment":[{"href":"https:\/\/meconstructionsupplies.com\/fr\/wp-json\/wp\/v2\/media?parent=28759"}],"wp:term":[{"taxonomy":"product_cat","embeddable":true,"href":"https:\/\/meconstructionsupplies.com\/fr\/wp-json\/wp\/v2\/product_cat?post=28759"},{"taxonomy":"product_tag","embeddable":true,"href":"https:\/\/meconstructionsupplies.com\/fr\/wp-json\/wp\/v2\/product_tag?post=28759"}],"curies":[{"name":"wp","href":"https:\/\/api.w.org\/{rel}","templated":true}]}}