{"id":28778,"date":"2024-11-15T14:58:13","date_gmt":"2024-11-15T14:58:13","guid":{"rendered":"https:\/\/meconstructionsupplies.com\/product\/high-quality-mini-drill-press-variable-speed-drill-press-jewelry-tools-and-machine\/"},"modified":"2024-12-02T08:12:16","modified_gmt":"2024-12-02T08:12:16","slug":"high-quality-mini-drill-press-variable-speed-drill-press-jewelry-tools-and-machine","status":"publish","type":"product","link":"https:\/\/meconstructionsupplies.com\/fr\/product\/high-quality-mini-drill-press-variable-speed-drill-press-jewelry-tools-and-machine\/","title":{"rendered":"Mini perceuse \u00e0 colonne de haute qualit\u00e9, perceuse \u00e0 vitesse variable, outils et machines pour bijoux"},"content":{"rendered":"<div style=\"width: 540px;\" class=\"wp-video\"><!--[if lt IE 9]><script>document.createElement('video');<\/script><![endif]-->\n<video class=\"wp-video-shortcode\" id=\"video-28778-1\" width=\"540\" height=\"960\" preload=\"metadata\" controls=\"controls\"><source type=\"video\/mp4\" src=\"\/\/play.video.alibaba.com\/play\/u\/2153292369\/p\/1\/e\/6\/t\/10300\/438342371853.mp4?_=1\" \/><a href=\"\/\/play.video.alibaba.com\/play\/u\/2153292369\/p\/1\/e\/6\/t\/10300\/438342371853.mp4\">\/\/play.video.alibaba.com\/play\/u\/2153292369\/p\/1\/e\/6\/t\/10300\/438342371853.mp4<\/a><\/video><\/div>\n<h3><strong>Product Description<\/strong><\/h3>\n<hr style=\"border: 2px solid #000; margin-top: 5px; margin-bottom: 5px;\" \/>\n<div style=\"display: flex; background-color: #f2f2f2; padding: 10px; border-bottom: 1px solid #ddd;\">\n<div style=\"width: 40%; font-weight: bold;\"><b>Product Name<b><\/b><\/b><\/div>\n<div style=\"width: 60%;\"><b>Mini Drill Press<b><\/b><\/b><\/div>\n<\/div>\n<div style=\"display: flex; background-color: #ffffff; padding: 10px; border-bottom: 1px solid #ddd;\">\n<div style=\"width: 40%; font-weight: bold;\"><b>Model Number<b><\/b><\/b><\/div>\n<div style=\"width: 60%;\"><b>HJ-102<b><\/b><\/b><\/div>\n<\/div>\n<div style=\"display: flex; background-color: #f2f2f2; padding: 10px; border-bottom: 1px solid #ddd;\">\n<div style=\"width: 40%; font-weight: bold;\"><b>Voltage<b><br \/>\n<\/b><\/b><\/div>\n<div style=\"width: 60%;\"><b data-spm-anchor-id=\"a2700.siteadmin.0.i6.dc6dac40UHiJic\">220 V; 1.1 amps<b><\/b><\/b><\/div>\n<\/div>\n<div style=\"display: flex; background-color: #ffffff; padding: 10px; border-bottom: 1px solid #ddd;\">\n<div style=\"width: 40%; font-weight: bold;\"><b>\u00a0Rated oupt power<b><br \/>\n<\/b><\/b><\/div>\n<div style=\"width: 60%;\"><b>\u00a0150W<b><br \/>\n<\/b><\/b><\/div>\n<\/div>\n<div style=\"display: flex; background-color: #f2f2f2; padding: 10px; border-bottom: 1px solid #ddd;\">\n<div style=\"width: 40%; font-weight: bold;\"><b data-spm-anchor-id=\"a2700.siteadmin.0.i10.dc6dac40UHiJic\">Dimensions<b><\/b><\/b><\/div>\n<div style=\"width: 60%;\"><b data-spm-anchor-id=\"a2700.siteadmin.0.i12.dc6dac40UHiJic\">6-3\/4&#8243;W x 6-3\/4&#8243;D<b><\/b><\/b><\/div>\n<\/div>\n<div style=\"display: flex; background-color: #ffffff; padding: 10px; border-bottom: 1px solid #ddd;\">\n<div style=\"width: 40%; font-weight: bold;\"><b>Max. drill height<b><br \/>\n<\/b><\/b><\/div>\n<div style=\"width: 60%;\"><b>25mm,<b><br \/>\n<\/b><\/b><\/div>\n<\/div>\n<div style=\"display: flex; background-color: #f2f2f2; padding: 10px; border-bottom: 1px solid #ddd;\">\n<div style=\"width: 40%; font-weight: bold;\"><b>Drill dia<b><br \/>\n<\/b><\/b><\/div>\n<div style=\"width: 60%;\"><span data-spm-anchor-id=\"a2700.siteadmin.0.i18.dc6dac40UHiJic\"><b>0.6~6mm<b><\/b><\/b><\/span><\/div>\n<\/div>\n<div style=\"display: flex; background-color: #ffffff; padding: 10px; border-bottom: 1px solid #ddd;\">\n<div style=\"width: 40%; font-weight: bold;\"><b>Shaft dia<b><\/b><\/b><\/div>\n<div style=\"width: 60%;\"><b>0.3-6.5mm<b><\/b><\/b><\/div>\n<\/div>\n<div style=\"display: flex; background-color: #f2f2f2; padding: 10px; border-bottom: 1px solid #ddd;\">\n<div style=\"width: 40%; font-weight: bold;\"><b>Speed<b><\/b><\/b><\/div>\n<div style=\"width: 60%;\"><b>7000\uff08r\/min) Adjustable<b><\/b><\/b><\/div>\n<\/div>\n<p><img fetchpriority=\"high\" decoding=\"async\" class=\"alignnone size-medium\" src=\"\/\/sc04.alicdn.com\/kf\/H4694ac4375d34b06bd7c349ff5542dd6n\/201297088\/H4694ac4375d34b06bd7c349ff5542dd6n.jpg\" width=\"640\" height=\"560\" \/><\/p>\n<p><img decoding=\"async\" class=\"alignnone size-medium\" src=\"\/\/sc04.alicdn.com\/kf\/H5be42dbe59954c42b91f323ef23276b3w\/201297088\/H5be42dbe59954c42b91f323ef23276b3w.jpg\" width=\"640\" height=\"560\" \/><\/p>\n<p><img decoding=\"async\" class=\"alignnone size-medium\" src=\"\/\/sc04.alicdn.com\/kf\/H5e6ecc34e9484f8e9dd4a8892b463e4bu\/201297088\/H5e6ecc34e9484f8e9dd4a8892b463e4bu.jpg\" width=\"640\" height=\"560\" \/><\/p>\n<p><img loading=\"lazy\" decoding=\"async\" class=\"alignnone size-medium\" src=\"\/\/sc04.alicdn.com\/kf\/H7d82dd6a48394a2688368825c80468cdX\/201297088\/H7d82dd6a48394a2688368825c80468cdX.jpg\" width=\"640\" height=\"560\" \/><\/p>\n<h3><strong>Shipping &amp; Packaging<\/strong><\/h3>\n<hr style=\"border: 2px solid #000; margin-top: 5px; margin-bottom: 5px;\" \/>\n<p><img loading=\"lazy\" decoding=\"async\" class=\"alignnone size-medium\" src=\"\/\/sc04.alicdn.com\/kf\/H7137984b4538492a80e577737e592de3U\/201297088\/H7137984b4538492a80e577737e592de3U.jpg\" width=\"640\" height=\"560\" \/><\/p>\n<p><img loading=\"lazy\" decoding=\"async\" class=\"alignnone size-medium\" src=\"\/\/sc04.alicdn.com\/kf\/H318536e5c63348ac91eacd9b36e88dbde\/201297088\/H318536e5c63348ac91eacd9b36e88dbde.png\" width=\"640\" height=\"560\" \/><\/p>\n<h3><strong>Payment<\/strong><\/h3>\n<hr style=\"border: 2px solid #000; margin-top: 5px; margin-bottom: 5px;\" \/>\n<p><img loading=\"lazy\" decoding=\"async\" class=\"alignnone size-medium\" src=\"\/\/sc02.alicdn.com\/kf\/Hc335881c581c4ddda1cfd7808002c83fe\/201297088\/Hc335881c581c4ddda1cfd7808002c83fe.jpg\" width=\"640\" height=\"560\" \/><\/p>\n<h3><strong>Company Profile<\/strong><\/h3>\n<hr style=\"border: 2px solid #000; margin-top: 5px; margin-bottom: 5px;\" \/>\n<p><img loading=\"lazy\" decoding=\"async\" class=\"alignnone size-medium\" src=\"\/\/sc04.alicdn.com\/kf\/H8248d0988b034fb0b5a6431fc0003f89N\/201297088\/H8248d0988b034fb0b5a6431fc0003f89N.jpg\" width=\"640\" height=\"560\" \/><\/p>\n<p>&nbsp;<\/p>\n<p>&nbsp;<\/p>\n<p><img loading=\"lazy\" decoding=\"async\" class=\"alignnone size-medium\" src=\"\/\/sc04.alicdn.com\/kf\/Ha2aeb720da8c42a9945a306e3adb7306B\/201297088\/Ha2aeb720da8c42a9945a306e3adb7306B.jpg\" width=\"640\" height=\"560\" \/><\/p>\n<h3><strong>FAQ<\/strong><\/h3>\n<hr style=\"border: 2px solid #000; margin-top: 5px; margin-bottom: 5px;\" \/>\n<p><b>1. Can we get a sample before placing an order?<b><br \/>\nYes, we accept checking samples before placing an order. For some samples, it can be offered free of charge, but you are requested<br \/>\nto pay for shipping cost. For some samples, it&#8217;s requested to order. But these costs can be returned when your mass order<br \/>\nconfirmed.<br \/>\n<b>2. Are you a manufacturer?<b><br \/>\nYes, we are a manufacturer, also we are trading for many tools and equipment. We&#8217;d like to show our honesty to every customer.<br \/>\n<b>3. How can we place an order?<b><br \/>\nThere&#8217;re several options available. They are:<br \/>\nA. You can order it by Tradeassurance on our Alibaba website, but if your order amount is small, you need to pay for the customs<br \/>\ndocuments fees around US$50 to US$60 cause every order on Alibaba tradeassrance, we have to make an individual customs clearance. In this case, we recommend payment by PayPal, Bank Transfer or Western Union. Hope you understand.<br \/>\nB. You can order it on our Aliexpress store if the product has been displayed on our Aliexpress store.<br \/>\nC. You can place an order by the procedures below. This is easy and popular for both parties especially for large orders. Afterconfirming order, we&#8217;ll make proforma invoice for you, bank details and order details will be included in the invoice.<\/b><\/b><\/b><\/b><\/b><\/b><\/p>\n","protected":false},"excerpt":{"rendered":"<p>Description du produit Nom du produit Mini perceuse \u00e0 colonne Num\u00e9ro de mod\u00e8le HJ-102 Tension 220 V ; 1,1 amp\u00e8res Puissance de sortie nominale 150 W Dimensions<\/p>","protected":false},"featured_media":28604,"comment_status":"open","ping_status":"closed","template":"","meta":[],"product_cat":[99,101],"product_tag":[],"class_list":{"0":"post-28778","1":"product","2":"type-product","3":"status-publish","4":"has-post-thumbnail","6":"product_cat-bench-tools","7":"product_cat-drill-presses","9":"first","10":"instock","11":"shipping-taxable","12":"purchasable","13":"product-type-simple"},"_links":{"self":[{"href":"https:\/\/meconstructionsupplies.com\/fr\/wp-json\/wp\/v2\/product\/28778","targetHints":{"allow":["GET"]}}],"collection":[{"href":"https:\/\/meconstructionsupplies.com\/fr\/wp-json\/wp\/v2\/product"}],"about":[{"href":"https:\/\/meconstructionsupplies.com\/fr\/wp-json\/wp\/v2\/types\/product"}],"replies":[{"embeddable":true,"href":"https:\/\/meconstructionsupplies.com\/fr\/wp-json\/wp\/v2\/comments?post=28778"}],"version-history":[{"count":3,"href":"https:\/\/meconstructionsupplies.com\/fr\/wp-json\/wp\/v2\/product\/28778\/revisions"}],"predecessor-version":[{"id":31285,"href":"https:\/\/meconstructionsupplies.com\/fr\/wp-json\/wp\/v2\/product\/28778\/revisions\/31285"}],"wp:featuredmedia":[{"embeddable":true,"href":"https:\/\/meconstructionsupplies.com\/fr\/wp-json\/wp\/v2\/media\/28604"}],"wp:attachment":[{"href":"https:\/\/meconstructionsupplies.com\/fr\/wp-json\/wp\/v2\/media?parent=28778"}],"wp:term":[{"taxonomy":"product_cat","embeddable":true,"href":"https:\/\/meconstructionsupplies.com\/fr\/wp-json\/wp\/v2\/product_cat?post=28778"},{"taxonomy":"product_tag","embeddable":true,"href":"https:\/\/meconstructionsupplies.com\/fr\/wp-json\/wp\/v2\/product_tag?post=28778"}],"curies":[{"name":"wp","href":"https:\/\/api.w.org\/{rel}","templated":true}]}}