{"id":28790,"date":"2024-11-15T20:04:49","date_gmt":"2024-11-15T20:04:49","guid":{"rendered":"https:\/\/meconstructionsupplies.com\/product\/cg260-brush-cutter-light-26cc-tl26-grass-trimmer-home-using-power-tools-cordless-grass-trimmer\/"},"modified":"2024-12-02T08:11:52","modified_gmt":"2024-12-02T08:11:52","slug":"cg260-brush-cutter-light-26cc-tl26-grass-trimmer-home-using-power-tools-cordless-grass-trimmer","status":"publish","type":"product","link":"https:\/\/meconstructionsupplies.com\/fr\/product\/cg260-brush-cutter-light-26cc-tl26-grass-trimmer-home-using-power-tools-cordless-grass-trimmer\/","title":{"rendered":"D\u00e9broussailleuse CG260 l\u00e9g\u00e8re 26cc TL26 Coupe-herbe \u00e0 usage domestique Outils \u00e9lectriques Coupe-herbe sans fil"},"content":{"rendered":"<div style=\"width: 540px;\" class=\"wp-video\"><!--[if lt IE 9]><script>document.createElement('video');<\/script><![endif]-->\n<video class=\"wp-video-shortcode\" id=\"video-28790-1\" width=\"540\" height=\"960\" preload=\"metadata\" controls=\"controls\"><source type=\"video\/mp4\" src=\"\/\/play.video.alibaba.com\/play\/u\/2153292369\/p\/1\/e\/6\/t\/10300\/405769519921.mp4?_=1\" \/><a href=\"\/\/play.video.alibaba.com\/play\/u\/2153292369\/p\/1\/e\/6\/t\/10300\/405769519921.mp4\">\/\/play.video.alibaba.com\/play\/u\/2153292369\/p\/1\/e\/6\/t\/10300\/405769519921.mp4<\/a><\/video><\/div>\n<p><img decoding=\"async\" class=\"alignnone \" src=\"\/\/sc04.alicdn.com\/kf\/H9d2d1f29799642e7a09a0e2b47498b04E\/224460720\/H9d2d1f29799642e7a09a0e2b47498b04E.jpg\" width=\"538\" height=\"63\" \/><\/p>\n<div>\n<div style=\"display: flex; background-color: #f2f2f2; padding: 10px; border-bottom: 1px solid #ddd;\">\n<div style=\"width: 40%; font-weight: bold;\">Cylinder Displacement<\/div>\n<div style=\"width: 60%;\">26cc<\/div>\n<\/div>\n<div style=\"display: flex; background-color: #e9ecef; padding: 10px; border-bottom: 1px solid #ddd;\">\n<div style=\"width: 40%; font-weight: bold;\">Power<\/div>\n<div style=\"width: 60%;\">0.75kw<\/div>\n<\/div>\n<div style=\"display: flex; background-color: #f2f2f2; padding: 10px; border-bottom: 1px solid #ddd;\">\n<div style=\"width: 40%; font-weight: bold;\">Idling speed<\/div>\n<div style=\"width: 60%;\">7500 rpm<\/div>\n<\/div>\n<div style=\"display: flex; background-color: #e9ecef; padding: 10px; border-bottom: 1px solid #ddd;\">\n<div style=\"width: 40%; font-weight: bold;\">Fuel tank volume<\/div>\n<div style=\"width: 60%;\">960ml<\/div>\n<\/div>\n<div style=\"display: flex; background-color: #f2f2f2; padding: 10px; border-bottom: 1px solid #ddd;\">\n<div style=\"width: 40%; font-weight: bold;\">Pipe diameter<\/div>\n<div style=\"width: 60%;\">26mm<\/div>\n<\/div>\n<div style=\"display: flex; background-color: #e9ecef; padding: 10px; border-bottom: 1px solid #ddd;\">\n<div style=\"width: 40%; font-weight: bold;\">Fuel\u00a0Mixture\u00a0Ratio<\/div>\n<div style=\"width: 60%;\">25\/1\u00a0(Gasoline\u00a025\u00a0:\u00a0Two-cycle\u00a0Oil\u00a01)<\/div>\n<\/div>\n<div style=\"display: flex; background-color: #f2f2f2; padding: 10px; border-bottom: 1px solid #ddd;\">\n<div style=\"width: 40%; font-weight: bold;\">Pole Length<\/div>\n<div style=\"width: 60%;\">1530mm<\/div>\n<\/div>\n<div style=\"display: flex; background-color: #e9ecef; padding: 10px; border-bottom: 1px solid #ddd;\">\n<div style=\"width: 40%; font-weight: bold;\">Gross Weight<\/div>\n<div style=\"width: 60%;\">7.9kg<\/div>\n<\/div>\n<div style=\"display: flex; background-color: #f2f2f2; padding: 10px; border-bottom: 1px solid #ddd;\">\n<div style=\"width: 40%; font-weight: bold;\">Engine Net Weight<\/div>\n<div style=\"width: 60%;\">7.1kg<\/div>\n<\/div>\n<div style=\"display: flex; background-color: #e9ecef; padding: 10px; border-bottom: 1px solid #ddd;\">\n<div style=\"width: 40%; font-weight: bold;\">Packing\u00a0Dimension<\/div>\n<div style=\"width: 60%;\">30x23x33cm \u00a0, 165x12x10cm<\/div>\n<\/div>\n<div style=\"display: flex; background-color: #f2f2f2; padding: 10px; border-bottom: 1px solid #ddd;\">\n<div style=\"width: 40%; font-weight: bold;\">Loading\u00a0Qty.<\/div>\n<div style=\"width: 60%;\">660pcs\/20FT \u00a0 \u00a0 1360pcs\/40FT \u00a01520pcs\/40HQ<\/div>\n<\/div>\n<\/div>\n<p><img fetchpriority=\"high\" decoding=\"async\" class=\"alignnone \" src=\"\/\/sc04.alicdn.com\/kf\/H7ec54dfd4dba4c21a9477dfe403ead6bU\/224460720\/H7ec54dfd4dba4c21a9477dfe403ead6bU.png\" width=\"534\" height=\"861\" \/><\/p>\n<p><img decoding=\"async\" class=\"alignnone \" src=\"https:\/\/sc04.alicdn.com\/kf\/H46acf9571708444096c46c3061cae34a7\/224460720\/H46acf9571708444096c46c3061cae34a7.jpg\" width=\"534\" height=\"431\" \/><\/p>\n<p style=\"text-align: left;\">\n<map name=\"Map5\"><\/map>\n<\/p>\n<p>&nbsp;<\/p>\n<p><img loading=\"lazy\" decoding=\"async\" class=\"alignnone \" src=\"\/\/sc04.alicdn.com\/kf\/H7a9e807c10e54302b763180e7809cf4c2\/224460720\/H7a9e807c10e54302b763180e7809cf4c2.jpg\" width=\"539\" height=\"1017\" \/><\/p>\n<p><img loading=\"lazy\" decoding=\"async\" class=\"alignnone size-medium\" src=\"\/\/sc04.alicdn.com\/kf\/Hd568ae46bc574aac8e24ab586b49306d3\/224460720\/Hd568ae46bc574aac8e24ab586b49306d3.jpg\" width=\"640\" height=\"560\" \/><\/p>\n<p style=\"margin: 0cm; vertical-align: baseline;\"><span style=\"font-size: 10.5pt; font-family: 'Arial',sans-serif; color: #f08200; background: white;\">Q1: Where is your Factory located? How can I visit your company?<\/span><\/p>\n<p style=\"margin: 0cm; vertical-align: baseline;\"><span style=\"font-size: 10.5pt; font-family: 'Arial',sans-serif; color: black; background: white;\">A1: <\/span><\/p>\n<p style=\"margin: 0cm; vertical-align: baseline;\"><span style=\"font-size: 10.5pt; font-family: 'Arial',sans-serif; color: #1686cc; background: white;\">\u00a0<\/span><\/p>\n<p style=\"margin: 0cm; vertical-align: baseline;\"><span style=\"font-size: 10.5pt; font-family: 'Arial',sans-serif; color: #f08200; background: white;\">Q2: If we are in Jinhua, Yongkang, Yiwu, can you\u00a0pick us up to your factory?<\/span><\/p>\n<p style=\"margin: 0cm; vertical-align: baseline;\"><span style=\"font-size: 10.5pt; font-family: 'Arial',sans-serif; color: black; background: white;\">A2: Yes, of course, just tell us your address and cellphone number.<\/span><\/p>\n<p style=\"margin: 0cm; vertical-align: baseline;\"><span style=\"font-size: 10.5pt; font-family: 'Arial',sans-serif; color: #1686cc; background: white;\">\u00a0<\/span><\/p>\n<p style=\"margin: 0cm; vertical-align: baseline;\"><span style=\"font-size: 10.5pt; font-family: 'Arial',sans-serif; color: #f08200; background: white;\">Q3: Can I get some Samples?<\/span><\/p>\n<p style=\"margin: 0cm; vertical-align: baseline;\"><span style=\"font-size: 10.5pt; font-family: 'Arial',sans-serif; color: black; background: white;\">A3: Yes, sure, we are honored to offer you samples.<\/span><\/p>\n<p style=\"margin: 0cm; vertical-align: baseline;\"><span style=\"font-size: 10.5pt; font-family: 'Arial',sans-serif; color: #1686cc; background: white;\">\u00a0<\/span><\/p>\n<p style=\"margin: 0cm; vertical-align: baseline;\"><span style=\"font-size: 10.5pt; font-family: 'Arial',sans-serif; color: #f08200; background: white;\">Q4: What is your method of sample Transportation?<\/span><\/p>\n<p style=\"margin: 0cm; vertical-align: baseline;\"><span style=\"font-size: 10.5pt; font-family: 'Arial',sans-serif; color: black; background: white;\">A4: We deliver goods via International Express like FedEx, UPS, DHL, TNT, EMS etc.<\/span><\/p>\n<p style=\"margin: 0cm; vertical-align: baseline;\"><span style=\"font-size: 10.5pt; font-family: 'Arial',sans-serif; color: #1686cc; background: white;\">\u00a0<\/span><\/p>\n<p style=\"margin: 0cm; vertical-align: baseline;\"><span style=\"font-size: 10.5pt; font-family: 'Arial',sans-serif; color: #f08200; background: white;\">Q5: Could you please make OEM for us?<\/span><\/p>\n<p style=\"margin: 0cm; vertical-align: baseline;\"><span style=\"font-size: 10.5pt; font-family: 'Arial',sans-serif; color: black; background: white;\">A5: Surely yes. We provide the service of replacing your logo and company name on box.<\/span><\/p>\n<p style=\"margin: 0cm; vertical-align: baseline;\"><span style=\"font-size: 10.5pt; font-family: 'Arial',sans-serif; color: black; background: white;\">\u00a0<\/span><\/p>\n<p style=\"margin: 0cm; vertical-align: baseline;\"><span style=\"font-size: 10.5pt; font-family: 'Arial',sans-serif; color: #f08200; background: white;\">Q6: What&#8217;s your Payment method supported?<\/span><\/p>\n<p style=\"margin: 0cm; vertical-align: baseline;\"><span style=\"font-size: 10.5pt; font-family: 'Arial',sans-serif; color: black; background: white;\">A6: We accept T\/T, L\/C, Paypal, Western Union, MoneyGram etc.<\/span><\/p>\n<p style=\"margin: 0cm; vertical-align: baseline;\"><span style=\"font-size: 10.5pt; font-family: 'Arial',sans-serif; color: black; background: white;\">\u00a0<\/span><\/p>\n<p style=\"margin: 0cm; vertical-align: baseline;\"><span style=\"font-size: 10.5pt; font-family: 'Arial',sans-serif; color: #f08200; background: white;\">Q7: What&#8217;s your\u00a0Delivery time?<\/span><\/p>\n<p style=\"margin: 0cm; vertical-align: baseline;\"><span style=\"font-size: 10.5pt; font-family: 'Arial',sans-serif; color: black; background: white;\">A7: 2-7 days for sample order, and 3-4 weeks for FCL or LCL order.<\/span><\/p>\n<p style=\"margin: 0cm; vertical-align: baseline;\"><span style=\"font-size: 10.5pt; font-family: 'Arial',sans-serif; color: black; background: white;\">\u00a0<\/span><\/p>\n<p style=\"margin: 0cm; vertical-align: baseline;\"><span style=\"font-size: 10.5pt; font-family: 'Arial',sans-serif; color: #f08200; background: white;\">Q8: How does your factory do regarding Quality Control?<\/span><\/p>\n<p style=\"margin: 0cm; vertical-align: baseline;\"><span style=\"font-size: 10.5pt; font-family: 'Arial',sans-serif; color: black; background: white;\">A8: Quality is very important and always be put at the first place. We insist one worker charge 1 process.<\/span><\/p>\n<p style=\"margin: 0cm; vertical-align: baseline;\"><span style=\"font-size: 10.5pt; font-family: 'Arial',sans-serif; color: black; background: white;\">Having our own Aluminum Die-casting Workshop and Plastic Injection Molding Workshop allow us more easy to control the quality.<\/span><\/p>\n<p style=\"margin: 0cm; vertical-align: baseline;\"><span style=\"font-size: 10.5pt; font-family: 'Arial',sans-serif; color: black; background: white;\">Inspections of each step will be done during the production process.<\/span><\/p>\n<p style=\"margin: 0cm; vertical-align: baseline;\"><span style=\"font-size: 10.5pt; font-family: 'Arial',sans-serif; color: black; background: white;\">\u00a0<\/span><\/p>\n<p style=\"margin: 0cm; vertical-align: baseline;\"><span style=\"font-size: 10.5pt; font-family: 'Arial',sans-serif; color: #f08200; background: white;\">Q9: What about you Warranty?<\/span><\/p>\n<p style=\"margin: 0cm; vertical-align: baseline;\"><span style=\"font-size: 10.5pt; font-family: 'Arial',sans-serif; color: black; background: white;\">A9: 12 months.<\/span><\/p>\n<p style=\"margin: 0cm; vertical-align: baseline;\"><span style=\"font-size: 10.5pt; font-family: 'Arial',sans-serif; color: black; background: white;\">\u00a0<\/span><\/p>\n<p style=\"margin: 0cm; vertical-align: baseline;\"><span style=\"font-size: 10.5pt; font-family: 'Arial',sans-serif; color: #f08200; background: white;\">Q10: I can&#8217;t find the items what I want in your website, can you Offer the products I need?<\/span><\/p>\n<p style=\"margin: 0cm; vertical-align: baseline;\"><span style=\"font-size: 10.5pt; font-family: 'Arial',sans-serif; color: black; background: white;\">A10: Yes, pls tell us the products information, and then we will searching for you.<\/span><\/p>\n<p>&nbsp;<\/p>\n","protected":false},"excerpt":{"rendered":"<p>Cylindr\u00e9e 26cc Puissance 0,75kw R\u00e9gime de ralenti 7500 tr\/min Volume du r\u00e9servoir de carburant 960 ml Diam\u00e8tre du tuyau 26 mm Rapport de m\u00e9lange de carburant 25\/1 (essence 25 : huile \u00e0 deux temps 1) Longueur du poteau<\/p>","protected":false},"featured_media":28789,"comment_status":"open","ping_status":"closed","template":"","meta":[],"product_cat":[81,72,71],"product_tag":[],"class_list":{"0":"post-28790","1":"product","2":"type-product","3":"status-publish","4":"has-post-thumbnail","6":"product_cat-cordless-grass-trimmer","7":"product_cat-cordless-tools","8":"product_cat-power-tools","10":"first","11":"instock","12":"shipping-taxable","13":"purchasable","14":"product-type-simple"},"_links":{"self":[{"href":"https:\/\/meconstructionsupplies.com\/fr\/wp-json\/wp\/v2\/product\/28790","targetHints":{"allow":["GET"]}}],"collection":[{"href":"https:\/\/meconstructionsupplies.com\/fr\/wp-json\/wp\/v2\/product"}],"about":[{"href":"https:\/\/meconstructionsupplies.com\/fr\/wp-json\/wp\/v2\/types\/product"}],"replies":[{"embeddable":true,"href":"https:\/\/meconstructionsupplies.com\/fr\/wp-json\/wp\/v2\/comments?post=28790"}],"version-history":[{"count":3,"href":"https:\/\/meconstructionsupplies.com\/fr\/wp-json\/wp\/v2\/product\/28790\/revisions"}],"predecessor-version":[{"id":31214,"href":"https:\/\/meconstructionsupplies.com\/fr\/wp-json\/wp\/v2\/product\/28790\/revisions\/31214"}],"wp:featuredmedia":[{"embeddable":true,"href":"https:\/\/meconstructionsupplies.com\/fr\/wp-json\/wp\/v2\/media\/28789"}],"wp:attachment":[{"href":"https:\/\/meconstructionsupplies.com\/fr\/wp-json\/wp\/v2\/media?parent=28790"}],"wp:term":[{"taxonomy":"product_cat","embeddable":true,"href":"https:\/\/meconstructionsupplies.com\/fr\/wp-json\/wp\/v2\/product_cat?post=28790"},{"taxonomy":"product_tag","embeddable":true,"href":"https:\/\/meconstructionsupplies.com\/fr\/wp-json\/wp\/v2\/product_tag?post=28790"}],"curies":[{"name":"wp","href":"https:\/\/api.w.org\/{rel}","templated":true}]}}