{"id":28834,"date":"2024-11-15T20:06:23","date_gmt":"2024-11-15T20:06:23","guid":{"rendered":"https:\/\/meconstructionsupplies.com\/product\/manufacturer-cast-iron-base-bench-top-drill-press-power-tool-shop-550w-5-speed-16mm-chuck-bench-radial-drill-press-for-wood\/"},"modified":"2024-12-02T08:11:52","modified_gmt":"2024-12-02T08:11:52","slug":"manufacturer-cast-iron-base-bench-top-drill-press-power-tool-shop-550w-5-speed-16mm-chuck-bench-radial-drill-press-for-wood","status":"publish","type":"product","link":"https:\/\/meconstructionsupplies.com\/fr\/product\/manufacturer-cast-iron-base-bench-top-drill-press-power-tool-shop-550w-5-speed-16mm-chuck-bench-radial-drill-press-for-wood\/","title":{"rendered":"Fabricant de perceuse \u00e0 colonne \u00e0 base en fonte, atelier d&#039;outillage \u00e9lectrique, 550 W, 5 vitesses, mandrin de 16 mm, perceuse radiale d&#039;\u00e9tabli pour le bois"},"content":{"rendered":"<div style=\"width: 540px;\" class=\"wp-video\"><!--[if lt IE 9]><script>document.createElement('video');<\/script><![endif]-->\n<video class=\"wp-video-shortcode\" id=\"video-28834-1\" width=\"540\" height=\"960\" preload=\"metadata\" controls=\"controls\"><source type=\"video\/mp4\" src=\"\/\/play.video.alibaba.com\/play\/u\/2153292369\/p\/1\/e\/6\/t\/10300\/423001560236.mp4?_=1\" \/><a href=\"\/\/play.video.alibaba.com\/play\/u\/2153292369\/p\/1\/e\/6\/t\/10300\/423001560236.mp4\">\/\/play.video.alibaba.com\/play\/u\/2153292369\/p\/1\/e\/6\/t\/10300\/423001560236.mp4<\/a><\/video><\/div>\n<div id=\"ali-anchor-AliPostDhMb-hlush\" class=\"mceSectionContainer\" style=\"padding-top: 8px;\" data-section=\"AliPostDhMb-hlush\" data-section-title=\"Product Description\">\n<div id=\"ali-title-AliPostDhMb-hlush\" style=\"padding: 8px 0; border-bottom: 1px solid #ddd;\"><span style=\"background-color: #ddd; color: #333; font-weight: bold; padding: 8px 10px; line-height: 12px;\">Product Description<\/span><\/div>\n<div style=\"padding: 10px 0;\">\n<p><img fetchpriority=\"high\" decoding=\"async\" class=\"alignnone \" src=\"\/\/sc04.alicdn.com\/kf\/H260c855f6fe44f02a38dfd1813116fc1d\/252640798\/H260c855f6fe44f02a38dfd1813116fc1d.jpg\" width=\"534\" height=\"684\" \/><\/p>\n<p><img decoding=\"async\" class=\"alignnone \" src=\"\/\/sc04.alicdn.com\/kf\/Hc7c21c720d284e11856a456a297ffae4a\/252640798\/Hc7c21c720d284e11856a456a297ffae4a.jpg\" width=\"537\" height=\"639\" \/><\/p>\n<p><img decoding=\"async\" class=\"alignnone \" src=\"\/\/sc04.alicdn.com\/kf\/H2735fb3acc674d16884af40cf176d2d2g\/252640798\/H2735fb3acc674d16884af40cf176d2d2g.jpg\" width=\"537\" height=\"579\" \/><img loading=\"lazy\" decoding=\"async\" class=\"alignnone \" src=\"\/\/sc04.alicdn.com\/kf\/H14b0d99aab56419dab138a52db9daee5l\/252640798\/H14b0d99aab56419dab138a52db9daee5l.jpg\" width=\"537\" height=\"393\" \/><\/p>\n<\/div>\n<map name=\"planetmap1\"><\/map>\n<\/div>\n<div id=\"ali-anchor-AliPostDhMb-v720l\" class=\"mceSectionContainer\" style=\"padding-top: 8px;\" data-section=\"AliPostDhMb-v720l\" data-section-title=\"FAQ\">\n<div id=\"ali-title-AliPostDhMb-v720l\" style=\"padding: 8px 0; border-bottom: 1px solid #ddd;\"><span style=\"background-color: #ddd; color: #333; font-weight: bold; padding: 8px 10px; line-height: 12px;\">FAQ<\/span><\/div>\n<div style=\"padding: 10px 0;\">\n<p style=\"margin: 0px; padding: 0px; color: #000000; font-family: Arial; font-size: 12px; font-style: normal; font-weight: 400; background-color: #f5f5f5;\"><span style=\"line-height: 27px; font-family: arial, helvetica, sans-serif; font-size: 18px; color: #ffcc00;\">1.Are you factory? And where are you factory?<\/span><\/p>\n<p style=\"margin: 0px; padding: 0px; color: #000000; font-family: Arial; font-size: 12px; font-style: normal; font-weight: 400; background-color: #f5f5f5;\"><span style=\"line-height: 27px; font-family: arial, helvetica, sans-serif; font-size: 18px;\">Yes, we are factory, and our factories are in Weihai of Shandong province.<\/span><\/p>\n<p style=\"margin: 0px; padding: 0px; color: #000000; font-family: Arial; font-size: 12px; font-style: normal; font-weight: 400; background-color: #f5f5f5;\"><span style=\"line-height: 27px; font-family: arial, helvetica, sans-serif; font-size: 18px; color: #ffcc00;\">2.Can you accept smaller order?<\/span><\/p>\n<p style=\"margin: 0px; padding: 0px; color: #000000; font-family: Arial; font-size: 12px; font-style: normal; font-weight: 400; background-color: #f5f5f5;\"><span style=\"line-height: 27px; font-family: arial, helvetica, sans-serif; font-size: 18px;\">Yes, our MOQ is 100pcs without customized\u00a0color and package.<\/span><\/p>\n<p style=\"margin: 0px; padding: 0px; color: #000000; font-family: Arial; font-size: 12px; font-style: normal; font-weight: 400; background-color: #f5f5f5;\"><span style=\"line-height: 27px; font-family: arial, helvetica, sans-serif; font-size: 18px; color: #ffcc00;\">3.Can you accept OEM order?<\/span><\/p>\n<p style=\"margin: 0px; padding: 0px; color: #000000; font-family: Arial; font-size: 12px; font-style: normal; font-weight: 400; background-color: #f5f5f5;\"><span style=\"line-height: 27px; font-family: arial, helvetica, sans-serif; font-size: 18px;\">Yes, we have produced OEM order for many famous brands more than 20 years.<\/span><\/p>\n<p style=\"margin: 0px; padding: 0px; color: #000000; font-family: Arial; font-size: 12px; font-style: normal; font-weight: 400; background-color: #f5f5f5;\"><span style=\"line-height: 27px; font-family: arial, helvetica, sans-serif; font-size: 18px; color: #ffcc00;\">4.What\u2019s the price term?<\/span><\/p>\n<p style=\"margin: 0px; padding: 0px; color: #000000; font-family: Arial; font-size: 12px; font-style: normal; font-weight: 400; background-color: #f5f5f5;\"><span style=\"line-height: 27px; font-family: arial, helvetica, sans-serif; font-size: 18px;\">Usually, our price is FOB QINGDAO.<\/span><span style=\"line-height: 27px; font-size: 18px;\">\u00a0<\/span><\/p>\n<p style=\"margin: 0px; padding: 0px; color: #000000; font-family: Arial; font-size: 12px; font-style: normal; font-weight: 400; background-color: #f5f5f5;\"><span style=\"line-height: 27px; font-family: arial, helvetica, sans-serif; font-size: 18px; color: #ffcc00;\">5.What\u2019s the payment term?<\/span><\/p>\n<p style=\"margin: 0px; padding: 0px; color: #000000; font-family: Arial; font-size: 12px; font-style: normal; font-weight: 400; background-color: #f5f5f5;\"><span style=\"line-height: 27px; font-family: arial, helvetica, sans-serif; font-size: 18px;\">The payment term is 30% down payment and 70% balance against copy B\/L.<\/span><\/p>\n<p style=\"margin: 0px; padding: 0px; color: #000000; font-family: Arial; font-size: 12px; font-style: normal; font-weight: 400; background-color: #f5f5f5;\"><span style=\"line-height: 27px; font-family: arial, helvetica, sans-serif; font-size: 18px; color: #ffcc00;\">6.How about the guarantee?<\/span><\/p>\n<p style=\"margin: 0px; padding: 0px; color: #000000; font-family: Arial; font-size: 12px; font-style: normal; font-weight: 400; background-color: #f5f5f5;\"><span style=\"line-height: 27px; font-size: 18px;\"><span style=\"line-height: 27px; font-family: arial, helvetica, sans-serif;\">We insure $5 million product liability every year to supply\u00a0risk guarantee.<\/span><span style=\"line-height: 27px; font-family: arial, helvetica, sans-serif;\">And Products from the factory to provide one year after-sales warranty.<\/span><\/span><\/p>\n<\/div>\n<\/div>\n","protected":false},"excerpt":{"rendered":"<p>Description du produit FAQ 1. \u00cates-vous une usine ? Et o\u00f9 \u00eates-vous usine ? Oui, nous sommes une usine, et nos usines sont \u00e0<\/p>","protected":false},"featured_media":28833,"comment_status":"open","ping_status":"closed","template":"","meta":[],"product_cat":[99,101],"product_tag":[],"class_list":{"0":"post-28834","1":"product","2":"type-product","3":"status-publish","4":"has-post-thumbnail","6":"product_cat-bench-tools","7":"product_cat-drill-presses","9":"first","10":"instock","11":"shipping-taxable","12":"purchasable","13":"product-type-simple"},"_links":{"self":[{"href":"https:\/\/meconstructionsupplies.com\/fr\/wp-json\/wp\/v2\/product\/28834","targetHints":{"allow":["GET"]}}],"collection":[{"href":"https:\/\/meconstructionsupplies.com\/fr\/wp-json\/wp\/v2\/product"}],"about":[{"href":"https:\/\/meconstructionsupplies.com\/fr\/wp-json\/wp\/v2\/types\/product"}],"replies":[{"embeddable":true,"href":"https:\/\/meconstructionsupplies.com\/fr\/wp-json\/wp\/v2\/comments?post=28834"}],"version-history":[{"count":4,"href":"https:\/\/meconstructionsupplies.com\/fr\/wp-json\/wp\/v2\/product\/28834\/revisions"}],"predecessor-version":[{"id":31321,"href":"https:\/\/meconstructionsupplies.com\/fr\/wp-json\/wp\/v2\/product\/28834\/revisions\/31321"}],"wp:featuredmedia":[{"embeddable":true,"href":"https:\/\/meconstructionsupplies.com\/fr\/wp-json\/wp\/v2\/media\/28833"}],"wp:attachment":[{"href":"https:\/\/meconstructionsupplies.com\/fr\/wp-json\/wp\/v2\/media?parent=28834"}],"wp:term":[{"taxonomy":"product_cat","embeddable":true,"href":"https:\/\/meconstructionsupplies.com\/fr\/wp-json\/wp\/v2\/product_cat?post=28834"},{"taxonomy":"product_tag","embeddable":true,"href":"https:\/\/meconstructionsupplies.com\/fr\/wp-json\/wp\/v2\/product_tag?post=28834"}],"curies":[{"name":"wp","href":"https:\/\/api.w.org\/{rel}","templated":true}]}}