{"id":28907,"date":"2024-11-16T01:59:54","date_gmt":"2024-11-16T01:59:54","guid":{"rendered":"https:\/\/meconstructionsupplies.com\/product\/255mm-1800w-miter-saw-high-precision-compound-electric-mitre-saw-for-metal-cutter-woodworking-and-multiple-applications\/"},"modified":"2024-12-02T08:11:52","modified_gmt":"2024-12-02T08:11:52","slug":"255mm-1800w-miter-saw-high-precision-compound-electric-mitre-saw-for-metal-cutter-woodworking-and-multiple-applications","status":"publish","type":"product","link":"https:\/\/meconstructionsupplies.com\/fr\/product\/255mm-1800w-miter-saw-high-precision-compound-electric-mitre-saw-for-metal-cutter-woodworking-and-multiple-applications\/","title":{"rendered":"Scie \u00e0 onglet 255 mm 1800 W Scie \u00e0 onglet \u00e9lectrique compos\u00e9e de haute pr\u00e9cision pour coupe-m\u00e9tal Travail du bois et applications multiples"},"content":{"rendered":"<div style=\"width: 540px;\" class=\"wp-video\"><!--[if lt IE 9]><script>document.createElement('video');<\/script><![endif]-->\n<video class=\"wp-video-shortcode\" id=\"video-28907-1\" width=\"540\" height=\"960\" preload=\"metadata\" controls=\"controls\"><source type=\"video\/mp4\" src=\"\/\/play.video.alibaba.com\/play\/u\/2153292369\/p\/1\/e\/6\/t\/10300\/385558736130.mp4?_=1\" \/><a href=\"\/\/play.video.alibaba.com\/play\/u\/2153292369\/p\/1\/e\/6\/t\/10300\/385558736130.mp4\">\/\/play.video.alibaba.com\/play\/u\/2153292369\/p\/1\/e\/6\/t\/10300\/385558736130.mp4<\/a><\/video><\/div>\n<h3><strong>Product Description<\/strong><\/h3>\n<hr style=\"border: 2px solid #000; margin-top: 5px; margin-bottom: 5px;\" \/>\n<p><img fetchpriority=\"high\" decoding=\"async\" class=\"alignnone \" src=\"\/\/sc04.alicdn.com\/kf\/H790514df5c6347dc92f9ab56056d26704\/252870726\/H790514df5c6347dc92f9ab56056d26704.png\" width=\"538\" height=\"538\" \/><\/p>\n<p><img decoding=\"async\" class=\"alignnone \" src=\"\/\/sc04.alicdn.com\/kf\/Heb6be72f3f194601a9e8d9b25dd9b2edC\/252870726\/Heb6be72f3f194601a9e8d9b25dd9b2edC.jpg\" width=\"535\" height=\"951\" \/><\/p>\n<p><img decoding=\"async\" class=\"alignnone \" src=\"\/\/sc04.alicdn.com\/kf\/Heb6be72f3f194601a9e8d9b25dd9b2edC\/252870726\/Heb6be72f3f194601a9e8d9b25dd9b2edC.jpg\" width=\"537\" height=\"955\" \/><\/p>\n<p><img loading=\"lazy\" decoding=\"async\" class=\"alignnone \" src=\"\/\/sc04.alicdn.com\/kf\/H7be8c3129676464fae594bfca18e7a57z\/252870726\/H7be8c3129676464fae594bfca18e7a57z.jpg\" width=\"534\" height=\"534\" \/><\/p>\n<p><img loading=\"lazy\" decoding=\"async\" class=\"alignnone \" src=\"\/\/sc04.alicdn.com\/kf\/Hcb0e4ca40c6e40c5bea78df2e974c1d8h\/252870726\/Hcb0e4ca40c6e40c5bea78df2e974c1d8h.jpg\" width=\"535\" height=\"680\" \/><\/p>\n<p><img loading=\"lazy\" decoding=\"async\" class=\"alignnone \" src=\"\/\/sc04.alicdn.com\/kf\/H5ab7293df4854afb8062338bb99b45a1y\/252870726\/H5ab7293df4854afb8062338bb99b45a1y.jpg\" width=\"542\" height=\"194\" \/><\/p>\n<h3><strong>Specification<\/strong><\/h3>\n<hr style=\"border: 2px solid #000; margin-top: 5px; margin-bottom: 5px;\" \/>\n<div style=\"display: flex; background-color: #f2f2f2; padding: 10px; border-bottom: 1px solid #ddd;\">\n<div style=\"width: 40%; font-weight: bold;\">Model No.<\/div>\n<div style=\"width: 60%;\">J1P-ZP-255c<\/div>\n<\/div>\n<div style=\"display: flex; background-color: #ffffff; padding: 10px; border-bottom: 1px solid #ddd;\">\n<div style=\"width: 40%; font-weight: bold;\">Product Name<\/div>\n<div style=\"width: 60%;\">10 inch pull rod miter saw<\/div>\n<\/div>\n<div style=\"display: flex; background-color: #f2f2f2; padding: 10px; border-bottom: 1px solid #ddd;\">\n<div style=\"width: 40%; font-weight: bold;\">Rated Input Power<\/div>\n<div style=\"width: 60%;\">2400w<\/div>\n<\/div>\n<div style=\"display: flex; background-color: #ffffff; padding: 10px; border-bottom: 1px solid #ddd;\">\n<div style=\"width: 40%; font-weight: bold;\">Voltage<\/div>\n<div style=\"width: 60%;\">220v<\/div>\n<\/div>\n<div style=\"display: flex; background-color: #f2f2f2; padding: 10px; border-bottom: 1px solid #ddd;\">\n<div style=\"width: 40%; font-weight: bold;\">No-load speed<\/div>\n<div style=\"width: 60%;\">5000r\/min<\/div>\n<\/div>\n<div style=\"display: flex; background-color: #ffffff; padding: 10px; border-bottom: 1px solid #ddd;\">\n<div style=\"width: 40%; font-weight: bold;\">Blade Szie<\/div>\n<div style=\"width: 60%;\">255&#215;25.4mm<\/div>\n<\/div>\n<div style=\"display: flex; background-color: #f2f2f2; padding: 10px; border-bottom: 1px solid #ddd;\">\n<div style=\"width: 40%; font-weight: bold;\">90\u00b0 Cutting Capacity<\/div>\n<div style=\"width: 60%;\">90mm<\/div>\n<\/div>\n<div style=\"display: flex; background-color: #ffffff; padding: 10px; border-bottom: 1px solid #ddd;\">\n<div style=\"width: 40%; font-weight: bold;\">Cutting Width<\/div>\n<div style=\"width: 60%;\">300mm<\/div>\n<\/div>\n<div style=\"display: flex; background-color: #f2f2f2; padding: 10px; border-bottom: 1px solid #ddd;\">\n<div style=\"width: 40%; font-weight: bold;\">Package Size<\/div>\n<div style=\"width: 60%;\">795x485x400mm<\/div>\n<\/div>\n<div style=\"display: flex; background-color: #ffffff; padding: 10px; border-bottom: 1px solid #ddd;\">\n<div style=\"width: 40%; font-weight: bold;\">weight<\/div>\n<div style=\"width: 60%;\">16.5kg<\/div>\n<\/div>\n<p>High Precision Compound Electric Mitre Saw for Metal Cutter Woodworking and Multiple Applications<br \/>\n2000W MITER SAW .<\/p>\n<p>1. Belt drive motor<br \/>\n2. Aluminum sturdy base<br \/>\n3. lower motor noise<br \/>\n4. Strong cutting power<\/p>\n<h3><strong>Recommend Products<\/strong><\/h3>\n<hr style=\"border: 2px solid #000; margin-top: 5px; margin-bottom: 5px;\" \/>\n<p><img loading=\"lazy\" decoding=\"async\" class=\"alignnone \" src=\"\/\/sc04.alicdn.com\/kf\/H4ffd50a2b0744c6a8f9f4a79caf3866dP\/252870726\/H4ffd50a2b0744c6a8f9f4a79caf3866dP.jpg\" width=\"536\" height=\"536\" \/><\/p>\n<p><img loading=\"lazy\" decoding=\"async\" class=\"alignnone \" src=\"\/\/sc04.alicdn.com\/kf\/Hecf776ad08094101b52e62d967b768b90\/252870726\/Hecf776ad08094101b52e62d967b768b90.jpg\" width=\"539\" height=\"563\" \/><\/p>\n<p><img loading=\"lazy\" decoding=\"async\" class=\"alignnone \" src=\"\/\/sc04.alicdn.com\/kf\/He9eeb63b394144e5aab9ef24cc3b8d7fu\/252870726\/He9eeb63b394144e5aab9ef24cc3b8d7fu.jpg\" width=\"537\" height=\"537\" \/><\/p>\n<h3><strong>Packing &amp; Delivery<\/strong><\/h3>\n<hr style=\"border: 2px solid #000; margin-top: 5px; margin-bottom: 5px;\" \/>\n<p><img loading=\"lazy\" decoding=\"async\" class=\"alignnone \" src=\"\/\/sc04.alicdn.com\/kf\/H56d44f55d44345f1a21734ede5c86a38K\/252870726\/H56d44f55d44345f1a21734ede5c86a38K.jpg\" width=\"536\" height=\"953\" \/><\/p>\n<p><img loading=\"lazy\" decoding=\"async\" class=\"alignnone \" src=\"\/\/sc04.alicdn.com\/kf\/H4006924dcf7c4c09a28263116c4c42eau\/252870726\/H4006924dcf7c4c09a28263116c4c42eau.jpg\" width=\"536\" height=\"953\" \/><\/p>\n<p>High Precision Compound Electric Mitre Saw for Metal Cutter Woodworking and Multiple Applications<br \/>\nPackaging &amp; Delivery<br \/>\nSelling Units:Single itemSingle package size: 84X43X50 cmSingle gross weight:16.5 kg<\/p>\n<h3><strong>Company Profile<\/strong><\/h3>\n<hr style=\"border: 2px solid #000; margin-top: 5px; margin-bottom: 5px;\" \/>\n<p><img loading=\"lazy\" decoding=\"async\" class=\"alignnone \" src=\"\/\/sc04.alicdn.com\/kf\/Hf6482a1862a442e8979036f7f532f00bk\/252870726\/Hf6482a1862a442e8979036f7f532f00bk.png\" width=\"537\" height=\"537\" \/><\/p>\n<p><img loading=\"lazy\" decoding=\"async\" class=\"alignnone \" src=\"\/\/sc04.alicdn.com\/kf\/H46be4f0e75034b9698c13b7a98ae34dbc\/252870726\/H46be4f0e75034b9698c13b7a98ae34dbc.jpg\" width=\"538\" height=\"538\" \/><\/p>\n<p><img loading=\"lazy\" decoding=\"async\" class=\"alignnone \" src=\"\/\/sc04.alicdn.com\/kf\/Hed403ebbc3ba495fa81a79c397883addp\/252870726\/Hed403ebbc3ba495fa81a79c397883addp.jpg\" width=\"537\" height=\"537\" \/><\/p>\n<p>&nbsp;<\/p>\n<h3><strong>FAQ<\/strong><\/h3>\n<hr style=\"border: 2px solid #000; margin-top: 5px; margin-bottom: 5px;\" \/>\n<p><b><b>1. who are we?<\/b><\/b><\/p>\n<p>2. how can we guarantee quality?<br \/>\nAlways a pre-production sample before mass production;<br \/>\nAlways final Inspection before shipment;<\/p>\n<p>3.what can you buy from us?<br \/>\nWoodworking Precision Panel Saw, Woodworking Dado Planer, Woodworking Milling Machine, Woodworking Band Saw<br \/>\n4. why should you buy from us not from other suppliers?<br \/>\n20 years experience in woodworking products, stable quality, fast delivery, good service<\/p>\n<p>5. what services can we provide?<br \/>\nAccepted Delivery Terms: FOB,CFR,CIF,EXW,DDP,DDU,Express Delivery\uff1b<br \/>\nAccepted Payment Currency:USD,EUR,JPY,CAD,AUD,HKD,GBP,CNY,CHF;<br \/>\nAccepted Payment Type: T\/T,L\/C,D\/P D\/A,MoneyGram,Credit Card,PayPal,Western Union,Cash,Escrow;<br \/>\nLanguage Spoken:English,Chinese<\/p>\n","protected":false},"excerpt":{"rendered":"<p>Description du produit Sp\u00e9cification Num\u00e9ro de mod\u00e8le J1P-ZP-255c Nom du produit Scie \u00e0 onglet \u00e0 tige de traction de 10 pouces Puissance d&#039;entr\u00e9e nominale 2400 W Tension 220 V<\/p>","protected":false},"featured_media":28906,"comment_status":"open","ping_status":"closed","template":"","meta":[],"product_cat":[99,103],"product_tag":[],"class_list":{"0":"post-28907","1":"product","2":"type-product","3":"status-publish","4":"has-post-thumbnail","6":"product_cat-bench-tools","7":"product_cat-mitre-saws","9":"first","10":"instock","11":"shipping-taxable","12":"purchasable","13":"product-type-simple"},"_links":{"self":[{"href":"https:\/\/meconstructionsupplies.com\/fr\/wp-json\/wp\/v2\/product\/28907","targetHints":{"allow":["GET"]}}],"collection":[{"href":"https:\/\/meconstructionsupplies.com\/fr\/wp-json\/wp\/v2\/product"}],"about":[{"href":"https:\/\/meconstructionsupplies.com\/fr\/wp-json\/wp\/v2\/types\/product"}],"replies":[{"embeddable":true,"href":"https:\/\/meconstructionsupplies.com\/fr\/wp-json\/wp\/v2\/comments?post=28907"}],"version-history":[{"count":3,"href":"https:\/\/meconstructionsupplies.com\/fr\/wp-json\/wp\/v2\/product\/28907\/revisions"}],"predecessor-version":[{"id":31261,"href":"https:\/\/meconstructionsupplies.com\/fr\/wp-json\/wp\/v2\/product\/28907\/revisions\/31261"}],"wp:featuredmedia":[{"embeddable":true,"href":"https:\/\/meconstructionsupplies.com\/fr\/wp-json\/wp\/v2\/media\/28906"}],"wp:attachment":[{"href":"https:\/\/meconstructionsupplies.com\/fr\/wp-json\/wp\/v2\/media?parent=28907"}],"wp:term":[{"taxonomy":"product_cat","embeddable":true,"href":"https:\/\/meconstructionsupplies.com\/fr\/wp-json\/wp\/v2\/product_cat?post=28907"},{"taxonomy":"product_tag","embeddable":true,"href":"https:\/\/meconstructionsupplies.com\/fr\/wp-json\/wp\/v2\/product_tag?post=28907"}],"curies":[{"name":"wp","href":"https:\/\/api.w.org\/{rel}","templated":true}]}}