{"id":28925,"date":"2024-11-16T02:07:51","date_gmt":"2024-11-16T02:07:51","guid":{"rendered":"https:\/\/meconstructionsupplies.com\/product\/cisivis-hot-sale-portable-3200mm-manual-tile-cutter-professional-hand-tile-cutter-three-cutting-blade-push-knife-slab-cutter\/"},"modified":"2024-12-02T08:11:52","modified_gmt":"2024-12-02T08:11:52","slug":"cisivis-hot-sale-portable-3200mm-manual-tile-cutter-professional-hand-tile-cutter-three-cutting-blade-push-knife-slab-cutter","status":"publish","type":"product","link":"https:\/\/meconstructionsupplies.com\/fr\/product\/cisivis-hot-sale-portable-3200mm-manual-tile-cutter-professional-hand-tile-cutter-three-cutting-blade-push-knife-slab-cutter\/","title":{"rendered":"Cisivis Hot Sale coupe-carrelage manuel portable 3200 mm coupe-carrelage manuel professionnel coupe-carrelage \u00e0 trois lames de coupe couteau poussoir coupe-dalle"},"content":{"rendered":"<h3><strong>Description du produit<\/strong><\/h3>\n<hr style=\"border: 2px solid #000; margin-top: 5px; margin-bottom: 5px;\" \/>\n<p><img fetchpriority=\"high\" decoding=\"async\" class=\"alignnone\" src=\"https:\/\/sc01.alicdn.com\/kf\/H24222e925e59478fb73d2434da599540X.png\" width=\"536\" height=\"532\" \/><\/p>\n<p><img decoding=\"async\" class=\"alignnone\" src=\"https:\/\/sc01.alicdn.com\/kf\/Hbb41e88605cd47bf84ef7b4555aa9199y.png\" width=\"538\" height=\"534\" \/><\/p>\n<p><img decoding=\"async\" class=\"alignnone\" src=\"https:\/\/sc01.alicdn.com\/kf\/H26cc151408934a77812b380f0866765ap.png\" width=\"535\" height=\"536\" \/><\/p>\n<p><img loading=\"lazy\" decoding=\"async\" class=\"alignnone\" src=\"https:\/\/sc01.alicdn.com\/kf\/H9e6b2a5500b34dcb9099ec45a9ba4ae4s.png\" width=\"537\" height=\"539\" \/><\/p>\n<p><img loading=\"lazy\" decoding=\"async\" class=\"alignnone\" src=\"https:\/\/sc01.alicdn.com\/kf\/H0cbd5fadfbc843179c124d0602c89121P.png\" width=\"537\" height=\"532\" \/><\/p>\n<p><img loading=\"lazy\" decoding=\"async\" class=\"alignnone\" src=\"https:\/\/sc01.alicdn.com\/kf\/H7e0b978e78734507801ac055ea971e2c3.png\" width=\"539\" height=\"533\" \/><\/p>\n<h3><strong>Sp\u00e9cification<\/strong><\/h3>\n<hr style=\"border: 2px solid #000; margin-top: 5px; margin-bottom: 5px;\" \/>\n<div style=\"display: flex; background-color: #f2f2f2; padding: 10px; border-bottom: 1px solid #ddd;\">\n<div style=\"width: 40%; font-weight: bold;\">article<\/div>\n<div style=\"width: 60%;\">valeur<\/div>\n<\/div>\n<div style=\"display: flex; background-color: #ffffff; padding: 10px; border-bottom: 1px solid #ddd;\">\n<div style=\"width: 40%; font-weight: bold;\">Lieu d&#039;origine<\/div>\n<div style=\"width: 60%;\">Jiangsu, China<\/div>\n<\/div>\n<div style=\"display: flex; background-color: #f2f2f2; padding: 10px; border-bottom: 1px solid #ddd;\">\n<div style=\"width: 40%; font-weight: bold;\">Grade<\/div>\n<div style=\"width: 60%;\">Bricolage, Industriel<\/div>\n<\/div>\n<div style=\"display: flex; background-color: #ffffff; padding: 10px; border-bottom: 1px solid #ddd;\">\n<div style=\"width: 40%; font-weight: bold;\">Garantie<\/div>\n<div style=\"width: 60%;\">1 year<\/div>\n<\/div>\n<div style=\"display: flex; background-color: #f2f2f2; padding: 10px; border-bottom: 1px solid #ddd;\">\n<div style=\"width: 40%; font-weight: bold;\">Accompagnement personnalis\u00e9<\/div>\n<div style=\"width: 60%;\">OEM, ODM, OBM<\/div>\n<\/div>\n<div style=\"display: flex; background-color: #ffffff; padding: 10px; border-bottom: 1px solid #ddd;\">\n<div style=\"width: 40%; font-weight: bold;\">Nom de marque<\/div>\n<div style=\"width: 60%;\">Cisivis<\/div>\n<\/div>\n<div style=\"display: flex; background-color: #f2f2f2; padding: 10px; border-bottom: 1px solid #ddd;\">\n<div style=\"width: 40%; font-weight: bold;\">Num\u00e9ro de mod\u00e8le<\/div>\n<div style=\"width: 60%;\">WLX119<\/div>\n<\/div>\n<div style=\"display: flex; background-color: #ffffff; padding: 10px; border-bottom: 1px solid #ddd;\">\n<div style=\"width: 40%; font-weight: bold;\">Max tile size<\/div>\n<div style=\"width: 60%;\">3000mm<\/div>\n<\/div>\n<div style=\"display: flex; background-color: #f2f2f2; padding: 10px; border-bottom: 1px solid #ddd;\">\n<div style=\"width: 40%; font-weight: bold;\">Material of guild rail<\/div>\n<div style=\"width: 60%;\">Aluminum alloy<\/div>\n<\/div>\n<div style=\"display: flex; background-color: #ffffff; padding: 10px; border-bottom: 1px solid #ddd;\">\n<div style=\"width: 40%; font-weight: bold;\">Cutting blade<\/div>\n<div style=\"width: 60%;\">Three cutting blades<\/div>\n<\/div>\n<div style=\"display: flex; background-color: #f2f2f2; padding: 10px; border-bottom: 1px solid #ddd;\">\n<div style=\"width: 40%; font-weight: bold;\">Cutting accuracy<\/div>\n<div style=\"width: 60%;\">0.5mm<\/div>\n<\/div>\n<h3><strong>Packing &amp; Delivery<\/strong><\/h3>\n<hr style=\"border: 2px solid #000; margin-top: 5px; margin-bottom: 5px;\" \/>\n<p><img loading=\"lazy\" decoding=\"async\" class=\"alignnone\" src=\"\/\/sc01.alicdn.com\/kf\/H2633bc069f8f456fa0dbeb5b80ab936bV\/200042360\/H2633bc069f8f456fa0dbeb5b80ab936bV.png\" width=\"538\" height=\"430\" \/><\/p>\n<p><img loading=\"lazy\" decoding=\"async\" class=\"alignnone\" src=\"\/\/sc01.alicdn.com\/kf\/H819336b14bd84ae1921239460b410fads\/200042360\/H819336b14bd84ae1921239460b410fads.png\" width=\"538\" height=\"430\" \/><\/p>\n<p>To better ensure the safety of your goods, professional, environmentally friendly, convenient and efficient packaging services will be provided.<\/p>\n<p><img loading=\"lazy\" decoding=\"async\" class=\"alignnone\" src=\"\/\/sc04.alicdn.com\/kf\/H9d21cef1a6474e679057f9f3524109eb0\/276240967\/H9d21cef1a6474e679057f9f3524109eb0.png\" width=\"535\" height=\"535\" \/><\/p>\n<p><img loading=\"lazy\" decoding=\"async\" class=\"alignnone\" src=\"\/\/sc04.alicdn.com\/kf\/Hc59fc3ecb9ef4288a316e59ebda1ceadQ\/276240967\/Hc59fc3ecb9ef4288a316e59ebda1ceadQ.jpg\" width=\"531\" height=\"531\" \/><\/p>\n<p><img loading=\"lazy\" decoding=\"async\" class=\"alignnone\" src=\"\/\/sc04.alicdn.com\/kf\/A5eab8659e7dd49c1bbd82f4b2f866fa0q\/276240967\/A5eab8659e7dd49c1bbd82f4b2f866fa0q.png\" width=\"536\" height=\"303\" \/><\/p>\n<p><img loading=\"lazy\" decoding=\"async\" class=\"alignnone\" src=\"\/\/sc04.alicdn.com\/kf\/H1f5ebd86c967451ea37580ced3c1016di\/276240967\/H1f5ebd86c967451ea37580ced3c1016di.jpg\" width=\"538\" height=\"538\" \/><\/p>\n<p><img loading=\"lazy\" decoding=\"async\" class=\"alignnone\" src=\"\/\/sc04.alicdn.com\/kf\/Aa7402fefacb44a92bd9e8ef510376dcbG\/276240967\/Aa7402fefacb44a92bd9e8ef510376dcbG.png\" width=\"539\" height=\"309\" \/><\/p>\n<p>&nbsp;<\/p>\n<h3><strong>Profil de l&#039;entreprise<\/strong><\/h3>\n<hr style=\"border: 2px solid #000; margin-top: 5px; margin-bottom: 5px;\" \/>\n<p><img loading=\"lazy\" decoding=\"async\" class=\"alignnone\" src=\"\/\/sc04.alicdn.com\/kf\/H2aeabd0790764751941147ae7e20f4ecd\/276240967\/H2aeabd0790764751941147ae7e20f4ecd.png\" width=\"539\" height=\"404\" \/><\/p>\n<h3><strong>FAQ<\/strong><\/h3>\n<hr style=\"border: 2px solid #000; margin-top: 5px; margin-bottom: 5px;\" \/>\n<p><b><b>1. Who are we? <\/b><\/b><\/p>\n<p><b><b>2. How can we guarantee quality? Before mass production, we will do sample pre-production, and only after the customer confirms it, we will do mass production. We will feedback the production progress to you during the production process. After the production is finished, we will carry out quality inspection according to your requirements.<\/b><\/b><\/p>\n<p><b><b>3. Why should you buy from us not from other suppliers?Cisivis has many years of experience in B2C sales, we know better what kind of products customers prefer in B2B business. We have established professional design, sales and logistics teams in the EU and the UK, have many types of product certifications and hold more than 30 patent certificates in UKIPO and EUIPO.Cisivis Holdings 10000+ square meters own factory and more than 20 cooperative factories. We support customization based on design drawings, samples, and specific requirement instructions, and we also accept small-scale customization, such as customized logos, packaging or graphics.According to the statistics, relying on Amazon, eBay, and other cooperative sellers, our monthly sales of products in the category of tools in the UK and European markets are more than 200000. We cooperate with Orange connex in UK and EU, and have several overseas warehouses in UK and Germany, which can satisfy your needs of getting samples quickly.4.what services can we provide? Accepted Delivery Terms: EXW,FCA,FOB,CFR,CIF,DDU,DDP,ExpressDelivery,DAP\uff1b Accepted Payment Currency:USD,EUR,JPY,CAD,AUD,HKD,GBP,CNY,CHF;Accepted Payment Type: T\/T,L\/C,Credit Card,PayPal,Alipay; Language Spoken:English,Chinese,Spanish,Japanese,Portuguese,German,Arabic,French,Russian,Korean,Hindi,Italian<br \/>\n<\/b><\/b><\/p>","protected":false},"excerpt":{"rendered":"<p>Description du produit Sp\u00e9cification valeur de l&#039;article Lieu d&#039;origine Jiangsu, Chine Qualit\u00e9 DIY, Industriel Garantie 1 an Assistance personnalis\u00e9e OEM, ODM,<\/p>","protected":false},"featured_media":28924,"comment_status":"open","ping_status":"closed","template":"","meta":[],"product_cat":[99,104],"product_tag":[],"class_list":{"0":"post-28925","1":"product","2":"type-product","3":"status-publish","4":"has-post-thumbnail","6":"product_cat-bench-tools","7":"product_cat-tile-cutters","9":"first","10":"instock","11":"shipping-taxable","12":"purchasable","13":"product-type-simple"},"_links":{"self":[{"href":"https:\/\/meconstructionsupplies.com\/fr\/wp-json\/wp\/v2\/product\/28925","targetHints":{"allow":["GET"]}}],"collection":[{"href":"https:\/\/meconstructionsupplies.com\/fr\/wp-json\/wp\/v2\/product"}],"about":[{"href":"https:\/\/meconstructionsupplies.com\/fr\/wp-json\/wp\/v2\/types\/product"}],"replies":[{"embeddable":true,"href":"https:\/\/meconstructionsupplies.com\/fr\/wp-json\/wp\/v2\/comments?post=28925"}],"version-history":[{"count":3,"href":"https:\/\/meconstructionsupplies.com\/fr\/wp-json\/wp\/v2\/product\/28925\/revisions"}],"predecessor-version":[{"id":31332,"href":"https:\/\/meconstructionsupplies.com\/fr\/wp-json\/wp\/v2\/product\/28925\/revisions\/31332"}],"wp:featuredmedia":[{"embeddable":true,"href":"https:\/\/meconstructionsupplies.com\/fr\/wp-json\/wp\/v2\/media\/28924"}],"wp:attachment":[{"href":"https:\/\/meconstructionsupplies.com\/fr\/wp-json\/wp\/v2\/media?parent=28925"}],"wp:term":[{"taxonomy":"product_cat","embeddable":true,"href":"https:\/\/meconstructionsupplies.com\/fr\/wp-json\/wp\/v2\/product_cat?post=28925"},{"taxonomy":"product_tag","embeddable":true,"href":"https:\/\/meconstructionsupplies.com\/fr\/wp-json\/wp\/v2\/product_tag?post=28925"}],"curies":[{"name":"wp","href":"https:\/\/api.w.org\/{rel}","templated":true}]}}