{"id":29020,"date":"2024-11-16T02:34:01","date_gmt":"2024-11-16T02:34:01","guid":{"rendered":"https:\/\/meconstructionsupplies.com\/product\/2600-psi-high-pressure-washer-portable-high-pressure-water-jet-machine-electric-high-pressure-cold-water-jet-cleaner-metal-power\/"},"modified":"2024-12-02T08:11:34","modified_gmt":"2024-12-02T08:11:34","slug":"2600-psi-high-pressure-washer-portable-high-pressure-water-jet-machine-electric-high-pressure-cold-water-jet-cleaner-metal-power","status":"publish","type":"product","link":"https:\/\/meconstructionsupplies.com\/fr\/product\/2600-psi-high-pressure-washer-portable-high-pressure-water-jet-machine-electric-high-pressure-cold-water-jet-cleaner-metal-power\/","title":{"rendered":"Nettoyeur haute pression 2600 PSI Machine \u00e0 jet d&#039;eau haute pression portable Nettoyeur \u00e0 jet d&#039;eau froide haute pression \u00e9lectrique Puissance m\u00e9tallique"},"content":{"rendered":"<h3><strong>Description du produit<\/strong><\/h3>\n<hr style=\"border: 2px solid #000; margin-top: 5px; margin-bottom: 5px;\" \/>\n<p><img fetchpriority=\"high\" decoding=\"async\" class=\"alignnone\" src=\"https:\/\/sc01.alicdn.com\/kf\/H7ab7c840121d4e8db60c9f31d0cec7627.jpg\" width=\"535\" height=\"781\" \/><\/p>\n<p><img decoding=\"async\" class=\"alignnone\" src=\"https:\/\/sc01.alicdn.com\/kf\/H494e594499ba49549dbdf7526495e6bbi.jpg\" width=\"536\" height=\"716\" \/><\/p>\n<p><img decoding=\"async\" class=\"alignnone\" src=\"https:\/\/sc01.alicdn.com\/kf\/H5c110cdea9474cce8bbe9e97982a02d1M.jpg\" width=\"536\" height=\"506\" \/><\/p>\n<p><img loading=\"lazy\" decoding=\"async\" class=\"alignnone\" src=\"https:\/\/sc01.alicdn.com\/kf\/H3f670491d6cd450ba839de690665d71b6.jpg\" width=\"534\" height=\"781\" \/><\/p>\n<p><img loading=\"lazy\" decoding=\"async\" class=\"alignnone\" src=\"https:\/\/sc01.alicdn.com\/kf\/Hf5f9d685168a4e75bed8549e86d6cf177.jpg\" width=\"537\" height=\"418\" \/><\/p>\n<h3><strong>Sp\u00e9cification<\/strong><\/h3>\n<hr style=\"border: 2px solid #000; margin-top: 5px; margin-bottom: 5px;\" \/>\n<div style=\"display: flex; background-color: #f2f2f2; padding: 10px; border-bottom: 1px solid #ddd;\">\n<div style=\"width: 40%; font-weight: bold;\">article<\/div>\n<div style=\"width: 60%;\">valeur<\/div>\n<\/div>\n<div style=\"display: flex; background-color: #ffffff; padding: 10px; border-bottom: 1px solid #ddd;\">\n<div style=\"width: 40%; font-weight: bold;\">Machine Type<\/div>\n<div style=\"width: 60%;\">HIGH PRESSURE CLEANER<\/div>\n<\/div>\n<div style=\"display: flex; background-color: #f2f2f2; padding: 10px; border-bottom: 1px solid #ddd;\">\n<div style=\"width: 40%; font-weight: bold;\">Applicable Industries<\/div>\n<div style=\"width: 60%;\">Hotels, Garment Shops, Building Material Shops, Manufacturing Plant, Machinery Repair Shops, Food &amp; Beverage Factory, Farms, Restaurant, Home Use, Retail, Food Shop, Printing Shops, Construction works, Energy &amp; Mining, Food &amp; Beverage Shops, Other, Advertising Company<\/div>\n<\/div>\n<div style=\"display: flex; background-color: #ffffff; padding: 10px; border-bottom: 1px solid #ddd;\">\n<div style=\"width: 40%; font-weight: bold;\">After Warranty Service<\/div>\n<div style=\"width: 60%;\">No service<\/div>\n<\/div>\n<div style=\"display: flex; background-color: #f2f2f2; padding: 10px; border-bottom: 1px solid #ddd;\">\n<div style=\"width: 40%; font-weight: bold;\">Local ServiceLocation<\/div>\n<div style=\"width: 60%;\">None<\/div>\n<\/div>\n<div style=\"display: flex; background-color: #ffffff; padding: 10px; border-bottom: 1px solid #ddd;\">\n<div style=\"width: 40%; font-weight: bold;\">Showroom Location<\/div>\n<div style=\"width: 60%;\">None<\/div>\n<\/div>\n<div style=\"display: flex; background-color: #f2f2f2; padding: 10px; border-bottom: 1px solid #ddd;\">\n<div style=\"width: 40%; font-weight: bold;\">Condition<\/div>\n<div style=\"width: 60%;\">Nouveau<\/div>\n<\/div>\n<div style=\"display: flex; background-color: #ffffff; padding: 10px; border-bottom: 1px solid #ddd;\">\n<div style=\"width: 40%; font-weight: bold;\">Lieu d&#039;origine<\/div>\n<div style=\"width: 60%;\">Chine<\/div>\n<\/div>\n<div style=\"display: flex; background-color: #f2f2f2; padding: 10px; border-bottom: 1px solid #ddd;\">\n<div style=\"width: 40%; font-weight: bold;\">Use<\/div>\n<div style=\"width: 60%;\">Other<\/div>\n<\/div>\n<div style=\"display: flex; background-color: #ffffff; padding: 10px; border-bottom: 1px solid #ddd;\">\n<div style=\"width: 40%; font-weight: bold;\">Industry Used<\/div>\n<div style=\"width: 60%;\">Car wash shop<\/div>\n<\/div>\n<div style=\"display: flex; background-color: #f2f2f2; padding: 10px; border-bottom: 1px solid #ddd;\">\n<div style=\"width: 40%; font-weight: bold;\">Pouvoir<\/div>\n<div style=\"width: 60%;\">Other<\/div>\n<\/div>\n<div style=\"display: flex; background-color: #ffffff; padding: 10px; border-bottom: 1px solid #ddd;\">\n<div style=\"width: 40%; font-weight: bold;\">Garantie<\/div>\n<div style=\"width: 60%;\">1 an<\/div>\n<\/div>\n<div style=\"display: flex; background-color: #f2f2f2; padding: 10px; border-bottom: 1px solid #ddd;\">\n<div style=\"width: 40%; font-weight: bold;\">Max. Pressure<\/div>\n<div style=\"width: 60%;\">180bar<\/div>\n<\/div>\n<div style=\"display: flex; background-color: #ffffff; padding: 10px; border-bottom: 1px solid #ddd;\">\n<div style=\"width: 40%; font-weight: bold;\">Marketing Type<\/div>\n<div style=\"width: 60%;\">New Product 2020<\/div>\n<\/div>\n<div style=\"display: flex; background-color: #f2f2f2; padding: 10px; border-bottom: 1px solid #ddd;\">\n<div style=\"width: 40%; font-weight: bold;\">Machinery Test Report<\/div>\n<div style=\"width: 60%;\">Not Available<\/div>\n<\/div>\n<div style=\"display: flex; background-color: #ffffff; padding: 10px; border-bottom: 1px solid #ddd;\">\n<div style=\"width: 40%; font-weight: bold;\">Video outgoing-inspection<\/div>\n<div style=\"width: 60%;\">Not Available<\/div>\n<\/div>\n<div style=\"display: flex; background-color: #f2f2f2; padding: 10px; border-bottom: 1px solid #ddd;\">\n<div style=\"width: 40%; font-weight: bold;\">Warranty of core components<\/div>\n<div style=\"width: 60%;\">1 an<\/div>\n<\/div>\n<div style=\"display: flex; background-color: #ffffff; padding: 10px; border-bottom: 1px solid #ddd;\">\n<div style=\"width: 40%; font-weight: bold;\">Core Components<\/div>\n<div style=\"width: 60%;\">Other<\/div>\n<\/div>\n<div style=\"display: flex; background-color: #f2f2f2; padding: 10px; border-bottom: 1px solid #ddd;\">\n<div style=\"width: 40%; font-weight: bold;\">Key Selling Points<\/div>\n<div style=\"width: 60%;\">Low Noise Level<\/div>\n<\/div>\n<h3><strong>Packing &amp; Delivery<\/strong><\/h3>\n<hr style=\"border: 2px solid #000; margin-top: 5px; margin-bottom: 5px;\" \/>\n<p><img loading=\"lazy\" decoding=\"async\" class=\"alignnone\" src=\"\/\/sc01.alicdn.com\/kf\/H2633bc069f8f456fa0dbeb5b80ab936bV\/200042360\/H2633bc069f8f456fa0dbeb5b80ab936bV.png\" width=\"538\" height=\"430\" \/><\/p>\n<p><img loading=\"lazy\" decoding=\"async\" class=\"alignnone\" src=\"\/\/sc01.alicdn.com\/kf\/H819336b14bd84ae1921239460b410fads\/200042360\/H819336b14bd84ae1921239460b410fads.png\" width=\"538\" height=\"430\" \/><\/p>\n<p>To better ensure the safety of your goods, professional, environmentally friendly, convenient and efficient packaging services will be provided.<\/p>\n<h3><strong>Profil de l&#039;entreprise<\/strong><\/h3>\n<hr style=\"border: 2px solid #000; margin-top: 5px; margin-bottom: 5px;\" \/>\n<p><img loading=\"lazy\" decoding=\"async\" class=\"alignnone\" src=\"https:\/\/sc02.alicdn.com\/kf\/H2c19e84dec5a4f4783ce9f2c11f4b402R.jpg\" width=\"537\" height=\"302\" \/><\/p>\n<p><img loading=\"lazy\" decoding=\"async\" class=\"alignnone\" src=\"https:\/\/sc02.alicdn.com\/kf\/H4e8971565efd48519965c2e2ce3a0a2ao.jpg\" width=\"539\" height=\"303\" \/><\/p>\n<p><img loading=\"lazy\" decoding=\"async\" class=\"alignnone\" src=\"https:\/\/sc02.alicdn.com\/kf\/Ha9a1235c422d41749dc35a8237e94bd7r.jpg\" width=\"537\" height=\"302\" \/><\/p>\n<p><img loading=\"lazy\" decoding=\"async\" class=\"alignnone\" src=\"https:\/\/sc02.alicdn.com\/kf\/H0725ff31b64840a7970086718c8f85446.jpg\" width=\"537\" height=\"302\" \/><\/p>\n<p><img loading=\"lazy\" decoding=\"async\" class=\"alignnone\" src=\"https:\/\/sc02.alicdn.com\/kf\/H375361b5535d4aa2bb6f385e6f9904fbA.jpg\" width=\"537\" height=\"302\" \/><\/p>\n<h3><strong>FAQ<\/strong><\/h3>\n<hr style=\"border: 2px solid #000; margin-top: 5px; margin-bottom: 5px;\" \/>\n<p><b>1. who are we?<b><\/b><\/b><\/p>\n<p><b>2. how can we guarantee quality?<b><br \/>\nAlways a pre-production sample before mass production;<br \/>\nAlways final Inspection before shipment;<\/b><\/b><\/p>\n<p><b>3.what can you buy from us?<b><br \/>\nPressure Washer,Generator,Water Pump<\/b><\/b><\/p>\n<p><b>4. why should you buy from us not from other suppliers?<b><br \/>\nWe specializes in the developing,producing and selling of gasoline and diesel generator, high pressure washer and all spare parts for generators for more than 15years. We have a group of well-trained skilled technician and advanced equipment.<\/b><\/b><\/p>\n<p><b>5. what services can we provide?<b><br \/>\nAccepted Delivery Terms: FOB,CFR,CIF,EXW,Express Delivery\uff1b<br \/>\nAccepted Payment Currency:USD,EUR,CNY;<br \/>\nAccepted Payment Type: T\/T,L\/C,D\/P D\/A,Cash;<br \/>\nLanguage Spoken:English,Chinese <\/b><\/b><\/p>","protected":false},"excerpt":{"rendered":"<p>Description du produit Sp\u00e9cification valeur de l&#039;article Type de machine NETTOYEUR HAUTE PRESSION Industries applicables H\u00f4tels, magasins de v\u00eatements, magasins de mat\u00e9riaux de construction, usines de fabrication,<\/p>","protected":false},"featured_media":29019,"comment_status":"open","ping_status":"closed","template":"","meta":[],"product_cat":[105,110,111],"product_tag":[],"class_list":{"0":"post-29020","1":"product","2":"type-product","3":"status-publish","4":"has-post-thumbnail","6":"product_cat-garden-tools","7":"product_cat-high-pressure-tools","8":"product_cat-high-pressure-washers","10":"first","11":"instock","12":"shipping-taxable","13":"purchasable","14":"product-type-simple"},"_links":{"self":[{"href":"https:\/\/meconstructionsupplies.com\/fr\/wp-json\/wp\/v2\/product\/29020","targetHints":{"allow":["GET"]}}],"collection":[{"href":"https:\/\/meconstructionsupplies.com\/fr\/wp-json\/wp\/v2\/product"}],"about":[{"href":"https:\/\/meconstructionsupplies.com\/fr\/wp-json\/wp\/v2\/types\/product"}],"replies":[{"embeddable":true,"href":"https:\/\/meconstructionsupplies.com\/fr\/wp-json\/wp\/v2\/comments?post=29020"}],"version-history":[{"count":4,"href":"https:\/\/meconstructionsupplies.com\/fr\/wp-json\/wp\/v2\/product\/29020\/revisions"}],"predecessor-version":[{"id":31340,"href":"https:\/\/meconstructionsupplies.com\/fr\/wp-json\/wp\/v2\/product\/29020\/revisions\/31340"}],"wp:featuredmedia":[{"embeddable":true,"href":"https:\/\/meconstructionsupplies.com\/fr\/wp-json\/wp\/v2\/media\/29019"}],"wp:attachment":[{"href":"https:\/\/meconstructionsupplies.com\/fr\/wp-json\/wp\/v2\/media?parent=29020"}],"wp:term":[{"taxonomy":"product_cat","embeddable":true,"href":"https:\/\/meconstructionsupplies.com\/fr\/wp-json\/wp\/v2\/product_cat?post=29020"},{"taxonomy":"product_tag","embeddable":true,"href":"https:\/\/meconstructionsupplies.com\/fr\/wp-json\/wp\/v2\/product_tag?post=29020"}],"curies":[{"name":"wp","href":"https:\/\/api.w.org\/{rel}","templated":true}]}}