{"id":29049,"date":"2024-11-16T02:40:47","date_gmt":"2024-11-16T02:40:47","guid":{"rendered":"https:\/\/meconstructionsupplies.com\/product\/21v-16-inch-tool-cordless-wood-cutting-machine-garden-electric-lithium-battery-power-chain-saws-chainsaw\/"},"modified":"2024-12-02T08:11:34","modified_gmt":"2024-12-02T08:11:34","slug":"21v-16-inch-tool-cordless-wood-cutting-machine-garden-electric-lithium-battery-power-chain-saws-chainsaw","status":"publish","type":"product","link":"https:\/\/meconstructionsupplies.com\/fr\/product\/21v-16-inch-tool-cordless-wood-cutting-machine-garden-electric-lithium-battery-power-chain-saws-chainsaw\/","title":{"rendered":"Tron\u00e7onneuse \u00e9lectrique sans fil 21 V 16 pouces pour machine de d\u00e9coupe de bois de jardin, batterie au lithium"},"content":{"rendered":"<div style=\"width: 540px;\" class=\"wp-video\"><!--[if lt IE 9]><script>document.createElement('video');<\/script><![endif]-->\n<video class=\"wp-video-shortcode\" id=\"video-29049-1\" width=\"540\" height=\"960\" preload=\"metadata\" controls=\"controls\"><source type=\"video\/mp4\" src=\"\/\/play.video.alibaba.com\/play\/u\/2153292369\/p\/1\/e\/6\/t\/10300\/433919913387.mp4?_=1\" \/><a href=\"\/\/play.video.alibaba.com\/play\/u\/2153292369\/p\/1\/e\/6\/t\/10300\/433919913387.mp4\">\/\/play.video.alibaba.com\/play\/u\/2153292369\/p\/1\/e\/6\/t\/10300\/433919913387.mp4<\/a><\/video><\/div>\n<h3><strong>Product Description<\/strong><\/h3>\n<hr style=\"border: 2px solid #000; margin-top: 5px; margin-bottom: 5px;\" \/>\n<p><img fetchpriority=\"high\" decoding=\"async\" class=\"alignnone \" src=\"\/\/sc04.alicdn.com\/kf\/H05d61fd6342b446182ae564aadc9d21f3\/267605327\/H05d61fd6342b446182ae564aadc9d21f3.jpg\" width=\"535\" height=\"275\" \/><\/p>\n<p><img decoding=\"async\" class=\"alignnone \" src=\"\/\/sc04.alicdn.com\/kf\/He07fdd1aefb1492c8f6acb09c829dbc45\/267605327\/He07fdd1aefb1492c8f6acb09c829dbc45.jpg\" width=\"535\" height=\"348\" \/><\/p>\n<p><img decoding=\"async\" class=\"alignnone \" src=\"\/\/sc04.alicdn.com\/kf\/H45ecc6a66ff54985af89f5399ce58014R\/267605327\/H45ecc6a66ff54985af89f5399ce58014R.jpg\" width=\"537\" height=\"537\" \/><\/p>\n<p><img loading=\"lazy\" decoding=\"async\" class=\"alignnone \" src=\"\/\/sc04.alicdn.com\/kf\/Hda592e69123a4692a2535631a1524d47i\/267605327\/Hda592e69123a4692a2535631a1524d47i.jpg\" width=\"538\" height=\"538\" \/><\/p>\n<p><img loading=\"lazy\" decoding=\"async\" class=\"alignnone \" src=\"\/\/sc04.alicdn.com\/kf\/He52caa61f9ad4a998f03b7f22bbe08e1w\/267605327\/He52caa61f9ad4a998f03b7f22bbe08e1w.jpg\" width=\"538\" height=\"425\" \/><\/p>\n<p><img loading=\"lazy\" decoding=\"async\" class=\"alignnone \" src=\"\/\/sc04.alicdn.com\/kf\/H8b909374860845abadd29f6408102947X\/267605327\/H8b909374860845abadd29f6408102947X.jpg\" width=\"536\" height=\"397\" \/><\/p>\n<p><img loading=\"lazy\" decoding=\"async\" class=\"alignnone \" src=\"\/\/sc04.alicdn.com\/kf\/Hda25a97544254350992672efbb1b13285\/267605327\/Hda25a97544254350992672efbb1b13285.jpg\" width=\"539\" height=\"377\" \/><\/p>\n<p><img loading=\"lazy\" decoding=\"async\" class=\"alignnone \" src=\"\/\/sc04.alicdn.com\/kf\/H4693869a4b494bf0a88f6dd6a23de846N\/267605327\/H4693869a4b494bf0a88f6dd6a23de846N.jpg\" width=\"538\" height=\"538\" \/><\/p>\n<p><img loading=\"lazy\" decoding=\"async\" class=\"alignnone \" src=\"\/\/sc04.alicdn.com\/kf\/H035c09a1c2fe415c84ba5ac33abc77d4a\/267605327\/H035c09a1c2fe415c84ba5ac33abc77d4a.jpg\" width=\"536\" height=\"329\" \/><\/p>\n<h3><strong>Specification<\/strong><\/h3>\n<hr style=\"border: 2px solid #000; margin-top: 5px; margin-bottom: 5px;\" \/>\n<div style=\"display: flex; background-color: #f2f2f2; padding: 10px; border-bottom: 1px solid #ddd;\">\n<div style=\"width: 40%; font-weight: bold;\">item<\/div>\n<div style=\"width: 60%;\">value<\/div>\n<\/div>\n<div style=\"display: flex; background-color: #ffffff; padding: 10px; border-bottom: 1px solid #ddd;\">\n<div style=\"width: 40%; font-weight: bold;\">Grade<\/div>\n<div style=\"width: 60%;\">DIY, Industrial<\/div>\n<\/div>\n<div style=\"display: flex; background-color: #f2f2f2; padding: 10px; border-bottom: 1px solid #ddd;\">\n<div style=\"width: 40%; font-weight: bold;\">Warranty<\/div>\n<div style=\"width: 60%;\">1 Year<\/div>\n<\/div>\n<div style=\"display: flex; background-color: #ffffff; padding: 10px; border-bottom: 1px solid #ddd;\">\n<div style=\"width: 40%; font-weight: bold;\">Engine Displacement<\/div>\n<div style=\"width: 60%;\">Other<\/div>\n<\/div>\n<div style=\"display: flex; background-color: #f2f2f2; padding: 10px; border-bottom: 1px solid #ddd;\">\n<div style=\"width: 40%; font-weight: bold;\">Power<\/div>\n<div style=\"width: 60%;\">600W<\/div>\n<\/div>\n<div style=\"display: flex; background-color: #ffffff; padding: 10px; border-bottom: 1px solid #ddd;\">\n<div style=\"width: 40%; font-weight: bold;\">Customized support<\/div>\n<div style=\"width: 60%;\">OEM, ODM<\/div>\n<\/div>\n<div style=\"display: flex; background-color: #f2f2f2; padding: 10px; border-bottom: 1px solid #ddd;\">\n<div style=\"width: 40%; font-weight: bold;\">Place of Origin<\/div>\n<div style=\"width: 60%;\">ZHE<\/div>\n<\/div>\n<div style=\"display: flex; background-color: #ffffff; padding: 10px; border-bottom: 1px solid #ddd;\">\n<div style=\"width: 40%; font-weight: bold;\">Brand Name<\/div>\n<div style=\"width: 60%;\">AMPMOUTDOOR<\/div>\n<\/div>\n<div style=\"display: flex; background-color: #f2f2f2; padding: 10px; border-bottom: 1px solid #ddd;\">\n<div style=\"width: 40%; font-weight: bold;\">Model Number<\/div>\n<div style=\"width: 60%;\">AP-CS-7000<\/div>\n<\/div>\n<div style=\"display: flex; background-color: #ffffff; padding: 10px; border-bottom: 1px solid #ddd;\">\n<div style=\"width: 40%; font-weight: bold;\">Feature<\/div>\n<div style=\"width: 60%;\">2-Stroke, 4-Stroke, Single Cylinder<\/div>\n<\/div>\n<div style=\"display: flex; background-color: #f2f2f2; padding: 10px; border-bottom: 1px solid #ddd;\">\n<div style=\"width: 40%; font-weight: bold;\">Power Source<\/div>\n<div style=\"width: 60%;\">Battery<\/div>\n<\/div>\n<h3><strong>FAQ<\/strong><\/h3>\n<hr style=\"border: 2px solid #000; margin-top: 5px; margin-bottom: 5px;\" \/>\n<p><b>1. who are we?<b><\/b><\/b><\/p>\n<p><b>2. how can we guarantee quality?<b><br \/>\nAlways a pre-production sample before mass production;<br \/>\nAlways final Inspection before shipment;<\/b><\/b><\/p>\n<p><b>3.what can you buy from us?<b><br \/>\nPortable Air Conditioners , RV Suppliers, Auto Lights\/Auto Parts<\/b><\/b><\/p>\n<p><b>4. why should you buy from us not from other suppliers?<b><br \/>\nVerified top supplier of Alibaba;One-stop solution of outdoor camping gears;16+ years Professional foreign trade experience;OEM\/ODM\/OBM service offered;100% payment security;Dropshipping services&#8230;<\/b><\/b><\/p>\n<p><b>5. what services can we provide?<b><br \/>\nAccepted Delivery Terms: FOB,CFR,CIF,EXW,FAS,CIP,FCA,CPT,DEQ,DDP,DDU,Express Delivery,DAF,DES\uff1b<br \/>\nAccepted Payment Currency:USD,EUR,JPY,CAD,AUD,HKD,GBP,CNY,CHF;<br \/>\nAccepted Payment Type: T\/T,L\/C,D\/P D\/A,MoneyGram,Credit Card,PayPal,Western Union,Cash,Escrow;<br \/>\nLanguage Spoken:English,Chinese,Spanish,Japanese,Portuguese,German,Arabic,French,Russian,Korean,Hindi,Italian <\/b><\/b><\/p>\n","protected":false},"excerpt":{"rendered":"<p>Description du produit Sp\u00e9cification valeur de l&#039;article Grade DIY, Industriel Garantie 1 an Cylindr\u00e9e du moteur Autre Puissance 600W Assistance personnalis\u00e9e OEM, ODM<\/p>","protected":false},"featured_media":29048,"comment_status":"open","ping_status":"closed","template":"","meta":[],"product_cat":[113,114,112],"product_tag":[],"class_list":{"0":"post-29049","1":"product","2":"type-product","3":"status-publish","4":"has-post-thumbnail","6":"product_cat-cutting-tools","7":"product_cat-electric-chainsaws","8":"product_cat-woodworking-tools","10":"first","11":"instock","12":"shipping-taxable","13":"purchasable","14":"product-type-simple"},"_links":{"self":[{"href":"https:\/\/meconstructionsupplies.com\/fr\/wp-json\/wp\/v2\/product\/29049","targetHints":{"allow":["GET"]}}],"collection":[{"href":"https:\/\/meconstructionsupplies.com\/fr\/wp-json\/wp\/v2\/product"}],"about":[{"href":"https:\/\/meconstructionsupplies.com\/fr\/wp-json\/wp\/v2\/types\/product"}],"replies":[{"embeddable":true,"href":"https:\/\/meconstructionsupplies.com\/fr\/wp-json\/wp\/v2\/comments?post=29049"}],"version-history":[{"count":5,"href":"https:\/\/meconstructionsupplies.com\/fr\/wp-json\/wp\/v2\/product\/29049\/revisions"}],"predecessor-version":[{"id":31343,"href":"https:\/\/meconstructionsupplies.com\/fr\/wp-json\/wp\/v2\/product\/29049\/revisions\/31343"}],"wp:featuredmedia":[{"embeddable":true,"href":"https:\/\/meconstructionsupplies.com\/fr\/wp-json\/wp\/v2\/media\/29048"}],"wp:attachment":[{"href":"https:\/\/meconstructionsupplies.com\/fr\/wp-json\/wp\/v2\/media?parent=29049"}],"wp:term":[{"taxonomy":"product_cat","embeddable":true,"href":"https:\/\/meconstructionsupplies.com\/fr\/wp-json\/wp\/v2\/product_cat?post=29049"},{"taxonomy":"product_tag","embeddable":true,"href":"https:\/\/meconstructionsupplies.com\/fr\/wp-json\/wp\/v2\/product_tag?post=29049"}],"curies":[{"name":"wp","href":"https:\/\/api.w.org\/{rel}","templated":true}]}}