{"id":29077,"date":"2024-11-16T02:46:57","date_gmt":"2024-11-16T02:46:57","guid":{"rendered":"https:\/\/meconstructionsupplies.com\/product\/1640w-110mm-tile-saw-electric-stone-cutting-machine-marble-saw\/"},"modified":"2024-12-02T08:11:34","modified_gmt":"2024-12-02T08:11:34","slug":"1640w-110mm-tile-saw-electric-stone-cutting-machine-marble-saw","status":"publish","type":"product","link":"https:\/\/meconstructionsupplies.com\/fr\/product\/1640w-110mm-tile-saw-electric-stone-cutting-machine-marble-saw\/","title":{"rendered":"Scie \u00e0 carrelage \u00e9lectrique 1640 W 110 mm pour d\u00e9coupe de pierre et de marbre"},"content":{"rendered":"<div style=\"width: 540px;\" class=\"wp-video\"><!--[if lt IE 9]><script>document.createElement('video');<\/script><![endif]-->\n<video class=\"wp-video-shortcode\" id=\"video-29077-1\" width=\"540\" height=\"960\" preload=\"metadata\" controls=\"controls\"><source type=\"video\/mp4\" src=\"\/\/play.video.alibaba.com\/play\/u\/2153292369\/p\/1\/e\/6\/t\/10300\/380238041367.mp4?_=1\" \/><a href=\"\/\/play.video.alibaba.com\/play\/u\/2153292369\/p\/1\/e\/6\/t\/10300\/380238041367.mp4\">\/\/play.video.alibaba.com\/play\/u\/2153292369\/p\/1\/e\/6\/t\/10300\/380238041367.mp4<\/a><\/video><\/div>\n<h3><strong>Product Description<\/strong><\/h3>\n<hr style=\"border: 2px solid #000; margin-top: 5px; margin-bottom: 5px;\" \/>\n<p><img fetchpriority=\"high\" decoding=\"async\" class=\"alignnone \" src=\"\/\/sc04.alicdn.com\/kf\/H5c3eeb32a702415cb4f09020976e6435V\/244149297\/H5c3eeb32a702415cb4f09020976e6435V.jpg\" width=\"535\" height=\"532\" \/><\/p>\n<p><img decoding=\"async\" class=\"alignnone \" src=\"https:\/\/sc01.alicdn.com\/kf\/H2dc152f89b1b4544b73b52b72f2d38cfG.jpg\" width=\"537\" height=\"537\" \/><\/p>\n<p><img decoding=\"async\" class=\"alignnone \" src=\"https:\/\/sc01.alicdn.com\/kf\/Hc7f4cb2586af4d268d5cf5521f90312cj.jpg\" width=\"536\" height=\"536\" \/><\/p>\n<p><img loading=\"lazy\" decoding=\"async\" class=\"alignnone \" src=\"https:\/\/sc01.alicdn.com\/kf\/H3e1be625065447c8bccdba9eb1b3d98av.jpg\" width=\"537\" height=\"537\" \/><\/p>\n<p><img loading=\"lazy\" decoding=\"async\" class=\"alignnone \" src=\"\/\/sc04.alicdn.com\/kf\/Hbd3b9fee651c4365b12e942ea158b95d3\/244149297\/Hbd3b9fee651c4365b12e942ea158b95d3.jpg\" width=\"537\" height=\"537\" \/><\/p>\n<p><img loading=\"lazy\" decoding=\"async\" class=\"alignnone \" src=\"\/\/sc04.alicdn.com\/kf\/Hd133ba1677024ee5b03dc9c49310cd214\/244149297\/Hd133ba1677024ee5b03dc9c49310cd214.jpg\" width=\"534\" height=\"534\" \/><\/p>\n<p><img loading=\"lazy\" decoding=\"async\" class=\"alignnone \" src=\"\/\/sc04.alicdn.com\/kf\/H89fd01426535426bbff2a10869fb5c0d9\/244149297\/H89fd01426535426bbff2a10869fb5c0d9.png\" width=\"534\" height=\"501\" \/><\/p>\n<p><img loading=\"lazy\" decoding=\"async\" class=\"alignnone \" src=\"\/\/sc04.alicdn.com\/kf\/H53809c843a1345efaee7e3c11bd78148x\/244149297\/H53809c843a1345efaee7e3c11bd78148x.jpg\" width=\"534\" height=\"534\" \/><\/p>\n<p><img loading=\"lazy\" decoding=\"async\" class=\"alignnone \" src=\"\/\/sc04.alicdn.com\/kf\/Hf0bd1343df4741f08c6a4f71a59ed9dbK\/244149297\/Hf0bd1343df4741f08c6a4f71a59ed9dbK.jpg\" width=\"537\" height=\"537\" \/><\/p>\n<p><img loading=\"lazy\" decoding=\"async\" class=\"alignnone \" src=\"\/\/sc04.alicdn.com\/kf\/H5ef4b8f707764f5b9ec49a3f203f24b5u\/244149297\/H5ef4b8f707764f5b9ec49a3f203f24b5u.jpg\" width=\"538\" height=\"739\" \/><\/p>\n<h3><strong>Specification<\/strong><\/h3>\n<hr style=\"border: 2px solid #000; margin-top: 5px; margin-bottom: 5px;\" \/>\n<div style=\"display: flex; background-color: #f2f2f2; padding: 10px; border-bottom: 1px solid #ddd;\">\n<div style=\"width: 40%; font-weight: bold;\">item<\/div>\n<div style=\"width: 60%;\">value<\/div>\n<\/div>\n<div style=\"display: flex; background-color: #ffffff; padding: 10px; border-bottom: 1px solid #ddd;\">\n<div style=\"width: 40%; font-weight: bold;\">Applicable Industries<\/div>\n<div style=\"width: 60%;\">Garment Shops, Manufacturing Plant, Farms, Retail, Construction works<\/div>\n<\/div>\n<div style=\"display: flex; background-color: #f2f2f2; padding: 10px; border-bottom: 1px solid #ddd;\">\n<div style=\"width: 40%; font-weight: bold;\">Showroom Location<\/div>\n<div style=\"width: 60%;\">Egypt, United States, Russia, Ukraine<\/div>\n<\/div>\n<div style=\"display: flex; background-color: #ffffff; padding: 10px; border-bottom: 1px solid #ddd;\">\n<div style=\"width: 40%; font-weight: bold;\">Condition<\/div>\n<div style=\"width: 60%;\">New<\/div>\n<\/div>\n<div style=\"display: flex; background-color: #f2f2f2; padding: 10px; border-bottom: 1px solid #ddd;\">\n<div style=\"width: 40%; font-weight: bold;\">Type<\/div>\n<div style=\"width: 60%;\">Stone Cutting Machine<\/div>\n<\/div>\n<div style=\"display: flex; background-color: #ffffff; padding: 10px; border-bottom: 1px solid #ddd;\">\n<div style=\"width: 40%; font-weight: bold;\">Use<\/div>\n<div style=\"width: 60%;\">both granite and marble<\/div>\n<\/div>\n<div style=\"display: flex; background-color: #f2f2f2; padding: 10px; border-bottom: 1px solid #ddd;\">\n<div style=\"width: 40%; font-weight: bold;\">Place of Origin<\/div>\n<div style=\"width: 60%;\">China<\/div>\n<\/div>\n<div style=\"display: flex; background-color: #ffffff; padding: 10px; border-bottom: 1px solid #ddd;\">\n<div style=\"width: 40%; font-weight: bold;\">Power<\/div>\n<div style=\"width: 60%;\">1.5 KW<\/div>\n<\/div>\n<div style=\"display: flex; background-color: #f2f2f2; padding: 10px; border-bottom: 1px solid #ddd;\">\n<div style=\"width: 40%; font-weight: bold;\">Warranty<\/div>\n<div style=\"width: 60%;\">1 Year<\/div>\n<\/div>\n<div style=\"display: flex; background-color: #ffffff; padding: 10px; border-bottom: 1px solid #ddd;\">\n<div style=\"width: 40%; font-weight: bold;\">Key Selling Points<\/div>\n<div style=\"width: 60%;\">High Productivity<\/div>\n<\/div>\n<div style=\"display: flex; background-color: #f2f2f2; padding: 10px; border-bottom: 1px solid #ddd;\">\n<div style=\"width: 40%; font-weight: bold;\">Cutting thickness (max)<\/div>\n<div style=\"width: 60%;\">30mm<\/div>\n<\/div>\n<div style=\"display: flex; background-color: #ffffff; padding: 10px; border-bottom: 1px solid #ddd;\">\n<div style=\"width: 40%; font-weight: bold;\">Machinery Test Report<\/div>\n<div style=\"width: 60%;\">Provided<\/div>\n<\/div>\n<div style=\"display: flex; background-color: #f2f2f2; padding: 10px; border-bottom: 1px solid #ddd;\">\n<div style=\"width: 40%; font-weight: bold;\">Video outgoing-inspection<\/div>\n<div style=\"width: 60%;\">Provided<\/div>\n<\/div>\n<div style=\"display: flex; background-color: #ffffff; padding: 10px; border-bottom: 1px solid #ddd;\">\n<div style=\"width: 40%; font-weight: bold;\">Marketing Type<\/div>\n<div style=\"width: 60%;\">Hot Product 2019<\/div>\n<\/div>\n<div style=\"display: flex; background-color: #f2f2f2; padding: 10px; border-bottom: 1px solid #ddd;\">\n<div style=\"width: 40%; font-weight: bold;\">Warranty of core components<\/div>\n<div style=\"width: 60%;\">1 Year<\/div>\n<\/div>\n<div style=\"display: flex; background-color: #ffffff; padding: 10px; border-bottom: 1px solid #ddd;\">\n<div style=\"width: 40%; font-weight: bold;\">Core Components<\/div>\n<div style=\"width: 60%;\">Motor, PLC<\/div>\n<\/div>\n<div style=\"display: flex; background-color: #f2f2f2; padding: 10px; border-bottom: 1px solid #ddd;\">\n<div style=\"width: 40%; font-weight: bold;\">Product name<\/div>\n<div style=\"width: 60%;\">Marble Cutter Machine<\/div>\n<\/div>\n<div style=\"display: flex; background-color: #ffffff; padding: 10px; border-bottom: 1px solid #ddd;\">\n<div style=\"width: 40%; font-weight: bold;\">Controller<\/div>\n<div style=\"width: 60%;\">Brushless controller<\/div>\n<\/div>\n<div style=\"display: flex; background-color: #f2f2f2; padding: 10px; border-bottom: 1px solid #ddd;\">\n<div style=\"width: 40%; font-weight: bold;\">Brake system<\/div>\n<div style=\"width: 60%;\">Electro-Magnetic+Disc Mechanical<\/div>\n<\/div>\n<div style=\"display: flex; background-color: #ffffff; padding: 10px; border-bottom: 1px solid #ddd;\">\n<div style=\"width: 40%; font-weight: bold;\">After-sales Service Provided<\/div>\n<div style=\"width: 60%;\">Video Technical Support<\/div>\n<\/div>\n<div style=\"display: flex; background-color: #f2f2f2; padding: 10px; border-bottom: 1px solid #ddd;\">\n<div style=\"width: 40%; font-weight: bold;\">Motor and driver<\/div>\n<div style=\"width: 60%;\">Driver<\/div>\n<\/div>\n<div style=\"display: flex; background-color: #ffffff; padding: 10px; border-bottom: 1px solid #ddd;\">\n<div style=\"width: 40%; font-weight: bold;\">Charger Voltage<\/div>\n<div style=\"width: 60%;\">110V~240V 50-60Hz<\/div>\n<\/div>\n<div style=\"display: flex; background-color: #f2f2f2; padding: 10px; border-bottom: 1px solid #ddd;\">\n<div style=\"width: 40%; font-weight: bold;\">Cutting materials<\/div>\n<div style=\"width: 60%;\">Stone Marble Granite Tile<\/div>\n<\/div>\n<div style=\"display: flex; background-color: #ffffff; padding: 10px; border-bottom: 1px solid #ddd;\">\n<div style=\"width: 40%; font-weight: bold;\">Material<\/div>\n<div style=\"width: 60%;\">Sheet metal+Aluminium alloy<\/div>\n<\/div>\n<div style=\"display: flex; background-color: #f2f2f2; padding: 10px; border-bottom: 1px solid #ddd;\">\n<div style=\"width: 40%; font-weight: bold;\">Headlamp led tail lamp<\/div>\n<div style=\"width: 60%;\">Yes<\/div>\n<\/div>\n<div style=\"display: flex; background-color: #ffffff; padding: 10px; border-bottom: 1px solid #ddd;\">\n<div style=\"width: 40%; font-weight: bold;\">Function<\/div>\n<div style=\"width: 60%;\">Stone Engraving Carving Cutting<\/div>\n<\/div>\n<h3><strong>Packing &amp; Delivery<\/strong><\/h3>\n<hr style=\"border: 2px solid #000; margin-top: 5px; margin-bottom: 5px;\" \/>\n<p><img loading=\"lazy\" decoding=\"async\" class=\"alignnone \" src=\"\/\/sc04.alicdn.com\/kf\/Hf0bd1343df4741f08c6a4f71a59ed9dbK\/244149297\/Hf0bd1343df4741f08c6a4f71a59ed9dbK.jpg\" width=\"534\" height=\"534\" \/><\/p>\n<p>&nbsp;<\/p>\n<p>1pcs \/ Color box,<\/p>\n<h3><strong>Company Profile<\/strong><\/h3>\n<hr style=\"border: 2px solid #000; margin-top: 5px; margin-bottom: 5px;\" \/>\n<p><img loading=\"lazy\" decoding=\"async\" class=\"alignnone \" src=\"https:\/\/sc01.alicdn.com\/kf\/H762ac1e10f5a4e25962fd2b60aa68741k.jpg\" width=\"537\" height=\"370\" \/><\/p>\n<h3><strong>FAQ<\/strong><\/h3>\n<hr style=\"border: 2px solid #000; margin-top: 5px; margin-bottom: 5px;\" \/>\n<p><b>1. who are we?<b><\/b><\/b><\/p>\n<p><b>2. how can we guarantee quality?<b><br \/>\nAlways a pre-production sample before mass production;<br \/>\nAlways final Inspection before shipment;<\/b><\/b><\/p>\n<p><b>3.what can you buy from us?<b><br \/>\nwire saw,Hydraulic Press,crane,stone crusher,Cutting Machine<\/b><\/b><\/p>\n<p><b>4. why should you buy from us not from other suppliers?<b><br \/>\nService for B2C sellers with 19 years&#8217; experienceCustomized service | Free samples available | Obtained CE and RoHS certifications<\/b><\/b><\/p>\n<p><b>5. what services can we provide?<b><br \/>\nAccepted Delivery Terms: FOB,CFR,CIF,EXW,FCA,DDP,DAF\uff1b<br \/>\nAccepted Payment Currency:USD,EUR,JPY,CAD,AUD,HKD,GBP,CNY,CHF;<br \/>\nAccepted Payment Type: T\/T,L\/C,D\/P D\/A,MoneyGram,Credit Card,PayPal,Western Union,Cash,Escrow;<br \/>\nLanguage Spoken:English,Chinese,Spanish,Japanese,Portuguese,German,Arabic,French,Russian,Korean,Hindi,Italian <\/b><\/b><\/p>\n","protected":false},"excerpt":{"rendered":"<p>Description du produit Sp\u00e9cification valeur de l&#039;article Industries applicables Magasins de v\u00eatements, Usine de fabrication, Fermes, Vente au d\u00e9tail, Travaux de construction Emplacement de la salle d&#039;exposition \u00c9gypte, \u00c9tats-Unis,<\/p>","protected":false},"featured_media":29076,"comment_status":"open","ping_status":"closed","template":"","meta":[],"product_cat":[113,115,112],"product_tag":[],"class_list":{"0":"post-29077","1":"product","2":"type-product","3":"status-publish","4":"has-post-thumbnail","6":"product_cat-cutting-tools","7":"product_cat-marble-cutters","8":"product_cat-woodworking-tools","10":"first","11":"instock","12":"shipping-taxable","13":"purchasable","14":"product-type-simple"},"_links":{"self":[{"href":"https:\/\/meconstructionsupplies.com\/fr\/wp-json\/wp\/v2\/product\/29077","targetHints":{"allow":["GET"]}}],"collection":[{"href":"https:\/\/meconstructionsupplies.com\/fr\/wp-json\/wp\/v2\/product"}],"about":[{"href":"https:\/\/meconstructionsupplies.com\/fr\/wp-json\/wp\/v2\/types\/product"}],"replies":[{"embeddable":true,"href":"https:\/\/meconstructionsupplies.com\/fr\/wp-json\/wp\/v2\/comments?post=29077"}],"version-history":[{"count":3,"href":"https:\/\/meconstructionsupplies.com\/fr\/wp-json\/wp\/v2\/product\/29077\/revisions"}],"predecessor-version":[{"id":31348,"href":"https:\/\/meconstructionsupplies.com\/fr\/wp-json\/wp\/v2\/product\/29077\/revisions\/31348"}],"wp:featuredmedia":[{"embeddable":true,"href":"https:\/\/meconstructionsupplies.com\/fr\/wp-json\/wp\/v2\/media\/29076"}],"wp:attachment":[{"href":"https:\/\/meconstructionsupplies.com\/fr\/wp-json\/wp\/v2\/media?parent=29077"}],"wp:term":[{"taxonomy":"product_cat","embeddable":true,"href":"https:\/\/meconstructionsupplies.com\/fr\/wp-json\/wp\/v2\/product_cat?post=29077"},{"taxonomy":"product_tag","embeddable":true,"href":"https:\/\/meconstructionsupplies.com\/fr\/wp-json\/wp\/v2\/product_tag?post=29077"}],"curies":[{"name":"wp","href":"https:\/\/api.w.org\/{rel}","templated":true}]}}