{"id":29112,"date":"2024-11-16T02:56:47","date_gmt":"2024-11-16T02:56:47","guid":{"rendered":"https:\/\/meconstructionsupplies.com\/product\/hanbon-235mm-185mm-electric-wood-circular-saw-electric-wood-cutting-machine\/"},"modified":"2024-12-02T08:11:34","modified_gmt":"2024-12-02T08:11:34","slug":"hanbon-235mm-185mm-electric-wood-circular-saw-electric-wood-cutting-machine","status":"publish","type":"product","link":"https:\/\/meconstructionsupplies.com\/fr\/product\/hanbon-235mm-185mm-electric-wood-circular-saw-electric-wood-cutting-machine\/","title":{"rendered":"Scie circulaire \u00e0 bois \u00e9lectrique HANBON 235 mm 185 mm Machine de d\u00e9coupe de bois \u00e9lectrique"},"content":{"rendered":"<div style=\"width: 540px;\" class=\"wp-video\"><!--[if lt IE 9]><script>document.createElement('video');<\/script><![endif]-->\n<video class=\"wp-video-shortcode\" id=\"video-29112-1\" width=\"540\" height=\"960\" preload=\"metadata\" controls=\"controls\"><source type=\"video\/mp4\" src=\"\/\/play.video.alibaba.com\/play\/u\/2153292369\/p\/1\/e\/6\/t\/10300\/370574312431.mp4?_=1\" \/><a href=\"\/\/play.video.alibaba.com\/play\/u\/2153292369\/p\/1\/e\/6\/t\/10300\/370574312431.mp4\">\/\/play.video.alibaba.com\/play\/u\/2153292369\/p\/1\/e\/6\/t\/10300\/370574312431.mp4<\/a><\/video><\/div>\n<h3><strong>Product Description<\/strong><\/h3>\n<hr style=\"border: 2px solid #000; margin-top: 5px; margin-bottom: 5px;\" \/>\n<p><img fetchpriority=\"high\" decoding=\"async\" class=\"alignnone \" src=\"\/\/sc04.alicdn.com\/kf\/H12ebf2f2eb734b3dad19add2c0fbab9fb\/224683501\/H12ebf2f2eb734b3dad19add2c0fbab9fb.jpg\" width=\"538\" height=\"538\" \/><\/p>\n<p><img decoding=\"async\" class=\"alignnone \" src=\"\/\/sc04.alicdn.com\/kf\/Af9873c11be444ba2be3fb6376cf678d64\/224683501\/Af9873c11be444ba2be3fb6376cf678d64.jpg\" width=\"536\" height=\"536\" \/><\/p>\n<p><img decoding=\"async\" class=\"alignnone \" src=\"\/\/sc04.alicdn.com\/kf\/A67339d660cc74f42b7d6d8164b1632aam\/224683501\/A67339d660cc74f42b7d6d8164b1632aam.jpg\" width=\"537\" height=\"537\" \/><\/p>\n<p><img loading=\"lazy\" decoding=\"async\" class=\"alignnone \" src=\"\/\/sc04.alicdn.com\/kf\/A7b00fea7edac4a15a290f6ae080ad2c6N\/224683501\/A7b00fea7edac4a15a290f6ae080ad2c6N.jpg\" width=\"537\" height=\"537\" \/><\/p>\n<p><img loading=\"lazy\" decoding=\"async\" class=\"alignnone \" src=\"\/\/sc04.alicdn.com\/kf\/A74c3661cfd534866a6cf5cd96096fee8A\/224683501\/A74c3661cfd534866a6cf5cd96096fee8A.jpg\" width=\"538\" height=\"538\" \/><\/p>\n<p><img loading=\"lazy\" decoding=\"async\" class=\"alignnone \" src=\"\/\/sc04.alicdn.com\/kf\/A8fbd6d15fcbd40f993b607f569945a46v\/224683501\/A8fbd6d15fcbd40f993b607f569945a46v.jpg\" width=\"539\" height=\"539\" \/><\/p>\n<h3><strong>Specification<\/strong><\/h3>\n<hr style=\"border: 2px solid #000; margin-top: 5px; margin-bottom: 5px;\" \/>\n<div style=\"display: flex; background-color: #f2f2f2; padding: 10px; border-bottom: 1px solid #ddd;\">\n<div style=\"width: 40%; font-weight: bold;\">Model<\/div>\n<div style=\"width: 60%;\">140601<\/div>\n<\/div>\n<div style=\"display: flex; background-color: #ffffff; padding: 10px; border-bottom: 1px solid #ddd;\">\n<div style=\"width: 40%; font-weight: bold;\">Power<\/div>\n<div style=\"width: 60%;\">1450W<\/div>\n<\/div>\n<div style=\"display: flex; background-color: #f2f2f2; padding: 10px; border-bottom: 1px solid #ddd;\">\n<div style=\"width: 40%; font-weight: bold;\">Speed<\/div>\n<div style=\"width: 60%;\">5000R\/min<\/div>\n<\/div>\n<div style=\"display: flex; background-color: #ffffff; padding: 10px; border-bottom: 1px solid #ddd;\">\n<div style=\"width: 40%; font-weight: bold;\">Blade<\/div>\n<div style=\"width: 60%;\">185mm<\/div>\n<\/div>\n<div style=\"display: flex; background-color: #f2f2f2; padding: 10px; border-bottom: 1px solid #ddd;\">\n<div style=\"width: 40%; font-weight: bold;\">N.W.<\/div>\n<div style=\"width: 60%;\">4.0kg<\/div>\n<\/div>\n<div style=\"display: flex; background-color: #ffffff; padding: 10px; border-bottom: 1px solid #ddd;\">\n<div style=\"width: 40%; font-weight: bold;\">Features<\/div>\n<div style=\"width: 60%;\">1. 1450W high power;2. Copper motor with high temperature resistance;<br \/>\n3. High strength aluminum shell;<br \/>\n4. Adjustable bottom plate to meet your multiangel degree work.<\/div>\n<\/div>\n<h3><strong>Packing &amp; Delivery<\/strong><\/h3>\n<hr style=\"border: 2px solid #000; margin-top: 5px; margin-bottom: 5px;\" \/>\n<p><img loading=\"lazy\" decoding=\"async\" class=\"alignnone \" src=\"\/\/sc04.alicdn.com\/kf\/H9dc5f3f2997f450fb8db5530695749a5F\/224683501\/H9dc5f3f2997f450fb8db5530695749a5F.jpg\" width=\"536\" height=\"536\" \/><\/p>\n<p><img loading=\"lazy\" decoding=\"async\" class=\"alignnone \" src=\"\/\/sc04.alicdn.com\/kf\/H0ff7944fee9740e786b6095374a20776X\/224683501\/H0ff7944fee9740e786b6095374a20776X.jpg\" width=\"538\" height=\"717\" \/><\/p>\n<p><img loading=\"lazy\" decoding=\"async\" class=\"alignnone size-medium\" src=\"\/\/sc04.alicdn.com\/kf\/H15be26d7bde943579de10e98622b579fL\/224683501\/H15be26d7bde943579de10e98622b579fL.jpg\" width=\"640\" height=\"560\" \/><\/p>\n<p>To better ensure the safety of your goods, professional, environmentally friendly, convenient and efficient packaging services will be provided.<\/p>\n<h3><strong>Exhibition<\/strong><\/h3>\n<hr style=\"border: 2px solid #000; margin-top: 5px; margin-bottom: 5px;\" \/>\n<p><img loading=\"lazy\" decoding=\"async\" class=\"alignnone \" src=\"\/\/sc04.alicdn.com\/kf\/H4e6ff14895ed4487b4baa5e762f4e458n\/224683501\/H4e6ff14895ed4487b4baa5e762f4e458n.jpg\" width=\"537\" height=\"509\" \/><\/p>\n<h3><strong>Recommend Products<\/strong><\/h3>\n<hr style=\"border: 2px solid #000; margin-top: 5px; margin-bottom: 5px;\" \/>\n<p><img loading=\"lazy\" decoding=\"async\" class=\"alignnone \" src=\"\/\/sc04.alicdn.com\/kf\/Hcff79be03d624d868d53cfee22cbc9c2w\/224683501\/Hcff79be03d624d868d53cfee22cbc9c2w.jpg\" width=\"538\" height=\"560\" \/><\/p>\n<h3><strong>Manufacturing Technique<\/strong><\/h3>\n<hr style=\"border: 2px solid #000; margin-top: 5px; margin-bottom: 5px;\" \/>\n<p><img loading=\"lazy\" decoding=\"async\" class=\"alignnone \" src=\"\/\/sc04.alicdn.com\/kf\/H635a334b093642e88fc271cc154e0e16M\/224683501\/H635a334b093642e88fc271cc154e0e16M.png\" width=\"540\" height=\"258\" \/><\/p>\n","protected":false},"excerpt":{"rendered":"<p>Description du produit Sp\u00e9cification Mod\u00e8le 140601 Puissance 1450W Vitesse 5000R\/min Lame 185mm NW 4.0kg Caract\u00e9ristiques 1. 1450W haute puissance ; 2. Moteur en cuivre<\/p>","protected":false},"featured_media":29111,"comment_status":"open","ping_status":"closed","template":"","meta":[],"product_cat":[116,113,112],"product_tag":[],"class_list":{"0":"post-29112","1":"product","2":"type-product","3":"status-publish","4":"has-post-thumbnail","6":"product_cat-circular-saws","7":"product_cat-cutting-tools","8":"product_cat-woodworking-tools","10":"first","11":"instock","12":"shipping-taxable","13":"purchasable","14":"product-type-simple"},"_links":{"self":[{"href":"https:\/\/meconstructionsupplies.com\/fr\/wp-json\/wp\/v2\/product\/29112","targetHints":{"allow":["GET"]}}],"collection":[{"href":"https:\/\/meconstructionsupplies.com\/fr\/wp-json\/wp\/v2\/product"}],"about":[{"href":"https:\/\/meconstructionsupplies.com\/fr\/wp-json\/wp\/v2\/types\/product"}],"replies":[{"embeddable":true,"href":"https:\/\/meconstructionsupplies.com\/fr\/wp-json\/wp\/v2\/comments?post=29112"}],"version-history":[{"count":3,"href":"https:\/\/meconstructionsupplies.com\/fr\/wp-json\/wp\/v2\/product\/29112\/revisions"}],"predecessor-version":[{"id":31351,"href":"https:\/\/meconstructionsupplies.com\/fr\/wp-json\/wp\/v2\/product\/29112\/revisions\/31351"}],"wp:featuredmedia":[{"embeddable":true,"href":"https:\/\/meconstructionsupplies.com\/fr\/wp-json\/wp\/v2\/media\/29111"}],"wp:attachment":[{"href":"https:\/\/meconstructionsupplies.com\/fr\/wp-json\/wp\/v2\/media?parent=29112"}],"wp:term":[{"taxonomy":"product_cat","embeddable":true,"href":"https:\/\/meconstructionsupplies.com\/fr\/wp-json\/wp\/v2\/product_cat?post=29112"},{"taxonomy":"product_tag","embeddable":true,"href":"https:\/\/meconstructionsupplies.com\/fr\/wp-json\/wp\/v2\/product_tag?post=29112"}],"curies":[{"name":"wp","href":"https:\/\/api.w.org\/{rel}","templated":true}]}}