{"id":29157,"date":"2024-11-16T03:09:13","date_gmt":"2024-11-16T03:09:13","guid":{"rendered":"https:\/\/meconstructionsupplies.com\/product\/wholesale-by-manufacturer-electric-wood-trimmer-machine-220v-trimmer-6mm-electric-wood-trimmer\/"},"modified":"2024-12-02T08:11:12","modified_gmt":"2024-12-02T08:11:12","slug":"wholesale-by-manufacturer-electric-wood-trimmer-machine-220v-trimmer-6mm-electric-wood-trimmer","status":"publish","type":"product","link":"https:\/\/meconstructionsupplies.com\/fr\/product\/wholesale-by-manufacturer-electric-wood-trimmer-machine-220v-trimmer-6mm-electric-wood-trimmer\/","title":{"rendered":"Vente en gros par fabricant Machine \u00e0 tailler le bois \u00e9lectrique 220v Tondeuse Tondeuse \u00e0 bois \u00e9lectrique 6 mm"},"content":{"rendered":"<p>&nbsp;<\/p>\n<h3><strong>Description des produits<\/strong><\/h3>\n<hr style=\"border: 2px solid #000; margin-top: 5px; margin-bottom: 5px;\" \/>\n<p><img fetchpriority=\"high\" decoding=\"async\" class=\"alignnone\" src=\"\/\/sc04.alicdn.com\/kf\/Hf61ea066d2c54675847c2c52c8fbd3f5c\/268131551\/Hf61ea066d2c54675847c2c52c8fbd3f5c.jpg\" width=\"535\" height=\"864\" \/><\/p>\n<h3><strong>Product Parameter<\/strong><\/h3>\n<hr style=\"border: 2px solid #000; margin-top: 5px; margin-bottom: 5px;\" \/>\n<div style=\"display: flex; background-color: #f2f2f2; padding: 10px; border-bottom: 1px solid #ddd;\">\n<div style=\"width: 40%; font-weight: bold;\">Nom du produit<\/div>\n<div style=\"width: 60%;\">Wood Trimmer<\/div>\n<\/div>\n<div style=\"display: flex; background-color: #ffffff; padding: 10px; border-bottom: 1px solid #ddd;\">\n<div style=\"width: 40%; font-weight: bold;\">Brand<\/div>\n<div style=\"width: 60%;\">X-Force<\/div>\n<\/div>\n<div style=\"display: flex; background-color: #f2f2f2; padding: 10px; border-bottom: 1px solid #ddd;\">\n<div style=\"width: 40%; font-weight: bold;\">Mod\u00e8le<\/div>\n<div style=\"width: 60%;\">WS-XF3709A<\/div>\n<\/div>\n<div style=\"display: flex; background-color: #ffffff; padding: 10px; border-bottom: 1px solid #ddd;\">\n<div style=\"width: 40%; font-weight: bold;\">Tension<\/div>\n<div style=\"width: 60%;\">110V-220V<\/div>\n<\/div>\n<div style=\"display: flex; background-color: #f2f2f2; padding: 10px; border-bottom: 1px solid #ddd;\">\n<div style=\"width: 40%; font-weight: bold;\">Frequency<\/div>\n<div style=\"width: 60%;\">50-60Hz<\/div>\n<\/div>\n<div style=\"display: flex; background-color: #ffffff; padding: 10px; border-bottom: 1px solid #ddd;\">\n<div style=\"width: 40%; font-weight: bold;\">Pouvoir<\/div>\n<div style=\"width: 60%;\">710W<\/div>\n<\/div>\n<div style=\"display: flex; background-color: #f2f2f2; padding: 10px; border-bottom: 1px solid #ddd;\">\n<div style=\"width: 40%; font-weight: bold;\">Vitesse \u00e0 vide<\/div>\n<div style=\"width: 60%;\">3000-28000r\/min<\/div>\n<\/div>\n<div style=\"display: flex; background-color: #ffffff; padding: 10px; border-bottom: 1px solid #ddd;\">\n<div style=\"width: 40%; font-weight: bold;\">Collet Chuck<\/div>\n<div style=\"width: 60%;\">6mm<\/div>\n<\/div>\n<div style=\"display: flex; background-color: #f2f2f2; padding: 10px; border-bottom: 1px solid #ddd;\">\n<div style=\"width: 40%; font-weight: bold;\">Application<\/div>\n<div style=\"width: 60%;\">Cutting Wood<\/div>\n<\/div>\n<div style=\"display: flex; background-color: #ffffff; padding: 10px; border-bottom: 1px solid #ddd;\">\n<div style=\"width: 40%; font-weight: bold;\">OEM<\/div>\n<div style=\"width: 60%;\">300PCS<\/div>\n<\/div>\n<div style=\"display: flex; background-color: #f2f2f2; padding: 10px; border-bottom: 1px solid #ddd;\">\n<div style=\"width: 40%; font-weight: bold;\">Couleur<\/div>\n<div style=\"width: 60%;\">Orange\/Red\/Blue<\/div>\n<\/div>\n<h3><strong>List of functions<\/strong><\/h3>\n<hr style=\"border: 2px solid #000; margin-top: 5px; margin-bottom: 5px;\" \/>\n<p><img decoding=\"async\" class=\"alignnone\" src=\"\/\/sc04.alicdn.com\/kf\/Hc2ae492132fa4303b97a9b699846c8ccm\/268131551\/Hc2ae492132fa4303b97a9b699846c8ccm.jpg\" width=\"537\" height=\"905\" \/><\/p>\n<p><img decoding=\"async\" class=\"alignnone\" src=\"\/\/sc04.alicdn.com\/kf\/H3cfd5b1955c540d5854ddc2bd7e8151fU\/268131551\/H3cfd5b1955c540d5854ddc2bd7e8151fU.jpg\" width=\"535\" height=\"1030\" \/><\/p>\n<p><img loading=\"lazy\" decoding=\"async\" class=\"alignnone\" src=\"\/\/sc04.alicdn.com\/kf\/H586fff8f9cc5418f90193af41db609bcJ\/268131551\/H586fff8f9cc5418f90193af41db609bcJ.jpg\" width=\"537\" height=\"988\" \/><\/p>\n<p><img loading=\"lazy\" decoding=\"async\" class=\"alignnone\" src=\"\/\/sc04.alicdn.com\/kf\/Ha60936067f854e80b7106c033ac4448bU\/268131551\/Ha60936067f854e80b7106c033ac4448bU.jpg\" width=\"536\" height=\"879\" \/><\/p>\n<p><img loading=\"lazy\" decoding=\"async\" class=\"alignnone\" src=\"\/\/sc04.alicdn.com\/kf\/H6e01063e1a2d43d0b4b70a0f073da8a2p\/268131551\/H6e01063e1a2d43d0b4b70a0f073da8a2p.jpg\" width=\"535\" height=\"559\" \/><\/p>\n<h3><strong>About Us<\/strong><\/h3>\n<hr style=\"border: 2px solid #000; margin-top: 5px; margin-bottom: 5px;\" \/>\n<p><img loading=\"lazy\" decoding=\"async\" class=\"alignnone\" src=\"\/\/sc04.alicdn.com\/kf\/H7b1363604b9c4dc0bf6a44dd149066fcD\/268131551\/H7b1363604b9c4dc0bf6a44dd149066fcD.jpg\" width=\"538\" height=\"662\" \/><\/p>\n<p><img loading=\"lazy\" decoding=\"async\" class=\"alignnone\" src=\"\/\/sc04.alicdn.com\/kf\/H00998e8fd5c74f5aae56a4b1ca0ce38en\/268131551\/H00998e8fd5c74f5aae56a4b1ca0ce38en.jpg\" width=\"537\" height=\"742\" \/><\/p>\n<p><img loading=\"lazy\" decoding=\"async\" class=\"alignnone\" src=\"\/\/sc04.alicdn.com\/kf\/H25bd0ac0f0ac4b958d803c7e40e673bdA\/268131551\/H25bd0ac0f0ac4b958d803c7e40e673bdA.jpg\" width=\"537\" height=\"775\" \/><\/p>\n<p><img loading=\"lazy\" decoding=\"async\" class=\"alignnone\" src=\"\/\/sc04.alicdn.com\/kf\/H8111383996894e4683a35e5ac3d73432N\/268131551\/H8111383996894e4683a35e5ac3d73432N.jpg\" width=\"536\" height=\"410\" \/><\/p>\n<h3><strong>FAQ<\/strong><\/h3>\n<hr style=\"border: 2px solid #000; margin-top: 5px; margin-bottom: 5px;\" \/>\n<p><img loading=\"lazy\" decoding=\"async\" class=\"alignnone\" src=\"\/\/sc04.alicdn.com\/kf\/H8b15220b018a40e0978aff92f0d00ca2U\/268131551\/H8b15220b018a40e0978aff92f0d00ca2U.jpg\" width=\"535\" height=\"178\" \/><\/p>","protected":false},"excerpt":{"rendered":"<p>&nbsp; Description des produits Param\u00e8tre du produit Nom du produit Tondeuse \u00e0 bois Marque X-Force Mod\u00e8le WS-XF3709A Tension 110V-220V Fr\u00e9quence 50-60Hz Puissance 710W Sans charge<\/p>","protected":false},"featured_media":29156,"comment_status":"open","ping_status":"closed","template":"","meta":[],"product_cat":[113,118,112],"product_tag":[],"class_list":{"0":"post-29157","1":"product","2":"type-product","3":"status-publish","4":"has-post-thumbnail","6":"product_cat-cutting-tools","7":"product_cat-edge-trimmers","8":"product_cat-woodworking-tools","10":"first","11":"instock","12":"shipping-taxable","13":"purchasable","14":"product-type-simple"},"_links":{"self":[{"href":"https:\/\/meconstructionsupplies.com\/fr\/wp-json\/wp\/v2\/product\/29157","targetHints":{"allow":["GET"]}}],"collection":[{"href":"https:\/\/meconstructionsupplies.com\/fr\/wp-json\/wp\/v2\/product"}],"about":[{"href":"https:\/\/meconstructionsupplies.com\/fr\/wp-json\/wp\/v2\/types\/product"}],"replies":[{"embeddable":true,"href":"https:\/\/meconstructionsupplies.com\/fr\/wp-json\/wp\/v2\/comments?post=29157"}],"version-history":[{"count":3,"href":"https:\/\/meconstructionsupplies.com\/fr\/wp-json\/wp\/v2\/product\/29157\/revisions"}],"predecessor-version":[{"id":31355,"href":"https:\/\/meconstructionsupplies.com\/fr\/wp-json\/wp\/v2\/product\/29157\/revisions\/31355"}],"wp:featuredmedia":[{"embeddable":true,"href":"https:\/\/meconstructionsupplies.com\/fr\/wp-json\/wp\/v2\/media\/29156"}],"wp:attachment":[{"href":"https:\/\/meconstructionsupplies.com\/fr\/wp-json\/wp\/v2\/media?parent=29157"}],"wp:term":[{"taxonomy":"product_cat","embeddable":true,"href":"https:\/\/meconstructionsupplies.com\/fr\/wp-json\/wp\/v2\/product_cat?post=29157"},{"taxonomy":"product_tag","embeddable":true,"href":"https:\/\/meconstructionsupplies.com\/fr\/wp-json\/wp\/v2\/product_tag?post=29157"}],"curies":[{"name":"wp","href":"https:\/\/api.w.org\/{rel}","templated":true}]}}