{"id":29215,"date":"2024-11-16T03:25:58","date_gmt":"2024-11-16T03:25:58","guid":{"rendered":"https:\/\/meconstructionsupplies.com\/product\/multifunctional-vertical-and-horizontal-large-industrial-belt-sander-for-wood-and-metal\/"},"modified":"2024-12-02T08:11:12","modified_gmt":"2024-12-02T08:11:12","slug":"multifunctional-vertical-and-horizontal-large-industrial-belt-sander-for-wood-and-metal","status":"publish","type":"product","link":"https:\/\/meconstructionsupplies.com\/fr\/product\/multifunctional-vertical-and-horizontal-large-industrial-belt-sander-for-wood-and-metal\/","title":{"rendered":"Ponceuse \u00e0 bande industrielle multifonctionnelle verticale et horizontale de grande taille pour bois et m\u00e9tal"},"content":{"rendered":"<div style=\"width: 540px;\" class=\"wp-video\"><!--[if lt IE 9]><script>document.createElement('video');<\/script><![endif]-->\n<video class=\"wp-video-shortcode\" id=\"video-29215-1\" width=\"540\" height=\"960\" preload=\"metadata\" controls=\"controls\"><source type=\"video\/mp4\" src=\"\/\/play.video.alibaba.com\/play\/u\/2153292369\/p\/1\/e\/6\/t\/10300\/344531775467.mp4?_=1\" \/><a href=\"\/\/play.video.alibaba.com\/play\/u\/2153292369\/p\/1\/e\/6\/t\/10300\/344531775467.mp4\">\/\/play.video.alibaba.com\/play\/u\/2153292369\/p\/1\/e\/6\/t\/10300\/344531775467.mp4<\/a><\/video><\/div>\n<p style=\"text-align: center;\">\u00a0<span style=\"font-family: 'times new roman', times; font-size: 18px;\"><em><strong>Vertical knife abrasive belt grinder grinding machine manufacturer<\/strong><\/em><\/span><\/p>\n<div id=\"ali-anchor-AliPostDhMb-whre3\" class=\"mceSectionContainer\" style=\"padding-top: 8px;\" data-section=\"AliPostDhMb-whre3\" data-section-title=\"Specifications\">\n<div id=\"ali-title-AliPostDhMb-whre3\" style=\"padding: 8px 0; border-bottom: 1px solid #ddd;\"><span style=\"background-color: #ddd; color: #333; font-weight: bold; padding: 8px 10px; line-height: 12px;\">Specifications<\/span><\/div>\n<div style=\"padding: 10px 0;\">\n<div>\n<div style=\"display: flex; background-color: #f2f2f2; padding: 10px; border-bottom: 1px solid #ddd;\">\n<div style=\"width: 40%; font-weight: bold;\">Application<\/div>\n<div style=\"width: 60%;\">Metal hardware grinding<\/div>\n<\/div>\n<div style=\"display: flex; background-color: #e9ecef; padding: 10px; border-bottom: 1px solid #ddd;\">\n<div style=\"width: 40%; font-weight: bold;\">Abrasive belt dimensions<\/div>\n<div style=\"width: 60%;\">2100*50mm,1800*50 mm<\/div>\n<\/div>\n<div style=\"display: flex; background-color: #f2f2f2; padding: 10px; border-bottom: 1px solid #ddd;\">\n<div style=\"width: 40%; font-weight: bold;\">Abrasive belt motor power<\/div>\n<div style=\"width: 60%;\">1.5\/2.2 kw(variable frequency drive)<\/div>\n<\/div>\n<div style=\"display: flex; background-color: #e9ecef; padding: 10px; border-bottom: 1px solid #ddd;\">\n<div style=\"width: 40%; font-weight: bold;\">Model<\/div>\n<div style=\"width: 60%;\">3kinds of grinding head,2kinds of shape<\/div>\n<\/div>\n<div style=\"display: flex; background-color: #f2f2f2; padding: 10px; border-bottom: 1px solid #ddd;\">\n<div style=\"width: 40%; font-weight: bold;\">Rubber wheel diameter*wide(D*W)<\/div>\n<div style=\"width: 60%;\">200*50mm<\/div>\n<\/div>\n<div style=\"display: flex; background-color: #e9ecef; padding: 10px; border-bottom: 1px solid #ddd;\">\n<div style=\"width: 40%; font-weight: bold;\">Metal contact wheel diameter*wide<\/div>\n<div style=\"width: 60%;\">60*60mm<\/div>\n<\/div>\n<div style=\"display: flex; background-color: #f2f2f2; padding: 10px; border-bottom: 1px solid #ddd;\">\n<div style=\"width: 40%; font-weight: bold;\">Spindle rotational speed<\/div>\n<div style=\"width: 60%;\">the highest 2840 rpm<\/div>\n<\/div>\n<div style=\"display: flex; background-color: #e9ecef; padding: 10px; border-bottom: 1px solid #ddd;\">\n<div style=\"width: 40%; font-weight: bold;\">Color<\/div>\n<div style=\"width: 60%;\">Customized Optional<\/div>\n<\/div>\n<div style=\"display: flex; background-color: #f2f2f2; padding: 10px; border-bottom: 1px solid #ddd;\">\n<div style=\"width: 40%; font-weight: bold;\">Machine dimension<\/div>\n<div style=\"width: 60%;\">700*580*380 mm<\/div>\n<\/div>\n<\/div>\n<\/div>\n<\/div>\n<div id=\"ali-anchor-AliPostDhMb-696ah\" class=\"mceSectionContainer\" style=\"padding-top: 8px;\" data-section=\"AliPostDhMb-696ah\" data-section-title=\"Product Description\">\n<div id=\"ali-title-AliPostDhMb-696ah\" style=\"padding: 8px 0; border-bottom: 1px solid #ddd;\"><span style=\"background-color: #ddd; color: #333; font-weight: bold; padding: 8px 10px; line-height: 12px;\">Product Description<\/span><\/div>\n<div style=\"padding: 10px 0;\">\n<p><em><strong><span style=\"font-family: 'times new roman', times; font-size: 18px;\">\u00a0Two kinds of shape(veritical and flat grinding machine):<\/span><\/strong><\/em><\/p>\n<p><img fetchpriority=\"high\" decoding=\"async\" class=\"alignnone \" src=\"\/\/sc04.alicdn.com\/kf\/Hd0575ad5bc2e4b95ab6ef573cfb09e17X\/247553227\/Hd0575ad5bc2e4b95ab6ef573cfb09e17X.png\" width=\"537\" height=\"348\" \/><\/p>\n<p><img decoding=\"async\" class=\"alignnone \" src=\"\/\/sc04.alicdn.com\/kf\/H6a53a6e58454434891746563b8c6f0adb\/247553227\/H6a53a6e58454434891746563b8c6f0adb.png\" width=\"538\" height=\"305\" \/><\/p>\n<p><em><strong><span style=\"font-family: 'times new roman', times; font-size: 18px;\">Three kinds of grinding heads<\/span><\/strong><\/em><\/p>\n<p><em><strong><span style=\"font-family: 'times new roman', times; font-size: 18px;\">Flat grinding frame;Arc grinding frame;Rubber wheel frame<\/span><\/strong><\/em><\/p>\n<p><img decoding=\"async\" class=\"alignnone \" src=\"\/\/sc04.alicdn.com\/kf\/Hed87bbeea7004921bda8bbbc43a97438v\/247553227\/Hed87bbeea7004921bda8bbbc43a97438v.jpg\" width=\"536\" height=\"357\" \/><\/p>\n<p><em><strong><span style=\"font-family: 'times new roman', times; font-size: 18px;\">Buying one ADV116-1 abrasive belt grinding machine is equivalent of owning six different types of grinders to grind all kinds of metal parts in your life.<\/span><\/strong><\/em><\/p>\n<\/div>\n<\/div>\n<div id=\"ali-anchor-AliPostDhMb-w0a4g\" class=\"mceSectionContainer\" style=\"padding-top: 8px;\" data-section=\"AliPostDhMb-w0a4g\" data-section-title=\"Detailed Images\">\n<div id=\"ali-title-AliPostDhMb-w0a4g\" style=\"padding: 8px 0; border-bottom: 1px solid #ddd;\"><span style=\"background-color: #ddd; color: #333; font-weight: bold; padding: 8px 10px; line-height: 12px;\">Detailed Images<\/span><\/div>\n<div style=\"padding: 10px 0;\">\n<p><img loading=\"lazy\" decoding=\"async\" class=\"alignnone \" src=\"\/\/sc04.alicdn.com\/kf\/Hcd202db1f7344ab8b7010a2feb464e25n\/247553227\/Hcd202db1f7344ab8b7010a2feb464e25n.jpg\" width=\"535\" height=\"778\" \/><\/p>\n<p><img loading=\"lazy\" decoding=\"async\" class=\"alignnone \" src=\"\/\/sc04.alicdn.com\/kf\/Hbc2e792a76624b029a3775857978d909M\/247553227\/Hbc2e792a76624b029a3775857978d909M.jpg\" width=\"536\" height=\"354\" \/><\/p>\n<p><img loading=\"lazy\" decoding=\"async\" class=\"alignnone \" src=\"\/\/sc04.alicdn.com\/kf\/H005eb335313542418418c32f36d6828ca\/247553227\/H005eb335313542418418c32f36d6828ca.png\" width=\"537\" height=\"470\" \/><\/p>\n<p><img loading=\"lazy\" decoding=\"async\" class=\"alignnone \" src=\"\/\/sc04.alicdn.com\/kf\/Hb540cf26137f432b97645ee88246397ea\/247553227\/Hb540cf26137f432b97645ee88246397ea.jpg\" width=\"537\" height=\"415\" \/><\/p>\n<\/div>\n<\/div>\n<div id=\"ali-anchor-AliPostDhMb-1tfk4\" class=\"mceSectionContainer\" style=\"padding-top: 8px;\" data-section=\"AliPostDhMb-1tfk4\" data-section-title=\"Accessories\">\n<div id=\"ali-title-AliPostDhMb-1tfk4\" style=\"padding: 8px 0; border-bottom: 1px solid #ddd;\"><span style=\"background-color: #ddd; color: #333; font-weight: bold; padding: 8px 10px; line-height: 12px;\">Accessories<\/span><\/div>\n<div style=\"padding: 10px 0;\">\n<p><span style=\"font-size: 16px;\">Equipped with a multi-directional working table(The size of the area can be customized)<\/span><\/p>\n<p>&nbsp;<\/p>\n<p><img loading=\"lazy\" decoding=\"async\" class=\"alignnone \" src=\"\/\/sc04.alicdn.com\/kf\/H5cd8edc3e32b45b59fbdde2391c93978U\/247553227\/H5cd8edc3e32b45b59fbdde2391c93978U.jpg\" width=\"537\" height=\"308\" \/><\/p>\n<p>&nbsp;<\/p>\n<p><span style=\"font-size: 16px;\"><strong>Whole machine configuration:<\/strong><\/span><\/p>\n<p>&nbsp;<\/p>\n<p><img loading=\"lazy\" decoding=\"async\" class=\"alignnone \" src=\"\/\/sc04.alicdn.com\/kf\/H4181894ff6114e8da9e202b61c975e5eZ\/247553227\/H4181894ff6114e8da9e202b61c975e5eZ.jpg\" width=\"536\" height=\"457\" \/><\/p>\n<p><span style=\"font-size: 16px;\">Related products:<\/span><\/p>\n<\/div>\n<\/div>\n<div id=\"ali-anchor-AliPostDhMb-2ys0e\" class=\"mceSectionContainer\" style=\"padding-top: 8px;\" data-section=\"AliPostDhMb-2ys0e\" data-section-title=\"Packaging &amp; Shipping\">\n<div id=\"ali-title-AliPostDhMb-2ys0e\" style=\"padding: 8px 0; border-bottom: 1px solid #ddd;\"><span style=\"background-color: #ddd; color: #333; font-weight: bold; padding: 8px 10px; line-height: 12px;\">Packaging &amp; Shipping<\/span><\/div>\n<div style=\"padding: 10px 0;\">\n<p style=\"margin: 0px; padding: 0px; color: #000000; font-family: Arial; font-size: 12px; font-style: normal; font-weight: 400; background-color: #f5f5f5;\"><span style=\"line-height: 21px; font-family: 'times new roman', times; font-size: 18px;\">1, The belt grinding machine is packed with waterproof film for the first step.<\/span><\/p>\n<p style=\"margin: 0px; padding: 0px; color: #000000; font-family: Arial; font-size: 12px; font-style: normal; font-weight: 400; background-color: #f5f5f5;\"><span style=\"font-family: 'times new roman', times; font-size: 18px;\">\u00a0<\/span><\/p>\n<p style=\"margin: 0px; padding: 0px; color: #000000; font-family: Arial; font-size: 12px; font-style: normal; font-weight: 400; background-color: #f5f5f5;\"><span style=\"line-height: 21px; font-family: 'times new roman', times; font-size: 18px;\">2, The belt grinding machine is packed in wooden cartons.\u00a0<\/span><\/p>\n<p style=\"margin: 0px; padding: 0px; color: #000000; font-family: Arial; font-size: 12px; font-style: normal; font-weight: 400; background-color: #f5f5f5; text-align: left;\"><span style=\"font-family: 'times new roman', times; font-size: 18px;\">\u00a0<\/span><\/p>\n<p style=\"margin: 0px; padding: 0px; color: #000000; font-family: Arial; font-size: 12px; font-style: normal; font-weight: 400; background-color: #f5f5f5; text-align: left;\"><span style=\"font-family: 'times new roman', times; font-size: 24px;\"><em><strong>Photos of packing:<\/strong><\/em><\/span><\/p>\n<p><img loading=\"lazy\" decoding=\"async\" class=\"alignnone \" src=\"\/\/sc01.alicdn.com\/kf\/H2f989dbbdfd14cbfbd99c296cf8f4d27y\/247553227\/H2f989dbbdfd14cbfbd99c296cf8f4d27y.jpg\" width=\"535\" height=\"535\" \/><\/p>\n<\/div>\n<\/div>\n<div id=\"ali-anchor-AliPostDhMb-4t0ib\" class=\"mceSectionContainer\" style=\"padding-top: 8px;\" data-section=\"AliPostDhMb-4t0ib\" data-section-title=\"Our Services\">\n<div id=\"ali-title-AliPostDhMb-4t0ib\" style=\"padding: 8px 0; border-bottom: 1px solid #ddd;\"><span style=\"background-color: #ddd; color: #333; font-weight: bold; padding: 8px 10px; line-height: 12px;\">Our Services<\/span><\/div>\n<div style=\"padding: 10px 0;\">\n<p style=\"box-sizing: content-box; margin: 0px; padding: 0px; border: 0px; font-style: normal; font-weight: 400; font-size: 12px; line-height: inherit; font-family: Arial,Helvetica; vertical-align: baseline; color: #333333; background-color: #ffffff;\"><span style=\"box-sizing: content-box; margin: 0px; padding: 0px; border: 0px; font-style: inherit; font-weight: inherit; font-size: 18px; line-height: 21px; font-family: 'times new roman', times; vertical-align: baseline;\">1, Overseas after-sales service is available.<\/span><\/p>\n<p style=\"box-sizing: content-box; margin: 0px; padding: 0px; border: 0px; font-style: normal; font-weight: 400; font-size: 12px; line-height: inherit; font-family: Arial,Helvetica; vertical-align: baseline; color: #333333; background-color: #ffffff;\"><span style=\"box-sizing: content-box; margin: 0px; padding: 0px; border: 0px; font-style: inherit; font-weight: inherit; font-size: 18px; line-height: 21px; font-family: 'times new roman', times; vertical-align: baseline;\">\u00a0<\/span><\/p>\n<p style=\"box-sizing: content-box; margin: 0px; padding: 0px; border: 0px; font-style: normal; font-weight: 400; font-size: 12px; line-height: inherit; font-family: Arial,Helvetica; vertical-align: baseline; color: #333333; background-color: #ffffff;\"><span style=\"box-sizing: content-box; margin: 0px; padding: 0px; border: 0px; font-style: inherit; font-weight: inherit; font-size: 18px; line-height: 21px; font-family: 'times new roman', times; vertical-align: baseline;\">2, Two years warranty.<\/span><\/p>\n<p style=\"box-sizing: content-box; margin: 0px; padding: 0px; border: 0px; font-style: normal; font-weight: 400; font-size: 12px; line-height: inherit; font-family: Arial,Helvetica; vertical-align: baseline; color: #333333; background-color: #ffffff;\"><span style=\"box-sizing: content-box; margin: 0px; padding: 0px; border: 0px; font-style: inherit; font-weight: inherit; font-size: 18px; line-height: 21px; font-family: 'times new roman', times; vertical-align: baseline;\">\u00a0<\/span><\/p>\n<p style=\"box-sizing: content-box; margin: 0px; padding: 0px; border: 0px; font-style: normal; font-weight: 400; font-size: 12px; line-height: inherit; font-family: Arial,Helvetica; vertical-align: baseline; color: #333333; background-color: #ffffff;\"><span style=\"box-sizing: content-box; margin: 0px; padding: 0px; border: 0px; font-style: inherit; font-weight: inherit; font-size: 18px; line-height: 21px; font-family: 'times new roman', times; vertical-align: baseline;\">3, F<span style=\"box-sizing: content-box; margin: 0px; padding: 0px; border: 0px; font-style: inherit; font-weight: inherit; line-height: 27px; vertical-align: baseline;\">oundation\u00a0drawings,\u00a0manual\u00a0book,\u00a0electric\u00a0wiring\u00a0diagram,\u00a0electric\u00a0manual\u00a0book,\u00a0<\/span><span style=\"box-sizing: content-box; margin: 0px; padding: 0px; border: 0px; font-style: inherit; font-weight: inherit; line-height: 27px; vertical-align: baseline;\">and\u00a0maintenance\u00a0book, etc. provided.<\/span><\/span><\/p>\n<p style=\"box-sizing: content-box; margin: 0px; padding: 0px; border: 0px; font-style: normal; font-weight: 400; font-size: 12px; line-height: inherit; font-family: Arial,Helvetica; vertical-align: baseline; color: #333333; background-color: #ffffff;\"><span style=\"font-size: 18px; font-family: 'times new roman', times;\">\u00a0<\/span><\/p>\n<p style=\"box-sizing: content-box; margin: 0px; padding: 0px; border: 0px; font-style: normal; font-weight: 400; font-size: 12px; line-height: inherit; font-family: Arial,Helvetica; vertical-align: baseline; color: #333333; background-color: #ffffff;\"><span style=\"box-sizing: content-box; margin: 0px; padding: 0px; border: 0px; font-style: inherit; font-weight: inherit; font-size: 18px; line-height: 21px; font-family: 'times new roman', times; vertical-align: baseline;\">4, We visit each country every year for free technical instructions.<\/span><\/p>\n<p style=\"box-sizing: content-box; margin: 0px; padding: 0px; border: 0px; font-style: normal; font-weight: 400; font-size: 12px; line-height: inherit; font-family: Arial,Helvetica; vertical-align: baseline; color: #333333; background-color: #ffffff;\"><span style=\"font-size: 18px; font-family: 'times new roman', times;\">\u00a0<\/span><\/p>\n<p style=\"box-sizing: content-box; margin: 0px; padding: 0px; border: 0px; font-style: normal; font-weight: 400; font-size: 12px; line-height: inherit; font-family: Arial,Helvetica; vertical-align: baseline; color: #333333; background-color: #ffffff;\"><span style=\"font-size: 24px; font-family: 'times new roman', times;\"><em><span style=\"box-sizing: content-box; margin: 0px; padding: 0px; border: 0px; font-weight: inherit; line-height: 21px; vertical-align: baseline;\"><strong>Our overseas service photo show:<\/strong><\/span><\/em><\/span><\/p>\n<p><img loading=\"lazy\" decoding=\"async\" class=\"alignnone \" src=\"\/\/sc01.alicdn.com\/kf\/H9c009bc3b7284f7b8158f6d45b0f70bcH\/247553227\/H9c009bc3b7284f7b8158f6d45b0f70bcH.jpg\" width=\"536\" height=\"536\" \/><\/p>\n<p><em style=\"font-family: 'times new roman', times; font-size: 18px; text-decoration-line: underline;\"><strong><span style=\"box-sizing: content-box; margin: 0px; padding: 0px; border: 0px; font-style: inherit; font-weight: inherit; line-height: 24px; vertical-align: baseline;\">WE OWNED MORE THAN 50 PATENT RIGHTS AND CERTIFICATES:<\/span><\/strong><\/em><\/p>\n<\/div>\n<\/div>\n<div id=\"ali-anchor-AliPostDhMb-9age5\" class=\"mceSectionContainer\" style=\"padding-top: 8px;\" data-section=\"AliPostDhMb-9age5\" data-section-title=\"FAQ\">\n<div id=\"ali-title-AliPostDhMb-9age5\" style=\"padding: 8px 0; border-bottom: 1px solid #ddd;\"><span style=\"background-color: #ddd; color: #333; font-weight: bold; padding: 8px 10px; line-height: 12px;\">FAQ<\/span><\/div>\n<div style=\"padding: 10px 0;\">\n<p style=\"box-sizing: content-box; margin: 0px; padding: 0px; border: 0px; font-style: normal; font-weight: 400; font-size: 12px; line-height: inherit; font-family: Arial,Helvetica; vertical-align: baseline; color: #333333; background-color: #ffffff;\"><span style=\"font-family: 'times new roman', times; font-size: 24px;\"><em><span style=\"box-sizing: content-box; margin: 0px; padding: 0px; border: 0px; font-style: inherit; font-weight: inherit; line-height: 21px; vertical-align: baseline;\"><strong>Have 1, How many years been factory?<\/strong><\/span><\/em><\/span><\/p>\n<p style=\"box-sizing: content-box; margin: 0px; padding: 0px; border: 0px; font-style: normal; font-weight: 400; font-size: 12px; line-height: inherit; font-family: Arial,Helvetica; vertical-align: baseline; color: #333333; background-color: #ffffff;\"><span style=\"box-sizing: content-box; margin: 0px; padding: 0px; border: 0px; font-style: inherit; font-weight: inherit; font-size: 18px; line-height: 21px; font-family: 'times new roman', times; vertical-align: baseline;\">25 years.<\/span><\/p>\n<p style=\"box-sizing: content-box; margin: 0px; padding: 0px; border: 0px; font-style: normal; font-weight: 400; font-size: 12px; line-height: inherit; font-family: Arial,Helvetica; vertical-align: baseline; color: #333333; background-color: #ffffff;\"><span style=\"box-sizing: content-box; margin: 0px; padding: 0px; border: 0px; font-style: inherit; font-weight: inherit; font-size: 18px; line-height: 21px; font-family: 'times new roman', times; vertical-align: baseline;\">\u00a0<\/span><\/p>\n<p style=\"box-sizing: content-box; margin: 0px; padding: 0px; border: 0px; font-style: normal; font-weight: 400; font-size: 12px; line-height: inherit; font-family: Arial,Helvetica; vertical-align: baseline; color: #333333; background-color: #ffffff;\"><span style=\"font-family: 'times new roman', times; font-size: 24px;\"><em><strong><span style=\"box-sizing: content-box; margin: 0px; padding: 0px; border: 0px; font-style: inherit; font-weight: inherit; line-height: 21px; vertical-align: baseline;\">2, Your advantages?<\/span><\/strong><\/em><\/span><\/p>\n<p style=\"box-sizing: content-box; margin: 0px; padding: 0px; border: 0px; font-style: normal; font-weight: 400; font-size: 12px; line-height: inherit; font-family: Arial,Helvetica; vertical-align: baseline; color: #333333; background-color: #ffffff;\"><span style=\"box-sizing: content-box; margin: 0px; padding: 0px; border: 0px; font-style: inherit; font-weight: inherit; font-size: 18px; line-height: 21px; font-family: 'times new roman', times; vertical-align: baseline;\">We have many mature and hot products, at the same time, we are the only manufacturer who can design polishing machines for all different shapes\u00a0in China.<\/span><\/p>\n<p style=\"box-sizing: content-box; margin: 0px; padding: 0px; border: 0px; font-style: normal; font-weight: 400; font-size: 12px; line-height: inherit; font-family: Arial,Helvetica; vertical-align: baseline; color: #333333; background-color: #ffffff;\"><span style=\"box-sizing: content-box; margin: 0px; padding: 0px; border: 0px; font-style: inherit; font-weight: inherit; font-size: 18px; line-height: 21px; font-family: 'times new roman', times; vertical-align: baseline;\">\u00a0<\/span><\/p>\n<p style=\"box-sizing: content-box; margin: 0px; padding: 0px; border: 0px; font-style: normal; font-weight: 400; font-size: 12px; line-height: inherit; font-family: Arial,Helvetica; vertical-align: baseline; color: #333333; background-color: #ffffff;\"><span style=\"font-family: 'times new roman', times; font-size: 24px;\"><em><strong><span style=\"box-sizing: content-box; margin: 0px; padding: 0px; border: 0px; font-style: inherit; font-weight: inherit; line-height: 21px; vertical-align: baseline;\">3, What&#8217;s your aim for the &#8220;ADV\u201d brand?<\/span><\/strong><\/em><\/span><\/p>\n<p style=\"box-sizing: content-box; margin: 0px; padding: 0px; border: 0px; font-style: normal; font-weight: 400; font-size: 12px; line-height: inherit; font-family: Arial,Helvetica; vertical-align: baseline; color: #333333; background-color: #ffffff;\"><span style=\"box-sizing: content-box; margin: 0px; padding: 0px; border: 0px; font-style: inherit; font-weight: inherit; font-size: 18px; line-height: 21px; font-family: 'times new roman', times; vertical-align: baseline;\">To be the most famous brand all around the world within 5 years<\/span><\/p>\n<p style=\"box-sizing: content-box; margin: 0px; padding: 0px; border: 0px; font-style: normal; font-weight: 400; font-size: 12px; line-height: inherit; font-family: Arial,Helvetica; vertical-align: baseline; color: #333333; background-color: #ffffff;\"><span style=\"box-sizing: content-box; margin: 0px; padding: 0px; border: 0px; font-style: inherit; font-weight: inherit; font-size: 18px; line-height: 21px; font-family: 'times new roman', times; vertical-align: baseline;\">\u00a0<\/span><\/p>\n<p style=\"box-sizing: content-box; margin: 0px; padding: 0px; border: 0px; font-style: normal; font-weight: 400; font-size: 12px; line-height: inherit; font-family: Arial,Helvetica; vertical-align: baseline; color: #333333; background-color: #ffffff;\"><span style=\"font-family: 'times new roman', times; font-size: 24px;\"><em><strong><span style=\"box-sizing: content-box; margin: 0px; padding: 0px; border: 0px; font-style: inherit; font-weight: inherit; line-height: 21px; vertical-align: baseline;\">4, The countries which your machine sent to?<\/span><\/strong><\/em><\/span><\/p>\n<p style=\"box-sizing: content-box; margin: 0px; padding: 0px; border: 0px; font-style: normal; font-weight: 400; font-size: 12px; line-height: inherit; font-family: Arial,Helvetica; vertical-align: baseline; color: #333333; background-color: #ffffff;\"><span style=\"box-sizing: content-box; margin: 0px; padding: 0px; border: 0px; font-style: inherit; font-weight: inherit; font-size: 18px; line-height: 21px; font-family: 'times new roman', times; vertical-align: baseline;\">America, Japan, Korea, Germany, Romania, Italy, Spain, Malaysia, Vietnam, Thailand, India, etc.<\/span><\/p>\n<p style=\"box-sizing: content-box; margin: 0px; padding: 0px; border: 0px; font-style: normal; font-weight: 400; font-size: 12px; line-height: inherit; font-family: Arial,Helvetica; vertical-align: baseline; color: #333333; background-color: #ffffff;\"><span style=\"box-sizing: content-box; margin: 0px; padding: 0px; border: 0px; font-style: inherit; font-weight: inherit; font-size: 18px; line-height: 21px; font-family: 'times new roman', times; vertical-align: baseline;\"><span style=\"font-size: 24px;\"><strong><em>Our machines will speak for themselves.\u00a0<\/em><\/strong><\/span> \u00a0 \u00a0<\/span><\/p>\n<\/div>\n<\/div>\n","protected":false},"excerpt":{"rendered":"<p>\u00a0Fabricant de rectifieuse \u00e0 bande abrasive \u00e0 couteau vertical Sp\u00e9cifications Application Meulage de mat\u00e9riel m\u00e9tallique Dimensions de la bande abrasive 2100*50mm,1800*50 mm Bande abrasive<\/p>","protected":false},"featured_media":29214,"comment_status":"open","ping_status":"closed","template":"","meta":[],"product_cat":[120,113,112],"product_tag":[],"class_list":{"0":"post-29215","1":"product","2":"type-product","3":"status-publish","4":"has-post-thumbnail","6":"product_cat-belt-sanders","7":"product_cat-cutting-tools","8":"product_cat-woodworking-tools","10":"first","11":"instock","12":"shipping-taxable","13":"purchasable","14":"product-type-simple"},"_links":{"self":[{"href":"https:\/\/meconstructionsupplies.com\/fr\/wp-json\/wp\/v2\/product\/29215","targetHints":{"allow":["GET"]}}],"collection":[{"href":"https:\/\/meconstructionsupplies.com\/fr\/wp-json\/wp\/v2\/product"}],"about":[{"href":"https:\/\/meconstructionsupplies.com\/fr\/wp-json\/wp\/v2\/types\/product"}],"replies":[{"embeddable":true,"href":"https:\/\/meconstructionsupplies.com\/fr\/wp-json\/wp\/v2\/comments?post=29215"}],"version-history":[{"count":4,"href":"https:\/\/meconstructionsupplies.com\/fr\/wp-json\/wp\/v2\/product\/29215\/revisions"}],"predecessor-version":[{"id":31360,"href":"https:\/\/meconstructionsupplies.com\/fr\/wp-json\/wp\/v2\/product\/29215\/revisions\/31360"}],"wp:featuredmedia":[{"embeddable":true,"href":"https:\/\/meconstructionsupplies.com\/fr\/wp-json\/wp\/v2\/media\/29214"}],"wp:attachment":[{"href":"https:\/\/meconstructionsupplies.com\/fr\/wp-json\/wp\/v2\/media?parent=29215"}],"wp:term":[{"taxonomy":"product_cat","embeddable":true,"href":"https:\/\/meconstructionsupplies.com\/fr\/wp-json\/wp\/v2\/product_cat?post=29215"},{"taxonomy":"product_tag","embeddable":true,"href":"https:\/\/meconstructionsupplies.com\/fr\/wp-json\/wp\/v2\/product_tag?post=29215"}],"curies":[{"name":"wp","href":"https:\/\/api.w.org\/{rel}","templated":true}]}}