{"id":29236,"date":"2024-11-16T03:31:38","date_gmt":"2024-11-16T03:31:38","guid":{"rendered":"https:\/\/meconstructionsupplies.com\/product\/hyvst-ks-01-150-multi-function-random-orbital-sander-brushless-variable-speed-corded-sanders-for-finishing-corners-carwood\/"},"modified":"2024-12-02T08:11:12","modified_gmt":"2024-12-02T08:11:12","slug":"hyvst-ks-01-150-multi-function-random-orbital-sander-brushless-variable-speed-corded-sanders-for-finishing-corners-carwood","status":"publish","type":"product","link":"https:\/\/meconstructionsupplies.com\/fr\/product\/hyvst-ks-01-150-multi-function-random-orbital-sander-brushless-variable-speed-corded-sanders-for-finishing-corners-carwood\/","title":{"rendered":"Ponceuse orbitale al\u00e9atoire multifonction HYVST KS-01-150 Ponceuses filaires \u00e0 vitesse variable sans balais pour finition et coins, voiture, bois"},"content":{"rendered":"<p>&nbsp;<\/p>\n<h3><strong>Description du produit<\/strong><\/h3>\n<hr style=\"border: 2px solid #000; margin-top: 5px; margin-bottom: 5px;\" \/>\n<p><b>Ponceuse orbitale al\u00e9atoire multifonction 350 W Ponceuses orbitales filaires \u00e0 vitesse variable pour finition et coins, voiture, bois, sans balais<\/b><br \/>\n<b><span style=\"color: #f30b0b;\">Caract\u00e9ristiques:<br \/>\n(1)Multifonctionnel pouvant \u00eatre appliqu\u00e9 \u00e0 de nombreux types de surfaces.<br \/>\n(2)La ponceuse la plus petite et la plus ergonomique est \u00e9quip\u00e9e d&#039;un moteur sans balais, qui maintient une vitesse constante m\u00eame sous des charges lourdes<br \/>\ncharger.<br \/>\n(3) La conception sym\u00e9trique unique garantit que l&#039;outil peut \u00eatre utilis\u00e9 pendant une longue dur\u00e9e.<br \/>\n(4)Vitesse variable de 4000\/min, 5000\/min, \u00e0 10000\/min.<br \/>\n(5) Profil bas innovant pour moins de contre-force.<br \/>\n(6) Conditions de tension personnalis\u00e9es de 110 V \u00e0 240 V.<\/span><\/b><\/p>\n<p>Note:<br \/>\nSi vous achetez plus de 10 lots, n&#039;h\u00e9sitez pas \u00e0 nous contacter. Nous vous ferons une belle remise !<\/p>\n<p><img fetchpriority=\"high\" decoding=\"async\" class=\"alignnone\" src=\"\/\/sc01.alicdn.com\/kf\/H74eda10dd7e64f1ab6eee31e5c89b119A\/200653788\/H74eda10dd7e64f1ab6eee31e5c89b119A.jpg\" width=\"538\" height=\"513\" \/><\/p>\n<div style=\"display: flex; background-color: #f2f2f2; padding: 10px; border-bottom: 1px solid #ddd;\">\n<div style=\"width: 40%; font-weight: bold;\">Nom du produit<\/div>\n<div style=\"width: 60%;\">\u00a0Ponceuse orbitale al\u00e9atoire<\/div>\n<\/div>\n<div style=\"display: flex; background-color: #ffffff; padding: 10px; border-bottom: 1px solid #ddd;\">\n<div style=\"width: 40%; font-weight: bold;\">Num\u00e9ro de mod\u00e8le<\/div>\n<div style=\"width: 60%;\">KS-01-150-50\/KS-01-150-25<\/div>\n<\/div>\n<div style=\"display: flex; background-color: #f2f2f2; padding: 10px; border-bottom: 1px solid #ddd;\">\n<div style=\"width: 40%; font-weight: bold;\">Excentricit\u00e9 nominale<\/div>\n<div style=\"width: 60%;\">2.5 \/ 5.0<\/div>\n<\/div>\n<div style=\"display: flex; background-color: #ffffff; padding: 10px; border-bottom: 1px solid #ddd;\">\n<div style=\"width: 40%; font-weight: bold;\">Prise<\/div>\n<div style=\"width: 60%;\">Prise UE<\/div>\n<\/div>\n<div style=\"display: flex; background-color: #f2f2f2; padding: 10px; border-bottom: 1px solid #ddd;\">\n<div style=\"width: 40%; font-weight: bold;\">Degr\u00e9 de protection<\/div>\n<div style=\"width: 60%;\">II<\/div>\n<\/div>\n<div style=\"display: flex; background-color: #ffffff; padding: 10px; border-bottom: 1px solid #ddd;\">\n<div style=\"width: 40%; font-weight: bold;\">Puissance du moteur<\/div>\n<div style=\"width: 60%;\">350 W<\/div>\n<\/div>\n<div style=\"display: flex; background-color: #f2f2f2; padding: 10px; border-bottom: 1px solid #ddd;\">\n<div style=\"width: 40%; font-weight: bold;\">Tension Fr\u00e9quence<\/div>\n<div style=\"width: 60%;\">220 V, 50 Hz<\/div>\n<\/div>\n<div style=\"display: flex; background-color: #ffffff; padding: 10px; border-bottom: 1px solid #ddd;\">\n<div style=\"width: 40%; font-weight: bold;\">Taille du tampon de support<\/div>\n<div style=\"width: 60%;\">150 mm<\/div>\n<\/div>\n<div style=\"display: flex; background-color: #f2f2f2; padding: 10px; border-bottom: 1px solid #ddd;\">\n<div style=\"width: 40%; font-weight: bold;\">Taper<\/div>\n<div style=\"width: 60%;\">Machine abrasive<\/div>\n<\/div>\n<div style=\"display: flex; background-color: #ffffff; padding: 10px; border-bottom: 1px solid #ddd;\">\n<div style=\"width: 40%; font-weight: bold;\">Moteur<\/div>\n<div style=\"width: 60%;\">Sans balais<\/div>\n<\/div>\n<p><img decoding=\"async\" class=\"alignnone\" src=\"\/\/sc01.alicdn.com\/kf\/H7e9319197a7146e0a8c89ef17a9ed304Q\/200653788\/H7e9319197a7146e0a8c89ef17a9ed304Q.jpg\" width=\"537\" height=\"512\" \/><\/p>\n<p><img decoding=\"async\" class=\"alignnone\" src=\"\/\/sc01.alicdn.com\/kf\/H68d299d6b5d44615b78cc5f7d0e48b70K\/200653788\/H68d299d6b5d44615b78cc5f7d0e48b70K.jpg\" width=\"539\" height=\"382\" \/><\/p>\n<p><img loading=\"lazy\" decoding=\"async\" class=\"alignnone\" src=\"\/\/sc01.alicdn.com\/kf\/Hb5e79dcbeb9f44cf884fbabd6b7e4f59k\/200653788\/Hb5e79dcbeb9f44cf884fbabd6b7e4f59k.jpg\" width=\"537\" height=\"358\" \/><\/p>\n<p><img loading=\"lazy\" decoding=\"async\" class=\"alignnone\" src=\"\/\/sc02.alicdn.com\/kf\/H88f9915f24ed4bc3b99777a7f56e09d0Q\/200653788\/H88f9915f24ed4bc3b99777a7f56e09d0Q.jpg\" width=\"537\" height=\"359\" \/><\/p>\n<p><img loading=\"lazy\" decoding=\"async\" class=\"alignnone\" src=\"\/\/sc02.alicdn.com\/kf\/H9b46708b7acc461dbd6204b427dcdb03K\/200653788\/H9b46708b7acc461dbd6204b427dcdb03K.jpg\" width=\"535\" height=\"358\" \/><\/p>\n<p><img loading=\"lazy\" decoding=\"async\" class=\"alignnone\" src=\"\/\/sc01.alicdn.com\/kf\/H15fe7be1c71b45b0acc6bf76c721d515m\/200653788\/H15fe7be1c71b45b0acc6bf76c721d515m.jpg\" width=\"540\" height=\"540\" \/><\/p>\n<p>Voiture : (1) Retirez la peinture de la zone endommag\u00e9e (papier de verre : P80\/120)<br \/>\n(2)Pon\u00e7age du bord de la zone endommag\u00e9e (papier abrasif : P80\/120)<br \/>\n(3) Mastic de pon\u00e7age (papier abrasif : P80\/120\/180\/240)<br \/>\n(4)Pon\u00e7age avant appr\u00eat (papier abrasif : P240\/320\/400)<br \/>\n(4) Pon\u00e7age de l&#039;appr\u00eat (papier abrasif : P400\/500\/600)<\/p>\n<ul data-v-818c6560=\"\">\n<li style=\"list-style-type: none;\">\n<ul data-v-818c6560=\"\">\n<li data-v-818c6560=\"\">\n<p data-v-818c6560=\"\" data-group=\"1-1\">\n<\/li>\n<\/ul>\n<\/li>\n<\/ul>\n<p>Bois:<\/p>\n<p>(1)Pon\u00e7age de surface non trait\u00e9 (papier abrasif : P120)<br \/>\n(2) Pon\u00e7age du vernis\/peinture (papier abrasif : P220\/240)<\/p>\n<p><img loading=\"lazy\" decoding=\"async\" class=\"alignnone\" src=\"\/\/sc01.alicdn.com\/kf\/H495a1d6ac7eb4527b155fb460600d112d\/200653788\/H495a1d6ac7eb4527b155fb460600d112d.jpg\" width=\"535\" height=\"417\" \/><\/p>\n<p><img loading=\"lazy\" decoding=\"async\" class=\"alignnone\" src=\"\/\/sc02.alicdn.com\/kf\/H9f7fb449a0d146f5a74fd0fec8a45b94Q\/200653788\/H9f7fb449a0d146f5a74fd0fec8a45b94Q.jpg\" width=\"540\" height=\"312\" \/><\/p>\n<p>Cloisons s\u00e8ches : pon\u00e7age de pl\u00e2tre\/mastic (papier abrasif P80\/100\/120\/150\/180\/240)<\/p>\n<h3><strong>Informations sur la taille<\/strong><\/h3>\n<hr style=\"border: 2px solid #000; margin-top: 5px; margin-bottom: 5px;\" \/>\n<p>Taille: 38X19.5X14.5cm<br \/>\nPoids brut : 4 kg<br \/>\nPoids net : 1,5 kg<br \/>\nCapacit\u00e9 de chargement : 2600PCS\/20FC; 5300PCS\/40FC; 6300PCS\/40HQ<\/p>\n<p><img loading=\"lazy\" decoding=\"async\" class=\"alignnone\" src=\"\/\/sc01.alicdn.com\/kf\/Hc8bcaa0fb2db4e77b950ed7242222455L\/200653788\/Hc8bcaa0fb2db4e77b950ed7242222455L.jpg\" width=\"535\" height=\"1989\" \/><\/p>\n<h3><strong>FAQ<\/strong><\/h3>\n<hr style=\"border: 2px solid #000; margin-top: 5px; margin-bottom: 5px;\" \/>\n<p>Machine de soufflage de bouteilles PET semi-automatique Machine de fabrication de bouteilles Machine de moulage de bouteillesLa machine de fabrication de bouteilles PET convient \u00e0 la production de r\u00e9cipients et de bouteilles en plastique PET de toutes formes.<\/p>","protected":false},"excerpt":{"rendered":"<p>&nbsp; Description du produit Ponceuse orbitale al\u00e9atoire multifonction 350 W Ponceuses orbitales filaires \u00e0 vitesse variable pour la finition et les coins, la voiture, le bois, sans balais Caract\u00e9ristiques :<\/p>","protected":false},"featured_media":29235,"comment_status":"open","ping_status":"closed","template":"","meta":[],"product_cat":[113,121,112],"product_tag":[],"class_list":{"0":"post-29236","1":"product","2":"type-product","3":"status-publish","4":"has-post-thumbnail","6":"product_cat-cutting-tools","7":"product_cat-finishing-sanders","8":"product_cat-woodworking-tools","10":"first","11":"instock","12":"shipping-taxable","13":"purchasable","14":"product-type-simple"},"_links":{"self":[{"href":"https:\/\/meconstructionsupplies.com\/fr\/wp-json\/wp\/v2\/product\/29236","targetHints":{"allow":["GET"]}}],"collection":[{"href":"https:\/\/meconstructionsupplies.com\/fr\/wp-json\/wp\/v2\/product"}],"about":[{"href":"https:\/\/meconstructionsupplies.com\/fr\/wp-json\/wp\/v2\/types\/product"}],"replies":[{"embeddable":true,"href":"https:\/\/meconstructionsupplies.com\/fr\/wp-json\/wp\/v2\/comments?post=29236"}],"version-history":[{"count":4,"href":"https:\/\/meconstructionsupplies.com\/fr\/wp-json\/wp\/v2\/product\/29236\/revisions"}],"predecessor-version":[{"id":31362,"href":"https:\/\/meconstructionsupplies.com\/fr\/wp-json\/wp\/v2\/product\/29236\/revisions\/31362"}],"wp:featuredmedia":[{"embeddable":true,"href":"https:\/\/meconstructionsupplies.com\/fr\/wp-json\/wp\/v2\/media\/29235"}],"wp:attachment":[{"href":"https:\/\/meconstructionsupplies.com\/fr\/wp-json\/wp\/v2\/media?parent=29236"}],"wp:term":[{"taxonomy":"product_cat","embeddable":true,"href":"https:\/\/meconstructionsupplies.com\/fr\/wp-json\/wp\/v2\/product_cat?post=29236"},{"taxonomy":"product_tag","embeddable":true,"href":"https:\/\/meconstructionsupplies.com\/fr\/wp-json\/wp\/v2\/product_tag?post=29236"}],"curies":[{"name":"wp","href":"https:\/\/api.w.org\/{rel}","templated":true}]}}