{"id":29257,"date":"2024-11-16T03:38:32","date_gmt":"2024-11-16T03:38:32","guid":{"rendered":"https:\/\/meconstructionsupplies.com\/product\/factory-price-560w-powerful-motor-rated-power-850w-strong-power-high-lifespan-electric-planer\/"},"modified":"2024-12-02T08:11:12","modified_gmt":"2024-12-02T08:11:12","slug":"factory-price-560w-powerful-motor-rated-power-850w-strong-power-high-lifespan-electric-planer","status":"publish","type":"product","link":"https:\/\/meconstructionsupplies.com\/fr\/product\/factory-price-560w-powerful-motor-rated-power-850w-strong-power-high-lifespan-electric-planer\/","title":{"rendered":"Prix d&#039;usine 560W moteur puissant puissance nominale 850W forte puissance rabot \u00e9lectrique longue dur\u00e9e de vie"},"content":{"rendered":"<p><img decoding=\"async\" class=\"alignnone\" src=\"\/\/sc04.alicdn.com\/kf\/H376ef112ec7b419d850d40195906da0aX\/279962979\/H376ef112ec7b419d850d40195906da0aX.jpg\" width=\"535\" height=\"51\" \/><\/p>\n<div style=\"display: flex; background-color: #f2f2f2; padding: 10px; border-bottom: 1px solid #ddd;\">\n<div style=\"width: 40%; font-weight: bold;\">Nom du produit<\/div>\n<div style=\"width: 60%;\">Electric Planer<\/div>\n<\/div>\n<div style=\"display: flex; background-color: #ffffff; padding: 10px; border-bottom: 1px solid #ddd;\">\n<div style=\"width: 40%; font-weight: bold;\">Rated Voltage<\/div>\n<div style=\"width: 60%;\">110V\/240V<\/div>\n<\/div>\n<div style=\"display: flex; background-color: #f2f2f2; padding: 10px; border-bottom: 1px solid #ddd;\">\n<div style=\"width: 40%; font-weight: bold;\">Num\u00e9ro de mod\u00e8le<\/div>\n<div style=\"width: 60%;\">98415<\/div>\n<\/div>\n<div style=\"display: flex; background-color: #ffffff; padding: 10px; border-bottom: 1px solid #ddd;\">\n<div style=\"width: 40%; font-weight: bold;\">Rated Power<\/div>\n<div style=\"width: 60%;\">850W<\/div>\n<\/div>\n<div style=\"display: flex; background-color: #f2f2f2; padding: 10px; border-bottom: 1px solid #ddd;\">\n<div style=\"width: 40%; font-weight: bold;\">Rated Frequency<\/div>\n<div style=\"width: 60%;\">50\/60Hz<\/div>\n<\/div>\n<div style=\"display: flex; background-color: #ffffff; padding: 10px; border-bottom: 1px solid #ddd;\">\n<div style=\"width: 40%; font-weight: bold;\">Planing Size<\/div>\n<div style=\"width: 60%;\">82x2mm<\/div>\n<\/div>\n<div style=\"display: flex; background-color: #f2f2f2; padding: 10px; border-bottom: 1px solid #ddd;\">\n<div style=\"width: 40%; font-weight: bold;\">No-load Speed<\/div>\n<div style=\"width: 60%;\">16500RPM<\/div>\n<\/div>\n<div style=\"display: flex; background-color: #ffffff; padding: 10px; border-bottom: 1px solid #ddd;\">\n<div style=\"width: 40%; font-weight: bold;\">Quantit\u00e9 minimale de commande<\/div>\n<div style=\"width: 60%;\">10<\/div>\n<\/div>\n<p><img decoding=\"async\" class=\"alignnone\" src=\"\/\/sc04.alicdn.com\/kf\/Hf0bdac16af61430dacf534059a555915Q\/279962979\/Hf0bdac16af61430dacf534059a555915Q.jpg\" width=\"535\" height=\"51\" \/><\/p>\n<p><img fetchpriority=\"high\" decoding=\"async\" class=\"alignnone\" src=\"\/\/sc04.alicdn.com\/kf\/H7ff1accc6b2849929cf4d69fe5b4b2adA\/279962979\/H7ff1accc6b2849929cf4d69fe5b4b2adA.jpg\" width=\"538\" height=\"538\" \/><\/p>\n<p><img loading=\"lazy\" decoding=\"async\" class=\"alignnone\" src=\"\/\/sc04.alicdn.com\/kf\/H78f7a2f338ae457d98b11392dc0a52deJ\/279962979\/H78f7a2f338ae457d98b11392dc0a52deJ.jpg\" width=\"536\" height=\"536\" \/><\/p>\n<p><img loading=\"lazy\" decoding=\"async\" class=\"alignnone\" src=\"\/\/sc04.alicdn.com\/kf\/H3d3bc9345a034ae586c12d31806facdbV\/279962979\/H3d3bc9345a034ae586c12d31806facdbV.jpg\" width=\"536\" height=\"536\" \/><\/p>\n<p><img loading=\"lazy\" decoding=\"async\" class=\"alignnone\" src=\"\/\/sc04.alicdn.com\/kf\/H58a66a90bc14493fb3941fdb94ba6cd5U\/279962979\/H58a66a90bc14493fb3941fdb94ba6cd5U.jpg\" width=\"537\" height=\"537\" \/><\/p>\n<p><img loading=\"lazy\" decoding=\"async\" class=\"alignnone\" src=\"\/\/sc04.alicdn.com\/kf\/H2086661ec4774929bf6d81ae792d6fec6\/279962979\/H2086661ec4774929bf6d81ae792d6fec6.jpg\" width=\"538\" height=\"538\" \/><\/p>\n<p><img loading=\"lazy\" decoding=\"async\" class=\"alignnone size-medium\" src=\"\/\/sc04.alicdn.com\/kf\/H9854b6767dad49fb8677ec1c7d2ad2f58\/279962979\/H9854b6767dad49fb8677ec1c7d2ad2f58.jpg\" width=\"640\" height=\"560\" \/><\/p>\n<p>&nbsp;<\/p>\n<p>&nbsp;<\/p>\n<p><img loading=\"lazy\" decoding=\"async\" class=\"alignnone\" src=\"\/\/sc04.alicdn.com\/kf\/H0c4866fc2ad14fe58906c41698b8308e0\/279962979\/H0c4866fc2ad14fe58906c41698b8308e0.jpg\" width=\"538\" height=\"522\" \/><\/p>\n<p><img loading=\"lazy\" decoding=\"async\" class=\"alignnone\" src=\"\/\/sc04.alicdn.com\/kf\/H12cfeee3a9cd4f1482dba6fda93b93e7G\/279962979\/H12cfeee3a9cd4f1482dba6fda93b93e7G.jpg\" width=\"535\" height=\"51\" \/><\/p>\n<p><img loading=\"lazy\" decoding=\"async\" class=\"alignnone\" src=\"\/\/sc04.alicdn.com\/kf\/H347a668173574735b681efa2c91329a0u\/279962979\/H347a668173574735b681efa2c91329a0u.jpg\" width=\"537\" height=\"466\" \/><\/p>\n<p><img loading=\"lazy\" decoding=\"async\" class=\"alignnone\" src=\"\/\/sc04.alicdn.com\/kf\/Hcb987d41d8dd4bbb97fb447b1876e97fh\/279962979\/Hcb987d41d8dd4bbb97fb447b1876e97fh.jpg\" width=\"535\" height=\"51\" \/><\/p>\n<p><img loading=\"lazy\" decoding=\"async\" class=\"alignnone\" src=\"\/\/sc04.alicdn.com\/kf\/Hca2cab6b1da142daa6f8507f13bd8630E\/279962979\/Hca2cab6b1da142daa6f8507f13bd8630E.jpg\" width=\"536\" height=\"246\" \/><\/p>\n<p><img loading=\"lazy\" decoding=\"async\" class=\"alignnone size-medium\" src=\"\/\/sc04.alicdn.com\/kf\/Hdf6be6ec370949659c5e618991f7b874J\/279962979\/Hdf6be6ec370949659c5e618991f7b874J.jpg\" width=\"640\" height=\"560\" \/><\/p>\n<p><img loading=\"lazy\" decoding=\"async\" class=\"alignnone\" src=\"\/\/sc04.alicdn.com\/kf\/Ha40c00632f1d495abaad124f76c4252eM\/279962979\/Ha40c00632f1d495abaad124f76c4252eM.jpg\" width=\"536\" height=\"587\" \/><\/p>\n<p>&nbsp;<\/p>","protected":false},"excerpt":{"rendered":"<p>Nom du produit Raboteuse \u00e9lectrique Tension nominale 110 V\/240 V Num\u00e9ro de mod\u00e8le 98415 Puissance nominale 850 W Fr\u00e9quence nominale 50\/60 Hz Taille de rabotage 82 x 2 mm \u00c0 vide<\/p>","protected":false},"featured_media":29256,"comment_status":"open","ping_status":"closed","template":"","meta":[],"product_cat":[113,122,112],"product_tag":[],"class_list":{"0":"post-29257","1":"product","2":"type-product","3":"status-publish","4":"has-post-thumbnail","6":"product_cat-cutting-tools","7":"product_cat-electric-planers","8":"product_cat-woodworking-tools","10":"first","11":"instock","12":"shipping-taxable","13":"purchasable","14":"product-type-simple"},"_links":{"self":[{"href":"https:\/\/meconstructionsupplies.com\/fr\/wp-json\/wp\/v2\/product\/29257","targetHints":{"allow":["GET"]}}],"collection":[{"href":"https:\/\/meconstructionsupplies.com\/fr\/wp-json\/wp\/v2\/product"}],"about":[{"href":"https:\/\/meconstructionsupplies.com\/fr\/wp-json\/wp\/v2\/types\/product"}],"replies":[{"embeddable":true,"href":"https:\/\/meconstructionsupplies.com\/fr\/wp-json\/wp\/v2\/comments?post=29257"}],"version-history":[{"count":3,"href":"https:\/\/meconstructionsupplies.com\/fr\/wp-json\/wp\/v2\/product\/29257\/revisions"}],"predecessor-version":[{"id":31363,"href":"https:\/\/meconstructionsupplies.com\/fr\/wp-json\/wp\/v2\/product\/29257\/revisions\/31363"}],"wp:featuredmedia":[{"embeddable":true,"href":"https:\/\/meconstructionsupplies.com\/fr\/wp-json\/wp\/v2\/media\/29256"}],"wp:attachment":[{"href":"https:\/\/meconstructionsupplies.com\/fr\/wp-json\/wp\/v2\/media?parent=29257"}],"wp:term":[{"taxonomy":"product_cat","embeddable":true,"href":"https:\/\/meconstructionsupplies.com\/fr\/wp-json\/wp\/v2\/product_cat?post=29257"},{"taxonomy":"product_tag","embeddable":true,"href":"https:\/\/meconstructionsupplies.com\/fr\/wp-json\/wp\/v2\/product_tag?post=29257"}],"curies":[{"name":"wp","href":"https:\/\/api.w.org\/{rel}","templated":true}]}}