{"id":29282,"date":"2024-11-16T03:45:20","date_gmt":"2024-11-16T03:45:20","guid":{"rendered":"https:\/\/meconstructionsupplies.com\/product\/get-star-weld-mig-mag-tig-flux-mma-inverter-welder-200amp-combo-welding-machine-5-in-1-igbt-spot-welder\/"},"modified":"2025-11-25T04:59:42","modified_gmt":"2025-11-25T04:59:42","slug":"get-star-weld-mig-mag-tig-flux-mma-inverter-welder-200amp-combo-welding-machine-5-in-1-igbt-spot-welder","status":"publish","type":"product","link":"https:\/\/meconstructionsupplies.com\/fr\/product\/get-star-weld-mig-mag-tig-flux-mma-inverter-welder-200amp-combo-welding-machine-5-in-1-igbt-spot-welder\/","title":{"rendered":"Obtenez le soudeur \u00e0 onduleur MIG MAG TIG FLUX MMA de Star Weld, machine de soudage combin\u00e9e 200 amp\u00e8res, soudeuse par points IGBT 5 en 1"},"content":{"rendered":"<div style=\"width: 540px;\" class=\"wp-video\"><!--[if lt IE 9]><script>document.createElement('video');<\/script><![endif]-->\n<video class=\"wp-video-shortcode\" id=\"video-29282-1\" width=\"540\" height=\"960\" preload=\"metadata\" controls=\"controls\"><source type=\"video\/mp4\" src=\"\/\/play.video.alibaba.com\/play\/u\/2153292369\/p\/1\/e\/6\/t\/10300\/50246268677.mp4?_=1\" \/><a href=\"\/\/play.video.alibaba.com\/play\/u\/2153292369\/p\/1\/e\/6\/t\/10300\/50246268677.mp4\">\/\/play.video.alibaba.com\/play\/u\/2153292369\/p\/1\/e\/6\/t\/10300\/50246268677.mp4<\/a><\/video><\/div>\n<p style=\"margin: 0px; padding: 0px; color: #000000; font-family: Arial; font-size: 12px; font-style: normal; font-weight: normal; line-height: normal; text-align: center;\"><span style=\"line-height: 48px; font-size: 32px;\">MIG 200 welding machine<\/span><\/p>\n<div id=\"ali-anchor-AliPostDhMb-caufp\" class=\"mceSectionContainer\" style=\"padding-top: 8px;\" data-section=\"AliPostDhMb-caufp\" data-section-title=\"Product Description\">\n<div id=\"ali-title-AliPostDhMb-caufp\" style=\"padding: 8px 0; border-bottom: 1px solid #ddd;\"><span style=\"background-color: #ddd; color: #333; font-weight: bold; padding: 8px 10px; line-height: 12px;\">Product Description<\/span><\/div>\n<div style=\"padding: 10px 0;\">\n<p><span style=\"text-decoration: underline;\"><span style=\"font-size: 32px;\"><strong>Technical Data\u00a0<\/strong>\u00a0 \u00a0 \u00a0 \u00a0 \u00a0 \u00a0 \u00a0 \u00a0 \u00a0 \u00a0 \u00a0 \u00a0 \u00a0 \u00a0 \u00a0 \u00a0 \u00a0 \u00a0 \u00a0 \u00a0 \u00a0 \u00a0 \u00a0 \u00a0 \u00a0 \u00a0\u00a0<\/span><\/span><\/p>\n<div><\/div>\n<p><img fetchpriority=\"high\" decoding=\"async\" class=\"alignnone \" src=\"https:\/\/sc04.alicdn.com\/kf\/Hf1c8c7fa8981449690829a1bdcc1da1c5.jpg\" width=\"535\" height=\"4180\" \/><\/p>\n<\/div>\n<\/div>\n<p><img decoding=\"async\" class=\"alignnone \" src=\"https:\/\/sc04.alicdn.com\/kf\/HTB13ecOXinrK1RjSsziq6xptpXaI.jpg\" width=\"537\" height=\"1124\" \/><\/p>\n<p><img decoding=\"async\" class=\"alignnone \" src=\"https:\/\/sc04.alicdn.com\/kf\/HTB1Sn8fKaSWBuNjSsrbq6y0mVXaz.jpg\" width=\"538\" height=\"818\" \/><\/p>\n<p><img loading=\"lazy\" decoding=\"async\" class=\"alignnone \" src=\"https:\/\/sc04.alicdn.com\/kf\/HTB1BydLJFGWBuNjy0Fbq6z4sXXaD.jpg\" width=\"536\" height=\"441\" \/><\/p>\n<p><span style=\"background-color: #dddddd; font-weight: bold;\">FAQ<\/span><\/p>\n<p><strong style=\"color: #ff0000; font-family: Arial; font-size: 12px;\"><span style=\"line-height: 21px; font-size: 10.5pt;\">Q 1: Do you have English Operation Manual ?<\/span><\/strong><\/p>\n<p style=\"margin: 0px; padding: 0px; color: #000000; font-family: Arial; font-size: 12px; font-style: normal; font-weight: normal; line-height: normal;\"><span style=\"line-height: 21px; font-size: 10.5pt;\">A:Yes, each machine has English Operation Manual with clear instruction ,to assist you connect and operate the machine<\/span><span style=\"line-height: 21px; font-size: 10.5pt;\">.<\/span><\/p>\n<p style=\"margin: 0px; padding: 0px; color: #000000; font-family: Arial; font-size: 12px; font-style: normal; font-weight: normal; line-height: normal;\"><span style=\"line-height: 18px; color: #ff0000;\"><strong><span style=\"line-height: 21px; font-size: 10.5pt;\">Q 2: What kinds of services you will provide to us?<\/span><\/strong><\/span><\/p>\n<p style=\"margin: 0px; padding: 0px; color: #000000; font-family: Arial; font-size: 12px; font-style: normal; font-weight: normal; line-height: normal;\"><span style=\"line-height: 21px; font-size: 10.5pt;\">A: 1 year warranty ,free components, life-long technical support and design service.<\/span><\/p>\n<p style=\"margin: 0px; padding: 0px; color: #000000; font-family: Arial; font-size: 12px; font-style: normal; font-weight: normal; line-height: normal;\"><strong><span style=\"line-height: 21px; font-size: 10.5pt; color: #ff0000;\">Q 3: How is your quality control?<\/span><\/strong><\/p>\n<p style=\"margin: 0px; padding: 0px; color: #000000; font-family: Arial; font-size: 12px; font-style: normal; font-weight: normal; line-height: normal;\"><span style=\"line-height: 21px; font-size: 10.5pt;\">A: Strict quality control is performed in every procedure from material sourcing, processing and testing to packing.<\/span><span style=\"line-height: 21px; font-size: 10.5pt;\">E<\/span><span style=\"line-height: 21px; font-size: 10.5pt;\">ach machine loading test at least 20 minute.<\/span><\/p>\n<p style=\"margin: 0px; padding: 0px; color: #000000; font-family: Arial; font-size: 12px; font-style: normal; font-weight: normal; line-height: normal;\"><strong><span style=\"line-height: 21px; font-size: 10.5pt; color: #ff0000;\">Q 4: Are you a manufacturer ?<\/span><\/strong><\/p>\n<p style=\"margin: 0px; padding: 0px; color: #000000; font-family: Arial; font-size: 12px; font-style: normal; font-weight: normal; line-height: normal;\"><span style=\"line-height: 21px; font-size: 10.5pt;\">A:Yes, our factory established since 1987.<\/span><\/p>\n<p style=\"margin: 0px; padding: 0px; color: #000000; font-family: Arial; font-size: 12px; font-style: normal; font-weight: normal; line-height: normal;\"><span style=\"line-height: 18px; color: #ff0000;\"><strong><span style=\"line-height: 21px; font-size: 10.5pt;\">Q 5: Can I change the \u00a0v<\/span><span style=\"line-height: 21px; font-size: 10.5pt;\">o<\/span><span style=\"line-height: 21px; font-size: 10.5pt;\">lat<\/span><span style=\"line-height: 21px; font-size: 10.5pt;\">a<\/span><span style=\"line-height: 21px; font-size: 10.5pt;\">ge of the machine?<\/span><\/strong><\/span><\/p>\n<p style=\"margin: 0px; padding: 0px; color: #000000; font-family: Arial; font-size: 12px; font-style: normal; font-weight: normal; line-height: normal;\"><span style=\"line-height: 21px; font-size: 10.5pt;\">A:Yes, except 220V 1phs, 380 3phs . 110V ,440V could also be done.<\/span><\/p>\n<p style=\"margin: 0px; padding: 0px; color: #000000; font-family: Arial; font-size: 12px; font-style: normal; font-weight: normal; line-height: normal;\"><span style=\"line-height: 21px; font-size: 10.5pt;\">Machine could be customized according to your country local envir<\/span><span style=\"line-height: 21px; font-size: 10.5pt;\">e<\/span><span style=\"line-height: 21px; font-size: 10.5pt;\">ment.<\/span><\/p>\n<p style=\"margin: 0px; padding: 0px; color: #000000; font-family: Arial; font-size: 12px; font-style: normal; font-weight: normal; line-height: normal;\"><span style=\"line-height: 18px; color: #ff0000;\"><strong><span style=\"line-height: 21px; font-size: 10.5pt;\">Q 6: Do you have any MOQ limit for machine order,Can I get some samples before the orders ?<\/span><\/strong><\/span><\/p>\n<p style=\"margin: 0px; padding: 0px; color: #000000; font-family: Arial; font-size: 12px; font-style: normal; font-weight: normal; line-height: normal;\"><span style=\"line-height: 21px; font-size: 10.5pt;\">A:Low MOQ, 1pc for sample checking is avai<\/span><span style=\"line-height: 21px; font-size: 10.5pt;\">l<\/span><span style=\"line-height: 21px; font-size: 10.5pt;\">able<\/span>\u00a0<span style=\"line-height: 21px; font-size: 10.5pt;\">.<\/span><\/p>\n<p style=\"margin: 0px; padding: 0px; color: #000000; font-family: Arial; font-size: 12px; font-style: normal; font-weight: normal; line-height: normal;\"><span style=\"line-height: 18px; color: #ff0000;\"><strong><span style=\"line-height: 21px; font-size: 10.5pt;\">Q 7: How can I get the warranty of your machines?<\/span><\/strong><\/span><\/p>\n<p style=\"margin: 0px; padding: 0px; color: #000000; font-family: Arial; font-size: 12px; font-style: normal; font-weight: normal; line-height: normal;\"><span style=\"line-height: 21px; font-size: 10.5pt;\">&#8220;A: warranty is 1 years which machine are not being damaged by any man-made, \u00a0We would request detailed images of any problems or warranty claims &#8211; provided emails with detailed pictures are sent, we will dispatch replacements at our cost to repair the products or alternatively<\/span><\/p>\n<p style=\"margin: 0px; padding: 0px; color: #000000; font-family: Arial; font-size: 12px; font-style: normal; font-weight: normal; line-height: normal;\"><span style=\"line-height: 21px; font-size: 10.5pt;\">supply replacements in subsequent orders. \u00a0In some special cases we may turn to a discount as a solution.&#8221;<\/span><\/p>\n<p style=\"margin: 0px; padding: 0px; color: #000000; font-family: Arial; font-size: 12px; font-style: normal; font-weight: normal; line-height: normal;\"><span style=\"line-height: 18px; color: #ff0000;\"><strong>\u00a0<\/strong><\/span><\/p>\n<p style=\"margin: 0px; padding: 0px; color: #000000; font-family: Arial; font-size: 12px; font-style: normal; font-weight: normal; line-height: normal;\"><span style=\"line-height: 18px; color: #ff0000;\"><strong><span style=\"line-height: 21px; font-size: 10.5pt;\">Q 8:How long is the production lead time?<\/span><\/strong><\/span><\/p>\n<p style=\"margin: 0px; padding: 0px; color: #000000; font-family: Arial; font-size: 12px; font-style: normal; font-weight: normal; line-height: normal;\"><span style=\"line-height: 21px; font-size: 10.5pt;\">A:After receiving your 30% deposit ,generally it is 5-10days if the goods are in stock, or 25-30 days if not .<\/span><\/p>\n<p style=\"margin: 0px; padding: 0px; color: #000000; font-family: Arial; font-size: 12px; font-style: normal; font-weight: normal; line-height: normal;\"><strong><span style=\"line-height: 21px; font-size: 10.5pt; color: #ff0000;\">Q 9:What is your payment terms?<\/span><\/strong><\/p>\n<p style=\"margin: 0px; padding: 0px; color: #000000; font-family: Arial; font-size: 12px; font-style: normal; font-weight: normal; line-height: normal;\"><span style=\"line-height: 21px; font-size: 10.5pt;\">A: 30% deposit,70% balance, you could pay by T\/T, L\/C,PAYPAL,WESTERN UNION,MONEYGRAM Trade Assurance is recommended ,you could pay through Trade Assurance on alibaba, and you could get compensation if any dispute occurs.<\/span><\/p>\n<p style=\"margin: 0px; padding: 0px; color: #000000; font-family: Arial; font-size: 12px; font-style: normal; font-weight: normal; line-height: normal;\"><strong><span style=\"line-height: 21px; font-size: 10.5pt; color: #ff0000;\">Q 10:How do you ship the goods and how long does it take to arrive ?<\/span><\/strong><\/p>\n<p style=\"margin: 0px; padding: 0px; color: #000000; font-family: Arial; font-size: 12px; font-style: normal; font-weight: normal; line-height: normal;\"><span style=\"line-height: 21px; font-size: 10.5pt;\">A:U<\/span><span style=\"line-height: 21px; font-size: 10.5pt;\">s<\/span><span style=\"line-height: 21px; font-size: 10.5pt;\">ually ship by sea and takes 30days. airline or express also optional for small order and 3-5days arrival, shipping time differs for different countries<\/span><\/p>\n<p style=\"margin: 0px; padding: 0px; color: #000000; font-family: Arial; font-size: 12px; font-style: normal; font-weight: normal; line-height: normal;\"><span style=\"line-height: 18px; color: #ff0000;\"><strong>\u00a0<\/strong><\/span><\/p>\n<p style=\"margin: 0px; padding: 0px; color: #000000; font-family: Arial; font-size: 12px; font-style: normal; font-weight: normal; line-height: normal;\"><span style=\"line-height: 18px; color: #ff0000;\"><strong><span style=\"line-height: 21px; font-size: 10.5pt;\">Q 11:Where is your location ?<\/span><\/strong><\/span><\/p>\n<p style=\"margin: 0px; padding: 0px; color: #000000; font-family: Arial; font-size: 12px; font-style: normal; font-weight: normal; line-height: normal;\"><span style=\"line-height: 21px; font-size: 10.5pt;\">A:Our sales office in Foshan City , machine fa<\/span><span style=\"line-height: 21px; font-size: 10.5pt;\">c<\/span><span style=\"line-height: 21px; font-size: 10.5pt;\">tory in Guangzhou city , both city are near Canton Fair and Hongkong.<\/span><\/p>\n<p style=\"margin: 0px; padding: 0px; color: #000000; font-family: Arial; font-size: 12px; font-style: normal; font-weight: normal; line-height: normal;\"><span style=\"line-height: 21px; font-size: 10.5pt;\">welcome to visit us , we offers pick-up service .<\/span><\/p>\n<p style=\"margin: 0px; padding: 0px; color: #000000; font-family: Arial; font-size: 12px; font-style: normal; font-weight: normal; line-height: normal;\"><strong><span style=\"line-height: 21px; font-size: 10.5pt; color: #ff0000;\">Q 12:Which port is the nearest from your company ?<\/span><\/strong><\/p>\n<p style=\"margin: 0px; padding: 0px; color: #000000; font-family: Arial; font-size: 12px; font-style: normal; font-weight: normal; line-height: normal;\"><span style=\"line-height: 21px; font-size: 10.5pt;\">A:The Huangpu port in Guangzhou city is the nearest<\/span><\/p>\n<p style=\"margin: 0px; padding: 0px; color: #000000; font-family: Arial; font-size: 12px; font-style: normal; font-weight: normal; line-height: normal;\"><strong><span style=\"line-height: 21px; font-size: 10.5pt; color: #ff0000;\">Q 13: Is OEM and ODM service available \u00a0?<\/span><\/strong><\/p>\n<p style=\"margin: 0px; padding: 0px; color: #000000; font-family: Arial; font-size: 12px; font-style: normal; font-weight: normal; line-height: normal;\"><span style=\"line-height: 21px; font-size: 10.5pt;\">A:Yes, product could \u00a0print your logo , or customized by your design .<\/span><\/p>\n<p style=\"margin: 0px; padding: 0px; color: #000000; font-family: Arial; font-size: 12px; font-style: normal; font-weight: normal; line-height: normal;\"><strong><span style=\"line-height: 21px; font-size: 10.5pt; color: #ff0000;\">Q 14:How can I take to a live person and get a quotation ?<\/span><\/strong><\/p>\n<p style=\"margin: 0px; padding: 0px; color: #000000; font-family: Arial; font-size: 12px; font-style: normal; font-weight: normal; line-height: normal;\"><span style=\"line-height: 21px; font-size: 10.5pt;\">A:You can contact sales master with contact information below , or send inquiry through alibaba<\/span><\/p>\n<p style=\"margin: 0px; padding: 0px; color: #000000; font-family: Arial; font-size: 12px; font-style: normal; font-weight: normal; line-height: normal;\"><span style=\"line-height: 21px; font-size: 10.5pt;\">\u2193<\/span>\u00a0<span style=\"line-height: 21px; font-size: 10.5pt;\">\u2193<\/span>\u00a0<span style=\"line-height: 21px; font-size: 10.5pt;\">\u2193<\/span>\u00a0<span style=\"line-height: 21px; font-size: 10.5pt;\">\u2193<\/span>\u00a0<span style=\"line-height: 21px; font-size: 10.5pt;\">\u2193<\/span>\u00a0<span style=\"line-height: 21px; font-size: 10.5pt;\">\u2193<\/span>\u00a0<span style=\"line-height: 21px; font-size: 10.5pt;\">\u2193<\/span>\u00a0<span style=\"line-height: 21px; font-size: 10.5pt;\">\u2193<\/span>\u00a0<span style=\"line-height: 21px; font-size: 10.5pt;\">\u2193<\/span>\u00a0<span style=\"line-height: 21px; font-size: 10.5pt;\">\u2193<\/span><\/p>\n<p>&nbsp;<\/p>\n<p><img loading=\"lazy\" decoding=\"async\" class=\"alignnone \" src=\"https:\/\/sc04.alicdn.com\/kf\/HTB10ij.aKuSBuNjy1Xcq6AYjFXaY.jpg\" width=\"532\" height=\"64\" \/><\/p>\n<p style=\"margin: 0px; padding: 0px; color: #000000; font-family: Arial; font-size: 12px; font-style: normal; font-weight: normal; line-height: normal;\">\n","protected":false},"excerpt":{"rendered":"<p>Poste \u00e0 souder MIG 200 Description du produit Donn\u00e9es techniques\u00a0\u00a0 \u00a0 \u00a0 \u00a0 \u00a0 \u00a0 \u00a0 \u00a0 \u00a0 \u00a0 \u00a0 \u00a0 \u00a0<\/p>","protected":false},"featured_media":29281,"comment_status":"open","ping_status":"closed","template":"","meta":[],"product_cat":[124,123],"product_tag":[],"class_list":{"0":"post-29282","1":"product","2":"type-product","3":"status-publish","4":"has-post-thumbnail","6":"product_cat-inverter-welding-machines","7":"product_cat-welding-machines","9":"first","10":"instock","11":"shipping-taxable","12":"purchasable","13":"product-type-simple"},"_links":{"self":[{"href":"https:\/\/meconstructionsupplies.com\/fr\/wp-json\/wp\/v2\/product\/29282","targetHints":{"allow":["GET"]}}],"collection":[{"href":"https:\/\/meconstructionsupplies.com\/fr\/wp-json\/wp\/v2\/product"}],"about":[{"href":"https:\/\/meconstructionsupplies.com\/fr\/wp-json\/wp\/v2\/types\/product"}],"replies":[{"embeddable":true,"href":"https:\/\/meconstructionsupplies.com\/fr\/wp-json\/wp\/v2\/comments?post=29282"}],"version-history":[{"count":3,"href":"https:\/\/meconstructionsupplies.com\/fr\/wp-json\/wp\/v2\/product\/29282\/revisions"}],"predecessor-version":[{"id":31367,"href":"https:\/\/meconstructionsupplies.com\/fr\/wp-json\/wp\/v2\/product\/29282\/revisions\/31367"}],"wp:featuredmedia":[{"embeddable":true,"href":"https:\/\/meconstructionsupplies.com\/fr\/wp-json\/wp\/v2\/media\/29281"}],"wp:attachment":[{"href":"https:\/\/meconstructionsupplies.com\/fr\/wp-json\/wp\/v2\/media?parent=29282"}],"wp:term":[{"taxonomy":"product_cat","embeddable":true,"href":"https:\/\/meconstructionsupplies.com\/fr\/wp-json\/wp\/v2\/product_cat?post=29282"},{"taxonomy":"product_tag","embeddable":true,"href":"https:\/\/meconstructionsupplies.com\/fr\/wp-json\/wp\/v2\/product_tag?post=29282"}],"curies":[{"name":"wp","href":"https:\/\/api.w.org\/{rel}","templated":true}]}}