{"id":29335,"date":"2024-11-16T04:00:34","date_gmt":"2024-11-16T04:00:34","guid":{"rendered":"https:\/\/meconstructionsupplies.com\/product\/outdoor-4d-16-lines-mini-laser-level-360-self-leveling-cross-vertical-horizontal-nivel-laser-with-remote-control\/"},"modified":"2025-09-23T01:46:23","modified_gmt":"2025-09-23T01:46:23","slug":"outdoor-4d-16-lines-mini-laser-level-360-self-leveling-cross-vertical-horizontal-nivel-laser-with-remote-control","status":"publish","type":"product","link":"https:\/\/meconstructionsupplies.com\/fr\/product\/outdoor-4d-16-lines-mini-laser-level-360-self-leveling-cross-vertical-horizontal-nivel-laser-with-remote-control\/","title":{"rendered":"Mini niveau laser ext\u00e9rieur 4D 16 lignes 360 autonivelant croix verticale horizontale niveau laser avec t\u00e9l\u00e9commande"},"content":{"rendered":"<div style=\"width: 540px;\" class=\"wp-video\"><!--[if lt IE 9]><script>document.createElement('video');<\/script><![endif]-->\n<video class=\"wp-video-shortcode\" id=\"video-29335-1\" width=\"540\" height=\"960\" preload=\"metadata\" controls=\"controls\"><source type=\"video\/mp4\" src=\"\/\/play.video.alibaba.com\/play\/u\/2153292369\/p\/1\/e\/6\/t\/10300\/423660403779.mp4?_=1\" \/><a href=\"\/\/play.video.alibaba.com\/play\/u\/2153292369\/p\/1\/e\/6\/t\/10300\/423660403779.mp4\">\/\/play.video.alibaba.com\/play\/u\/2153292369\/p\/1\/e\/6\/t\/10300\/423660403779.mp4<\/a><\/video><\/div>\n<p><img fetchpriority=\"high\" decoding=\"async\" class=\"alignnone \" src=\"\/\/sc04.alicdn.com\/kf\/Hd09606fb77de4c5da5e5bb59b33adc89B\/251741344\/Hd09606fb77de4c5da5e5bb59b33adc89B.jpg\" width=\"537\" height=\"529\" \/><\/p>\n<p><b>Easy To Operate Green beam rotary Self-Leveling 360 degree Horizontal Vertical 16 lines 4d laser level with tripod<b> <\/b><\/b><\/p>\n<p><img decoding=\"async\" class=\"alignnone \" src=\"\/\/sc04.alicdn.com\/kf\/Hdb1728218abb4f3da646bb41a871f7703\/251741344\/Hdb1728218abb4f3da646bb41a871f7703.jpg\" width=\"537\" height=\"437\" \/><\/p>\n<h3><strong>Specification<\/strong><\/h3>\n<hr style=\"border: 2px solid #000; margin-top: 5px; margin-bottom: 5px;\" \/>\n<div style=\"display: flex; background-color: #f2f2f2; padding: 10px; border-bottom: 1px solid #ddd;\">\n<div style=\"width: 40%; font-weight: bold;\">Laser Specification<\/div>\n<div style=\"width: 60%;\">8V4H\/8V8H<\/div>\n<\/div>\n<div style=\"display: flex; background-color: #ffffff; padding: 10px; border-bottom: 1px solid #ddd;\">\n<div style=\"width: 40%; font-weight: bold;\">Laser Lines<\/div>\n<div style=\"width: 60%;\">12 Lines 16Lines<\/div>\n<\/div>\n<div style=\"display: flex; background-color: #f2f2f2; padding: 10px; border-bottom: 1px solid #ddd;\">\n<div style=\"width: 40%; font-weight: bold;\">Laser Wavelength<\/div>\n<div style=\"width: 60%;\">520(nm)<\/div>\n<\/div>\n<div style=\"display: flex; background-color: #ffffff; padding: 10px; border-bottom: 1px solid #ddd;\">\n<div style=\"width: 40%; font-weight: bold;\">Accuracy<\/div>\n<div style=\"width: 60%;\">\u00b12mm\/7m<\/div>\n<\/div>\n<div style=\"display: flex; background-color: #f2f2f2; padding: 10px; border-bottom: 1px solid #ddd;\">\n<div style=\"width: 40%; font-weight: bold;\">Horizontal Projection Angle<\/div>\n<div style=\"width: 60%;\">360\u00b0<\/div>\n<\/div>\n<div style=\"display: flex; background-color: #ffffff; padding: 10px; border-bottom: 1px solid #ddd;\">\n<div style=\"width: 40%; font-weight: bold;\">Vertical Projection Angle<\/div>\n<div style=\"width: 60%;\">360\u00b0<\/div>\n<\/div>\n<div style=\"display: flex; background-color: #f2f2f2; padding: 10px; border-bottom: 1px solid #ddd;\">\n<div style=\"width: 40%; font-weight: bold;\">Net weight<\/div>\n<div style=\"width: 60%;\">1.9kg<\/div>\n<\/div>\n<div style=\"display: flex; background-color: #ffffff; padding: 10px; border-bottom: 1px solid #ddd;\">\n<div style=\"width: 40%; font-weight: bold;\">Power Supply<\/div>\n<div style=\"width: 60%;\">Li-ion battery<\/div>\n<\/div>\n<div style=\"display: flex; background-color: #f2f2f2; padding: 10px; border-bottom: 1px solid #ddd;\">\n<div style=\"width: 40%; font-weight: bold;\">Working Temperture<\/div>\n<div style=\"width: 60%;\">-10\u00b0C~+45\u00b0C<\/div>\n<\/div>\n<div style=\"display: flex; background-color: #ffffff; padding: 10px; border-bottom: 1px solid #ddd;\">\n<div style=\"width: 40%; font-weight: bold;\">Scope Of Work<\/div>\n<div style=\"width: 60%;\">0-20m<\/div>\n<\/div>\n<div style=\"display: flex; background-color: #f2f2f2; padding: 10px; border-bottom: 1px solid #ddd;\">\n<div style=\"width: 40%; font-weight: bold;\">Working Time<\/div>\n<div style=\"width: 60%;\">2.5-3.5Hour<\/div>\n<\/div>\n<div style=\"display: flex; background-color: #ffffff; padding: 10px; border-bottom: 1px solid #ddd;\">\n<div style=\"width: 40%; font-weight: bold;\">Wall distance<\/div>\n<div style=\"width: 60%;\">7mm<\/div>\n<\/div>\n<h3><strong>Product Description<\/strong><\/h3>\n<hr style=\"border: 2px solid #000; margin-top: 5px; margin-bottom: 5px;\" \/>\n<p><b>Production Advantage:<b><br \/>\n<b>1. Close to the wall and the ground<b><br \/>\nThis product Can be done at close range, such as plastering, tiling and other related work.<\/b><\/b><\/b><\/b><\/p>\n<p><b>2. Outdoor general purpose, clear light<b><br \/>\nExcellent new system, high precision, bright light and clear visibility under the sun.<\/b><\/b><\/p>\n<p><b>3. Multi-angles<b><br \/>\nMulti-angle beveling, suitable for stair operations and other projects.<\/b><\/b><\/p>\n<p><b>4. Automatic leveling<b><br \/>\nThe system automatically senses the tilt angle, automatic leveling <\/b><\/b><\/p>\n<p><img decoding=\"async\" class=\"alignnone \" src=\"\/\/sc04.alicdn.com\/kf\/Hea41efe6d09e419797bd0cfffc578f61Z\/251741344\/Hea41efe6d09e419797bd0cfffc578f61Z.jpg\" width=\"537\" height=\"414\" \/><\/p>\n<p><img loading=\"lazy\" decoding=\"async\" class=\"alignnone \" src=\"\/\/sc04.alicdn.com\/kf\/H58b7c811681a440f9dbeaa839cd4fc4bN\/251741344\/H58b7c811681a440f9dbeaa839cd4fc4bN.jpg\" width=\"536\" height=\"657\" \/><\/p>\n<p><img loading=\"lazy\" decoding=\"async\" class=\"alignnone \" src=\"\/\/sc04.alicdn.com\/kf\/H3947738d9fb54273ab7afd6d727aa428C\/251741344\/H3947738d9fb54273ab7afd6d727aa428C.jpg\" width=\"537\" height=\"386\" \/><\/p>\n<p><img loading=\"lazy\" decoding=\"async\" class=\"alignnone \" src=\"\/\/sc04.alicdn.com\/kf\/Ha87fb37c578f4768b33de70a2ee7da67J\/251741344\/Ha87fb37c578f4768b33de70a2ee7da67J.jpg\" width=\"536\" height=\"599\" \/><\/p>\n<p><img loading=\"lazy\" decoding=\"async\" class=\"alignnone \" src=\"\/\/sc04.alicdn.com\/kf\/H549101f72fc841abb179fe3d4266266cC\/251741344\/H549101f72fc841abb179fe3d4266266cC.jpg\" width=\"535\" height=\"533\" \/><\/p>\n<p><img loading=\"lazy\" decoding=\"async\" class=\"alignnone \" src=\"\/\/sc04.alicdn.com\/kf\/Hf492fa104734453db49bcaaa5120c48a0\/251741344\/Hf492fa104734453db49bcaaa5120c48a0.jpg\" width=\"535\" height=\"566\" \/><\/p>\n<p><img loading=\"lazy\" decoding=\"async\" class=\"alignnone \" src=\"\/\/sc04.alicdn.com\/kf\/H4f16671b0d474d87936163ed65f160e9l\/251741344\/H4f16671b0d474d87936163ed65f160e9l.jpg\" width=\"537\" height=\"1411\" \/><\/p>\n<h3><strong>Exhibition<\/strong><\/h3>\n<hr style=\"border: 2px solid #000; margin-top: 5px; margin-bottom: 5px;\" \/>\n<p><img loading=\"lazy\" decoding=\"async\" class=\"alignnone \" src=\"\/\/sc04.alicdn.com\/kf\/Hbd29990d9ecf422fbad298093aa03085j\/251741344\/Hbd29990d9ecf422fbad298093aa03085j.jpg\" width=\"537\" height=\"364\" \/><\/p>\n<h3><strong>Packing &amp; Delivery<\/strong><\/h3>\n<hr style=\"border: 2px solid #000; margin-top: 5px; margin-bottom: 5px;\" \/>\n<p><img loading=\"lazy\" decoding=\"async\" class=\"alignnone \" src=\"\/\/sc04.alicdn.com\/kf\/H05975dd5326a4a599bf8d4828ec54446j\/251741344\/H05975dd5326a4a599bf8d4828ec54446j.jpg\" width=\"537\" height=\"348\" \/><\/p>\n<p>To better ensure the safety of your goods, professional, environmentally friendly, convenient and efficient packaging services will be provided.<\/p>\n<h3><strong>FAQ<\/strong><\/h3>\n<hr style=\"border: 2px solid #000; margin-top: 5px; margin-bottom: 5px;\" \/>\n<p><b><span style=\"color: #ffffff;\"><span style=\"color: #000000;\">Q1: Are you a factory or trading company?<b><br \/>\nA: We are a factory.<\/b><\/span><\/span><\/b><\/p>\n<p><b>Q2: Is your company accept customization?<b><br \/>\nA: We do customizing service for customers. OEM\/ ODM is welcome. Any logo and any color is up to you.<\/b><\/b><\/p>\n<p><b>Q3: What&#8217;s the delivery time after an order placed?<b><br \/>\nA: It depends on whether we are in stock or not. Our standard arrangement time is 3 days if we have stock,otherwise it will be decided by factory production. Generally, it needs 30-45 days of production according to the quantity of your order.<\/b><\/b><\/p>\n<p><b>Q4: What&#8217;s the warranty of the product?<b><br \/>\nA: We offer 12month warranty. Our policy: Within the warranty period, If there is any quality problem, please send us photos to show the problem.And then we will decide to send you parts or you send the instrument back to us to repair or exchange. Please make sure to contact us first instead of sending it to us directly. <\/b><\/b><\/p>\n<p><img loading=\"lazy\" decoding=\"async\" class=\"alignnone size-medium\" src=\"\/\/sc04.alicdn.com\/kf\/H8d92371ef5e34818810d600824f6b637A\/251741344\/H8d92371ef5e34818810d600824f6b637A.jpg\" width=\"640\" height=\"560\" \/><\/p>\n","protected":false},"excerpt":{"rendered":"<p>Niveau laser 4D rotatif \u00e0 faisceau vert facile \u00e0 utiliser, autonivelant, horizontal et vertical \u00e0 360 degr\u00e9s, 16 lignes, avec tr\u00e9pied Sp\u00e9cifications Laser<\/p>","protected":false},"featured_media":29334,"comment_status":"open","ping_status":"closed","template":"","meta":[],"product_cat":[223,222],"product_tag":[],"class_list":{"0":"post-29335","1":"product","2":"type-product","3":"status-publish","4":"has-post-thumbnail","6":"product_cat-cross-line-lasers","7":"product_cat-measuring-tools","9":"first","10":"instock","11":"shipping-taxable","12":"purchasable","13":"product-type-simple"},"_links":{"self":[{"href":"https:\/\/meconstructionsupplies.com\/fr\/wp-json\/wp\/v2\/product\/29335","targetHints":{"allow":["GET"]}}],"collection":[{"href":"https:\/\/meconstructionsupplies.com\/fr\/wp-json\/wp\/v2\/product"}],"about":[{"href":"https:\/\/meconstructionsupplies.com\/fr\/wp-json\/wp\/v2\/types\/product"}],"replies":[{"embeddable":true,"href":"https:\/\/meconstructionsupplies.com\/fr\/wp-json\/wp\/v2\/comments?post=29335"}],"version-history":[{"count":4,"href":"https:\/\/meconstructionsupplies.com\/fr\/wp-json\/wp\/v2\/product\/29335\/revisions"}],"predecessor-version":[{"id":31373,"href":"https:\/\/meconstructionsupplies.com\/fr\/wp-json\/wp\/v2\/product\/29335\/revisions\/31373"}],"wp:featuredmedia":[{"embeddable":true,"href":"https:\/\/meconstructionsupplies.com\/fr\/wp-json\/wp\/v2\/media\/29334"}],"wp:attachment":[{"href":"https:\/\/meconstructionsupplies.com\/fr\/wp-json\/wp\/v2\/media?parent=29335"}],"wp:term":[{"taxonomy":"product_cat","embeddable":true,"href":"https:\/\/meconstructionsupplies.com\/fr\/wp-json\/wp\/v2\/product_cat?post=29335"},{"taxonomy":"product_tag","embeddable":true,"href":"https:\/\/meconstructionsupplies.com\/fr\/wp-json\/wp\/v2\/product_tag?post=29335"}],"curies":[{"name":"wp","href":"https:\/\/api.w.org\/{rel}","templated":true}]}}