{"id":29403,"date":"2024-11-16T04:17:35","date_gmt":"2024-11-16T04:17:35","guid":{"rendered":"https:\/\/meconstructionsupplies.com\/product\/steel-bar-bending-machine-iron-rod-stirrup-bender-machine-price-bender-machine-for-steel-bar\/"},"modified":"2024-12-02T08:11:12","modified_gmt":"2024-12-02T08:11:12","slug":"steel-bar-bending-machine-iron-rod-stirrup-bender-machine-price-bender-machine-for-steel-bar","status":"publish","type":"product","link":"https:\/\/meconstructionsupplies.com\/fr\/product\/steel-bar-bending-machine-iron-rod-stirrup-bender-machine-price-bender-machine-for-steel-bar\/","title":{"rendered":"Machine \u00e0 cintrer les barres d&#039;acier Machine \u00e0 cintrer les \u00e9triers en fer Prix Machine \u00e0 cintrer pour barres d&#039;acier"},"content":{"rendered":"<h3><strong>Pr\u00e9sentation du produit<\/strong><\/h3>\n<hr style=\"border: 2px solid #000; margin-top: 5px; margin-bottom: 5px;\" \/>\n<h3>GF20 STIRRUP BENDER<\/h3>\n<h3>Rebar stirrup bender is efficient machine used for bend low-carbon steel including round steel, steel flats, steel angles, and deformed steel bars into various shapes at construction sites and construction steel processing factories.<\/h3>\n<p><img fetchpriority=\"high\" decoding=\"async\" class=\"alignnone\" src=\"\/\/sc04.alicdn.com\/kf\/Hd37c1b27e59c4154a8cb5d1955ea8abbV\/278918006\/Hd37c1b27e59c4154a8cb5d1955ea8abbV.jpg\" width=\"538\" height=\"396\" \/><\/p>\n<p><b><sup>PRODUCT ADVANTAGES<sup><b><b><sup>Usage:good safety performance, standard angle, fast speed and convenient handling<br \/>\nSimple operation:one person can operate the machine after start, no need training <sup><b><br \/>\n<\/b><\/sup><\/sup><\/b><\/b><\/sup><\/sup><\/b><\/p>\n<p><img decoding=\"async\" class=\"alignnone\" src=\"\/\/sc04.alicdn.com\/kf\/H2245914c398a4a1e882c663efa87a1f9Y\/278918006\/H2245914c398a4a1e882c663efa87a1f9Y.jpg\" width=\"537\" height=\"537\" \/><\/p>\n<p>1.The machine adopts two switches of 90 degrees and 135 degrees and the angle can be changed freely.<\/p>\n<p><img decoding=\"async\" class=\"alignnone\" src=\"\/\/sc04.alicdn.com\/kf\/H98c8c4262e6b49c2a04d7e2bb1dcf5e87\/278918006\/H98c8c4262e6b49c2a04d7e2bb1dcf5e87.jpg\" width=\"539\" height=\"539\" \/><\/p>\n<p><img loading=\"lazy\" decoding=\"async\" class=\"alignnone\" src=\"\/\/sc04.alicdn.com\/kf\/H8f71a5512273457ead43cc11c9d539136\/278918006\/H8f71a5512273457ead43cc11c9d539136.jpg\" width=\"538\" height=\"538\" \/><\/p>\n<p><img loading=\"lazy\" decoding=\"async\" class=\"alignnone\" src=\"\/\/sc04.alicdn.com\/kf\/H066a27e0dfdd42a686fb59c3ba7cc096L\/278918006\/H066a27e0dfdd42a686fb59c3ba7cc096L.jpg\" width=\"538\" height=\"538\" \/><\/p>\n<p><img loading=\"lazy\" decoding=\"async\" class=\"alignnone\" src=\"\/\/sc04.alicdn.com\/kf\/H98c8c4262e6b49c2a04d7e2bb1dcf5e87\/278918006\/H98c8c4262e6b49c2a04d7e2bb1dcf5e87.jpg\" width=\"537\" height=\"537\" \/><\/p>\n<p><img loading=\"lazy\" decoding=\"async\" class=\"alignnone\" src=\"\/\/sc04.alicdn.com\/kf\/Ha142755781ed41baab9df64eb50dfd24q\/278918006\/Ha142755781ed41baab9df64eb50dfd24q.jpg\" width=\"538\" height=\"538\" \/><\/p>\n<p><img loading=\"lazy\" decoding=\"async\" class=\"alignnone\" src=\"\/\/sc04.alicdn.com\/kf\/H8f71a5512273457ead43cc11c9d539136\/278918006\/H8f71a5512273457ead43cc11c9d539136.jpg\" width=\"539\" height=\"539\" \/><\/p>\n<p><img loading=\"lazy\" decoding=\"async\" class=\"alignnone\" src=\"\/\/sc04.alicdn.com\/kf\/H8f71a5512273457ead43cc11c9d539136\/278918006\/H8f71a5512273457ead43cc11c9d539136.jpg\" width=\"536\" height=\"536\" \/><\/p>\n<p><img loading=\"lazy\" decoding=\"async\" class=\"alignnone\" src=\"\/\/sc04.alicdn.com\/kf\/H2245914c398a4a1e882c663efa87a1f9Y\/278918006\/H2245914c398a4a1e882c663efa87a1f9Y.jpg\" width=\"539\" height=\"539\" \/><\/p>\n<h3><strong>PRODUCT CONFIGURATION<\/strong><\/h3>\n<hr style=\"border: 2px solid #000; margin-top: 5px; margin-bottom: 5px;\" \/>\n<p><img loading=\"lazy\" decoding=\"async\" class=\"alignnone\" src=\"\/\/sc04.alicdn.com\/kf\/Hdc7a05e2a2f14b6791ab1fea700472541\/278918006\/Hdc7a05e2a2f14b6791ab1fea700472541.jpg\" width=\"537\" height=\"537\" \/><\/p>\n<p>high power reduction gearboxfaster speed and more energy saving<\/p>\n<p><img loading=\"lazy\" decoding=\"async\" class=\"alignnone\" src=\"\/\/sc04.alicdn.com\/kf\/H98c8c4262e6b49c2a04d7e2bb1dcf5e87\/278918006\/H98c8c4262e6b49c2a04d7e2bb1dcf5e87.jpg\" width=\"536\" height=\"536\" \/><\/p>\n<p>precision design working discimprove work efficiency<\/p>\n<p><img loading=\"lazy\" decoding=\"async\" class=\"alignnone\" src=\"\/\/sc04.alicdn.com\/kf\/Hc512878873794fd9ba0ad394badc1026y\/278918006\/Hc512878873794fd9ba0ad394badc1026y.jpg\" width=\"538\" height=\"538\" \/><\/p>\n<p>high precision metal gearhardr and more durable<\/p>\n<h3><strong>APPLICATION SCENARIO<\/strong><\/h3>\n<hr style=\"border: 2px solid #000; margin-top: 5px; margin-bottom: 5px;\" \/>\n<p><img loading=\"lazy\" decoding=\"async\" class=\"alignnone\" src=\"\/\/sc04.alicdn.com\/kf\/H72b5301dfd384731be239a03996662479\/278918006\/H72b5301dfd384731be239a03996662479.jpg\" width=\"538\" height=\"360\" \/><\/p>\n<p>CONSTRUCTION SITE<\/p>\n<p><img loading=\"lazy\" decoding=\"async\" class=\"alignnone\" src=\"\/\/sc04.alicdn.com\/kf\/Hab06d79adde14c2797b6d97f00f6f94eT\/278918006\/Hab06d79adde14c2797b6d97f00f6f94eT.jpg\" width=\"539\" height=\"404\" \/><\/p>\n<p>REBAR WHOLESALER<\/p>\n<p><img loading=\"lazy\" decoding=\"async\" class=\"alignnone\" src=\"\/\/sc04.alicdn.com\/kf\/H79918241cace48fd8f2ee7a393766eccl\/278918006\/H79918241cace48fd8f2ee7a393766eccl.jpg\" width=\"536\" height=\"357\" \/><\/p>\n<p>REBAR MANUFACTURER<\/p>\n<h3><strong>Why Choose Us<\/strong><\/h3>\n<hr style=\"border: 2px solid #000; margin-top: 5px; margin-bottom: 5px;\" \/>\n<p><img loading=\"lazy\" decoding=\"async\" class=\"alignnone\" src=\"\/\/sc04.alicdn.com\/kf\/H6175fa85ed0b4ff7a35de8309fcc2954g\/278918006\/H6175fa85ed0b4ff7a35de8309fcc2954g.jpg\" width=\"536\" height=\"294\" \/><\/p>\n<p>&nbsp;<\/p>\n<p><img loading=\"lazy\" decoding=\"async\" class=\"alignnone\" src=\"\/\/sc04.alicdn.com\/kf\/Hb655f3b118b046c98a59a7a942112e6fB\/278918006\/Hb655f3b118b046c98a59a7a942112e6fB.jpg\" width=\"536\" height=\"302\" \/><\/p>\n<p><img loading=\"lazy\" decoding=\"async\" class=\"alignnone\" src=\"\/\/sc04.alicdn.com\/kf\/H91421dbf498848ad8bf248aa9330a06au\/278918006\/H91421dbf498848ad8bf248aa9330a06au.jpg\" width=\"537\" height=\"424\" \/><\/p>\n<p><img loading=\"lazy\" decoding=\"async\" class=\"alignnone\" src=\"\/\/sc04.alicdn.com\/kf\/Hcd64f61108594ad29ead65342b598aeaH\/278918006\/Hcd64f61108594ad29ead65342b598aeaH.jpg\" width=\"539\" height=\"303\" \/><\/p>\n<p><img loading=\"lazy\" decoding=\"async\" class=\"alignnone\" src=\"\/\/sc04.alicdn.com\/kf\/Ha70b244ce575409293b53369015ca90fU\/278918006\/Ha70b244ce575409293b53369015ca90fU.jpg\" width=\"537\" height=\"654\" \/><\/p>\n<p><img loading=\"lazy\" decoding=\"async\" class=\"alignnone\" src=\"\/\/sc04.alicdn.com\/kf\/H32ab31e771d74753b96eace4d87034a5a\/278918006\/H32ab31e771d74753b96eace4d87034a5a.jpg\" width=\"537\" height=\"403\" \/><\/p>\n<p><img loading=\"lazy\" decoding=\"async\" class=\"alignnone\" src=\"\/\/sc04.alicdn.com\/kf\/Hfe70f08ddd114b8598f46bc7b2b139c8G\/278918006\/Hfe70f08ddd114b8598f46bc7b2b139c8G.jpg\" width=\"539\" height=\"308\" \/><\/p>\n<p><img loading=\"lazy\" decoding=\"async\" class=\"alignnone\" src=\"\/\/sc04.alicdn.com\/kf\/Hae210034766f4062b07693bf30cdf5cei\/278918006\/Hae210034766f4062b07693bf30cdf5cei.jpg\" width=\"539\" height=\"405\" \/><\/p>\n<p><img loading=\"lazy\" decoding=\"async\" class=\"alignnone\" src=\"\/\/sc04.alicdn.com\/kf\/H8061c86ce78e4043882c2fabe20c139ev\/278918006\/H8061c86ce78e4043882c2fabe20c139ev.jpg\" width=\"538\" height=\"538\" \/><\/p>\n<p><img loading=\"lazy\" decoding=\"async\" class=\"alignnone\" src=\"\/\/sc04.alicdn.com\/kf\/Hdb68498b8a894e5b8346b53615c2aa337\/278918006\/Hdb68498b8a894e5b8346b53615c2aa337.jpg\" width=\"537\" height=\"335\" \/><\/p>\n<p><img loading=\"lazy\" decoding=\"async\" class=\"alignnone\" src=\"\/\/sc04.alicdn.com\/kf\/H6b7407f63a3543df9b63eca48b423b40d\/278918006\/H6b7407f63a3543df9b63eca48b423b40d.jpg\" width=\"539\" height=\"392\" \/><\/p>\n<h3><strong>PACKAGING<\/strong><\/h3>\n<hr style=\"border: 2px solid #000; margin-top: 5px; margin-bottom: 5px;\" \/>\n<p><img loading=\"lazy\" decoding=\"async\" class=\"alignnone\" src=\"\/\/sc04.alicdn.com\/kf\/Hbba9599b150a4c3d9f1758d6c2ec16dd6\/278918006\/Hbba9599b150a4c3d9f1758d6c2ec16dd6.jpg\" width=\"538\" height=\"734\" \/><\/p>\n<h3><sub>PLYWOOD BOX<\/sub><\/h3>\n<p><img loading=\"lazy\" decoding=\"async\" class=\"alignnone\" src=\"\/\/sc04.alicdn.com\/kf\/H832c6a94f7f84c9eb03bc37d224bc38fE\/278918006\/H832c6a94f7f84c9eb03bc37d224bc38fE.jpg\" width=\"536\" height=\"474\" \/><\/p>\n<h3><sub>NO PACKAGING<\/sub><\/h3>\n<h3><strong>SIMILAR PRODUCTS<\/strong><\/h3>\n<hr style=\"border: 2px solid #000; margin-top: 5px; margin-bottom: 5px;\" \/>\n<p><img loading=\"lazy\" decoding=\"async\" class=\"alignnone\" src=\"\/\/sc04.alicdn.com\/kf\/H666576caec7645438bb0abc1b28c81089\/278918006\/H666576caec7645438bb0abc1b28c81089.jpg\" width=\"538\" height=\"242\" \/><\/p>\n<p><img loading=\"lazy\" decoding=\"async\" class=\"alignnone\" src=\"\/\/sc04.alicdn.com\/kf\/H7d14f65f5919478ab46f6d9e6db8c8b0s\/278918006\/H7d14f65f5919478ab46f6d9e6db8c8b0s.png\" width=\"537\" height=\"332\" \/><\/p>\n<p><img loading=\"lazy\" decoding=\"async\" class=\"alignnone\" src=\"\/\/sc04.alicdn.com\/kf\/Hdadc71a41354475793724a7e0029e468e\/278918006\/Hdadc71a41354475793724a7e0029e468e.jpg\" width=\"538\" height=\"536\" \/><\/p>\n<p><img loading=\"lazy\" decoding=\"async\" class=\"alignnone\" src=\"\/\/sc04.alicdn.com\/kf\/H188843dfc39c4b49b37663404f07979fm\/278918006\/H188843dfc39c4b49b37663404f07979fm.png\" width=\"537\" height=\"303\" \/><\/p>\n<p><img loading=\"lazy\" decoding=\"async\" class=\"alignnone\" src=\"\/\/sc04.alicdn.com\/kf\/H3ed99cf2de994e27ab37c3ab7f151943h\/278918006\/H3ed99cf2de994e27ab37c3ab7f151943h.png\" width=\"536\" height=\"402\" \/><\/p>\n<p><img loading=\"lazy\" decoding=\"async\" class=\"alignnone\" src=\"\/\/sc04.alicdn.com\/kf\/H3201268b53234071b038107bde1c4f86S\/278918006\/H3201268b53234071b038107bde1c4f86S.png\" width=\"539\" height=\"304\" \/><\/p>\n<h3><strong>FAQ<\/strong><\/h3>\n<hr style=\"border: 2px solid #000; margin-top: 5px; margin-bottom: 5px;\" \/>\n<p>Q1.Do you test all your goods before delivery?<br \/>\nYes, we have 100% test before delivery.<br \/>\nQ2.What is the warranty of your machine?<br \/>\nMachine warranty is 3 months but it is sturdy and durable, just need to replace consumable spare parts and proper maintain<br \/>\nregularly.<br \/>\nQ3.Can the motor and machine color be changed?<br \/>\nYes, we can change the motor according to the voltage requirement in your country. Machine colors can also be changed according to<br \/>\nyour preference.<br \/>\nQ4.Can you arrange technician to train us in our country?<br \/>\nSure, we can arrange technical person to have training for you, and the air ticket charge, board and lodging expenses shall be paid by your side.<br \/>\nQ5.What are the terms of payments you offer?<br \/>\nPayment of goods should be sent in USD or RMB on the basis of goods values. We accept payment of T\/T,L\/C,etc.<\/p>","protected":false},"excerpt":{"rendered":"<p>Pr\u00e9sentation du produit CINTREUSE D&#039;\u00c9TRIERS GF20 La cintreuse d&#039;\u00e9triers pour barres d&#039;armature est une machine efficace utilis\u00e9e pour plier l&#039;acier \u00e0 faible teneur en carbone, y compris l&#039;acier rond, l&#039;acier<\/p>","protected":false},"featured_media":29402,"comment_status":"open","ping_status":"closed","template":"","meta":[],"product_cat":[224,227],"product_tag":[],"class_list":{"0":"post-29403","1":"product","2":"type-product","3":"status-publish","4":"has-post-thumbnail","6":"product_cat-reinforcing-steel-machinery","7":"product_cat-steel-bar-hoop-bending-machine","9":"first","10":"instock","11":"shipping-taxable","12":"purchasable","13":"product-type-simple"},"_links":{"self":[{"href":"https:\/\/meconstructionsupplies.com\/fr\/wp-json\/wp\/v2\/product\/29403","targetHints":{"allow":["GET"]}}],"collection":[{"href":"https:\/\/meconstructionsupplies.com\/fr\/wp-json\/wp\/v2\/product"}],"about":[{"href":"https:\/\/meconstructionsupplies.com\/fr\/wp-json\/wp\/v2\/types\/product"}],"replies":[{"embeddable":true,"href":"https:\/\/meconstructionsupplies.com\/fr\/wp-json\/wp\/v2\/comments?post=29403"}],"version-history":[{"count":3,"href":"https:\/\/meconstructionsupplies.com\/fr\/wp-json\/wp\/v2\/product\/29403\/revisions"}],"predecessor-version":[{"id":31376,"href":"https:\/\/meconstructionsupplies.com\/fr\/wp-json\/wp\/v2\/product\/29403\/revisions\/31376"}],"wp:featuredmedia":[{"embeddable":true,"href":"https:\/\/meconstructionsupplies.com\/fr\/wp-json\/wp\/v2\/media\/29402"}],"wp:attachment":[{"href":"https:\/\/meconstructionsupplies.com\/fr\/wp-json\/wp\/v2\/media?parent=29403"}],"wp:term":[{"taxonomy":"product_cat","embeddable":true,"href":"https:\/\/meconstructionsupplies.com\/fr\/wp-json\/wp\/v2\/product_cat?post=29403"},{"taxonomy":"product_tag","embeddable":true,"href":"https:\/\/meconstructionsupplies.com\/fr\/wp-json\/wp\/v2\/product_tag?post=29403"}],"curies":[{"name":"wp","href":"https:\/\/api.w.org\/{rel}","templated":true}]}}