{"id":29450,"date":"2024-11-16T04:29:27","date_gmt":"2024-11-16T04:29:27","guid":{"rendered":"https:\/\/meconstructionsupplies.com\/product\/1-6mm-steel-wire-straightener-and-cutter-machine-jzq-2-6mm-straightening-and-cutting-machine\/"},"modified":"2025-09-23T01:27:18","modified_gmt":"2025-09-23T01:27:18","slug":"1-6mm-steel-wire-straightener-and-cutter-machine-jzq-2-6mm-straightening-and-cutting-machine","status":"publish","type":"product","link":"https:\/\/meconstructionsupplies.com\/fr\/product\/1-6mm-steel-wire-straightener-and-cutter-machine-jzq-2-6mm-straightening-and-cutting-machine\/","title":{"rendered":"Machine \u00e0 redresser et \u00e0 couper les fils d&#039;acier de 1 \u00e0 6 mm JZQ\u2013Machine \u00e0 redresser et \u00e0 couper les fils d&#039;acier de 2 \u00e0 6 mm"},"content":{"rendered":"<div style=\"width: 540px;\" class=\"wp-video\"><!--[if lt IE 9]><script>document.createElement('video');<\/script><![endif]-->\n<video class=\"wp-video-shortcode\" id=\"video-29450-1\" width=\"540\" height=\"960\" preload=\"metadata\" controls=\"controls\"><source type=\"video\/mp4\" src=\"\/\/play.video.alibaba.com\/play\/u\/2153292369\/p\/1\/e\/6\/t\/10300\/50241364961.mp4?_=1\" \/><a href=\"\/\/play.video.alibaba.com\/play\/u\/2153292369\/p\/1\/e\/6\/t\/10300\/50241364961.mp4\">\/\/play.video.alibaba.com\/play\/u\/2153292369\/p\/1\/e\/6\/t\/10300\/50241364961.mp4<\/a><\/video><\/div>\n<h3><strong>Product Description<\/strong><\/h3>\n<hr style=\"border: 2px solid #000; margin-top: 5px; margin-bottom: 5px;\" \/>\n<p><img fetchpriority=\"high\" decoding=\"async\" class=\"alignnone \" src=\"https:\/\/sc02.alicdn.com\/kf\/HTB1uQxTaPrguuRjy0Feq6xcbFXaJ\/220512637\/HTB1uQxTaPrguuRjy0Feq6xcbFXaJ.jpg\" width=\"543\" height=\"441\" \/><\/p>\n<h3><strong>Detailed Images<\/strong><\/h3>\n<hr style=\"border: 2px solid #000; margin-top: 5px; margin-bottom: 5px;\" \/>\n<p><img fetchpriority=\"high\" decoding=\"async\" class=\"alignnone \" src=\"https:\/\/sc02.alicdn.com\/kf\/HTB1uQxTaPrguuRjy0Feq6xcbFXaJ\/220512637\/HTB1uQxTaPrguuRjy0Feq6xcbFXaJ.jpg\" width=\"543\" height=\"441\" \/><\/p>\n<p><img decoding=\"async\" class=\"alignnone \" src=\"https:\/\/sc02.alicdn.com\/kf\/HTB19RhLXInrK1RkHFrdq6xCoFXaT\/220512637\/HTB19RhLXInrK1RkHFrdq6xCoFXaT.jpg\" width=\"543\" height=\"673\" \/><\/p>\n<p><img decoding=\"async\" class=\"alignnone \" src=\"\/\/sc04.alicdn.com\/kf\/H224cd14e0ef8499c95ad718b4117adef4\/220512637\/H224cd14e0ef8499c95ad718b4117adef4.jpg\" width=\"542\" height=\"542\" \/><\/p>\n<p><img loading=\"lazy\" decoding=\"async\" class=\"alignnone \" src=\"\/\/sc04.alicdn.com\/kf\/H7aaf0095557a4ccdb36db51870fe019cZ\/220512637\/H7aaf0095557a4ccdb36db51870fe019cZ.jpg\" width=\"542\" height=\"306\" \/><\/p>\n<h3><strong>Other Products<\/strong><\/h3>\n<hr style=\"border: 2px solid #000; margin-top: 5px; margin-bottom: 5px;\" \/>\n<p><img loading=\"lazy\" decoding=\"async\" class=\"alignnone \" src=\"https:\/\/sc01.alicdn.com\/kf\/HTB1nEM3XEzrK1RjSspm763OdFXa2\/220512637\/HTB1nEM3XEzrK1RjSspm763OdFXa2.png\" width=\"541\" height=\"450\" \/><\/p>\n<p><img loading=\"lazy\" decoding=\"async\" class=\"alignnone \" src=\"https:\/\/sc02.alicdn.com\/kf\/HTB15YtuXFzsK1Rjy1Xbq6xOaFXaU\/220512637\/HTB15YtuXFzsK1Rjy1Xbq6xOaFXaU.jpg\" width=\"543\" height=\"434\" \/><\/p>\n<p><img loading=\"lazy\" decoding=\"async\" class=\"alignnone \" src=\"https:\/\/sc01.alicdn.com\/kf\/HTB16Lk6Xs_vK1Rjy0Fo760IxVXad\/220512637\/HTB16Lk6Xs_vK1Rjy0Fo760IxVXad.png\" width=\"542\" height=\"541\" \/><\/p>\n<h3><strong>Our Company<\/strong><\/h3>\n<hr style=\"border: 2px solid #000; margin-top: 5px; margin-bottom: 5px;\" \/>\n<p>&nbsp;<\/p>\n<p><img loading=\"lazy\" decoding=\"async\" class=\"alignnone \" src=\"https:\/\/sc01.alicdn.com\/kf\/HTB1yXmdXyDxK1RjSsD4q6z1DFXai\/220512637\/HTB1yXmdXyDxK1RjSsD4q6z1DFXai.jpg\" width=\"543\" height=\"543\" \/><\/p>\n<p>&nbsp;<\/p>\n<p>&nbsp;<\/p>\n<h3><strong>Packing &amp; Delivery<\/strong><\/h3>\n<hr style=\"border: 2px solid #000; margin-top: 5px; margin-bottom: 5px;\" \/>\n<p><img loading=\"lazy\" decoding=\"async\" class=\"alignnone \" src=\"https:\/\/sc01.alicdn.com\/kf\/HTB1k9TMXyzxK1Rjy1zkq6yHrVXak\/220512637\/HTB1k9TMXyzxK1Rjy1zkq6yHrVXak.jpg\" width=\"542\" height=\"964\" \/><\/p>\n<p><img loading=\"lazy\" decoding=\"async\" class=\"alignnone \" src=\"https:\/\/sc02.alicdn.com\/kf\/HTB12vWbXyzxK1RkSnaVq6xn9VXaU\/220512637\/HTB12vWbXyzxK1RkSnaVq6xn9VXaU.jpg\" width=\"540\" height=\"540\" \/><\/p>\n<h3><strong>Our Service<\/strong><\/h3>\n<hr style=\"border: 2px solid #000; margin-top: 5px; margin-bottom: 5px;\" \/>\n<p>1. OEM Manufacturing welcome: Product, Package&#8230;<br \/>\n2. Sample order<br \/>\n3. We will reply you for your inquiry in 24 hours.<br \/>\n4. after sending, we will track the products for you once every two days, until you get the products. When you got the<br \/>\ngoods, test them, and give me a feedback.If you have any questions about the problem, contact with us, we will offer<br \/>\nthe solve way for you.<\/p>\n<h3><strong>FAQ<\/strong><\/h3>\n<hr style=\"border: 2px solid #000; margin-top: 5px; margin-bottom: 5px;\" \/>\n<p>Q1. What is your terms of packing?<br \/>\nA: Generally, we pack our goods in neutral white boxes and brown cartons. If you have legally registered patent,<br \/>\nwe can pack the goods in your branded boxes after getting your authorization letters.<\/p>\n<p>Q2. What is your terms of payment?<br \/>\nA: T\/T 30% as deposit, and 70% before delivery. We&#8217;ll show you the photos of the products and packages<br \/>\nbefore you pay the balance.<\/p>\n<p>Q3. What is your terms of delivery?<br \/>\nA: EXW, FOB, CFR, CIF, DDU.<\/p>\n<p>Q4. How about your delivery time?<br \/>\nA: Generally, it will take 30 to 60 days after receiving your advance payment. The specific delivery time depends<br \/>\non the items and the quantity of your order.<\/p>\n<p>Q5. Can you produce according to the samples?<br \/>\nA: Yes, we can produce by your samples or technical drawings. We can build the molds and fixtures.<\/p>\n<p>Q6. What is your sample policy?<br \/>\nA: We can supply the sample if we have ready parts in stock, but the customers have to pay the sample cost and<br \/>\nthe courier cost.<\/p>\n<p>Q7. Do you test all your goods before delivery?<br \/>\nA: Yes, we have 100% test before delivery<\/p>\n<p>Q8: How do you make our business long-term and good relationship?<br \/>\nA:1. We keep good quality and competitive price to ensure our customers benefit ;<br \/>\n2. We respect every customer as our friend and we sincerely do business and make friends with them,<br \/>\nno matter where they come from.<\/p>\n<p>&nbsp;<\/p>\n","protected":false},"excerpt":{"rendered":"<p>Description du produit Images d\u00e9taill\u00e9es Autres produits Notre soci\u00e9t\u00e9 Emballage et livraison Notre service 1. Fabrication OEM bienvenue :<\/p>","protected":false},"featured_media":29449,"comment_status":"open","ping_status":"closed","template":"","meta":[],"product_cat":[224,228],"product_tag":[],"class_list":{"0":"post-29450","1":"product","2":"type-product","3":"status-publish","4":"has-post-thumbnail","6":"product_cat-reinforcing-steel-machinery","7":"product_cat-steel-bar-straightening-and-cutting-machine","9":"first","10":"instock","11":"shipping-taxable","12":"purchasable","13":"product-type-simple"},"_links":{"self":[{"href":"https:\/\/meconstructionsupplies.com\/fr\/wp-json\/wp\/v2\/product\/29450","targetHints":{"allow":["GET"]}}],"collection":[{"href":"https:\/\/meconstructionsupplies.com\/fr\/wp-json\/wp\/v2\/product"}],"about":[{"href":"https:\/\/meconstructionsupplies.com\/fr\/wp-json\/wp\/v2\/types\/product"}],"replies":[{"embeddable":true,"href":"https:\/\/meconstructionsupplies.com\/fr\/wp-json\/wp\/v2\/comments?post=29450"}],"version-history":[{"count":4,"href":"https:\/\/meconstructionsupplies.com\/fr\/wp-json\/wp\/v2\/product\/29450\/revisions"}],"predecessor-version":[{"id":31380,"href":"https:\/\/meconstructionsupplies.com\/fr\/wp-json\/wp\/v2\/product\/29450\/revisions\/31380"}],"wp:featuredmedia":[{"embeddable":true,"href":"https:\/\/meconstructionsupplies.com\/fr\/wp-json\/wp\/v2\/media\/29449"}],"wp:attachment":[{"href":"https:\/\/meconstructionsupplies.com\/fr\/wp-json\/wp\/v2\/media?parent=29450"}],"wp:term":[{"taxonomy":"product_cat","embeddable":true,"href":"https:\/\/meconstructionsupplies.com\/fr\/wp-json\/wp\/v2\/product_cat?post=29450"},{"taxonomy":"product_tag","embeddable":true,"href":"https:\/\/meconstructionsupplies.com\/fr\/wp-json\/wp\/v2\/product_tag?post=29450"}],"curies":[{"name":"wp","href":"https:\/\/api.w.org\/{rel}","templated":true}]}}