{"id":29494,"date":"2024-11-16T04:42:58","date_gmt":"2024-11-16T04:42:58","guid":{"rendered":"https:\/\/meconstructionsupplies.com\/product\/surface-construction-flooring-machines-concrete-truss-screed-machine-concrete-screed\/"},"modified":"2024-12-02T08:10:51","modified_gmt":"2024-12-02T08:10:51","slug":"surface-construction-flooring-machines-concrete-truss-screed-machine-concrete-screed","status":"publish","type":"product","link":"https:\/\/meconstructionsupplies.com\/fr\/product\/surface-construction-flooring-machines-concrete-truss-screed-machine-concrete-screed\/","title":{"rendered":"Machines de construction de sols en b\u00e9ton Machine \u00e0 chape pour fermes en b\u00e9ton\/Chape en b\u00e9ton"},"content":{"rendered":"<div style=\"width: 540px;\" class=\"wp-video\"><!--[if lt IE 9]><script>document.createElement('video');<\/script><![endif]-->\n<video class=\"wp-video-shortcode\" id=\"video-29494-1\" width=\"540\" height=\"960\" preload=\"metadata\" controls=\"controls\"><source type=\"video\/mp4\" src=\"\/\/play.video.alibaba.com\/play\/u\/2153292369\/p\/1\/e\/6\/t\/10300\/351330722432.mp4?_=1\" \/><a href=\"\/\/play.video.alibaba.com\/play\/u\/2153292369\/p\/1\/e\/6\/t\/10300\/351330722432.mp4\">\/\/play.video.alibaba.com\/play\/u\/2153292369\/p\/1\/e\/6\/t\/10300\/351330722432.mp4<\/a><\/video><\/div>\n<p style=\"text-align: center;\"><strong><span style=\"font-size: 24px; line-height: 36px;\">surface construction concrete truss screed machine\/concrete screed\u00a0<\/span><\/strong><\/p>\n<div id=\"ali-anchor-AliPostDhMb-ftc1f\" class=\"mceSectionContainer\" style=\"padding-top: 8px;\" data-section=\"AliPostDhMb-ftc1f\" data-section-title=\"Product Description\">\n<div id=\"ali-title-AliPostDhMb-ftc1f\" style=\"padding: 8px 0; border-bottom: 1px solid #ddd;\"><span style=\"background-color: #ddd; color: #333; font-weight: bold; padding: 8px 10px; line-height: 12px;\">Product Description<\/span><\/div>\n<div style=\"padding: 10px 0;\">\n<p><img fetchpriority=\"high\" decoding=\"async\" class=\"alignnone \" src=\"\/\/sc01.alicdn.com\/kf\/HTB1eYi3OFXXXXc4XVXXq6xXFXXXu\/228446484\/HTB1eYi3OFXXXXc4XVXXq6xXFXXXu.jpg\" width=\"540\" height=\"376\" \/><\/p>\n<p><img decoding=\"async\" class=\"alignnone \" src=\"\/\/sc01.alicdn.com\/kf\/HTB11oThOFXXXXawXpXXq6xXFXXXO\/228446484\/HTB11oThOFXXXXawXpXXq6xXFXXXO.jpg\" width=\"543\" height=\"1469\" \/><\/p>\n<\/div>\n<\/div>\n<div id=\"ali-anchor-AliPostDhMb-qb0te\" class=\"mceSectionContainer\" style=\"padding-top: 8px;\" data-section=\"AliPostDhMb-qb0te\" data-section-title=\"Technology Parameter\">\n<div id=\"ali-title-AliPostDhMb-qb0te\" style=\"padding: 8px 0; border-bottom: 1px solid #ddd;\"><span style=\"background-color: #ddd; color: #333; font-weight: bold; padding: 8px 10px; line-height: 12px;\">Technology Parameter<\/span><\/div>\n<div style=\"padding: 10px 0px; text-align: center;\">\n<p><strong><span style=\"font-size: 18px;\">surface construction concrete truss screed machineconcrete screed<\/span><\/strong><\/p>\n<div>\n<div style=\"display: flex; background-color: #f2f2f2; padding: 10px; border-bottom: 1px solid #ddd;\">\n<div style=\"width: 40%; font-weight: bold;\">Type<\/div>\n<div style=\"width: 60%;\">Gasoline\u00a0engine,\u00a0air-cooled\u00a04-stroke,\u00a0OHV,\u00a0single\u00a0cylinder<\/div>\n<\/div>\n<div style=\"display: flex; background-color: #f2f2f2; padding: 10px; border-bottom: 1px solid #ddd;\">\n<div style=\"width: 40%; font-weight: bold;\">Working\u00a0depth<\/div>\n<div style=\"width: 60%;\">260mm<\/div>\n<\/div>\n<div style=\"display: flex; background-color: #e9ecef; padding: 10px; border-bottom: 1px solid #ddd;\">\n<div style=\"width: 40%; font-weight: bold;\">Vibration\u00a0frequency<\/div>\n<div style=\"width: 60%;\">70Hz<\/div>\n<\/div>\n<div style=\"display: flex; background-color: #f2f2f2; padding: 10px; border-bottom: 1px solid #ddd;\">\n<div style=\"width: 40%; font-weight: bold;\">Induced\u00a0vibration\u00a0force<\/div>\n<div style=\"width: 60%;\">11kN\/(\u2264)2000mm<\/div>\n<\/div>\n<div style=\"display: flex; background-color: #e9ecef; padding: 10px; border-bottom: 1px solid #ddd;\">\n<div style=\"width: 40%; font-weight: bold;\">The\u00a0amount\u00a0of\u00a0fuel\u00a0consumption<\/div>\n<div style=\"width: 60%;\">313g\/kWh<\/div>\n<\/div>\n<div style=\"display: flex; background-color: #e9ecef; padding: 10px; border-bottom: 1px solid #ddd;\">\n<div style=\"width: 40%; font-weight: bold;\">Standard\u00a0knot<\/div>\n<div style=\"width: 60%;\">1000\/2000mm<\/div>\n<\/div>\n<\/div>\n<\/div>\n<\/div>\n<div id=\"ali-anchor-AliPostDhMb-vh213\" class=\"mceSectionContainer\" style=\"padding-top: 8px;\" data-section=\"AliPostDhMb-vh213\" data-section-title=\"Applications\">\n<div id=\"ali-title-AliPostDhMb-vh213\" style=\"padding: 8px 0; border-bottom: 1px solid #ddd;\"><span style=\"background-color: #ddd; color: #333; font-weight: bold; padding: 8px 10px; line-height: 12px;\">Applications<\/span><\/div>\n<div style=\"padding: 10px 0;\">\n<p><img decoding=\"async\" class=\"alignnone \" src=\"\/\/sc02.alicdn.com\/kf\/HTB1XMGROFXXXXceaXXXq6xXFXXXP\/228446484\/HTB1XMGROFXXXXceaXXXq6xXFXXXP.jpg\" width=\"541\" height=\"414\" \/><\/p>\n<\/div>\n<\/div>\n<div id=\"ali-anchor-AliPostDhMb-4yos6\" class=\"mceSectionContainer\" style=\"padding-top: 8px;\" data-section=\"AliPostDhMb-4yos6\" data-section-title=\"Packaging &amp; Shipping\">\n<div id=\"ali-title-AliPostDhMb-4yos6\" style=\"padding: 8px 0; border-bottom: 1px solid #ddd;\"><span style=\"background-color: #ddd; color: #333; font-weight: bold; padding: 8px 10px; line-height: 12px;\">Packaging &amp; Shipping<\/span><\/div>\n<div style=\"padding: 10px 0;\">\n<p><img loading=\"lazy\" decoding=\"async\" class=\"alignnone \" src=\"\/\/sc01.alicdn.com\/kf\/HTB1TPHXOFXXXXXNXVXXq6xXFXXXb\/228446484\/HTB1TPHXOFXXXXXNXVXXq6xXFXXXb.jpg\" width=\"543\" height=\"262\" \/><\/p>\n<\/div>\n<\/div>\n<div id=\"ali-anchor-AliPostDhMb-vpg9k\" class=\"mceSectionContainer\" style=\"padding-top: 8px;\" data-section=\"AliPostDhMb-vpg9k\" data-section-title=\"About us\">\n<div id=\"ali-title-AliPostDhMb-vpg9k\" style=\"padding: 8px 0; border-bottom: 1px solid #ddd;\"><span style=\"background-color: #ddd; color: #333; font-weight: bold; padding: 8px 10px; line-height: 12px;\">About us<\/span><\/div>\n<div style=\"padding: 10px 0;\">\n<p><img loading=\"lazy\" decoding=\"async\" class=\"alignnone \" src=\"\/\/sc01.alicdn.com\/kf\/HTB1lRvbOFXXXXb4XFXXq6xXFXXXF\/228446484\/HTB1lRvbOFXXXXb4XFXXq6xXFXXXF.jpg\" width=\"542\" height=\"243\" \/><\/p>\n<\/div>\n<\/div>\n<div id=\"ali-anchor-AliPostDhMb-a71m0\" class=\"mceSectionContainer\" style=\"padding-top: 8px;\" data-section=\"AliPostDhMb-a71m0\" data-section-title=\"Contact information\">\n<div id=\"ali-title-AliPostDhMb-a71m0\" style=\"padding: 8px 0; border-bottom: 1px solid #ddd;\"><span style=\"background-color: #ddd; color: #333; font-weight: bold; padding: 8px 10px; line-height: 12px;\">Contact information<\/span><\/div>\n<div style=\"padding: 10px 0;\">\n<p><span style=\"font-size: 16px;\">The more you learn, the more you know, The more you know, the more you forget. The more you forget, the less you know. So why bother to learn.<\/span><\/p>\n<p><span style=\"font-size: 18px;\"><strong><span style=\"color: #333333; font-style: normal; line-height: 22.4px; float: none; background-color: #ffffff; display: inline !important;\">surface construction concrete truss screed machine\/concrete screed<\/span><\/strong><\/span><\/p>\n<\/div>\n<\/div>\n","protected":false},"excerpt":{"rendered":"<p>Machine \u00e0 chape en b\u00e9ton pour construction de surface\/chape en b\u00e9ton Description du produit Param\u00e8tre technologique Machine \u00e0 chape en b\u00e9ton pour construction de surfaceChape en b\u00e9ton Type Moteur \u00e0 essence, refroidi par air, 4 temps, OHV, monocylindre<\/p>","protected":false},"featured_media":29493,"comment_status":"open","ping_status":"closed","template":"","meta":[],"product_cat":[231,230],"product_tag":[],"class_list":{"0":"post-29494","1":"product","2":"type-product","3":"status-publish","4":"has-post-thumbnail","6":"product_cat-concrete-truss-screed","7":"product_cat-road-machinery","9":"first","10":"instock","11":"shipping-taxable","12":"purchasable","13":"product-type-simple"},"_links":{"self":[{"href":"https:\/\/meconstructionsupplies.com\/fr\/wp-json\/wp\/v2\/product\/29494","targetHints":{"allow":["GET"]}}],"collection":[{"href":"https:\/\/meconstructionsupplies.com\/fr\/wp-json\/wp\/v2\/product"}],"about":[{"href":"https:\/\/meconstructionsupplies.com\/fr\/wp-json\/wp\/v2\/types\/product"}],"replies":[{"embeddable":true,"href":"https:\/\/meconstructionsupplies.com\/fr\/wp-json\/wp\/v2\/comments?post=29494"}],"version-history":[{"count":3,"href":"https:\/\/meconstructionsupplies.com\/fr\/wp-json\/wp\/v2\/product\/29494\/revisions"}],"predecessor-version":[{"id":31384,"href":"https:\/\/meconstructionsupplies.com\/fr\/wp-json\/wp\/v2\/product\/29494\/revisions\/31384"}],"wp:featuredmedia":[{"embeddable":true,"href":"https:\/\/meconstructionsupplies.com\/fr\/wp-json\/wp\/v2\/media\/29493"}],"wp:attachment":[{"href":"https:\/\/meconstructionsupplies.com\/fr\/wp-json\/wp\/v2\/media?parent=29494"}],"wp:term":[{"taxonomy":"product_cat","embeddable":true,"href":"https:\/\/meconstructionsupplies.com\/fr\/wp-json\/wp\/v2\/product_cat?post=29494"},{"taxonomy":"product_tag","embeddable":true,"href":"https:\/\/meconstructionsupplies.com\/fr\/wp-json\/wp\/v2\/product_tag?post=29494"}],"curies":[{"name":"wp","href":"https:\/\/api.w.org\/{rel}","templated":true}]}}