{"id":29530,"date":"2024-11-16T04:53:40","date_gmt":"2024-11-16T04:53:40","guid":{"rendered":"https:\/\/meconstructionsupplies.com\/product\/500mm-concrete-road-asphalt-milling-machine-for-road-construction\/"},"modified":"2024-12-02T08:10:51","modified_gmt":"2024-12-02T08:10:51","slug":"500mm-concrete-road-asphalt-milling-machine-for-road-construction","status":"publish","type":"product","link":"https:\/\/meconstructionsupplies.com\/fr\/product\/500mm-concrete-road-asphalt-milling-machine-for-road-construction\/","title":{"rendered":"Fraiseuse d&#039;asphalte pour route en b\u00e9ton de 500 mm pour la construction de routes"},"content":{"rendered":"<h3><strong>Description du produit<\/strong><\/h3>\n<hr style=\"border: 2px solid #000; margin-top: 5px; margin-bottom: 5px;\" \/>\n<h3>Scarifying machine, also called surface planers or milling machines, remove concrete faster and more aggressively than grinders. That&#8217;s because they use the pummeling action of multi-tipped cutting wheels, or flails, that rotate at high speeds to chip away at the concrete surface.<\/h3>\n<p><img fetchpriority=\"high\" decoding=\"async\" class=\"alignnone\" src=\"\/\/sc04.alicdn.com\/kf\/H6abfb8a4b9b54b8ba59040f7e81ed9b5p\/273079835\/H6abfb8a4b9b54b8ba59040f7e81ed9b5p.jpg\" width=\"541\" height=\"1262\" \/><\/p>\n<h3><strong>Product Details<\/strong><\/h3>\n<hr style=\"border: 2px solid #000; margin-top: 5px; margin-bottom: 5px;\" \/>\n<p><img decoding=\"async\" class=\"alignnone\" src=\"\/\/sc04.alicdn.com\/kf\/H129d7d2908e64d2094768dc0a4105c09F\/273079835\/H129d7d2908e64d2094768dc0a4105c09F.jpg\" width=\"542\" height=\"1286\" \/><\/p>\n<h3><strong>Product Display<\/strong><\/h3>\n<hr style=\"border: 2px solid #000; margin-top: 5px; margin-bottom: 5px;\" \/>\n<p><img decoding=\"async\" class=\"alignnone\" src=\"\/\/sc04.alicdn.com\/kf\/H18c7c462a157401a9de47d44fa04a5ffE\/273079835\/H18c7c462a157401a9de47d44fa04a5ffE.jpg\" width=\"542\" height=\"1675\" \/><\/p>\n<h3><strong>Wide Application<\/strong><\/h3>\n<hr style=\"border: 2px solid #000; margin-top: 5px; margin-bottom: 5px;\" \/>\n<p><img loading=\"lazy\" decoding=\"async\" class=\"alignnone\" src=\"\/\/sc04.alicdn.com\/kf\/H707ea005db6a41b2bc3c4ee3196e6acfj\/273079835\/H707ea005db6a41b2bc3c4ee3196e6acfj.jpg\" width=\"542\" height=\"593\" \/><\/p>\n<h3><strong>Why choose us<\/strong><\/h3>\n<hr style=\"border: 2px solid #000; margin-top: 5px; margin-bottom: 5px;\" \/>\n<p><img loading=\"lazy\" decoding=\"async\" class=\"alignnone\" src=\"\/\/sc04.alicdn.com\/kf\/H81691254b8b544f7a88c5b859a18c584x\/273079835\/H81691254b8b544f7a88c5b859a18c584x.png\" width=\"541\" height=\"201\" \/><\/p>\n<p>Factory direct sell, favorable prices provided;Professional R&amp;D team, OEM provided;Delivery on time;Guarantee after sell service.<\/p>\n<h3><strong>Our Advantages<\/strong><\/h3>\n<hr style=\"border: 2px solid #000; margin-top: 5px; margin-bottom: 5px;\" \/>\n<p><img loading=\"lazy\" decoding=\"async\" class=\"alignnone\" src=\"\/\/sc04.alicdn.com\/kf\/H8216324f457147c589dab465dae2db7by\/273079835\/H8216324f457147c589dab465dae2db7by.jpg\" width=\"541\" height=\"521\" \/><\/p>\n<h3><strong>FAQ<\/strong><\/h3>\n<hr style=\"border: 2px solid #000; margin-top: 5px; margin-bottom: 5px;\" \/>\n<p><img loading=\"lazy\" decoding=\"async\" class=\"alignnone\" src=\"\/\/sc04.alicdn.com\/kf\/H712ef785984e46178e3d5515f19f8aac5\/273079835\/H712ef785984e46178e3d5515f19f8aac5.jpg\" width=\"540\" height=\"65\" \/><\/p>","protected":false},"excerpt":{"rendered":"<p>Description du produit Les machines \u00e0 scarifier, \u00e9galement appel\u00e9es raboteuses ou fraiseuses, enl\u00e8vent le b\u00e9ton plus rapidement et plus agressivement que les meuleuses.<\/p>","protected":false},"featured_media":29529,"comment_status":"open","ping_status":"closed","template":"","meta":[],"product_cat":[233,230],"product_tag":[],"class_list":{"0":"post-29530","1":"product","2":"type-product","3":"status-publish","4":"has-post-thumbnail","6":"product_cat-concrete-milling-machine","7":"product_cat-road-machinery","9":"first","10":"instock","11":"shipping-taxable","12":"purchasable","13":"product-type-simple"},"_links":{"self":[{"href":"https:\/\/meconstructionsupplies.com\/fr\/wp-json\/wp\/v2\/product\/29530","targetHints":{"allow":["GET"]}}],"collection":[{"href":"https:\/\/meconstructionsupplies.com\/fr\/wp-json\/wp\/v2\/product"}],"about":[{"href":"https:\/\/meconstructionsupplies.com\/fr\/wp-json\/wp\/v2\/types\/product"}],"replies":[{"embeddable":true,"href":"https:\/\/meconstructionsupplies.com\/fr\/wp-json\/wp\/v2\/comments?post=29530"}],"version-history":[{"count":2,"href":"https:\/\/meconstructionsupplies.com\/fr\/wp-json\/wp\/v2\/product\/29530\/revisions"}],"predecessor-version":[{"id":31388,"href":"https:\/\/meconstructionsupplies.com\/fr\/wp-json\/wp\/v2\/product\/29530\/revisions\/31388"}],"wp:featuredmedia":[{"embeddable":true,"href":"https:\/\/meconstructionsupplies.com\/fr\/wp-json\/wp\/v2\/media\/29529"}],"wp:attachment":[{"href":"https:\/\/meconstructionsupplies.com\/fr\/wp-json\/wp\/v2\/media?parent=29530"}],"wp:term":[{"taxonomy":"product_cat","embeddable":true,"href":"https:\/\/meconstructionsupplies.com\/fr\/wp-json\/wp\/v2\/product_cat?post=29530"},{"taxonomy":"product_tag","embeddable":true,"href":"https:\/\/meconstructionsupplies.com\/fr\/wp-json\/wp\/v2\/product_tag?post=29530"}],"curies":[{"name":"wp","href":"https:\/\/api.w.org\/{rel}","templated":true}]}}