{"id":29563,"date":"2024-11-18T00:56:45","date_gmt":"2024-11-18T00:56:45","guid":{"rendered":"https:\/\/meconstructionsupplies.com\/product\/best-price-choice-500mm-concrete-and-screed-asphalt-road-milling-machine\/"},"modified":"2024-12-02T08:10:51","modified_gmt":"2024-12-02T08:10:51","slug":"best-price-choice-500mm-concrete-and-screed-asphalt-road-milling-machine","status":"publish","type":"product","link":"https:\/\/meconstructionsupplies.com\/fr\/product\/best-price-choice-500mm-concrete-and-screed-asphalt-road-milling-machine\/","title":{"rendered":"Fraiseuse de route pour b\u00e9ton et asphalte de 500 mm au meilleur prix"},"content":{"rendered":"<h3><strong>Description du produit<\/strong><\/h3>\n<hr style=\"border: 2px solid #000; margin-top: 5px; margin-bottom: 5px;\" \/>\n<p><img fetchpriority=\"high\" decoding=\"async\" class=\"alignnone\" src=\"\/\/sc04.alicdn.com\/kf\/H459f4f844a6a464790157e69edc3e1f3S\/201810585\/H459f4f844a6a464790157e69edc3e1f3S.jpg\" width=\"542\" height=\"1087\" \/><\/p>\n<p><img decoding=\"async\" class=\"alignnone\" src=\"\/\/sc04.alicdn.com\/kf\/H3effedabc3884a43a4d7b20d4f6cd559c\/201810585\/H3effedabc3884a43a4d7b20d4f6cd559c.jpg\" width=\"542\" height=\"951\" \/><\/p>\n<p><img decoding=\"async\" class=\"alignnone\" src=\"\/\/sc04.alicdn.com\/kf\/Hb237bbabb8984ad18d1816a690b0e6424\/201810585\/Hb237bbabb8984ad18d1816a690b0e6424.jpg\" width=\"540\" height=\"430\" \/><\/p>\n<p><img loading=\"lazy\" decoding=\"async\" class=\"alignnone\" src=\"\/\/sc04.alicdn.com\/kf\/Hb09cb2b171514c78b0aed392d0538bebC\/201810585\/Hb09cb2b171514c78b0aed392d0538bebC.jpg\" width=\"542\" height=\"997\" \/><\/p>\n<h3><strong>Sp\u00e9cification<\/strong><\/h3>\n<hr style=\"border: 2px solid #000; margin-top: 5px; margin-bottom: 5px;\" \/>\n<div style=\"display: flex; background-color: #f2f2f2; padding: 10px; border-bottom: 1px solid #ddd;\">\n<div style=\"width: 40%; font-weight: bold;\">article<\/div>\n<div style=\"width: 60%;\">valeur<\/div>\n<\/div>\n<div style=\"display: flex; background-color: #ffffff; padding: 10px; border-bottom: 1px solid #ddd;\">\n<div style=\"width: 40%; font-weight: bold;\">Condition<\/div>\n<div style=\"width: 60%;\">Nouveau<\/div>\n<\/div>\n<div style=\"display: flex; background-color: #f2f2f2; padding: 10px; border-bottom: 1px solid #ddd;\">\n<div style=\"width: 40%; font-weight: bold;\">Garantie<\/div>\n<div style=\"width: 60%;\">1.5 years<\/div>\n<\/div>\n<div style=\"display: flex; background-color: #ffffff; padding: 10px; border-bottom: 1px solid #ddd;\">\n<div style=\"width: 40%; font-weight: bold;\">Applicable Industries<\/div>\n<div style=\"width: 60%;\">Manufacturing Plant, Farms, Construction works, Energy &amp; Mining, Other<\/div>\n<\/div>\n<div style=\"display: flex; background-color: #f2f2f2; padding: 10px; border-bottom: 1px solid #ddd;\">\n<div style=\"width: 40%; font-weight: bold;\">Weight (KG)<\/div>\n<div style=\"width: 60%;\">205<\/div>\n<\/div>\n<div style=\"display: flex; background-color: #ffffff; padding: 10px; border-bottom: 1px solid #ddd;\">\n<div style=\"width: 40%; font-weight: bold;\">Showroom Location<\/div>\n<div style=\"width: 60%;\">None<\/div>\n<\/div>\n<div style=\"display: flex; background-color: #f2f2f2; padding: 10px; border-bottom: 1px solid #ddd;\">\n<div style=\"width: 40%; font-weight: bold;\">Video outgoing-inspection<\/div>\n<div style=\"width: 60%;\">Provided<\/div>\n<\/div>\n<div style=\"display: flex; background-color: #ffffff; padding: 10px; border-bottom: 1px solid #ddd;\">\n<div style=\"width: 40%; font-weight: bold;\">Machinery Test Report<\/div>\n<div style=\"width: 60%;\">Provided<\/div>\n<\/div>\n<div style=\"display: flex; background-color: #f2f2f2; padding: 10px; border-bottom: 1px solid #ddd;\">\n<div style=\"width: 40%; font-weight: bold;\">Marketing Type<\/div>\n<div style=\"width: 60%;\">Ordinary Product<\/div>\n<\/div>\n<div style=\"display: flex; background-color: #ffffff; padding: 10px; border-bottom: 1px solid #ddd;\">\n<div style=\"width: 40%; font-weight: bold;\">Warranty of core components<\/div>\n<div style=\"width: 60%;\">1 an<\/div>\n<\/div>\n<div style=\"display: flex; background-color: #f2f2f2; padding: 10px; border-bottom: 1px solid #ddd;\">\n<div style=\"width: 40%; font-weight: bold;\">Core Components<\/div>\n<div style=\"width: 60%;\">Engine<\/div>\n<\/div>\n<div style=\"display: flex; background-color: #ffffff; padding: 10px; border-bottom: 1px solid #ddd;\">\n<div style=\"width: 40%; font-weight: bold;\">Lieu d&#039;origine<\/div>\n<div style=\"width: 60%;\">Chine<\/div>\n<\/div>\n<div style=\"display: flex; background-color: #f2f2f2; padding: 10px; border-bottom: 1px solid #ddd;\">\n<div style=\"width: 40%; font-weight: bold;\">UNIQUE SELLING POINT<\/div>\n<div style=\"width: 60%;\">High operating efficiency<\/div>\n<\/div>\n<div style=\"display: flex; background-color: #ffffff; padding: 10px; border-bottom: 1px solid #ddd;\">\n<div style=\"width: 40%; font-weight: bold;\">Pouvoir<\/div>\n<div style=\"width: 60%;\">13 CV<\/div>\n<\/div>\n<div style=\"display: flex; background-color: #f2f2f2; padding: 10px; border-bottom: 1px solid #ddd;\">\n<div style=\"width: 40%; font-weight: bold;\">Scarifying width<\/div>\n<div style=\"width: 60%;\">250mm<\/div>\n<\/div>\n<div style=\"display: flex; background-color: #ffffff; padding: 10px; border-bottom: 1px solid #ddd;\">\n<div style=\"width: 40%; font-weight: bold;\">Scarifying depth<\/div>\n<div style=\"width: 60%;\">5mm<\/div>\n<\/div>\n<div style=\"display: flex; background-color: #f2f2f2; padding: 10px; border-bottom: 1px solid #ddd;\">\n<div style=\"width: 40%; font-weight: bold;\">Blade number<\/div>\n<div style=\"width: 60%;\">66 pieces<\/div>\n<\/div>\n<div style=\"display: flex; background-color: #ffffff; padding: 10px; border-bottom: 1px solid #ddd;\">\n<div style=\"width: 40%; font-weight: bold;\">Poids<\/div>\n<div style=\"width: 60%;\">205kg<\/div>\n<\/div>\n<div style=\"display: flex; background-color: #f2f2f2; padding: 10px; border-bottom: 1px solid #ddd;\">\n<div style=\"width: 40%; font-weight: bold;\">Packing size<\/div>\n<div style=\"width: 60%;\">1400x700x1100mm<\/div>\n<\/div>\n<h3><strong>Packing &amp; Delivery<\/strong><\/h3>\n<hr style=\"border: 2px solid #000; margin-top: 5px; margin-bottom: 5px;\" \/>\n<p><img loading=\"lazy\" decoding=\"async\" class=\"alignnone\" src=\"\/\/sc04.alicdn.com\/kf\/He5253580051f4c998a484d0d2739ef03j\/201810585\/He5253580051f4c998a484d0d2739ef03j.jpg\" width=\"542\" height=\"1026\" \/><\/p>\n<h3><strong>FAQ<\/strong><\/h3>\n<hr style=\"border: 2px solid #000; margin-top: 5px; margin-bottom: 5px;\" \/>\n<p><b>1. Who are we?<b><\/b><\/b><\/p>\n<p><b>2. How can we guarantee quality?<b><br \/>\nAlways a pre-production sample before mass production;<br \/>\nAlways final Inspection before shipment;<\/b><\/b><\/p>\n<p><b>3.What can you buy from us?<b><br \/>\nRoad Roller, Concrete Screed, Asphalt Crack Sealing Machine, Mobile Light Tower<\/b><\/b><\/p>\n<p><b>4. Why should you buy from us not from other suppliers?<b><br \/>\n15 years production experience.<\/b><\/b><\/p>\n<p><b>5. What services can we provide?<b><br \/>\nAccepted Delivery Terms: FOB,CFR,CIF,Express Delivery\uff1b<br \/>\nAccepted Payment Currency:USD;<br \/>\nAccepted Payment Type: T\/T,D\/P D\/A,Credit Card,Western Union,Cash,Escrow;<br \/>\nLanguage Spoken:English,Chinese <\/b><\/b><\/p>\n<p>&nbsp;<\/p>","protected":false},"excerpt":{"rendered":"<p>Description du produit Sp\u00e9cification Valeur de l&#039;article \u00c9tat Neuf Garantie 1,5 ans Industries applicables Usine de fabrication, Fermes, Travaux de construction, \u00c9nergie et mines,<\/p>","protected":false},"featured_media":29562,"comment_status":"open","ping_status":"closed","template":"","meta":[],"product_cat":[235,230],"product_tag":[],"class_list":{"0":"post-29563","1":"product","2":"type-product","3":"status-publish","4":"has-post-thumbnail","6":"product_cat-concrete-terrazzo-polishing-machine","7":"product_cat-road-machinery","9":"first","10":"instock","11":"shipping-taxable","12":"purchasable","13":"product-type-simple"},"_links":{"self":[{"href":"https:\/\/meconstructionsupplies.com\/fr\/wp-json\/wp\/v2\/product\/29563","targetHints":{"allow":["GET"]}}],"collection":[{"href":"https:\/\/meconstructionsupplies.com\/fr\/wp-json\/wp\/v2\/product"}],"about":[{"href":"https:\/\/meconstructionsupplies.com\/fr\/wp-json\/wp\/v2\/types\/product"}],"replies":[{"embeddable":true,"href":"https:\/\/meconstructionsupplies.com\/fr\/wp-json\/wp\/v2\/comments?post=29563"}],"version-history":[{"count":3,"href":"https:\/\/meconstructionsupplies.com\/fr\/wp-json\/wp\/v2\/product\/29563\/revisions"}],"predecessor-version":[{"id":31390,"href":"https:\/\/meconstructionsupplies.com\/fr\/wp-json\/wp\/v2\/product\/29563\/revisions\/31390"}],"wp:featuredmedia":[{"embeddable":true,"href":"https:\/\/meconstructionsupplies.com\/fr\/wp-json\/wp\/v2\/media\/29562"}],"wp:attachment":[{"href":"https:\/\/meconstructionsupplies.com\/fr\/wp-json\/wp\/v2\/media?parent=29563"}],"wp:term":[{"taxonomy":"product_cat","embeddable":true,"href":"https:\/\/meconstructionsupplies.com\/fr\/wp-json\/wp\/v2\/product_cat?post=29563"},{"taxonomy":"product_tag","embeddable":true,"href":"https:\/\/meconstructionsupplies.com\/fr\/wp-json\/wp\/v2\/product_tag?post=29563"}],"curies":[{"name":"wp","href":"https:\/\/api.w.org\/{rel}","templated":true}]}}