{"id":29581,"date":"2024-11-18T01:03:51","date_gmt":"2024-11-18T01:03:51","guid":{"rendered":"https:\/\/meconstructionsupplies.com\/product\/professional-manufacture-square-end-aluminium-bull-float-for-concrete-level-new-condition-for-industrial-use-manufacturing-plant\/"},"modified":"2024-12-02T08:10:51","modified_gmt":"2024-12-02T08:10:51","slug":"professional-manufacture-square-end-aluminium-bull-float-for-concrete-level-new-condition-for-industrial-use-manufacturing-plant","status":"publish","type":"product","link":"https:\/\/meconstructionsupplies.com\/fr\/product\/professional-manufacture-square-end-aluminium-bull-float-for-concrete-level-new-condition-for-industrial-use-manufacturing-plant\/","title":{"rendered":"Flotteur \u00e0 bout carr\u00e9 en aluminium de fabrication professionnelle pour niveau de b\u00e9ton \u00c9tat neuf pour usine de fabrication \u00e0 usage industriel"},"content":{"rendered":"<div style=\"width: 540px;\" class=\"wp-video\"><!--[if lt IE 9]><script>document.createElement('video');<\/script><![endif]-->\n<video class=\"wp-video-shortcode\" id=\"video-29581-1\" width=\"540\" height=\"960\" preload=\"metadata\" controls=\"controls\"><source type=\"video\/mp4\" src=\"\/\/play.video.alibaba.com\/play\/u\/2153292369\/p\/1\/e\/6\/t\/10300\/321055775025.mp4?_=1\" \/><a href=\"\/\/play.video.alibaba.com\/play\/u\/2153292369\/p\/1\/e\/6\/t\/10300\/321055775025.mp4\">\/\/play.video.alibaba.com\/play\/u\/2153292369\/p\/1\/e\/6\/t\/10300\/321055775025.mp4<\/a><\/video><\/div>\n<p><img fetchpriority=\"high\" decoding=\"async\" class=\"alignnone size-medium\" src=\"\/\/sc04.alicdn.com\/kf\/He80adf7942524bf6b56d241f835f2f69C\/200046436\/He80adf7942524bf6b56d241f835f2f69C.jpg\" width=\"640\" height=\"560\" \/><\/p>\n<div style=\"display: flex; background-color: #f2f2f2; padding: 10px; border-bottom: 1px solid #ddd;\">\n<div style=\"width: 40%; font-weight: bold;\">Place of Origin<\/div>\n<div style=\"width: 60%;\">Zhejiang, China (Mainland)<\/div>\n<\/div>\n<div style=\"display: flex; background-color: #ffffff; padding: 10px; border-bottom: 1px solid #ddd;\">\n<div style=\"width: 40%; font-weight: bold;\">Brand Name<\/div>\n<div style=\"width: 60%;\">YIJIATOOLS<\/div>\n<\/div>\n<div style=\"display: flex; background-color: #f2f2f2; padding: 10px; border-bottom: 1px solid #ddd;\">\n<div style=\"width: 40%; font-weight: bold;\">Model Number<\/div>\n<div style=\"width: 60%;\">YJ-AP0808<\/div>\n<\/div>\n<div style=\"display: flex; background-color: #ffffff; padding: 10px; border-bottom: 1px solid #ddd;\">\n<div style=\"width: 40%; font-weight: bold;\">Bull Float Profile\/Size<\/div>\n<div style=\"width: 60%;\">600mm*150mm<\/div>\n<\/div>\n<div style=\"display: flex; background-color: #f2f2f2; padding: 10px; border-bottom: 1px solid #ddd;\">\n<div style=\"width: 40%; font-weight: bold;\">Handle telescope Length:<\/div>\n<div style=\"width: 60%;\">1.3m~2.4m<\/div>\n<\/div>\n<div style=\"display: flex; background-color: #ffffff; padding: 10px; border-bottom: 1px solid #ddd;\">\n<div style=\"width: 40%; font-weight: bold;\">Material<\/div>\n<div style=\"width: 60%;\">Aluminum body<\/div>\n<\/div>\n<div style=\"display: flex; background-color: #f2f2f2; padding: 10px; border-bottom: 1px solid #ddd;\">\n<div style=\"width: 40%; font-weight: bold;\">HS code<\/div>\n<div style=\"width: 60%;\">8205510000<\/div>\n<\/div>\n<div style=\"display: flex; background-color: #ffffff; padding: 10px; border-bottom: 1px solid #ddd;\">\n<div style=\"width: 40%; font-weight: bold;\">Certificate<\/div>\n<div style=\"width: 60%;\">ROHS, MSDS, ISO9001, ISO14001<\/div>\n<\/div>\n<div style=\"display: flex; background-color: #f2f2f2; padding: 10px; border-bottom: 1px solid #ddd;\">\n<div style=\"width: 40%; font-weight: bold;\">Colour<\/div>\n<div style=\"width: 60%;\">oxidation Bull float, blue or orange telescope handle<\/div>\n<\/div>\n<div style=\"display: flex; background-color: #ffffff; padding: 10px; border-bottom: 1px solid #ddd;\">\n<div style=\"width: 40%; font-weight: bold;\">Packing<\/div>\n<div style=\"width: 60%;\">Shrink film each pcs<\/div>\n<\/div>\n<div style=\"display: flex; background-color: #f2f2f2; padding: 10px; border-bottom: 1px solid #ddd;\">\n<div style=\"width: 40%; font-weight: bold;\">Mini Q\u2019ty<\/div>\n<div style=\"width: 60%;\">4PCS<\/div>\n<\/div>\n<p><img decoding=\"async\" class=\"alignnone \" src=\"\/\/sc04.alicdn.com\/kf\/Hd13539747ce543899369f77720779e45x\/200046436\/Hd13539747ce543899369f77720779e45x.jpg\" width=\"541\" height=\"541\" \/><\/p>\n<p><img decoding=\"async\" class=\"alignnone \" src=\"\/\/sc04.alicdn.com\/kf\/Hec3b09612050443fbd4fd24682d595086\/200046436\/Hec3b09612050443fbd4fd24682d595086.jpg\" width=\"541\" height=\"961\" \/><\/p>\n<p><img loading=\"lazy\" decoding=\"async\" class=\"alignnone \" src=\"\/\/sc04.alicdn.com\/kf\/H53656a6750664ecd8b2f42408f7c1241G\/200046436\/H53656a6750664ecd8b2f42408f7c1241G.jpg\" width=\"543\" height=\"966\" \/><\/p>\n<p><img loading=\"lazy\" decoding=\"async\" class=\"alignnone \" src=\"\/\/sc04.alicdn.com\/kf\/H0c1da6db7a1e41f99c9a4c2b0bf75206A\/200046436\/H0c1da6db7a1e41f99c9a4c2b0bf75206A.jpg\" width=\"542\" height=\"963\" \/><\/p>\n<p><img loading=\"lazy\" decoding=\"async\" class=\"alignnone \" src=\"\/\/sc04.alicdn.com\/kf\/H55550eb0e5bc4dafb241d739c83e5b922\/200046436\/H55550eb0e5bc4dafb241d739c83e5b922.jpg\" width=\"542\" height=\"1204\" \/><\/p>\n<p><img loading=\"lazy\" decoding=\"async\" class=\"alignnone \" src=\"\/\/sc04.alicdn.com\/kf\/Hc7577c7d595c4ef7a64655c0c834fbbcH\/200046436\/Hc7577c7d595c4ef7a64655c0c834fbbcH.jpg\" width=\"541\" height=\"1202\" \/><\/p>\n<p><img loading=\"lazy\" decoding=\"async\" class=\"alignnone \" src=\"\/\/sc04.alicdn.com\/kf\/H3cb9debd5ae94e4089fa3ed532dbf4d0D\/200046436\/H3cb9debd5ae94e4089fa3ed532dbf4d0D.jpg\" width=\"542\" height=\"722\" \/><\/p>\n<p><img loading=\"lazy\" decoding=\"async\" class=\"alignnone \" src=\"\/\/sc04.alicdn.com\/kf\/H0cd0cdc082f14c8689ab96d2b83f6736b\/200046436\/H0cd0cdc082f14c8689ab96d2b83f6736b.jpg\" width=\"540\" height=\"405\" \/><\/p>\n<p><img loading=\"lazy\" decoding=\"async\" class=\"alignnone \" src=\"\/\/sc04.alicdn.com\/kf\/Hafea4d60b71e4d07a07aab778440712eW\/200046436\/Hafea4d60b71e4d07a07aab778440712eW.jpg\" width=\"541\" height=\"1171\" \/><\/p>\n<p><img loading=\"lazy\" decoding=\"async\" class=\"alignnone \" src=\"\/\/sc04.alicdn.com\/kf\/He59218e8393a4a54aff5fb38d6b2caaeo\/200046436\/He59218e8393a4a54aff5fb38d6b2caaeo.png\" width=\"542\" height=\"542\" \/><\/p>\n<p><img loading=\"lazy\" decoding=\"async\" class=\"alignnone \" src=\"\/\/sc04.alicdn.com\/kf\/H1c0e94476d97446eb72896749ba372c5z\/200046436\/H1c0e94476d97446eb72896749ba372c5z.jpg\" width=\"542\" height=\"50\" \/><\/p>\n<p>&nbsp;<\/p>\n<p>&nbsp;<\/p>\n<p><img loading=\"lazy\" decoding=\"async\" class=\"alignnone \" src=\"\/\/sc04.alicdn.com\/kf\/H316ad4ece33f442e9f5152f049d48794Y\/200046436\/H316ad4ece33f442e9f5152f049d48794Y.jpg\" width=\"542\" height=\"781\" \/><\/p>\n<p>&nbsp;<\/p>\n<p><img loading=\"lazy\" decoding=\"async\" class=\"alignnone \" src=\"\/\/sc04.alicdn.com\/kf\/H3f2e570e09cf4718b8b19c4d08f2c7cfF\/200046436\/H3f2e570e09cf4718b8b19c4d08f2c7cfF.jpg\" width=\"541\" height=\"203\" \/><\/p>\n<p><img loading=\"lazy\" decoding=\"async\" class=\"alignnone \" src=\"\/\/sc04.alicdn.com\/kf\/H1a6333200a204baca9ac9130bf8e2e85W\/200046436\/H1a6333200a204baca9ac9130bf8e2e85W.jpg\" width=\"542\" height=\"463\" \/><\/p>\n<p><img loading=\"lazy\" decoding=\"async\" class=\"alignnone \" src=\"\/\/sc04.alicdn.com\/kf\/H7a671359a47443388a68b690c9441dc9s\/200046436\/H7a671359a47443388a68b690c9441dc9s.jpg\" width=\"541\" height=\"598\" \/><\/p>\n<p><img loading=\"lazy\" decoding=\"async\" class=\"alignnone size-medium\" src=\"\/\/sc04.alicdn.com\/kf\/He334f7a2b0214d1e8176275bbf9de7b7h\/200046436\/He334f7a2b0214d1e8176275bbf9de7b7h.jpg\" width=\"640\" height=\"560\" \/><\/p>\n<p><b>A1. Who are we?<\/b><\/p>\n<p><b><b>Q1.<\/b><\/b><\/p>\n<p><b><b><b>A2. How can we guarantee quality?<\/b><\/b><\/b><\/p>\n<p><b><b><b><b>Q2.Always a pre-production sample before mass production;Always one by one Inspection before shipment;<\/b><\/b><\/b><\/b><\/p>\n<p><b><b><b><b><b>A3.What can you buy from us?<\/b><\/b><\/b><\/b><\/b><\/p>\n<p><b><b><b><b><b><b>Q3.bubble level,spirit level,folding ruler,screed level,plastic caliper, injection plastic parts, aluminium ruler.<\/b><\/b><\/b><\/b><\/b><\/b><\/p>\n<p><b><b><b><b><b><b><b>A4. Why should you buy from us not from other suppliers?<\/b><\/b><\/b><\/b><\/b><\/b><\/b><\/p>\n<p><b><b><b><b><b><b><b><b>Q4.Our company own 17+ years design and product capacity, process rich experence for making mould, injection, filled liquid, punch, milled, printing, packing etc. Our products were exported to worldwide country at our high quality and timely delivery time.Yijia tools bubble level with high appearance and high accuracy and sell well in worldwide country, includes BOSCH, 3M etc, I also sincerely start to do business with you.<\/b><\/b><\/b><\/b><\/b><\/b><\/b><\/b><\/p>\n<p><b><b><b><b><b><b><b><b><b>A5. What services can we provide?<\/b><\/b><\/b><\/b><\/b><\/b><\/b><\/b><\/b><\/p>\n<p><b><b><b><b><b><b><b><b><b><b>Q5.Accepted Delivery Terms: FOB, CFR, CIF, EXW, CIP, FCA, Express Delivery Method;DHL, UPS, FEDEX, TNT, BY AIR, BY SEAAccepted Payment Currency:USD, EUR, JPY, CAD, AUD, HKD, GBP ,CNY ,CHF;Accepted Payment Type: T\/T,L\/C,D\/P D\/A,MoneyGram,Credit Card,PayPal,Western Union,Cash,Escrow;Language Spoken:English,Chinese <\/b><\/b><\/b><\/b><\/b><\/b><\/b><\/b><\/b><\/b><\/p>\n<p><img loading=\"lazy\" decoding=\"async\" class=\"alignnone size-medium\" src=\"\/\/sc04.alicdn.com\/kf\/Ha6509f1e72d1498aac9437b9fdc77206q\/200046436\/Ha6509f1e72d1498aac9437b9fdc77206q.jpg\" width=\"640\" height=\"560\" \/><\/p>\n","protected":false},"excerpt":{"rendered":"<p>Lieu d&#039;origine Zhejiang, Chine (continentale) Nom de marque YIJIATOOLS Num\u00e9ro de mod\u00e8le YJ-AP0808 Bull Float Profil\/Taille 600 mm * 150 mm Longueur du manche t\u00e9lescopique : 1,3 m ~ 2,4 m<\/p>","protected":false},"featured_media":29580,"comment_status":"open","ping_status":"closed","template":"","meta":[],"product_cat":[234,230],"product_tag":[],"class_list":{"0":"post-29581","1":"product","2":"type-product","3":"status-publish","4":"has-post-thumbnail","6":"product_cat-bull-float","7":"product_cat-road-machinery","9":"first","10":"instock","11":"shipping-taxable","12":"purchasable","13":"product-type-simple"},"_links":{"self":[{"href":"https:\/\/meconstructionsupplies.com\/fr\/wp-json\/wp\/v2\/product\/29581","targetHints":{"allow":["GET"]}}],"collection":[{"href":"https:\/\/meconstructionsupplies.com\/fr\/wp-json\/wp\/v2\/product"}],"about":[{"href":"https:\/\/meconstructionsupplies.com\/fr\/wp-json\/wp\/v2\/types\/product"}],"replies":[{"embeddable":true,"href":"https:\/\/meconstructionsupplies.com\/fr\/wp-json\/wp\/v2\/comments?post=29581"}],"version-history":[{"count":3,"href":"https:\/\/meconstructionsupplies.com\/fr\/wp-json\/wp\/v2\/product\/29581\/revisions"}],"predecessor-version":[{"id":31391,"href":"https:\/\/meconstructionsupplies.com\/fr\/wp-json\/wp\/v2\/product\/29581\/revisions\/31391"}],"wp:featuredmedia":[{"embeddable":true,"href":"https:\/\/meconstructionsupplies.com\/fr\/wp-json\/wp\/v2\/media\/29580"}],"wp:attachment":[{"href":"https:\/\/meconstructionsupplies.com\/fr\/wp-json\/wp\/v2\/media?parent=29581"}],"wp:term":[{"taxonomy":"product_cat","embeddable":true,"href":"https:\/\/meconstructionsupplies.com\/fr\/wp-json\/wp\/v2\/product_cat?post=29581"},{"taxonomy":"product_tag","embeddable":true,"href":"https:\/\/meconstructionsupplies.com\/fr\/wp-json\/wp\/v2\/product_tag?post=29581"}],"curies":[{"name":"wp","href":"https:\/\/api.w.org\/{rel}","templated":true}]}}