{"id":29671,"date":"2024-11-18T01:45:22","date_gmt":"2024-11-18T01:45:22","guid":{"rendered":"https:\/\/meconstructionsupplies.com\/product\/dmr1000-heavy-type-gx160-gasoline-floor-finishing-machine-concrete-smoothing-tools-walk-behind-concrete-helicopter-power-trowel\/"},"modified":"2024-12-02T08:10:34","modified_gmt":"2024-12-02T08:10:34","slug":"dmr1000-heavy-type-gx160-gasoline-floor-finishing-machine-concrete-smoothing-tools-walk-behind-concrete-helicopter-power-trowel","status":"publish","type":"product","link":"https:\/\/meconstructionsupplies.com\/fr\/product\/dmr1000-heavy-type-gx160-gasoline-floor-finishing-machine-concrete-smoothing-tools-walk-behind-concrete-helicopter-power-trowel\/","title":{"rendered":"Machine de finition de sol \u00e0 essence DMR1000 de type GX160 lourde Outils de lissage du b\u00e9ton Truelle m\u00e9canique \u00e0 h\u00e9licopt\u00e8re pour b\u00e9ton \u00e0 conducteur marchant"},"content":{"rendered":"<div style=\"width: 540px;\" class=\"wp-video\"><!--[if lt IE 9]><script>document.createElement('video');<\/script><![endif]-->\n<video class=\"wp-video-shortcode\" id=\"video-29671-1\" width=\"540\" height=\"960\" preload=\"metadata\" controls=\"controls\"><source type=\"video\/mp4\" src=\"\/\/play.video.alibaba.com\/play\/u\/2153292369\/p\/1\/e\/6\/t\/10300\/218523080629.mp4?_=1\" \/><a href=\"\/\/play.video.alibaba.com\/play\/u\/2153292369\/p\/1\/e\/6\/t\/10300\/218523080629.mp4\">\/\/play.video.alibaba.com\/play\/u\/2153292369\/p\/1\/e\/6\/t\/10300\/218523080629.mp4<\/a><\/video><\/div>\n<p><img fetchpriority=\"high\" decoding=\"async\" class=\"alignnone \" src=\"\/\/sc04.alicdn.com\/kf\/H8422ba099a8646e596f83b3e4a3e8f39U\/225662978\/H8422ba099a8646e596f83b3e4a3e8f39U.jpg\" width=\"541\" height=\"169\" \/><\/p>\n<h3><strong>Product Overview<\/strong><\/h3>\n<hr style=\"border: 2px solid #000; margin-top: 5px; margin-bottom: 5px;\" \/>\n<h3><span style=\"font-family: Times New Roman;\">DMR1000 Heavy Type GX160 Gasoline Floor Finishing Machine Concrete Smoothing Tools Walk Behind Concrete Helicopter Power Trowel<\/span><\/h3>\n<h3>The walk-behind power trowel is suitable for various occasions such as concrete floor leveling, finishing, pavement compaction, slurry raising, and so on.<\/h3>\n<h3><strong>Products Description<\/strong><\/h3>\n<hr style=\"border: 2px solid #000; margin-top: 5px; margin-bottom: 5px;\" \/>\n<p>A concrete power trowel is used to finish and polish the concrete surface. Widely used for road, bridge, and building construction. They are powered by <b><span style=\"color: #0d1aa0;\">Honda GX160, Loncin G200F, B&amp;S1062 gasoline engine, or 170F diesel engine.<b> <\/b><\/span><\/b><\/p>\n<h3><strong>PRODUCT CONFIGURATION<\/strong><\/h3>\n<hr style=\"border: 2px solid #000; margin-top: 5px; margin-bottom: 5px;\" \/>\n<p><b><span style=\"color: #0b1a7a;\">Feature<b>1. Good quality blades are convenient for groundwork, which improves the build class more.2. Screw control ensures precise blade adjustment.3. Over-built gearbox assures long service life.4. Thickened aluminum alloy reduction box, strong and durable5. Detachable outer circle, suit for big and small space6. Solid structure design, working stably, better performance7. Large-diameter carbon steel which has been strictly heat-treated, more durable8. Lifting hook is available as optional.9. The centrifugal safety switch shuts the engine down in the event of the operator losing control of the unit. <\/b><\/span><\/b><\/p>\n<p><img decoding=\"async\" class=\"alignnone \" src=\"\/\/sc04.alicdn.com\/kf\/Hfbc5bf89c4b34a0aacb8a4d0c7c077bfr\/225662978\/Hfbc5bf89c4b34a0aacb8a4d0c7c077bfr.jpg\" width=\"542\" height=\"740\" \/><\/p>\n<p><img decoding=\"async\" class=\"alignnone \" src=\"\/\/sc04.alicdn.com\/kf\/H1a6719161846424da0abf5766f13ed660\/225662978\/H1a6719161846424da0abf5766f13ed660.jpg\" width=\"543\" height=\"469\" \/><\/p>\n<p><img loading=\"lazy\" decoding=\"async\" class=\"alignnone \" src=\"\/\/sc04.alicdn.com\/kf\/H81f4365c0d5244fa8e455d394cb5592bL\/225662978\/H81f4365c0d5244fa8e455d394cb5592bL.jpg\" width=\"542\" height=\"508\" \/><\/p>\n<p><img loading=\"lazy\" decoding=\"async\" class=\"alignnone \" src=\"\/\/sc04.alicdn.com\/kf\/H8972733cc92d497985e86a980bb889fap\/225662978\/H8972733cc92d497985e86a980bb889fap.jpg\" width=\"542\" height=\"583\" \/><\/p>\n<p><img loading=\"lazy\" decoding=\"async\" class=\"alignnone \" src=\"\/\/sc04.alicdn.com\/kf\/Hfc4037edb0bd4a43891309e5d279412el\/225662978\/Hfc4037edb0bd4a43891309e5d279412el.jpg\" width=\"543\" height=\"820\" \/><\/p>\n<p><img loading=\"lazy\" decoding=\"async\" class=\"alignnone \" src=\"\/\/sc04.alicdn.com\/kf\/H2d2d6728ba57433e8b1878b0aec0a50e4\/225662978\/H2d2d6728ba57433e8b1878b0aec0a50e4.jpg\" width=\"542\" height=\"734\" \/><\/p>\n<p><img loading=\"lazy\" decoding=\"async\" class=\"alignnone \" src=\"\/\/sc04.alicdn.com\/kf\/Hd6332ffb069a4ff2aeb2ba759dacf42aO\/225662978\/Hd6332ffb069a4ff2aeb2ba759dacf42aO.jpg\" width=\"542\" height=\"339\" \/><\/p>\n<p><img loading=\"lazy\" decoding=\"async\" class=\"alignnone \" src=\"\/\/sc04.alicdn.com\/kf\/H144ec88309444c78a0f1208fccb70902N\/225662978\/H144ec88309444c78a0f1208fccb70902N.jpg\" width=\"541\" height=\"338\" \/><\/p>\n<p><img loading=\"lazy\" decoding=\"async\" class=\"alignnone \" src=\"\/\/sc04.alicdn.com\/kf\/Ha58cfda9818b4b41a8b9831e93d789dfl\/225662978\/Ha58cfda9818b4b41a8b9831e93d789dfl.jpg\" width=\"542\" height=\"339\" \/><\/p>\n<p><img loading=\"lazy\" decoding=\"async\" class=\"alignnone \" src=\"\/\/sc04.alicdn.com\/kf\/H926ba108515244ef89c557eb96b59e69J\/225662978\/H926ba108515244ef89c557eb96b59e69J.jpg\" width=\"542\" height=\"339\" \/><\/p>\n<h3><strong>Product packaging<\/strong><\/h3>\n<hr style=\"border: 2px solid #000; margin-top: 5px; margin-bottom: 5px;\" \/>\n<p><img loading=\"lazy\" decoding=\"async\" class=\"alignnone \" src=\"\/\/img.alicdn.com\/tfs\/TB1ZIIUXXzqK1RjSZFzXXXjrpXa-180-144.png\" width=\"543\" height=\"434\" \/><\/p>\n<p>Title goes here.Semi-Automatic PET Bottle Blowing Machine Bottle Making Machine Bottle Moulding MachinePET Bottle Making Machine is suitable for producing PET plastic containers and bottles in all shapes.<\/p>\n<h3><strong>FAQ<\/strong><\/h3>\n<hr style=\"border: 2px solid #000; margin-top: 5px; margin-bottom: 5px;\" \/>\n<p><b><span style=\"color: #1016c2;\">Q1. What can we do if there are problems with the products?<b><br \/>\nA: Our engineers will analyze the problem for you and find the best solution. If problems happened within the guaranteed time, we can replace the components for you free of charge. We have dealers in some countries, for some technical problems which you can not solve by yourself.<\/b><\/span><\/b><\/p>\n<p><b>Q2. What is the delivery time for your products?<b><br \/>\nA: Once we promise the delivery time, we will try our best to fulfill it. Special procedures such as emergency inventory will be used to maintain your uninterrupted supply of the products.<\/b><\/b><\/p>\n<p><b>Q3. Is there any guarantee for your products?<b><br \/>\nA: Most of our products have one year guarantee(for the main parts).<\/b><\/b><\/p>\n<p><b>Q4. How can you control your product quality?<b><br \/>\nA: Quality is always considered the most important part of our manufacturing process. All of our products come under a strict quality control system from raw material inspection, component inspecting,semi-finished product inspection, and performance test of finished products, to random inspection before delivery. <\/b><\/b><\/p>\n","protected":false},"excerpt":{"rendered":"<p>Pr\u00e9sentation du produit DMR1000 Machine de finition de sol \u00e0 essence de type lourd GX160 Outils de lissage du b\u00e9ton Truelle m\u00e9canique \u00e0 h\u00e9licopt\u00e8re pour b\u00e9ton \u00e0 conducteur marchant<\/p>","protected":false},"featured_media":29670,"comment_status":"open","ping_status":"closed","template":"","meta":[],"product_cat":[238,230],"product_tag":[],"class_list":{"0":"post-29671","1":"product","2":"type-product","3":"status-publish","4":"has-post-thumbnail","6":"product_cat-power-trowel","7":"product_cat-road-machinery","9":"first","10":"instock","11":"shipping-taxable","12":"purchasable","13":"product-type-simple"},"_links":{"self":[{"href":"https:\/\/meconstructionsupplies.com\/fr\/wp-json\/wp\/v2\/product\/29671","targetHints":{"allow":["GET"]}}],"collection":[{"href":"https:\/\/meconstructionsupplies.com\/fr\/wp-json\/wp\/v2\/product"}],"about":[{"href":"https:\/\/meconstructionsupplies.com\/fr\/wp-json\/wp\/v2\/types\/product"}],"replies":[{"embeddable":true,"href":"https:\/\/meconstructionsupplies.com\/fr\/wp-json\/wp\/v2\/comments?post=29671"}],"version-history":[{"count":3,"href":"https:\/\/meconstructionsupplies.com\/fr\/wp-json\/wp\/v2\/product\/29671\/revisions"}],"predecessor-version":[{"id":31399,"href":"https:\/\/meconstructionsupplies.com\/fr\/wp-json\/wp\/v2\/product\/29671\/revisions\/31399"}],"wp:featuredmedia":[{"embeddable":true,"href":"https:\/\/meconstructionsupplies.com\/fr\/wp-json\/wp\/v2\/media\/29670"}],"wp:attachment":[{"href":"https:\/\/meconstructionsupplies.com\/fr\/wp-json\/wp\/v2\/media?parent=29671"}],"wp:term":[{"taxonomy":"product_cat","embeddable":true,"href":"https:\/\/meconstructionsupplies.com\/fr\/wp-json\/wp\/v2\/product_cat?post=29671"},{"taxonomy":"product_tag","embeddable":true,"href":"https:\/\/meconstructionsupplies.com\/fr\/wp-json\/wp\/v2\/product_tag?post=29671"}],"curies":[{"name":"wp","href":"https:\/\/api.w.org\/{rel}","templated":true}]}}