{"id":29702,"date":"2024-11-18T01:56:41","date_gmt":"2024-11-18T01:56:41","guid":{"rendered":"https:\/\/meconstructionsupplies.com\/product\/wholesales-180mm-depth-gasoline-diesel-engine-walk-behind-asphalt-road-concrete-cutter-saw-machine-road-cutting-machine\/"},"modified":"2024-12-02T08:10:34","modified_gmt":"2024-12-02T08:10:34","slug":"wholesales-180mm-depth-gasoline-diesel-engine-walk-behind-asphalt-road-concrete-cutter-saw-machine-road-cutting-machine","status":"publish","type":"product","link":"https:\/\/meconstructionsupplies.com\/fr\/product\/wholesales-180mm-depth-gasoline-diesel-engine-walk-behind-asphalt-road-concrete-cutter-saw-machine-road-cutting-machine\/","title":{"rendered":"Vente en gros de 180 mm de profondeur de moteur diesel \u00e0 essence, machine de coupe-b\u00e9ton pour route asphalt\u00e9e, machine de d\u00e9coupe de route"},"content":{"rendered":"<div style=\"width: 540px;\" class=\"wp-video\"><!--[if lt IE 9]><script>document.createElement('video');<\/script><![endif]-->\n<video class=\"wp-video-shortcode\" id=\"video-29702-1\" width=\"540\" height=\"960\" preload=\"metadata\" controls=\"controls\"><source type=\"video\/mp4\" src=\"\/\/play.video.alibaba.com\/play\/u\/2153292369\/p\/1\/e\/6\/t\/10300\/275085579160.mp4?_=1\" \/><a href=\"\/\/play.video.alibaba.com\/play\/u\/2153292369\/p\/1\/e\/6\/t\/10300\/275085579160.mp4\">\/\/play.video.alibaba.com\/play\/u\/2153292369\/p\/1\/e\/6\/t\/10300\/275085579160.mp4<\/a><\/video><\/div>\n<p><img fetchpriority=\"high\" decoding=\"async\" class=\"alignnone \" src=\"\/\/sc04.alicdn.com\/kf\/H8422ba099a8646e596f83b3e4a3e8f39U\/225662978\/H8422ba099a8646e596f83b3e4a3e8f39U.jpg\" width=\"544\" height=\"170\" \/><\/p>\n<h3>180mm depth asphalt road concrete cutter saw machine gasoline road cutting diesel engine concrete cutter machine<\/h3>\n<h3>This<b><span style=\"color: #1812df;\"> Concrete Saw<b> is the ultimate multi-purpose cutting machine. It is designed to tackle the most demands. This lightweight walk-behind concrete saw is for small to medium jobs that require power and portability. Can choose gasoline, diesel, or motor three kinds of power, with 300-1000mm saw blade, to meet your various construction needs. Cuts through concrete and asphalt surfaces and sidewalks. It can be used for both wet and dry applications.<\/b><\/span><\/b><\/h3>\n<h3><strong>Products Description<\/strong><\/h3>\n<hr style=\"border: 2px solid #000; margin-top: 5px; margin-bottom: 5px;\" \/>\n<div style=\"display: flex; background-color: #f2f2f2; padding: 10px; border-bottom: 1px solid #ddd;\">\n<div style=\"width: 40%; font-weight: bold;\">Model<\/div>\n<div style=\"width: 60%;\">ID-500<\/div>\n<\/div>\n<div style=\"display: flex; background-color: #ffffff; padding: 10px; border-bottom: 1px solid #ddd;\">\n<div style=\"width: 40%; font-weight: bold;\">Max.depth<\/div>\n<div style=\"width: 60%;\">180mm<\/div>\n<\/div>\n<div style=\"display: flex; background-color: #f2f2f2; padding: 10px; border-bottom: 1px solid #ddd;\">\n<div style=\"width: 40%; font-weight: bold;\">Blade size<\/div>\n<div style=\"width: 60%;\">350-500mm<\/div>\n<\/div>\n<div style=\"display: flex; background-color: #ffffff; padding: 10px; border-bottom: 1px solid #ddd;\">\n<div style=\"width: 40%; font-weight: bold;\">Water tank<\/div>\n<div style=\"width: 60%;\">45L<\/div>\n<\/div>\n<div style=\"display: flex; background-color: #f2f2f2; padding: 10px; border-bottom: 1px solid #ddd;\">\n<div style=\"width: 40%; font-weight: bold;\">Applicable power<\/div>\n<div style=\"width: 60%;\">Gasoline\/Diesel<\/div>\n<\/div>\n<div style=\"display: flex; background-color: #ffffff; padding: 10px; border-bottom: 1px solid #ddd;\">\n<div style=\"width: 40%; font-weight: bold;\">Power<\/div>\n<div style=\"width: 60%;\">13HP<\/div>\n<\/div>\n<div style=\"display: flex; background-color: #f2f2f2; padding: 10px; border-bottom: 1px solid #ddd;\">\n<div style=\"width: 40%; font-weight: bold;\">Weight<\/div>\n<div style=\"width: 60%;\">160KGS<\/div>\n<\/div>\n<h3><strong>Product Overview<\/strong><\/h3>\n<hr style=\"border: 2px solid #000; margin-top: 5px; margin-bottom: 5px;\" \/>\n<p><img decoding=\"async\" class=\"alignnone \" src=\"\/\/sc04.alicdn.com\/kf\/Hc62e200fc63b427fa9a102b70628cdb27\/225662978\/Hc62e200fc63b427fa9a102b70628cdb27.jpg\" width=\"543\" height=\"546\" \/><\/p>\n<p><img decoding=\"async\" class=\"alignnone \" src=\"\/\/sc04.alicdn.com\/kf\/H25ead5c1675e433f976e5cff27338b1ad\/225662978\/H25ead5c1675e433f976e5cff27338b1ad.jpg\" width=\"542\" height=\"548\" \/><\/p>\n<p><img loading=\"lazy\" decoding=\"async\" class=\"alignnone \" src=\"\/\/sc04.alicdn.com\/kf\/H63fff436ffc14a08ae4383229605c3e2u\/225662978\/H63fff436ffc14a08ae4383229605c3e2u.jpg\" width=\"542\" height=\"857\" \/><\/p>\n<p><img loading=\"lazy\" decoding=\"async\" class=\"alignnone \" src=\"\/\/sc04.alicdn.com\/kf\/He46f325befaf4baaae404f7338715ba8u\/225662978\/He46f325befaf4baaae404f7338715ba8u.jpg\" width=\"543\" height=\"776\" \/><\/p>\n<p><img loading=\"lazy\" decoding=\"async\" class=\"alignnone \" src=\"\/\/sc04.alicdn.com\/kf\/H4c4a3f9d1a4841a286afdad8002770988\/225662978\/H4c4a3f9d1a4841a286afdad8002770988.jpg\" width=\"542\" height=\"772\" \/><\/p>\n<p><img loading=\"lazy\" decoding=\"async\" class=\"alignnone \" src=\"\/\/sc04.alicdn.com\/kf\/H8fb60bef9af449569242352d2a278d89S\/225662978\/H8fb60bef9af449569242352d2a278d89S.jpg\" width=\"541\" height=\"388\" \/><\/p>\n<h3><strong>Details Images<\/strong><\/h3>\n<hr style=\"border: 2px solid #000; margin-top: 5px; margin-bottom: 5px;\" \/>\n<p><b><i>Features<i><b>1. You can choose between petrol and diesel power. Honda engine, B&amp;S engine, Loncin engine, Ideal engine, or Changchai engine.2. Each machine comes with three road cutter saw blades.Accepts 12in.,14in.,16in.,18in. and 20in the saw blade.3. Shockproof handle design for the comfortable long-lasting operation 4. All saws are built with durable saw shaft, special processing, good quality bearing assemblies 5. The blades can be replaced in three minutes 5. 0-180mm adjusting the cutting depth<br \/>\n6. Four-wheel alignment to achieve straight cutting 7. Adjust the handle to meet your comfortable height.<br \/>\n<\/b><\/i><\/i><\/b><\/p>\n<p><img loading=\"lazy\" decoding=\"async\" class=\"alignnone \" src=\"\/\/sc04.alicdn.com\/kf\/H909ac35be3424cddaf0a409040978f0aS\/225662978\/H909ac35be3424cddaf0a409040978f0aS.jpg\" width=\"541\" height=\"342\" \/><\/p>\n<p><img loading=\"lazy\" decoding=\"async\" class=\"alignnone \" src=\"\/\/sc04.alicdn.com\/kf\/He07a9ff24792439fb4928a22f4a301b3s\/225662978\/He07a9ff24792439fb4928a22f4a301b3s.jpg\" width=\"540\" height=\"342\" \/><\/p>\n<p><img loading=\"lazy\" decoding=\"async\" class=\"alignnone \" src=\"\/\/sc04.alicdn.com\/kf\/H9cb7cbe02c7f4eaca7597573549a2e94i\/225662978\/H9cb7cbe02c7f4eaca7597573549a2e94i.jpg\" width=\"542\" height=\"343\" \/><\/p>\n<p><img loading=\"lazy\" decoding=\"async\" class=\"alignnone \" src=\"\/\/sc04.alicdn.com\/kf\/Ha097f049be9b4064a2af20e8b59a1562c\/225662978\/Ha097f049be9b4064a2af20e8b59a1562c.jpg\" width=\"540\" height=\"342\" \/><\/p>\n<p><img loading=\"lazy\" decoding=\"async\" class=\"alignnone \" src=\"\/\/sc04.alicdn.com\/kf\/H937d5e33e57c44f5ab9dd3c345de49d7I\/225662978\/H937d5e33e57c44f5ab9dd3c345de49d7I.jpg\" width=\"542\" height=\"343\" \/><\/p>\n<p><img loading=\"lazy\" decoding=\"async\" class=\"alignnone \" src=\"\/\/sc04.alicdn.com\/kf\/H65715dd91a584b158595ed46eb117fc50\/225662978\/H65715dd91a584b158595ed46eb117fc50.jpg\" width=\"541\" height=\"342\" \/><\/p>\n<p><img loading=\"lazy\" decoding=\"async\" class=\"alignnone \" src=\"\/\/sc04.alicdn.com\/kf\/He6c9185fea834ba2851c51fb0ee70d8dN\/225662978\/He6c9185fea834ba2851c51fb0ee70d8dN.jpg\" width=\"542\" height=\"343\" \/><\/p>\n<p><img loading=\"lazy\" decoding=\"async\" class=\"alignnone \" src=\"\/\/sc04.alicdn.com\/kf\/H7ee940083f654cf89986f3c004af08a6Q\/225662978\/H7ee940083f654cf89986f3c004af08a6Q.jpg\" width=\"542\" height=\"343\" \/><\/p>\n<p><img loading=\"lazy\" decoding=\"async\" class=\"alignnone \" src=\"\/\/sc04.alicdn.com\/kf\/H3c273ed68c7b491cb74c2ac90176e9ae4\/225662978\/H3c273ed68c7b491cb74c2ac90176e9ae4.jpg\" width=\"542\" height=\"343\" \/><\/p>\n<h3><strong>Product packaging<\/strong><\/h3>\n<hr style=\"border: 2px solid #000; margin-top: 5px; margin-bottom: 5px;\" \/>\n<p><img loading=\"lazy\" decoding=\"async\" class=\"alignnone \" src=\"\/\/sc04.alicdn.com\/kf\/H57c4b4433f83480b99ba02941c44bf0fq\/225662978\/H57c4b4433f83480b99ba02941c44bf0fq.jpg\" width=\"542\" height=\"305\" \/><\/p>\n<p>Exporting package1 unit was packed into an iron frame and then packed with 5 layers of corrugated carton. 4 strips reinforced the carton. the fix package guaranteed the machines were not damaged during transportation<\/p>\n<h3><strong>FAQ<\/strong><\/h3>\n<hr style=\"border: 2px solid #000; margin-top: 5px; margin-bottom: 5px;\" \/>\n<p><b>Q1. How can we do if there are problems with the products? <b>A: Our engineers will analyze the problem for you and find the best solution. If problems happened within the guaranteed time, we can replace the components for you free of charge. We have dealers in some countries, for some technical problems which you can not solve by yourself.<\/b><\/b><\/p>\n<p><b><span style=\"color: #a158b3;\">Q2. What is the delivery time for your products? <b><br \/>\nA: Once we promise the delivery time, we will try our best to fulfill it. Special procedures such as emergency inventory will be used to maintain your uninterrupted supply of the products.<\/b><\/span><\/b><\/p>\n<p><b>Q3. Is there any guarantee for your products<b><br \/>\nA: Most of our products have one year guarantee(for the main parts).<\/b><\/b><\/p>\n<p><b>Q4. How can you control your product quality? <b><br \/>\nA: Quality is always considered as the most important part during our manufacturing process. All of our products come under strict quality control system from raw material inspection, component inspecting,semi-finished product inspecting,performance test of finished products,to random inspection before delivery. <\/b><\/b><\/p>\n","protected":false},"excerpt":{"rendered":"<p>Scie \u00e0 b\u00e9ton pour route asphalt\u00e9e de 180 mm de profondeur, machine de coupe de b\u00e9ton \u00e0 moteur diesel \u00e0 essence Cette scie \u00e0 b\u00e9ton est<\/p>","protected":false},"featured_media":29701,"comment_status":"open","ping_status":"closed","template":"","meta":[],"product_cat":[239,230],"product_tag":[],"class_list":{"0":"post-29702","1":"product","2":"type-product","3":"status-publish","4":"has-post-thumbnail","6":"product_cat-road-cutter","7":"product_cat-road-machinery","9":"first","10":"instock","11":"shipping-taxable","12":"purchasable","13":"product-type-simple"},"_links":{"self":[{"href":"https:\/\/meconstructionsupplies.com\/fr\/wp-json\/wp\/v2\/product\/29702","targetHints":{"allow":["GET"]}}],"collection":[{"href":"https:\/\/meconstructionsupplies.com\/fr\/wp-json\/wp\/v2\/product"}],"about":[{"href":"https:\/\/meconstructionsupplies.com\/fr\/wp-json\/wp\/v2\/types\/product"}],"replies":[{"embeddable":true,"href":"https:\/\/meconstructionsupplies.com\/fr\/wp-json\/wp\/v2\/comments?post=29702"}],"version-history":[{"count":4,"href":"https:\/\/meconstructionsupplies.com\/fr\/wp-json\/wp\/v2\/product\/29702\/revisions"}],"predecessor-version":[{"id":31403,"href":"https:\/\/meconstructionsupplies.com\/fr\/wp-json\/wp\/v2\/product\/29702\/revisions\/31403"}],"wp:featuredmedia":[{"embeddable":true,"href":"https:\/\/meconstructionsupplies.com\/fr\/wp-json\/wp\/v2\/media\/29701"}],"wp:attachment":[{"href":"https:\/\/meconstructionsupplies.com\/fr\/wp-json\/wp\/v2\/media?parent=29702"}],"wp:term":[{"taxonomy":"product_cat","embeddable":true,"href":"https:\/\/meconstructionsupplies.com\/fr\/wp-json\/wp\/v2\/product_cat?post=29702"},{"taxonomy":"product_tag","embeddable":true,"href":"https:\/\/meconstructionsupplies.com\/fr\/wp-json\/wp\/v2\/product_tag?post=29702"}],"curies":[{"name":"wp","href":"https:\/\/api.w.org\/{rel}","templated":true}]}}