{"id":29712,"date":"2024-11-18T02:00:26","date_gmt":"2024-11-18T02:00:26","guid":{"rendered":"https:\/\/meconstructionsupplies.com\/product\/gasoline-asphalt-concrete-road-cutting-machine-and-blade-500mm-for-sale-factory-supply\/"},"modified":"2024-12-02T08:10:34","modified_gmt":"2024-12-02T08:10:34","slug":"gasoline-asphalt-concrete-road-cutting-machine-and-blade-500mm-for-sale-factory-supply","status":"publish","type":"product","link":"https:\/\/meconstructionsupplies.com\/fr\/product\/gasoline-asphalt-concrete-road-cutting-machine-and-blade-500mm-for-sale-factory-supply\/","title":{"rendered":"Machine de d\u00e9coupe de route en b\u00e9ton bitumineux \u00e0 essence et lame 500 mm \u00e0 vendre"},"content":{"rendered":"<h3><strong>Description du produit<\/strong><\/h3>\n<hr style=\"border: 2px solid #000; margin-top: 5px; margin-bottom: 5px;\" \/>\n<p><img fetchpriority=\"high\" decoding=\"async\" class=\"alignnone\" src=\"https:\/\/sc01.alicdn.com\/kf\/H52ed0438fed54ddbacae43383824e170Z.png\" width=\"541\" height=\"541\" \/><\/p>\n<p><img decoding=\"async\" class=\"alignnone\" src=\"https:\/\/sc01.alicdn.com\/kf\/H41706eeb60774994870ceb8fc543bb4er.jpg\" width=\"541\" height=\"721\" \/><\/p>\n<p><img decoding=\"async\" class=\"alignnone\" src=\"https:\/\/sc01.alicdn.com\/kf\/H5bed4ca609b5417a8c9781e86d2418e4q.jpg\" width=\"541\" height=\"377\" \/><\/p>\n<p><img loading=\"lazy\" decoding=\"async\" class=\"alignnone\" src=\"https:\/\/sc01.alicdn.com\/kf\/Ha6db900cbe874cefa4722523f03ca98fV.jpg\" width=\"542\" height=\"497\" \/><\/p>\n<p><img loading=\"lazy\" decoding=\"async\" class=\"alignnone\" src=\"https:\/\/sc01.alicdn.com\/kf\/H02d01557c09d4115b4e36f2f5ff652adH.jpg\" width=\"542\" height=\"652\" \/><\/p>\n<p><img loading=\"lazy\" decoding=\"async\" class=\"alignnone\" src=\"https:\/\/sc01.alicdn.com\/kf\/He237c89ba4c24f32873a8dbc2fce3e8fs.png\" width=\"542\" height=\"542\" \/><\/p>\n<p><img loading=\"lazy\" decoding=\"async\" class=\"alignnone\" src=\"\/\/sc04.alicdn.com\/kf\/H74652365e0314ef6b2357bce3887bea5K\/257873685\/H74652365e0314ef6b2357bce3887bea5K.jpg\" width=\"541\" height=\"662\" \/><\/p>\n<p><img loading=\"lazy\" decoding=\"async\" class=\"alignnone\" src=\"\/\/sc04.alicdn.com\/kf\/H7d64a55eb84a44efaebe4568c1d004b6V\/257873685\/H7d64a55eb84a44efaebe4568c1d004b6V.jpg\" width=\"543\" height=\"685\" \/><\/p>\n<p><img loading=\"lazy\" decoding=\"async\" class=\"alignnone\" src=\"\/\/sc04.alicdn.com\/kf\/H7bc5252e51ea49db8a1a742ab274fa4dX\/257873685\/H7bc5252e51ea49db8a1a742ab274fa4dX.jpg\" width=\"541\" height=\"721\" \/><\/p>\n<p><img loading=\"lazy\" decoding=\"async\" class=\"alignnone\" src=\"\/\/sc04.alicdn.com\/kf\/Hd384498e6ba6405eb6789f3a95fda066N\/257873685\/Hd384498e6ba6405eb6789f3a95fda066N.jpg\" width=\"540\" height=\"376\" \/><\/p>\n<h3><strong>Sp\u00e9cification<\/strong><\/h3>\n<hr style=\"border: 2px solid #000; margin-top: 5px; margin-bottom: 5px;\" \/>\n<div style=\"display: flex; background-color: #f2f2f2; padding: 10px; border-bottom: 1px solid #ddd;\">\n<div style=\"width: 40%; font-weight: bold;\">article<\/div>\n<div style=\"width: 60%;\">valeur<\/div>\n<\/div>\n<div style=\"display: flex; background-color: #ffffff; padding: 10px; border-bottom: 1px solid #ddd;\">\n<div style=\"width: 40%; font-weight: bold;\">Applicable Industries<\/div>\n<div style=\"width: 60%;\">Construction works<\/div>\n<\/div>\n<div style=\"display: flex; background-color: #f2f2f2; padding: 10px; border-bottom: 1px solid #ddd;\">\n<div style=\"width: 40%; font-weight: bold;\">Showroom Location<\/div>\n<div style=\"width: 60%;\">None<\/div>\n<\/div>\n<div style=\"display: flex; background-color: #ffffff; padding: 10px; border-bottom: 1px solid #ddd;\">\n<div style=\"width: 40%; font-weight: bold;\">Video outgoing-inspection<\/div>\n<div style=\"width: 60%;\">Provided<\/div>\n<\/div>\n<div style=\"display: flex; background-color: #f2f2f2; padding: 10px; border-bottom: 1px solid #ddd;\">\n<div style=\"width: 40%; font-weight: bold;\">Machinery Test Report<\/div>\n<div style=\"width: 60%;\">Provided<\/div>\n<\/div>\n<div style=\"display: flex; background-color: #ffffff; padding: 10px; border-bottom: 1px solid #ddd;\">\n<div style=\"width: 40%; font-weight: bold;\">Marketing Type<\/div>\n<div style=\"width: 60%;\">Ordinary Product<\/div>\n<\/div>\n<div style=\"display: flex; background-color: #f2f2f2; padding: 10px; border-bottom: 1px solid #ddd;\">\n<div style=\"width: 40%; font-weight: bold;\">Warranty of core components<\/div>\n<div style=\"width: 60%;\">1 an<\/div>\n<\/div>\n<div style=\"display: flex; background-color: #ffffff; padding: 10px; border-bottom: 1px solid #ddd;\">\n<div style=\"width: 40%; font-weight: bold;\">Core Components<\/div>\n<div style=\"width: 60%;\">Engine<\/div>\n<\/div>\n<div style=\"display: flex; background-color: #f2f2f2; padding: 10px; border-bottom: 1px solid #ddd;\">\n<div style=\"width: 40%; font-weight: bold;\">Condition<\/div>\n<div style=\"width: 60%;\">Nouveau<\/div>\n<\/div>\n<div style=\"display: flex; background-color: #ffffff; padding: 10px; border-bottom: 1px solid #ddd;\">\n<div style=\"width: 40%; font-weight: bold;\">Lieu d&#039;origine<\/div>\n<div style=\"width: 60%;\">Chine<\/div>\n<\/div>\n<div style=\"display: flex; background-color: #f2f2f2; padding: 10px; border-bottom: 1px solid #ddd;\">\n<div style=\"width: 40%; font-weight: bold;\">Nom de marque<\/div>\n<div style=\"width: 60%;\">ZZHAO<\/div>\n<\/div>\n<div style=\"display: flex; background-color: #ffffff; padding: 10px; border-bottom: 1px solid #ddd;\">\n<div style=\"width: 40%; font-weight: bold;\">Cutting Depth<\/div>\n<div style=\"width: 60%;\">180 mm<\/div>\n<\/div>\n<div style=\"display: flex; background-color: #f2f2f2; padding: 10px; border-bottom: 1px solid #ddd;\">\n<div style=\"width: 40%; font-weight: bold;\">Rotary Speed<\/div>\n<div style=\"width: 60%;\">3600<\/div>\n<\/div>\n<div style=\"display: flex; background-color: #ffffff; padding: 10px; border-bottom: 1px solid #ddd;\">\n<div style=\"width: 40%; font-weight: bold;\">Pouvoir<\/div>\n<div style=\"width: 60%;\">7.5KW<\/div>\n<\/div>\n<div style=\"display: flex; background-color: #f2f2f2; padding: 10px; border-bottom: 1px solid #ddd;\">\n<div style=\"width: 40%; font-weight: bold;\">Poids<\/div>\n<div style=\"width: 60%;\">130kg<\/div>\n<\/div>\n<div style=\"display: flex; background-color: #ffffff; padding: 10px; border-bottom: 1px solid #ddd;\">\n<div style=\"width: 40%; font-weight: bold;\">Dimension(L*W*H)<\/div>\n<div style=\"width: 60%;\">103*63*108CM<\/div>\n<\/div>\n<div style=\"display: flex; background-color: #f2f2f2; padding: 10px; border-bottom: 1px solid #ddd;\">\n<div style=\"width: 40%; font-weight: bold;\">Source d&#039;\u00e9nergie<\/div>\n<div style=\"width: 60%;\">Petrol or Diesel<\/div>\n<\/div>\n<div style=\"display: flex; background-color: #ffffff; padding: 10px; border-bottom: 1px solid #ddd;\">\n<div style=\"width: 40%; font-weight: bold;\">Running Speed<\/div>\n<div style=\"width: 60%;\">0-2km\/h<\/div>\n<\/div>\n<div style=\"display: flex; background-color: #f2f2f2; padding: 10px; border-bottom: 1px solid #ddd;\">\n<div style=\"width: 40%; font-weight: bold;\">Garantie<\/div>\n<div style=\"width: 60%;\">1 an<\/div>\n<\/div>\n<div style=\"display: flex; background-color: #ffffff; padding: 10px; border-bottom: 1px solid #ddd;\">\n<div style=\"width: 40%; font-weight: bold;\">UNIQUE SELLING POINT<\/div>\n<div style=\"width: 60%;\">High digging power<\/div>\n<\/div>\n<div style=\"display: flex; background-color: #f2f2f2; padding: 10px; border-bottom: 1px solid #ddd;\">\n<div style=\"width: 40%; font-weight: bold;\">blade fit<\/div>\n<div style=\"width: 60%;\">Right blade fit<\/div>\n<\/div>\n<div style=\"display: flex; background-color: #ffffff; padding: 10px; border-bottom: 1px solid #ddd;\">\n<div style=\"width: 40%; font-weight: bold;\">Blade hole<\/div>\n<div style=\"width: 60%;\">25.4mm<\/div>\n<\/div>\n<div style=\"display: flex; background-color: #f2f2f2; padding: 10px; border-bottom: 1px solid #ddd;\">\n<div style=\"width: 40%; font-weight: bold;\">Cutting Depth(mm)<\/div>\n<div style=\"width: 60%;\">180 mm<\/div>\n<\/div>\n<div style=\"display: flex; background-color: #ffffff; padding: 10px; border-bottom: 1px solid #ddd;\">\n<div style=\"width: 40%; font-weight: bold;\">Blade Diameter(mm)<\/div>\n<div style=\"width: 60%;\">450<\/div>\n<\/div>\n<div style=\"display: flex; background-color: #f2f2f2; padding: 10px; border-bottom: 1px solid #ddd;\">\n<div style=\"width: 40%; font-weight: bold;\">Running Speed(RPM)<\/div>\n<div style=\"width: 60%;\">3600<\/div>\n<\/div>\n<div style=\"display: flex; background-color: #ffffff; padding: 10px; border-bottom: 1px solid #ddd;\">\n<div style=\"width: 40%; font-weight: bold;\">Packing Size(mm)<\/div>\n<div style=\"width: 60%;\">103 *63 * 108<\/div>\n<\/div>\n<div style=\"display: flex; background-color: #f2f2f2; padding: 10px; border-bottom: 1px solid #ddd;\">\n<div style=\"width: 40%; font-weight: bold;\">Engine brand Choice<\/div>\n<div style=\"width: 60%;\">Loncin\/ Kohler\/ B&amp;S\/ Kipor<\/div>\n<\/div>\n<div style=\"display: flex; background-color: #ffffff; padding: 10px; border-bottom: 1px solid #ddd;\">\n<div style=\"width: 40%; font-weight: bold;\">Water Tank<\/div>\n<div style=\"width: 60%;\">35L<\/div>\n<\/div>\n<div style=\"display: flex; background-color: #f2f2f2; padding: 10px; border-bottom: 1px solid #ddd;\">\n<div style=\"width: 40%; font-weight: bold;\">Fuel Tank<\/div>\n<div style=\"width: 60%;\">7L<\/div>\n<\/div>\n<div style=\"display: flex; background-color: #ffffff; padding: 10px; border-bottom: 1px solid #ddd;\">\n<div style=\"width: 40%; font-weight: bold;\">Cutting depth<\/div>\n<div style=\"width: 60%;\">0-17cm Adjustable<\/div>\n<\/div>\n<h3><strong>Packing &amp; Delivery<\/strong><\/h3>\n<hr style=\"border: 2px solid #000; margin-top: 5px; margin-bottom: 5px;\" \/>\n<p><img loading=\"lazy\" decoding=\"async\" class=\"alignnone\" src=\"\/\/sc04.alicdn.com\/kf\/Hd09a5840e3cb4a05ad3181da178586eaT\/257873685\/Hd09a5840e3cb4a05ad3181da178586eaT.jpg\" width=\"543\" height=\"407\" \/><\/p>\n<p><img loading=\"lazy\" decoding=\"async\" class=\"alignnone\" src=\"\/\/sc04.alicdn.com\/kf\/Had2dcc3f043a4404b816126f39ca4015T\/257873685\/Had2dcc3f043a4404b816126f39ca4015T.jpg\" width=\"543\" height=\"363\" \/><\/p>\n<p>wooden box,,,.road cutting machine,wall saw concret,used concrete wall saw<\/p>","protected":false},"excerpt":{"rendered":"<p>Description du produit Sp\u00e9cification valeur de l&#039;article Industries applicables Travaux de construction Emplacement de la salle d&#039;exposition Aucun Inspection vid\u00e9o de sortie fournie Rapport de test des machines fourni Marketing<\/p>","protected":false},"featured_media":29711,"comment_status":"open","ping_status":"closed","template":"","meta":[],"product_cat":[239,230],"product_tag":[],"class_list":{"0":"post-29712","1":"product","2":"type-product","3":"status-publish","4":"has-post-thumbnail","6":"product_cat-road-cutter","7":"product_cat-road-machinery","9":"first","10":"instock","11":"shipping-taxable","12":"purchasable","13":"product-type-simple"},"_links":{"self":[{"href":"https:\/\/meconstructionsupplies.com\/fr\/wp-json\/wp\/v2\/product\/29712","targetHints":{"allow":["GET"]}}],"collection":[{"href":"https:\/\/meconstructionsupplies.com\/fr\/wp-json\/wp\/v2\/product"}],"about":[{"href":"https:\/\/meconstructionsupplies.com\/fr\/wp-json\/wp\/v2\/types\/product"}],"replies":[{"embeddable":true,"href":"https:\/\/meconstructionsupplies.com\/fr\/wp-json\/wp\/v2\/comments?post=29712"}],"version-history":[{"count":3,"href":"https:\/\/meconstructionsupplies.com\/fr\/wp-json\/wp\/v2\/product\/29712\/revisions"}],"predecessor-version":[{"id":31404,"href":"https:\/\/meconstructionsupplies.com\/fr\/wp-json\/wp\/v2\/product\/29712\/revisions\/31404"}],"wp:featuredmedia":[{"embeddable":true,"href":"https:\/\/meconstructionsupplies.com\/fr\/wp-json\/wp\/v2\/media\/29711"}],"wp:attachment":[{"href":"https:\/\/meconstructionsupplies.com\/fr\/wp-json\/wp\/v2\/media?parent=29712"}],"wp:term":[{"taxonomy":"product_cat","embeddable":true,"href":"https:\/\/meconstructionsupplies.com\/fr\/wp-json\/wp\/v2\/product_cat?post=29712"},{"taxonomy":"product_tag","embeddable":true,"href":"https:\/\/meconstructionsupplies.com\/fr\/wp-json\/wp\/v2\/product_tag?post=29712"}],"curies":[{"name":"wp","href":"https:\/\/api.w.org\/{rel}","templated":true}]}}