{"id":29905,"date":"2024-11-18T03:34:33","date_gmt":"2024-11-18T03:34:33","guid":{"rendered":"https:\/\/meconstructionsupplies.com\/product\/respiratory-protection-full-mask-6800-gas-mask-respirator-facepiece-respirador-de-mascara-completa-careta\/"},"modified":"2025-09-23T01:48:40","modified_gmt":"2025-09-23T01:48:40","slug":"respiratory-protection-full-mask-6800-gas-mask-respirator-facepiece-respirador-de-mascara-completa-careta","status":"publish","type":"product","link":"https:\/\/meconstructionsupplies.com\/fr\/product\/respiratory-protection-full-mask-6800-gas-mask-respirator-facepiece-respirador-de-mascara-completa-careta\/","title":{"rendered":"Protection respiratoire masque complet 6800 masque \u00e0 gaz respirateur masque respirador de mascara completa careta"},"content":{"rendered":"<p><img fetchpriority=\"high\" decoding=\"async\" class=\"alignnone\" src=\"\/\/sc04.alicdn.com\/kf\/H760ae5d6560f4b0bbb5b280b54222b67G\/231872433\/H760ae5d6560f4b0bbb5b280b54222b67G.jpg\" width=\"541\" height=\"691\" \/><\/p>\n<p><img decoding=\"async\" class=\"alignnone\" src=\"\/\/sc04.alicdn.com\/kf\/H31db1201e6cd48a8b693524c0770e107q\/231872433\/H31db1201e6cd48a8b693524c0770e107q.jpg\" width=\"541\" height=\"777\" \/><\/p>\n<p><img decoding=\"async\" class=\"alignnone\" src=\"\/\/sc04.alicdn.com\/kf\/H6d1bda5e4d9942e2ba9926bdb4e0c9c1z\/231872433\/H6d1bda5e4d9942e2ba9926bdb4e0c9c1z.jpg\" width=\"542\" height=\"787\" \/><\/p>\n<p><img loading=\"lazy\" decoding=\"async\" class=\"alignnone\" src=\"\/\/sc04.alicdn.com\/kf\/H0c148e9cc4b0423ea313bb668c4d86e1U\/231872433\/H0c148e9cc4b0423ea313bb668c4d86e1U.jpg\" width=\"541\" height=\"822\" \/><\/p>\n<p><img loading=\"lazy\" decoding=\"async\" class=\"alignnone\" src=\"\/\/sc04.alicdn.com\/kf\/He1e69c86f13d40ad8a62c3f3dcd71b01o\/231872433\/He1e69c86f13d40ad8a62c3f3dcd71b01o.jpg\" width=\"542\" height=\"909\" \/><\/p>\n<p><img loading=\"lazy\" decoding=\"async\" class=\"alignnone\" src=\"\/\/sc04.alicdn.com\/kf\/He6b29f9c982443179983aba097b82aedL\/231872433\/He6b29f9c982443179983aba097b82aedL.jpg\" width=\"542\" height=\"804\" \/><\/p>\n<p><img loading=\"lazy\" decoding=\"async\" class=\"alignnone\" src=\"\/\/sc04.alicdn.com\/kf\/Hbac8ecb539b945848ad0cee0c09c8cebE\/231872433\/Hbac8ecb539b945848ad0cee0c09c8cebE.jpg\" width=\"543\" height=\"805\" \/><\/p>\n<p><img loading=\"lazy\" decoding=\"async\" class=\"alignnone\" src=\"\/\/sc04.alicdn.com\/kf\/H28f674683c374655ba3fb33099894b44C\/231872433\/H28f674683c374655ba3fb33099894b44C.jpg\" width=\"541\" height=\"719\" \/><\/p>\n<p><img loading=\"lazy\" decoding=\"async\" class=\"alignnone\" src=\"\/\/sc04.alicdn.com\/kf\/H4022b3b0503d4e1f8ffa522c4161e44bS\/231872433\/H4022b3b0503d4e1f8ffa522c4161e44bS.jpg\" width=\"543\" height=\"691\" \/><\/p>\n<div style=\"display: flex; background-color: #f2f2f2; padding: 10px; border-bottom: 1px solid #ddd;\">\n<div style=\"width: 40%; font-weight: bold;\">Name<\/div>\n<div style=\"width: 60%;\">Gas Masks, full masks<\/div>\n<\/div>\n<div style=\"display: flex; background-color: #ffffff; padding: 10px; border-bottom: 1px solid #ddd;\">\n<div style=\"width: 40%; font-weight: bold;\">Material Quality<\/div>\n<div style=\"width: 60%;\">Silicone rubber<\/div>\n<\/div>\n<div style=\"display: flex; background-color: #f2f2f2; padding: 10px; border-bottom: 1px solid #ddd;\">\n<div style=\"width: 40%; font-weight: bold;\">Face SCreen<\/div>\n<div style=\"width: 60%;\">ANTI-FOG PC<\/div>\n<\/div>\n<div style=\"display: flex; background-color: #ffffff; padding: 10px; border-bottom: 1px solid #ddd;\">\n<div style=\"width: 40%; font-weight: bold;\">Model number<\/div>\n<div style=\"width: 60%;\">4006<\/div>\n<\/div>\n<div style=\"display: flex; background-color: #f2f2f2; padding: 10px; border-bottom: 1px solid #ddd;\">\n<div style=\"width: 40%; font-weight: bold;\">Poids<\/div>\n<div style=\"width: 60%;\">619g<\/div>\n<\/div>\n<p><img loading=\"lazy\" decoding=\"async\" class=\"alignnone\" src=\"\/\/sc04.alicdn.com\/kf\/H0ee571c3de754310a8f3e8473e1d785bz\/231872433\/H0ee571c3de754310a8f3e8473e1d785bz.jpg\" width=\"543\" height=\"623\" \/><\/p>\n<p><img loading=\"lazy\" decoding=\"async\" class=\"alignnone\" src=\"\/\/sc04.alicdn.com\/kf\/H0e982cd2bd9c46eb8bc1df7ff51646d3C\/231872433\/H0e982cd2bd9c46eb8bc1df7ff51646d3C.jpg\" width=\"541\" height=\"442\" \/><\/p>\n<p><img loading=\"lazy\" decoding=\"async\" class=\"alignnone\" src=\"\/\/sc04.alicdn.com\/kf\/Hfd6b3d7389a646e9a74d2602f968913bU\/231872433\/Hfd6b3d7389a646e9a74d2602f968913bU.jpg\" width=\"542\" height=\"650\" \/><\/p>\n<p>&nbsp;<\/p>\n<p><img loading=\"lazy\" decoding=\"async\" class=\"alignnone\" src=\"\/\/sc04.alicdn.com\/kf\/Hb1efc1ef81fc4d968852d81077d6e0a7g\/231872433\/Hb1efc1ef81fc4d968852d81077d6e0a7g.jpg\" width=\"542\" height=\"734\" \/><\/p>\n<p><img loading=\"lazy\" decoding=\"async\" class=\"alignnone\" src=\"\/\/sc04.alicdn.com\/kf\/H6144e9759dd54dd6bf4834d848e0ce84Z\/231872433\/H6144e9759dd54dd6bf4834d848e0ce84Z.jpg\" width=\"543\" height=\"709\" \/><\/p>\n<h3>FAQ<\/h3>\n<h3><b>Question1:who are we?<\/b><\/h3>\n<h3><\/h3>\n<h3><b><b><b>Question 2:how can we guarantee quality?<\/b><\/b><\/b><\/h3>\n<h3><b><b><b><b>Always a pre-production sample before mass production;Always final Inspection before shipment;<\/b><\/b><\/b><\/b><\/h3>\n<h3><b><b><b><b><b>Question 3:what can you buy from us?<\/b><\/b><\/b><\/b><\/b><\/h3>\n<h3><b><b><b><b><b><b>Breathing apparatus,firefighting suit,scba mask,fire escape mask,SCBA,lifesaving equipment.<\/b><\/b><\/b><\/b><\/b><\/b><\/h3>\n<h3><b><b><b><b><b><b><b>Question 4:why should you buy from us not from other suppliers?<\/b><\/b><\/b><\/b><\/b><\/b><\/b><\/h3>\n<h3><b><b><b><b><b><b><b><b>Excellent team,high execution.With its own brand,the product is competitive.Pay attention to detail management and improve profitability.Enterprise culture with persistent core ideas and continuous innovation.<\/b><\/b><\/b><\/b><\/b><\/b><\/b><\/b><\/h3>\n<p><img loading=\"lazy\" decoding=\"async\" class=\"alignnone size-medium\" src=\"\/\/sc04.alicdn.com\/kf\/Ha8336d94f4a84f0f99f0a05393e9391cP\/231872433\/Ha8336d94f4a84f0f99f0a05393e9391cP.jpg\" width=\"640\" height=\"560\" \/><\/p>","protected":false},"excerpt":{"rendered":"<p>Nom Masques \u00e0 gaz, masques complets Qualit\u00e9 du mat\u00e9riau Caoutchouc de silicone \u00c9cran facial ANTI-BU\u00c9E PC Num\u00e9ro de mod\u00e8le 4006 Poids 619g FAQ<\/p>","protected":false},"featured_media":29904,"comment_status":"open","ping_status":"closed","template":"","meta":[],"product_cat":[152,147,150],"product_tag":[],"class_list":{"0":"post-29905","1":"product","2":"type-product","3":"status-publish","4":"has-post-thumbnail","6":"product_cat-gas-proof-mask","7":"product_cat-labor-protection-supplies","8":"product_cat-respiratory-protection","10":"first","11":"instock","12":"shipping-taxable","13":"purchasable","14":"product-type-simple"},"_links":{"self":[{"href":"https:\/\/meconstructionsupplies.com\/fr\/wp-json\/wp\/v2\/product\/29905","targetHints":{"allow":["GET"]}}],"collection":[{"href":"https:\/\/meconstructionsupplies.com\/fr\/wp-json\/wp\/v2\/product"}],"about":[{"href":"https:\/\/meconstructionsupplies.com\/fr\/wp-json\/wp\/v2\/types\/product"}],"replies":[{"embeddable":true,"href":"https:\/\/meconstructionsupplies.com\/fr\/wp-json\/wp\/v2\/comments?post=29905"}],"version-history":[{"count":1,"href":"https:\/\/meconstructionsupplies.com\/fr\/wp-json\/wp\/v2\/product\/29905\/revisions"}],"predecessor-version":[{"id":30149,"href":"https:\/\/meconstructionsupplies.com\/fr\/wp-json\/wp\/v2\/product\/29905\/revisions\/30149"}],"wp:featuredmedia":[{"embeddable":true,"href":"https:\/\/meconstructionsupplies.com\/fr\/wp-json\/wp\/v2\/media\/29904"}],"wp:attachment":[{"href":"https:\/\/meconstructionsupplies.com\/fr\/wp-json\/wp\/v2\/media?parent=29905"}],"wp:term":[{"taxonomy":"product_cat","embeddable":true,"href":"https:\/\/meconstructionsupplies.com\/fr\/wp-json\/wp\/v2\/product_cat?post=29905"},{"taxonomy":"product_tag","embeddable":true,"href":"https:\/\/meconstructionsupplies.com\/fr\/wp-json\/wp\/v2\/product_tag?post=29905"}],"curies":[{"name":"wp","href":"https:\/\/api.w.org\/{rel}","templated":true}]}}