{"id":29925,"date":"2024-11-18T03:42:12","date_gmt":"2024-11-18T03:42:12","guid":{"rendered":"https:\/\/meconstructionsupplies.com\/product\/ant5-12-pack-impact-and-ballistic-resistant-safety-protective-glasses-with-clear-lenses\/"},"modified":"2025-09-23T01:39:00","modified_gmt":"2025-09-23T01:39:00","slug":"ant5-12-pack-impact-and-ballistic-resistant-safety-protective-glasses-with-clear-lenses","status":"publish","type":"product","link":"https:\/\/meconstructionsupplies.com\/fr\/product\/ant5-12-pack-impact-and-ballistic-resistant-safety-protective-glasses-with-clear-lenses\/","title":{"rendered":"Lot de 12 lunettes de protection de s\u00e9curit\u00e9 r\u00e9sistantes aux chocs et aux balles ANT5 avec verres transparents"},"content":{"rendered":"<div style=\"width: 540px;\" class=\"wp-video\"><!--[if lt IE 9]><script>document.createElement('video');<\/script><![endif]-->\n<video class=\"wp-video-shortcode\" id=\"video-29925-1\" width=\"540\" height=\"960\" preload=\"metadata\" controls=\"controls\"><source type=\"video\/mp4\" src=\"\/\/play.video.alibaba.com\/play\/u\/2153292369\/p\/1\/e\/6\/t\/10300\/279326004240.mp4?_=1\" \/><a href=\"\/\/play.video.alibaba.com\/play\/u\/2153292369\/p\/1\/e\/6\/t\/10300\/279326004240.mp4\">\/\/play.video.alibaba.com\/play\/u\/2153292369\/p\/1\/e\/6\/t\/10300\/279326004240.mp4<\/a><\/video><\/div>\n<h3><strong>Product Description<\/strong><\/h3>\n<hr style=\"border: 2px solid #000; margin-top: 5px; margin-bottom: 5px;\" \/>\n<p><b>ANT5 factory cheaper anti dust anti splash protective goggles for eye protection\u00a0<b><br \/>\n<\/b><\/b><\/p>\n<p><span style=\"font-size: large;\">* Design of circular arc mirror with motion.<br \/>\n* Cushion and Soft bridge on the inside, ease the external impact, improve comfort.<br \/>\n* The lens is made of PC,the impact is not easy to break, effective barrier ultraviolet.<br \/>\n<\/span><\/p>\n<div style=\"display: flex; background-color: #f2f2f2; padding: 10px; border-bottom: 1px solid #ddd;\">\n<div style=\"width: 40%; font-weight: bold;\"><b>Product Type:<b><\/b><\/b><\/div>\n<div style=\"width: 60%;\">Safety glasses<\/div>\n<\/div>\n<div style=\"display: flex; background-color: #ffffff; padding: 10px; border-bottom: 1px solid #ddd;\">\n<div style=\"width: 40%; font-weight: bold;\"><b>Material:<b><\/b><\/b><\/div>\n<div style=\"width: 60%;\">PC<\/div>\n<\/div>\n<div style=\"display: flex; background-color: #f2f2f2; padding: 10px; border-bottom: 1px solid #ddd;\">\n<div style=\"width: 40%; font-weight: bold;\"><b>Feature:<b><\/b><\/b><\/div>\n<div style=\"width: 60%;\">Barrier Ultraviolet<\/div>\n<\/div>\n<div style=\"display: flex; background-color: #ffffff; padding: 10px; border-bottom: 1px solid #ddd;\">\n<div style=\"width: 40%; font-weight: bold;\"><b>Color:<b><\/b><\/b><\/div>\n<div style=\"width: 60%;\">Customized<\/div>\n<\/div>\n<div style=\"display: flex; background-color: #f2f2f2; padding: 10px; border-bottom: 1px solid #ddd;\">\n<div style=\"width: 40%; font-weight: bold;\"><b>Advantages: <b><\/b><\/b><\/div>\n<div style=\"width: 60%;\">Strong impact resistance, light weight<\/div>\n<\/div>\n<div style=\"display: flex; background-color: #ffffff; padding: 10px; border-bottom: 1px solid #ddd;\">\n<div style=\"width: 40%; font-weight: bold;\"><b>Use place:<b><\/b><\/b><\/div>\n<div style=\"width: 60%;\">Industry, Dust-proof, decoration, polishing, laboratory, pharmacy, etc.<\/div>\n<\/div>\n<p><img fetchpriority=\"high\" decoding=\"async\" class=\"alignnone \" src=\"https:\/\/sc02.alicdn.com\/kf\/HTB17RBwXk9E3KVjSZFrq6y0UVXaB\/225639376\/HTB17RBwXk9E3KVjSZFrq6y0UVXaB.jpg\" width=\"542\" height=\"542\" \/><\/p>\n<h3><strong>Detailed Image<\/strong><\/h3>\n<hr style=\"border: 2px solid #000; margin-top: 5px; margin-bottom: 5px;\" \/>\n<p><img decoding=\"async\" class=\"alignnone \" src=\"\/\/sc04.alicdn.com\/kf\/Hb6832a0270cf44ddb79f3c39d752d19ck\/225639376\/Hb6832a0270cf44ddb79f3c39d752d19ck.jpg\" width=\"539\" height=\"475\" \/><\/p>\n<p><img decoding=\"async\" class=\"alignnone \" src=\"https:\/\/sc01.alicdn.com\/kf\/HTB17psKVYvpK1RjSZFqq6AXUVXai\/225639376\/HTB17psKVYvpK1RjSZFqq6AXUVXai.jpg\" width=\"543\" height=\"543\" \/><\/p>\n<h3><b>High transmittance of lenses<br \/>\n<b><br \/>\n<\/b><\/b><\/h3>\n<p>High-definition lens design to enhance the clarity of vision.<\/p>\n<h3>Strong impact Resistance<\/h3>\n<h3><\/h3>\n<p>PC lenses can resist high-speed particles 45 m\/s impact, can effectively prevent iron filings, ash sand, gravel and other objects due to splash and the danger of bad eye.<\/p>\n<p><img loading=\"lazy\" decoding=\"async\" class=\"alignnone \" src=\"https:\/\/sc01.alicdn.com\/kf\/HTB13Y.JV3HqK1RjSZFgq6y7JXXa8\/225639376\/HTB13Y.JV3HqK1RjSZFgq6y7JXXa8.jpg\" width=\"542\" height=\"542\" \/><\/p>\n<p><img loading=\"lazy\" decoding=\"async\" class=\"alignnone \" src=\"https:\/\/sc01.alicdn.com\/kf\/HTB1o_IIV9zqK1RjSZFHq6z3CpXay\/225639376\/HTB1o_IIV9zqK1RjSZFHq6z3CpXay.jpg\" width=\"542\" height=\"542\" \/><\/p>\n<h3><b>Comfortable nose frame<br \/>\n<b><br \/>\n<\/b><\/b><\/h3>\n<p>Soft materials, ease the pressure on the nose, wear comfortable and not easy to slide.<\/p>\n<h3>The quality is light without oppression<\/h3>\n<p>The use of PC materials made of protective glasses, lightweight and more comfortable material, long time to wear will not be tired. Highly effective against ultraviolet light.<\/p>\n<p><img loading=\"lazy\" decoding=\"async\" class=\"alignnone \" src=\"https:\/\/sc01.alicdn.com\/kf\/HTB1tbWYXQCy2eVjSZSyq6xukVXaA\/225639376\/HTB1tbWYXQCy2eVjSZSyq6xukVXaA.jpg\" width=\"541\" height=\"541\" \/><\/p>\n<h3><strong>Packing &amp; Delivery<\/strong><\/h3>\n<hr style=\"border: 2px solid #000; margin-top: 5px; margin-bottom: 5px;\" \/>\n<p><img loading=\"lazy\" decoding=\"async\" class=\"alignnone \" src=\"https:\/\/sc01.alicdn.com\/kf\/HTB1xA0oBOOYBuNjSsD4q6zSkFXat\/225639376\/HTB1xA0oBOOYBuNjSsD4q6zSkFXat.jpg\" width=\"541\" height=\"467\" \/><\/p>\n<p><img loading=\"lazy\" decoding=\"async\" class=\"alignnone \" src=\"https:\/\/sc01.alicdn.com\/kf\/HTB1XhhSmY3nBKNjSZFMq6yUSFXaU\/225639376\/HTB1XhhSmY3nBKNjSZFMq6yUSFXaU.jpg\" width=\"539\" height=\"465\" \/><\/p>\n<h3><strong>Our Company<\/strong><\/h3>\n<hr style=\"border: 2px solid #000; margin-top: 5px; margin-bottom: 5px;\" \/>\n<p>&nbsp;<\/p>\n<p><img loading=\"lazy\" decoding=\"async\" class=\"alignnone \" src=\"https:\/\/sc01.alicdn.com\/kf\/HTB1N8wZBsyYBuNkSnfoq6AWgVXaK\/225639376\/HTB1N8wZBsyYBuNkSnfoq6AWgVXaK.jpg\" width=\"543\" height=\"468\" \/><\/p>\n<p><img loading=\"lazy\" decoding=\"async\" class=\"alignnone \" src=\"https:\/\/sc02.alicdn.com\/kf\/HTB1EB7ZBsyYBuNkSnfoq6AWgVXat\/225639376\/HTB1EB7ZBsyYBuNkSnfoq6AWgVXat.jpg\" width=\"543\" height=\"468\" \/><\/p>\n<p><img loading=\"lazy\" decoding=\"async\" class=\"alignnone \" src=\"https:\/\/sc01.alicdn.com\/kf\/HTB1ze3.JMaTBuNjSszfq6xgfpXai\/225639376\/HTB1ze3.JMaTBuNjSszfq6xgfpXai.jpg\" width=\"543\" height=\"468\" \/><\/p>\n<p><img loading=\"lazy\" decoding=\"async\" class=\"alignnone \" src=\"https:\/\/sc02.alicdn.com\/kf\/HTB1.OaamQZmBKNjSZPiq6xFNVXa5\/225639376\/HTB1.OaamQZmBKNjSZPiq6xFNVXa5.jpg\" width=\"541\" height=\"467\" \/><\/p>\n<h3><strong>FAQ<\/strong><\/h3>\n<hr style=\"border: 2px solid #000; margin-top: 5px; margin-bottom: 5px;\" \/>\n<p><b>Q1. Where are your factory located?<br \/>\n<b>A:Our factory located in Changzhou , Jiangsu .<\/b><\/b><\/p>\n<p><b>Q2. Can I make a trial\/small order?<br \/>\n<b>A:Yes,small\/trial order will be negotiable if it&#8217;s in production .<\/b><\/b><\/p>\n<p><b>Q3. What&#8217;s your delivery time for 1000-10,000 pairs?<br \/>\n<b>A:Around 15-40 days.<\/b><\/b><\/p>\n<p><b>Q4. Where is the port of loading?<br \/>\n<b>A:Shanghai port of China.<\/b><\/b><\/p>\n<p><b>Q5. How could I get samples for evaluation?<br \/>\n<b>A:Please contact our sales department,we will send you samples with your detail requirements.<\/b><\/b><\/p>\n<p><b>Q6. Does your company provide trade assurance? Can I pay through Alibaba?<br \/>\n<b><\/b><\/b><\/p>\n<p>A:Yes, we are gold supplier on Alibaba,and you will get free payment protection service.<\/p>\n<p>&nbsp;<\/p>\n","protected":false},"excerpt":{"rendered":"<p>Description du produit Lunettes de protection anti-poussi\u00e8re et anti-\u00e9claboussures ANT5 moins ch\u00e8res pour la protection des yeux * Conception de miroir en arc de cercle<\/p>","protected":false},"featured_media":29924,"comment_status":"open","ping_status":"closed","template":"","meta":[],"product_cat":[153,147,154],"product_tag":[],"class_list":{"0":"post-29925","1":"product","2":"type-product","3":"status-publish","4":"has-post-thumbnail","6":"product_cat-eye-and-face-protection","7":"product_cat-labor-protection-supplies","8":"product_cat-protective-glasses","10":"first","11":"instock","12":"shipping-taxable","13":"purchasable","14":"product-type-simple"},"_links":{"self":[{"href":"https:\/\/meconstructionsupplies.com\/fr\/wp-json\/wp\/v2\/product\/29925","targetHints":{"allow":["GET"]}}],"collection":[{"href":"https:\/\/meconstructionsupplies.com\/fr\/wp-json\/wp\/v2\/product"}],"about":[{"href":"https:\/\/meconstructionsupplies.com\/fr\/wp-json\/wp\/v2\/types\/product"}],"replies":[{"embeddable":true,"href":"https:\/\/meconstructionsupplies.com\/fr\/wp-json\/wp\/v2\/comments?post=29925"}],"version-history":[{"count":3,"href":"https:\/\/meconstructionsupplies.com\/fr\/wp-json\/wp\/v2\/product\/29925\/revisions"}],"predecessor-version":[{"id":31424,"href":"https:\/\/meconstructionsupplies.com\/fr\/wp-json\/wp\/v2\/product\/29925\/revisions\/31424"}],"wp:featuredmedia":[{"embeddable":true,"href":"https:\/\/meconstructionsupplies.com\/fr\/wp-json\/wp\/v2\/media\/29924"}],"wp:attachment":[{"href":"https:\/\/meconstructionsupplies.com\/fr\/wp-json\/wp\/v2\/media?parent=29925"}],"wp:term":[{"taxonomy":"product_cat","embeddable":true,"href":"https:\/\/meconstructionsupplies.com\/fr\/wp-json\/wp\/v2\/product_cat?post=29925"},{"taxonomy":"product_tag","embeddable":true,"href":"https:\/\/meconstructionsupplies.com\/fr\/wp-json\/wp\/v2\/product_tag?post=29925"}],"curies":[{"name":"wp","href":"https:\/\/api.w.org\/{rel}","templated":true}]}}