{"id":29956,"date":"2024-11-18T03:58:40","date_gmt":"2024-11-18T03:58:40","guid":{"rendered":"https:\/\/meconstructionsupplies.com\/product\/uvex-i-5-9183064-gafas-de-seguridad-industrial-dust-protection-reusable-stylish-protective-glasses-safety-sports-goggles-for-men\/"},"modified":"2024-12-02T08:10:12","modified_gmt":"2024-12-02T08:10:12","slug":"uvex-i-5-9183064-gafas-de-seguridad-industrial-dust-protection-reusable-stylish-protective-glasses-safety-sports-goggles-for-men","status":"publish","type":"product","link":"https:\/\/meconstructionsupplies.com\/fr\/product\/uvex-i-5-9183064-gafas-de-seguridad-industrial-dust-protection-reusable-stylish-protective-glasses-safety-sports-goggles-for-men\/","title":{"rendered":"Uvex i-5 9183064 Lunettes de s\u00e9curit\u00e9 Protection contre la poussi\u00e8re industrielle Lunettes de protection \u00e9l\u00e9gantes r\u00e9utilisables Lunettes de sport de s\u00e9curit\u00e9 pour hommes"},"content":{"rendered":"<p><img fetchpriority=\"high\" decoding=\"async\" class=\"alignnone\" src=\"\/\/sc04.alicdn.com\/kf\/H3446985e3ed84ebcbc0fd9789caa7982a\/250398947\/H3446985e3ed84ebcbc0fd9789caa7982a.jpg\" width=\"540\" height=\"324\" \/><\/p>\n<h3><strong>Product Details<\/strong><\/h3>\n<hr style=\"border: 2px solid #000; margin-top: 5px; margin-bottom: 5px;\" \/>\n<div style=\"display: flex; background-color: #f2f2f2; padding: 10px; border-bottom: 1px solid #ddd;\">\n<div style=\"width: 40%; font-weight: bold;\">Nom du produit<\/div>\n<div style=\"width: 60%;\">Protective Goggles<\/div>\n<\/div>\n<div style=\"display: flex; background-color: #ffffff; padding: 10px; border-bottom: 1px solid #ddd;\">\n<div style=\"width: 40%; font-weight: bold;\">Emballage<\/div>\n<div style=\"width: 60%;\">1pair\/opp Bag<\/div>\n<\/div>\n<div style=\"display: flex; background-color: #f2f2f2; padding: 10px; border-bottom: 1px solid #ddd;\">\n<div style=\"width: 40%; font-weight: bold;\">Logo<\/div>\n<div style=\"width: 60%;\">Accept Customized Logo<\/div>\n<\/div>\n<div style=\"display: flex; background-color: #ffffff; padding: 10px; border-bottom: 1px solid #ddd;\">\n<div style=\"width: 40%; font-weight: bold;\">Samples<\/div>\n<div style=\"width: 60%;\">Availiable<\/div>\n<\/div>\n<div style=\"display: flex; background-color: #f2f2f2; padding: 10px; border-bottom: 1px solid #ddd;\">\n<div style=\"width: 40%; font-weight: bold;\">Style<\/div>\n<div style=\"width: 60%;\">Personal Protective Equipment<\/div>\n<\/div>\n<div style=\"display: flex; background-color: #ffffff; padding: 10px; border-bottom: 1px solid #ddd;\">\n<div style=\"width: 40%; font-weight: bold;\">PAYMENT<\/div>\n<div style=\"width: 60%;\">T\/T<\/div>\n<\/div>\n<div style=\"display: flex; background-color: #f2f2f2; padding: 10px; border-bottom: 1px solid #ddd;\">\n<div style=\"width: 40%; font-weight: bold;\">Delivery time<\/div>\n<div style=\"width: 60%;\">7-15 Days<\/div>\n<\/div>\n<p><img decoding=\"async\" class=\"alignnone\" src=\"\/\/sc04.alicdn.com\/kf\/Hf1d11960e8764c54838c47eec2dd0c09m\/250398947\/Hf1d11960e8764c54838c47eec2dd0c09m.jpg\" width=\"540\" height=\"540\" \/><\/p>\n<p><img decoding=\"async\" class=\"alignnone\" src=\"\/\/sc04.alicdn.com\/kf\/H827fc9543f7a43879f801bc4c9617f1e3\/250398947\/H827fc9543f7a43879f801bc4c9617f1e3.jpg\" width=\"543\" height=\"543\" \/><\/p>\n<p><img loading=\"lazy\" decoding=\"async\" class=\"alignnone\" src=\"\/\/sc04.alicdn.com\/kf\/H0990f0637e42485f9f8bdea025a5eda0j\/250398947\/H0990f0637e42485f9f8bdea025a5eda0j.jpg\" width=\"543\" height=\"543\" \/><\/p>\n<p><img loading=\"lazy\" decoding=\"async\" class=\"alignnone\" src=\"\/\/sc04.alicdn.com\/kf\/Hf7e5fa5e5c6c485199fb653f77fb7fea3\/250398947\/Hf7e5fa5e5c6c485199fb653f77fb7fea3.jpg\" width=\"540\" height=\"540\" \/><\/p>\n<h3><strong>OEM&amp;ODM<\/strong><\/h3>\n<hr style=\"border: 2px solid #000; margin-top: 5px; margin-bottom: 5px;\" \/>\n<p><img loading=\"lazy\" decoding=\"async\" class=\"alignnone\" src=\"\/\/sc04.alicdn.com\/kf\/Hb6512b9398d64f7c833d16c491b85fa8Q\/250398947\/Hb6512b9398d64f7c833d16c491b85fa8Q.jpg\" width=\"543\" height=\"326\" \/><\/p>\n<h3><strong>Recommend Products<\/strong><\/h3>\n<hr style=\"border: 2px solid #000; margin-top: 5px; margin-bottom: 5px;\" \/>\n<p><img loading=\"lazy\" decoding=\"async\" class=\"alignnone\" src=\"\/\/sc04.alicdn.com\/kf\/H4240ce8dedfc45e88c6c416cf2078664a\/250398947\/H4240ce8dedfc45e88c6c416cf2078664a.jpg\" width=\"543\" height=\"145\" \/><\/p>\n<h3><strong>Customer Praise<\/strong><\/h3>\n<hr style=\"border: 2px solid #000; margin-top: 5px; margin-bottom: 5px;\" \/>\n<p><img loading=\"lazy\" decoding=\"async\" class=\"alignnone\" src=\"\/\/sc04.alicdn.com\/kf\/Hd37652b20b0043b4aacf46f8633a3f7b2\/250398947\/Hd37652b20b0043b4aacf46f8633a3f7b2.jpg\" width=\"543\" height=\"326\" \/><\/p>\n<h3><strong>Packaging &amp; Transportation<\/strong><\/h3>\n<hr style=\"border: 2px solid #000; margin-top: 5px; margin-bottom: 5px;\" \/>\n<p><img loading=\"lazy\" decoding=\"async\" class=\"alignnone\" src=\"\/\/sc04.alicdn.com\/kf\/Hdabab18e24a147f1a748abbb14fdd8e3M\/250398947\/Hdabab18e24a147f1a748abbb14fdd8e3M.jpg\" width=\"541\" height=\"288\" \/><\/p>\n<h3><strong>FAQ<\/strong><\/h3>\n<hr style=\"border: 2px solid #000; margin-top: 5px; margin-bottom: 5px;\" \/>\n<p><b>Q1. How can I get some samples?<b>A1:(1) We are honored to provide you samples for free. New clients are expected to pay for thecourier cost.(2) Regarding the courier cost: you can arrange a international express service upon Fedex, UPS, DHL, TNT, etc. to have the samples collected; or inform us your account of express. It wil be better for you .<b>Q2: How does your factory do regarding quality control?<b>A2:(1) All raw material we used are environmental-friendly; (2) Skillful workers inspect every detail in handing the stamping, printing, packing process; (3) QC department specially responsible for quality checking in each process.<b>Q3:Can your factory print or emboss my logo on the goods?<b>A3:Yes, we can print or emboss the hotels logo on the goods or their packing box, for patentprotection purpose, a letter of attorney (letter of authorization) shall be provided for the logo.We usually produce goods based on customer&#8217;s samples or based on customers&#8217; picture,logo, sizes etc detail information design forcustomers. <\/b><\/b><\/b><\/b><\/b><\/b><\/p>","protected":false},"excerpt":{"rendered":"<p>D\u00e9tails du produit Nom du produit Lunettes de protection Emballage 1 paire\/sac opp Logo Accepter le logo personnalis\u00e9 \u00c9chantillons disponibles Style \u00c9quipement de protection individuelle PAIEMENT<\/p>","protected":false},"featured_media":29955,"comment_status":"open","ping_status":"closed","template":"","meta":[],"product_cat":[153,147,154],"product_tag":[],"class_list":{"0":"post-29956","1":"product","2":"type-product","3":"status-publish","4":"has-post-thumbnail","6":"product_cat-eye-and-face-protection","7":"product_cat-labor-protection-supplies","8":"product_cat-protective-glasses","10":"first","11":"instock","12":"shipping-taxable","13":"purchasable","14":"product-type-simple"},"_links":{"self":[{"href":"https:\/\/meconstructionsupplies.com\/fr\/wp-json\/wp\/v2\/product\/29956","targetHints":{"allow":["GET"]}}],"collection":[{"href":"https:\/\/meconstructionsupplies.com\/fr\/wp-json\/wp\/v2\/product"}],"about":[{"href":"https:\/\/meconstructionsupplies.com\/fr\/wp-json\/wp\/v2\/types\/product"}],"replies":[{"embeddable":true,"href":"https:\/\/meconstructionsupplies.com\/fr\/wp-json\/wp\/v2\/comments?post=29956"}],"version-history":[{"count":2,"href":"https:\/\/meconstructionsupplies.com\/fr\/wp-json\/wp\/v2\/product\/29956\/revisions"}],"predecessor-version":[{"id":31426,"href":"https:\/\/meconstructionsupplies.com\/fr\/wp-json\/wp\/v2\/product\/29956\/revisions\/31426"}],"wp:featuredmedia":[{"embeddable":true,"href":"https:\/\/meconstructionsupplies.com\/fr\/wp-json\/wp\/v2\/media\/29955"}],"wp:attachment":[{"href":"https:\/\/meconstructionsupplies.com\/fr\/wp-json\/wp\/v2\/media?parent=29956"}],"wp:term":[{"taxonomy":"product_cat","embeddable":true,"href":"https:\/\/meconstructionsupplies.com\/fr\/wp-json\/wp\/v2\/product_cat?post=29956"},{"taxonomy":"product_tag","embeddable":true,"href":"https:\/\/meconstructionsupplies.com\/fr\/wp-json\/wp\/v2\/product_tag?post=29956"}],"curies":[{"name":"wp","href":"https:\/\/api.w.org\/{rel}","templated":true}]}}