{"id":29976,"date":"2024-11-18T05:35:14","date_gmt":"2024-11-18T05:35:14","guid":{"rendered":"https:\/\/meconstructionsupplies.com\/product\/rubber-gas-mask-nuclear-with-duel-respirator-filter-for-personal-protective-equipment-safty\/"},"modified":"2024-12-02T08:10:12","modified_gmt":"2024-12-02T08:10:12","slug":"rubber-gas-mask-nuclear-with-duel-respirator-filter-for-personal-protective-equipment-safty","status":"publish","type":"product","link":"https:\/\/meconstructionsupplies.com\/fr\/product\/rubber-gas-mask-nuclear-with-duel-respirator-filter-for-personal-protective-equipment-safty\/","title":{"rendered":"Masque \u00e0 gaz en caoutchouc nucl\u00e9aire avec filtre respiratoire double pour \u00e9quipement de protection individuelle de s\u00e9curit\u00e9"},"content":{"rendered":"<div style=\"width: 540px;\" class=\"wp-video\"><!--[if lt IE 9]><script>document.createElement('video');<\/script><![endif]-->\n<video class=\"wp-video-shortcode\" id=\"video-29976-1\" width=\"540\" height=\"960\" preload=\"metadata\" controls=\"controls\"><source type=\"video\/mp4\" src=\"\/\/play.video.alibaba.com\/play\/u\/2153292369\/p\/1\/e\/6\/t\/10300\/422175411420.mp4?_=1\" \/><a href=\"\/\/play.video.alibaba.com\/play\/u\/2153292369\/p\/1\/e\/6\/t\/10300\/422175411420.mp4\">\/\/play.video.alibaba.com\/play\/u\/2153292369\/p\/1\/e\/6\/t\/10300\/422175411420.mp4<\/a><\/video><\/div>\n<p>&nbsp;<\/p>\n<p><strong><span style=\"font-size: 24px;\">MF14 Rubber Gas Mask Nuclear With Duel Respirator Filter For Personal Protective Equipment Safty<\/span><\/strong><\/p>\n<p><span style=\"font-size: 18px;\"><strong>Technical Specifications:<\/strong><br \/>\n<span style=\"font-size: 16px;\">1. Cyanogen Chloride:\u00a0 \u226550 minutes at 30L \/min, 1.5 mg\/L, 80-80% RH conditions<\/span><br \/>\n<span style=\"font-size: 16px;\">2. Hydrocyanic Acid: \u226550 minutes at 30L \/min, 3mg\/L conditions<\/span><br \/>\n<span style=\"font-size: 16px;\">3. Oil Mist Penetration Coefficient: \u2264 0.005% at 30 L\/min<\/span><br \/>\n<span style=\"font-size: 16px;\">4. Inhalation Resistance: \u2264186pa at 30 L\/min<\/span><br \/>\n<span style=\"font-size: 16px;\">5. Exhalation Resistance: \u2264100pa at 30 L\/min<\/span><br \/>\n<span style=\"font-size: 16px;\">6. Total Visual Field: \u2265 75%, Binocular Visual Field: \u2265 30%<\/span><br \/>\n<span style=\"font-size: 16px;\">7. Weight: \u2248700 grams<\/span><br \/>\n<span style=\"font-size: 16px;\">8. Storage life: 5years<\/span><\/span><\/p>\n<p><strong><span style=\"font-size: 18px;\">Features:<\/span><\/strong><\/p>\n<p><span style=\"font-size: 16px;\">1, The tank has low resistance, light weight and long life <\/span><\/p>\n<p><span style=\"font-size: 16px;\">2, The lens has a wide field of view and good optical properties, with good wear and weather resistance <\/span><\/p>\n<p><span style=\"font-size: 16px;\">3, The person wearing the mask is able to drink or eat fluids in the contaminated area <\/span><\/p>\n<p><span style=\"font-size: 16px;\">4, The adjustment strap is flexible and can be adjusted at will to ensure comfort and no leakage<\/span><\/p>\n<p><img fetchpriority=\"high\" decoding=\"async\" class=\"alignnone \" src=\"\/\/sc04.alicdn.com\/kf\/Hce9a46bd8e5b48f7a917a87138125d23q\/235706807\/Hce9a46bd8e5b48f7a917a87138125d23q.jpg\" width=\"541\" height=\"526\" \/><\/p>\n<p>&nbsp;<\/p>\n<div id=\"ali-anchor-AliPostDhMb-4p83b\" class=\"mceSectionContainer\" style=\"padding-top: 8px;\" data-section=\"AliPostDhMb-4p83b\" data-section-title=\"Product Description\">\n<div id=\"ali-title-AliPostDhMb-4p83b\" style=\"padding: 8px 0; border-bottom: 1px solid #ddd;\"><span style=\"background-color: #ddd; color: #333; font-weight: bold; padding: 8px 10px; line-height: 12px;\">Product Description<\/span><\/div>\n<div style=\"padding: 10px 0;\">\n<p><img decoding=\"async\" class=\"alignnone \" src=\"\/\/sc04.alicdn.com\/kf\/HTB1nMdKV7zoK1RjSZFlq6yi4VXal\/235706807\/HTB1nMdKV7zoK1RjSZFlq6yi4VXal.jpg\" width=\"542\" height=\"1687\" \/><\/p>\n<\/div>\n<\/div>\n<div id=\"ali-anchor-AliPostDhMb-d3f3r\" class=\"mceSectionContainer\" style=\"padding-top: 8px;\" data-section=\"AliPostDhMb-d3f3r\" data-section-title=\"FAQ\">\n<div id=\"ali-title-AliPostDhMb-d3f3r\" style=\"padding: 8px 0; border-bottom: 1px solid #ddd;\"><span style=\"background-color: #ddd; color: #333; font-weight: bold; padding: 8px 10px; line-height: 12px;\">FAQ<\/span><\/div>\n<div style=\"padding: 10px 0;\">\n<p><strong><span style=\"font-size: 16px;\">1. who are we?<\/span><\/strong><\/p>\n<p><strong><span style=\"font-size: 16px;\">2. how can we guarantee quality?<\/span><\/strong><br \/>\n<span style=\"font-size: 16px;\">Always a pre-production sample before mass production;<\/span><br \/>\n<span style=\"font-size: 16px;\">Always final Inspection before shipment;<\/span><br \/>\n<strong><span style=\"font-size: 16px;\">3.what can you buy from us?<\/span><\/strong><br \/>\n<span style=\"font-size: 16px;\">gas mask,safety hat,chemical protective clothing,biochemical suit,protective equipment<\/span><br \/>\n<strong><span style=\"font-size: 16px;\">4. why should you buy from us not from other suppliers?<\/span><\/strong><br \/>\n<span style=\"font-size: 16px;\">The company&#8217;s main products are purification filter,emergency escape breathing apparatus, fire insulation suits, firefighters&#8217; equipment, fire control chemical protective clothing, portable bubble gun equipment, rescue equipment , gas mask shield ,etc.<\/span><br \/>\n<strong><span style=\"font-size: 16px;\">5. what services can we provide?<\/span><\/strong><br \/>\n<span style=\"font-size: 16px;\">Accepted Delivery Terms: FOB,CFR,CIF,EXW,FCA;<\/span><br \/>\n<span style=\"font-size: 16px;\">Accepted Payment Currency:USD,EUR,JPY,HKD;<\/span><br \/>\n<span style=\"font-size: 16px;\">Accepted Payment Type: T\/T,L\/C,Credit Card,PayPal;<\/span><br \/>\n<span style=\"font-size: 16px;\">Language Spoken:English,Chinese<\/span><\/p>\n<\/div>\n<\/div>\n","protected":false},"excerpt":{"rendered":"<p>&nbsp; Masque \u00e0 gaz en caoutchouc MF14 nucl\u00e9aire avec filtre respiratoire double pour \u00e9quipement de protection individuelle S\u00e9curit\u00e9 Sp\u00e9cifications techniques : 1. Chlorure de cyanog\u00e8ne :\u00a0<\/p>","protected":false},"featured_media":29975,"comment_status":"open","ping_status":"closed","template":"","meta":[],"product_cat":[153,147,155],"product_tag":[],"class_list":{"0":"post-29976","1":"product","2":"type-product","3":"status-publish","4":"has-post-thumbnail","6":"product_cat-eye-and-face-protection","7":"product_cat-labor-protection-supplies","8":"product_cat-protective-face-shield","10":"first","11":"instock","12":"shipping-taxable","13":"purchasable","14":"product-type-simple"},"_links":{"self":[{"href":"https:\/\/meconstructionsupplies.com\/fr\/wp-json\/wp\/v2\/product\/29976","targetHints":{"allow":["GET"]}}],"collection":[{"href":"https:\/\/meconstructionsupplies.com\/fr\/wp-json\/wp\/v2\/product"}],"about":[{"href":"https:\/\/meconstructionsupplies.com\/fr\/wp-json\/wp\/v2\/types\/product"}],"replies":[{"embeddable":true,"href":"https:\/\/meconstructionsupplies.com\/fr\/wp-json\/wp\/v2\/comments?post=29976"}],"version-history":[{"count":2,"href":"https:\/\/meconstructionsupplies.com\/fr\/wp-json\/wp\/v2\/product\/29976\/revisions"}],"predecessor-version":[{"id":31428,"href":"https:\/\/meconstructionsupplies.com\/fr\/wp-json\/wp\/v2\/product\/29976\/revisions\/31428"}],"wp:featuredmedia":[{"embeddable":true,"href":"https:\/\/meconstructionsupplies.com\/fr\/wp-json\/wp\/v2\/media\/29975"}],"wp:attachment":[{"href":"https:\/\/meconstructionsupplies.com\/fr\/wp-json\/wp\/v2\/media?parent=29976"}],"wp:term":[{"taxonomy":"product_cat","embeddable":true,"href":"https:\/\/meconstructionsupplies.com\/fr\/wp-json\/wp\/v2\/product_cat?post=29976"},{"taxonomy":"product_tag","embeddable":true,"href":"https:\/\/meconstructionsupplies.com\/fr\/wp-json\/wp\/v2\/product_tag?post=29976"}],"curies":[{"name":"wp","href":"https:\/\/api.w.org\/{rel}","templated":true}]}}