{"id":30007,"date":"2024-11-18T05:51:00","date_gmt":"2024-11-18T05:51:00","guid":{"rendered":"https:\/\/meconstructionsupplies.com\/product\/hearing-protection-sound-insulation-ear-plug-silicone-soft-33db-noise-reduction-earplugs-for-sleeping-sleep-ear-plugs\/"},"modified":"2024-12-02T08:10:12","modified_gmt":"2024-12-02T08:10:12","slug":"hearing-protection-sound-insulation-ear-plug-silicone-soft-33db-noise-reduction-earplugs-for-sleeping-sleep-ear-plugs","status":"publish","type":"product","link":"https:\/\/meconstructionsupplies.com\/fr\/product\/hearing-protection-sound-insulation-ear-plug-silicone-soft-33db-noise-reduction-earplugs-for-sleeping-sleep-ear-plugs\/","title":{"rendered":"Bouchons d&#039;oreilles en silicone souple avec isolation phonique pour protection auditive, r\u00e9duction du bruit de 33 dB, pour dormir"},"content":{"rendered":"<div style=\"width: 540px;\" class=\"wp-video\"><!--[if lt IE 9]><script>document.createElement('video');<\/script><![endif]-->\n<video class=\"wp-video-shortcode\" id=\"video-30007-1\" width=\"540\" height=\"960\" preload=\"metadata\" controls=\"controls\"><source type=\"video\/mp4\" src=\"\/\/play.video.alibaba.com\/play\/u\/2153292369\/p\/1\/e\/6\/t\/10300\/438524784456.mp4?_=1\" \/><a href=\"\/\/play.video.alibaba.com\/play\/u\/2153292369\/p\/1\/e\/6\/t\/10300\/438524784456.mp4\">\/\/play.video.alibaba.com\/play\/u\/2153292369\/p\/1\/e\/6\/t\/10300\/438524784456.mp4<\/a><\/video><\/div>\n<h3><strong>Product Description<\/strong><\/h3>\n<hr style=\"border: 2px solid #000; margin-top: 5px; margin-bottom: 5px;\" \/>\n<p><img fetchpriority=\"high\" decoding=\"async\" class=\"alignnone \" src=\"\/\/sc04.alicdn.com\/kf\/Ha6ff6dba15de4bdaa7a0a61e081951deN\/273302748\/Ha6ff6dba15de4bdaa7a0a61e081951deN.jpg\" width=\"543\" height=\"543\" \/><\/p>\n<p><img decoding=\"async\" class=\"alignnone \" src=\"\/\/sc04.alicdn.com\/kf\/H866baf8179f947f5a19323b4c6c9f7f1Z\/273302748\/H866baf8179f947f5a19323b4c6c9f7f1Z.jpg\" width=\"541\" height=\"307\" \/><\/p>\n<p><img decoding=\"async\" class=\"alignnone \" src=\"\/\/sc04.alicdn.com\/kf\/Hd04141f6cad7456e9d79f23eacbc82f1M\/273302748\/Hd04141f6cad7456e9d79f23eacbc82f1M.jpg\" width=\"543\" height=\"543\" \/><\/p>\n<p><img loading=\"lazy\" decoding=\"async\" class=\"alignnone \" src=\"\/\/sc04.alicdn.com\/kf\/H85682ee72c0e48b0bd3d4dce40f159f3U\/273302748\/H85682ee72c0e48b0bd3d4dce40f159f3U.jpg\" width=\"542\" height=\"542\" \/><\/p>\n<p><img loading=\"lazy\" decoding=\"async\" class=\"alignnone \" src=\"\/\/sc04.alicdn.com\/kf\/Hab1f92e331924bfaa6a17c65c033ec45V\/273302748\/Hab1f92e331924bfaa6a17c65c033ec45V.jpg\" width=\"542\" height=\"542\" \/><\/p>\n<p><img loading=\"lazy\" decoding=\"async\" class=\"alignnone \" src=\"\/\/sc04.alicdn.com\/kf\/Hcb05badfd9d54d0bafb2c3bd7791a05fo\/273302748\/Hcb05badfd9d54d0bafb2c3bd7791a05fo.jpg\" width=\"541\" height=\"541\" \/><\/p>\n<p><img loading=\"lazy\" decoding=\"async\" class=\"alignnone \" src=\"\/\/sc04.alicdn.com\/kf\/Hac4ecab463ab4600802386c75a6a4993H\/273302748\/Hac4ecab463ab4600802386c75a6a4993H.jpg\" width=\"540\" height=\"540\" \/><\/p>\n<p><img loading=\"lazy\" decoding=\"async\" class=\"alignnone \" src=\"\/\/sc04.alicdn.com\/kf\/H564dd59db3cd45f4a98db24b26708280X\/273302748\/H564dd59db3cd45f4a98db24b26708280X.jpg\" width=\"542\" height=\"542\" \/><\/p>\n<h3><strong>FAQ<\/strong><\/h3>\n<hr style=\"border: 2px solid #000; margin-top: 5px; margin-bottom: 5px;\" \/>\n<p><b>Q1.When can I get the quotation? <b>A1. We usually quote within 24 hours after we get your inquiry. If you are very urgent to get the price, please call us or tell us in your email so that we will regard your inquiry priority.<\/b><\/b><\/p>\n<p><b>Q2.How can I get a sample to check your quality? <b><br \/>\nA2. We will provide you our existing sample to check our quality,but shipping cost need to paid by you.Or after price<br \/>\nconfirmation, you can require for samples to check our quality, but sample cost need to paid by you .And the sample cost can be refundable if your bulk order quantity reach our request.<\/b><\/b><\/p>\n<p><b>Q3.What kind of files do you accept for printing? <b><br \/>\nA3. PDF, Adobe Illustrator,CDR.<br \/>\n<b><br \/>\nQ4.Can you do the design for us? <b><br \/>\nA4. Yes.We have a professional design team, just tell us your ideas and we will help to carry out your ideas into perfect<br \/>\nproducts.It is also ok if you do not have the complete files.Send us high resolution images, we can design the layout you want.Or if you send your logo to us, we will make the artwork for your reference.<\/b><\/b><\/b><\/b><\/p>\n<p><b>Q5.How long can I expect to get the sample? <b><br \/>\nA5. After you pay the sample charge and approval the layout, mostly, the samples will be ready for delivery in 5 days.The samples will be sent to you via express, it is ok to use your own express account or prepay us if you do not have an account.<\/b><\/b><\/p>\n<p><b>Q6.What about the lead time for mass production? <b><br \/>\nA6. Honestly, it depends on the order quantity and the products you need.<\/b><\/b><\/p>\n<p><b>Q7.What is your terms of delivery? <b><br \/>\nA7. We accept EXW, FOB, DDP, and etc.You can choose the one which is the most convenient or cost effective for you. <\/b><\/b><\/p>\n","protected":false},"excerpt":{"rendered":"<p>Description du produit FAQ Q1.Quand puis-je obtenir le devis ? A1. Nous \u00e9tablissons g\u00e9n\u00e9ralement un devis dans les 24 heures suivant la r\u00e9ception de votre<\/p>","protected":false},"featured_media":30006,"comment_status":"open","ping_status":"closed","template":"","meta":[],"product_cat":[156,157,147],"product_tag":[],"class_list":{"0":"post-30007","1":"product","2":"type-product","3":"status-publish","4":"has-post-thumbnail","6":"product_cat-ear-protection","7":"product_cat-earplugs","8":"product_cat-labor-protection-supplies","10":"first","11":"instock","12":"shipping-taxable","13":"purchasable","14":"product-type-simple"},"_links":{"self":[{"href":"https:\/\/meconstructionsupplies.com\/fr\/wp-json\/wp\/v2\/product\/30007","targetHints":{"allow":["GET"]}}],"collection":[{"href":"https:\/\/meconstructionsupplies.com\/fr\/wp-json\/wp\/v2\/product"}],"about":[{"href":"https:\/\/meconstructionsupplies.com\/fr\/wp-json\/wp\/v2\/types\/product"}],"replies":[{"embeddable":true,"href":"https:\/\/meconstructionsupplies.com\/fr\/wp-json\/wp\/v2\/comments?post=30007"}],"version-history":[{"count":2,"href":"https:\/\/meconstructionsupplies.com\/fr\/wp-json\/wp\/v2\/product\/30007\/revisions"}],"predecessor-version":[{"id":31432,"href":"https:\/\/meconstructionsupplies.com\/fr\/wp-json\/wp\/v2\/product\/30007\/revisions\/31432"}],"wp:featuredmedia":[{"embeddable":true,"href":"https:\/\/meconstructionsupplies.com\/fr\/wp-json\/wp\/v2\/media\/30006"}],"wp:attachment":[{"href":"https:\/\/meconstructionsupplies.com\/fr\/wp-json\/wp\/v2\/media?parent=30007"}],"wp:term":[{"taxonomy":"product_cat","embeddable":true,"href":"https:\/\/meconstructionsupplies.com\/fr\/wp-json\/wp\/v2\/product_cat?post=30007"},{"taxonomy":"product_tag","embeddable":true,"href":"https:\/\/meconstructionsupplies.com\/fr\/wp-json\/wp\/v2\/product_tag?post=30007"}],"curies":[{"name":"wp","href":"https:\/\/api.w.org\/{rel}","templated":true}]}}