{"id":30044,"date":"2024-11-18T06:04:16","date_gmt":"2024-11-18T06:04:16","guid":{"rendered":"https:\/\/meconstructionsupplies.com\/product\/ant5ppe-4-in-1-full-brim-forestry-head-protection-hard-hats-safety-chainsaw-helmet-with-face-shield-and-earmuffs\/"},"modified":"2024-12-02T08:10:12","modified_gmt":"2024-12-02T08:10:12","slug":"ant5ppe-4-in-1-full-brim-forestry-head-protection-hard-hats-safety-chainsaw-helmet-with-face-shield-and-earmuffs","status":"publish","type":"product","link":"https:\/\/meconstructionsupplies.com\/fr\/product\/ant5ppe-4-in-1-full-brim-forestry-head-protection-hard-hats-safety-chainsaw-helmet-with-face-shield-and-earmuffs\/","title":{"rendered":"Casque de s\u00e9curit\u00e9 4 en 1 ANT5PPE pour protection de la t\u00eate et de la for\u00eat, casque de s\u00e9curit\u00e9 pour tron\u00e7onneuse avec \u00e9cran facial et cache-oreilles"},"content":{"rendered":"<div style=\"width: 540px;\" class=\"wp-video\"><!--[if lt IE 9]><script>document.createElement('video');<\/script><![endif]-->\n<video class=\"wp-video-shortcode\" id=\"video-30044-1\" width=\"540\" height=\"960\" preload=\"metadata\" controls=\"controls\"><source type=\"video\/mp4\" src=\"\/\/play.video.alibaba.com\/play\/u\/2153292369\/p\/1\/e\/6\/t\/10300\/450534598732.mp4?_=1\" \/><a href=\"\/\/play.video.alibaba.com\/play\/u\/2153292369\/p\/1\/e\/6\/t\/10300\/450534598732.mp4\">\/\/play.video.alibaba.com\/play\/u\/2153292369\/p\/1\/e\/6\/t\/10300\/450534598732.mp4<\/a><\/video><\/div>\n<p>&nbsp;<\/p>\n<h3><strong>Product Description<\/strong><\/h3>\n<hr style=\"border: 2px solid #000; margin-top: 5px; margin-bottom: 5px;\" \/>\n<p><b>ANT5ppe Safety Hard Hat with Visor &#8211; ANSI Z89.1 Approved Vented Helmet<b><\/b><\/b><\/p>\n<p>Outside Features<br \/>\n1.Our Forest Master series chainsaw helmet is made of premium HDPE material that\u2019s strong and yet lightweight, this forestry<br \/>\nchainsaw safety helmet offers superb coverage in extreme environments\uff0cprotect your head from the impact of falling branches.Full<br \/>\nbrim design with its wide profile,this forestry safety helmet also can better protect you from glare, sun exposure(UV rays), rain,<br \/>\nwind and sand, etc.<br \/>\n2.our 4 in 1 forestry helmet kit comes with helmet, adjustable\/removable ear protectors, mesh visor, specifically designed to provide impeccable protection for your head, face and ears, ensuring you can tackle any task<br \/>\nwith confidence.<\/p>\n<p>&nbsp;<\/p>\n<p><img fetchpriority=\"high\" decoding=\"async\" class=\"alignnone \" src=\"\/\/sc04.alicdn.com\/kf\/H067ac5f2acd948db80a54866a6372004o\/225639376\/H067ac5f2acd948db80a54866a6372004o.jpg\" width=\"541\" height=\"541\" \/><\/p>\n<p><img decoding=\"async\" class=\"alignnone \" src=\"\/\/sc04.alicdn.com\/kf\/H80e98b434a2f4f45be481900a75d8ac3w\/225639376\/H80e98b434a2f4f45be481900a75d8ac3w.jpg\" width=\"541\" height=\"541\" \/><\/p>\n<p><img decoding=\"async\" class=\"alignnone \" src=\"\/\/sc04.alicdn.com\/kf\/H513a77269e194e70a8f22139ba157badp\/225639376\/H513a77269e194e70a8f22139ba157badp.jpg\" width=\"542\" height=\"542\" \/><\/p>\n<p><img loading=\"lazy\" decoding=\"async\" class=\"alignnone \" src=\"\/\/sc04.alicdn.com\/kf\/Hae48c4ce42324b5fa720ba4f0e15da11J\/225639376\/Hae48c4ce42324b5fa720ba4f0e15da11J.jpg\" width=\"542\" height=\"542\" \/><\/p>\n<p><img loading=\"lazy\" decoding=\"async\" class=\"alignnone \" src=\"\/\/sc04.alicdn.com\/kf\/H34894bf6f7014e17afd4d449d180c026V\/225639376\/H34894bf6f7014e17afd4d449d180c026V.jpg\" width=\"541\" height=\"535\" \/><\/p>\n<p><img loading=\"lazy\" decoding=\"async\" class=\"alignnone \" src=\"\/\/sc04.alicdn.com\/kf\/Ha97556bef6924400a348982552e0246dx\/225639376\/Ha97556bef6924400a348982552e0246dx.jpg\" width=\"542\" height=\"542\" \/><\/p>\n<p><img loading=\"lazy\" decoding=\"async\" class=\"alignnone \" src=\"\/\/sc04.alicdn.com\/kf\/Ha0955f99239c45f4b4c7d9bd4e269198F\/225639376\/Ha0955f99239c45f4b4c7d9bd4e269198F.jpg\" width=\"543\" height=\"543\" \/><\/p>\n<p><img loading=\"lazy\" decoding=\"async\" class=\"alignnone \" src=\"\/\/sc04.alicdn.com\/kf\/H497ad04d283342a28254bc56f0fb0539M\/225639376\/H497ad04d283342a28254bc56f0fb0539M.jpg\" width=\"542\" height=\"542\" \/><\/p>\n<p><img loading=\"lazy\" decoding=\"async\" class=\"alignnone \" src=\"\/\/sc04.alicdn.com\/kf\/H0a291737bd5d4ffa9b105e6f08ffd819E\/225639376\/H0a291737bd5d4ffa9b105e6f08ffd819E.jpg\" width=\"541\" height=\"541\" \/><\/p>\n<p><img loading=\"lazy\" decoding=\"async\" class=\"alignnone \" src=\"\/\/sc04.alicdn.com\/kf\/Hd7123c7eee444a7393d385e943d8a5462\/225639376\/Hd7123c7eee444a7393d385e943d8a5462.jpg\" width=\"542\" height=\"226\" \/><\/p>\n<h3><strong>Packing &amp; Delivery<\/strong><\/h3>\n<hr style=\"border: 2px solid #000; margin-top: 5px; margin-bottom: 5px;\" \/>\n<p>&nbsp;<\/p>\n<p><img loading=\"lazy\" decoding=\"async\" class=\"alignnone \" src=\"\/\/sc04.alicdn.com\/kf\/Hcd876a24966a49bbb737d229595dba74V\/225639376\/Hcd876a24966a49bbb737d229595dba74V.jpg\" width=\"541\" height=\"474\" \/><\/p>\n<p><img loading=\"lazy\" decoding=\"async\" class=\"alignnone \" src=\"\/\/sc04.alicdn.com\/kf\/Ha120acc86580496ab9441374b4814afby\/225639376\/Ha120acc86580496ab9441374b4814afby.jpg\" width=\"543\" height=\"407\" \/><\/p>\n<p><img loading=\"lazy\" decoding=\"async\" class=\"alignnone \" src=\"\/\/sc01.alicdn.com\/kf\/H4d0129ac16a94d0aa83b5b2f3580c549h\/225639376\/H4d0129ac16a94d0aa83b5b2f3580c549h.jpg\" width=\"543\" height=\"407\" \/><\/p>\n<p><img loading=\"lazy\" decoding=\"async\" class=\"alignnone \" src=\"\/\/sc01.alicdn.com\/kf\/H41b016f76c4e4af388f4e731fe611050n\/225639376\/H41b016f76c4e4af388f4e731fe611050n.jpg\" width=\"544\" height=\"408\" \/><\/p>\n<p>To better ensure the safety of your goods, professional, environmentally friendly, convenient and efficient packaging services will be provided.<\/p>\n<h3><strong>Application<\/strong><\/h3>\n<hr style=\"border: 2px solid #000; margin-top: 5px; margin-bottom: 5px;\" \/>\n<p><img loading=\"lazy\" decoding=\"async\" class=\"alignnone \" src=\"\/\/sc04.alicdn.com\/kf\/H6eae73257b434e3ca857b3d3e7802b4cg\/225639376\/H6eae73257b434e3ca857b3d3e7802b4cg.jpg\" width=\"541\" height=\"541\" \/><\/p>\n<p><img loading=\"lazy\" decoding=\"async\" class=\"alignnone \" src=\"\/\/sc01.alicdn.com\/kf\/Hf105c93d242743eca73312ea713f9dacT\/225639376\/Hf105c93d242743eca73312ea713f9dacT.png\" width=\"541\" height=\"541\" \/><\/p>\n<p><img loading=\"lazy\" decoding=\"async\" class=\"alignnone \" src=\"\/\/sc04.alicdn.com\/kf\/Hebe089f456544ab79a79cb96a5aa6061l\/225639376\/Hebe089f456544ab79a79cb96a5aa6061l.jpg\" width=\"540\" height=\"405\" \/><\/p>\n<p><img loading=\"lazy\" decoding=\"async\" class=\"alignnone \" src=\"\/\/sc04.alicdn.com\/kf\/Hde835f036caf4369873784d6b6e0ac37C\/225639376\/Hde835f036caf4369873784d6b6e0ac37C.jpg\" width=\"542\" height=\"360\" \/><\/p>\n<p>All in all, this helmet is best use for climbing, height work, confined space entry, facade cleaning, construction, general<br \/>\nmanufacturing, heavy infrastructure, industrial maintenance etc. Protects splashes, spatters, etc. Can be used where ambient temperature is high.<\/p>\n<h3><strong>Company Profile<\/strong><\/h3>\n<hr style=\"border: 2px solid #000; margin-top: 5px; margin-bottom: 5px;\" \/>\n<p><img loading=\"lazy\" decoding=\"async\" class=\"alignnone \" src=\"\/\/sc02.alicdn.com\/kf\/HTB12BUDbiAnBKNjSZFvq6yTKXXal\/225639376\/HTB12BUDbiAnBKNjSZFvq6yTKXXal.jpg\" width=\"542\" height=\"363\" \/><\/p>\n<p><img loading=\"lazy\" decoding=\"async\" class=\"alignnone \" src=\"\/\/sc02.alicdn.com\/kf\/HTB1aCRhfuuSBuNjSsziq6zq8pXap\/225639376\/HTB1aCRhfuuSBuNjSsziq6zq8pXap.jpg\" width=\"543\" height=\"309\" \/><\/p>\n<p><img loading=\"lazy\" decoding=\"async\" class=\"alignnone \" src=\"\/\/sc01.alicdn.com\/kf\/HTB1WhTONFXXXXaHXpXXq6xXFXXXk\/225639376\/HTB1WhTONFXXXXaHXpXXq6xXFXXXk.jpg\" width=\"542\" height=\"314\" \/><\/p>\n<p><img loading=\"lazy\" decoding=\"async\" class=\"alignnone \" src=\"\/\/sc01.alicdn.com\/kf\/HTB1vIDuob3nBKNjSZFMq6yUSFXae\/225639376\/HTB1vIDuob3nBKNjSZFMq6yUSFXae.jpg\" width=\"543\" height=\"468\" \/><\/p>\n<p><img loading=\"lazy\" decoding=\"async\" class=\"alignnone \" src=\"\/\/sc02.alicdn.com\/kf\/HTB1qF1yKeySBuNjy1zdq6xPxFXaI\/225639376\/HTB1qF1yKeySBuNjy1zdq6xPxFXaI.jpg\" width=\"540\" height=\"466\" \/><\/p>\n<h3><strong>FAQ<\/strong><\/h3>\n<hr style=\"border: 2px solid #000; margin-top: 5px; margin-bottom: 5px;\" \/>\n<p><b>1. Who are we?<b><\/b><\/b><\/p>\n<p><b>2. How can we guarantee quality?<b><br \/>\nAlways a pre-production sample before mass production;<br \/>\nAlways final Inspection before shipment;<\/b><\/b><\/p>\n<p><b>3.What can you buy from us?<b><br \/>\nSafety Helmets,Safety Glasses,Safety Goggles, Face shield, Earmuffs, Safety vest, Safety shoes and etc.<\/b><\/b><\/p>\n<p><b>4. Why should you buy from us not from other suppliers?<b><br \/>\nSunnergy safety products have passed the strict impact testing and comply with the stand of ANSI87.1-2009 and ANSI89.1-2009, CE, ISO9001:2000. Our products have exported to America, Japan, Korea, Europe, Africa, Australia, etc over 50 countries.<br \/>\nWe have the rich experience in OEM brands like our cooperative including Portwest, Honeywell, 3M, Deltaplus and etc.<br \/>\n<b><br \/>\n<b><b>5. What services can we provide?<b><br \/>\nAccepted Delivery Terms: FOB,CFR,CIF,EXW,DDP,DDU,Express Delivery\uff1b<br \/>\nAccepted Payment Currency:USD,CNY;<br \/>\nAccepted Payment Type: T\/T,L\/C,Credit Card,PayPal,Western Union,Cash,Escrow;<br \/>\nLanguage Spoken:English,Chinese,Spanish <\/b><\/b><\/b><\/b><\/b><\/b><\/p>\n","protected":false},"excerpt":{"rendered":"<p>&nbsp; Description du produit Casque de s\u00e9curit\u00e9 ANT5ppe avec visi\u00e8re \u2013 Casque ventil\u00e9 approuv\u00e9 ANSI Z89.1 Caract\u00e9ristiques ext\u00e9rieures 1. Notre ma\u00eetre forestier<\/p>","protected":false},"featured_media":30043,"comment_status":"open","ping_status":"closed","template":"","meta":[],"product_cat":[156,158,147],"product_tag":[],"class_list":{"0":"post-30044","1":"product","2":"type-product","3":"status-publish","4":"has-post-thumbnail","6":"product_cat-ear-protection","7":"product_cat-earmuffs","8":"product_cat-labor-protection-supplies","10":"first","11":"instock","12":"shipping-taxable","13":"purchasable","14":"product-type-simple"},"_links":{"self":[{"href":"https:\/\/meconstructionsupplies.com\/fr\/wp-json\/wp\/v2\/product\/30044","targetHints":{"allow":["GET"]}}],"collection":[{"href":"https:\/\/meconstructionsupplies.com\/fr\/wp-json\/wp\/v2\/product"}],"about":[{"href":"https:\/\/meconstructionsupplies.com\/fr\/wp-json\/wp\/v2\/types\/product"}],"replies":[{"embeddable":true,"href":"https:\/\/meconstructionsupplies.com\/fr\/wp-json\/wp\/v2\/comments?post=30044"}],"version-history":[{"count":3,"href":"https:\/\/meconstructionsupplies.com\/fr\/wp-json\/wp\/v2\/product\/30044\/revisions"}],"predecessor-version":[{"id":31434,"href":"https:\/\/meconstructionsupplies.com\/fr\/wp-json\/wp\/v2\/product\/30044\/revisions\/31434"}],"wp:featuredmedia":[{"embeddable":true,"href":"https:\/\/meconstructionsupplies.com\/fr\/wp-json\/wp\/v2\/media\/30043"}],"wp:attachment":[{"href":"https:\/\/meconstructionsupplies.com\/fr\/wp-json\/wp\/v2\/media?parent=30044"}],"wp:term":[{"taxonomy":"product_cat","embeddable":true,"href":"https:\/\/meconstructionsupplies.com\/fr\/wp-json\/wp\/v2\/product_cat?post=30044"},{"taxonomy":"product_tag","embeddable":true,"href":"https:\/\/meconstructionsupplies.com\/fr\/wp-json\/wp\/v2\/product_tag?post=30044"}],"curies":[{"name":"wp","href":"https:\/\/api.w.org\/{rel}","templated":true}]}}