{"id":30333,"date":"2024-11-18T07:56:23","date_gmt":"2024-11-18T07:56:23","guid":{"rendered":"https:\/\/meconstructionsupplies.com\/product\/cheap-price-bathroom-ceramic-sanitary-ware-material-rectangle-squat-pan-toilet-turkish-arab-toilet-wc\/"},"modified":"2024-12-02T08:08:50","modified_gmt":"2024-12-02T08:08:50","slug":"cheap-price-bathroom-ceramic-sanitary-ware-material-rectangle-squat-pan-toilet-turkish-arab-toilet-wc","status":"publish","type":"product","link":"https:\/\/meconstructionsupplies.com\/fr\/product\/cheap-price-bathroom-ceramic-sanitary-ware-material-rectangle-squat-pan-toilet-turkish-arab-toilet-wc\/","title":{"rendered":"Toilettes turques arabes en c\u00e9ramique \u00e0 bas prix pour salle de bain, toilettes rectangulaires \u00e0 cuvette de toilette"},"content":{"rendered":"<div style=\"width: 540px;\" class=\"wp-video\"><!--[if lt IE 9]><script>document.createElement('video');<\/script><![endif]-->\n<video class=\"wp-video-shortcode\" id=\"video-30333-1\" width=\"540\" height=\"960\" preload=\"metadata\" controls=\"controls\"><source type=\"video\/mp4\" src=\"\/\/play.video.alibaba.com\/play\/u\/2153292369\/p\/1\/e\/6\/t\/10300\/298219355028.mp4?_=1\" \/><a href=\"\/\/play.video.alibaba.com\/play\/u\/2153292369\/p\/1\/e\/6\/t\/10300\/298219355028.mp4\">\/\/play.video.alibaba.com\/play\/u\/2153292369\/p\/1\/e\/6\/t\/10300\/298219355028.mp4<\/a><\/video><\/div>\n<h2><span style=\"font-size: 24px;\">Cheap price bathroom ceramic sanitary ware material rectangle squat pan toilet turkish\u00a0 arab\u00a0 toilet wc<br \/>\n<\/span><\/h2>\n<p><img fetchpriority=\"high\" decoding=\"async\" class=\"alignnone \" src=\"\/\/sc04.alicdn.com\/kf\/H93e75094bdcc43f5bdb8b63b40effe8fx\/244387199\/H93e75094bdcc43f5bdb8b63b40effe8fx.jpg\" width=\"542\" height=\"822\" \/><\/p>\n<p><img decoding=\"async\" class=\"alignnone \" src=\"\/\/sc04.alicdn.com\/kf\/H3a7d2d7ddc4b4677bba3710d83f9594dD\/244387199\/H3a7d2d7ddc4b4677bba3710d83f9594dD.jpg\" width=\"542\" height=\"717\" \/><\/p>\n<p><img decoding=\"async\" class=\"alignnone \" src=\"\/\/sc04.alicdn.com\/kf\/H33c5d8c4fa9a464da49e2829854595bct\/244387199\/H33c5d8c4fa9a464da49e2829854595bct.jpg\" width=\"542\" height=\"649\" \/><\/p>\n<div id=\"ali-anchor-AliPostDhMb-zordb\" class=\"mceSectionContainer\" style=\"padding-top: 8px;\" data-section=\"AliPostDhMb-zordb\" data-section-title=\"Product Description\">\n<div id=\"ali-title-AliPostDhMb-zordb\" style=\"padding: 8px 0; border-bottom: 1px solid #ddd;\"><span style=\"background-color: #ddd; color: #333; font-weight: bold; padding: 8px 10px; line-height: 12px;\">Product Description<\/span><\/div>\n<div style=\"padding: 10px 0;\">\n<ol>\n<li style=\"box-sizing: content-box; margin: 0px 0px 0px 30px; padding: 0px; border: 0px; font-style: inherit; font-weight: inherit; font-size: 16px; line-height: inherit; vertical-align: baseline; display: list-item !important;\"><span style=\"box-sizing: content-box; margin: 0px; padding: 0px; border: 0px; font-style: inherit; font-weight: inherit; font-size: 16px; line-height: 24px; vertical-align: baseline;\"><strong>Unique design, best delivery, high quality guaranteed, good service and competitive price.<\/strong><\/span><\/li>\n<li style=\"box-sizing: content-box; margin: 0px 0px 0px 30px; padding: 0px; border: 0px; font-style: inherit; font-weight: inherit; font-size: 16px; line-height: inherit; vertical-align: baseline; display: list-item !important;\"><span style=\"box-sizing: content-box; margin: 0px; padding: 0px; border: 0px; font-style: inherit; font-weight: inherit; font-size: 16px; line-height: 24px; vertical-align: baseline;\"><strong>Support customized logo or packing as your requirements.<\/strong><\/span><\/li>\n<li style=\"box-sizing: content-box; margin: 0px 0px 0px 30px; padding: 0px; border: 0px; font-style: inherit; font-weight: inherit; font-size: 16px; line-height: inherit; vertical-align: baseline; display: list-item !important;\"><strong><span style=\"box-sizing: content-box; margin: 0px; padding: 0px; border: 0px; font-style: inherit; font-weight: inherit; font-size: inherit; line-height: 24px; vertical-align: baseline; color: #ff0000;\">Please note!<\/span>\u00a0Different specifications items have their corresponding price. If any questions, please contact our sales.<\/strong><\/li>\n<\/ol>\n<div>\n<div style=\"display: flex; background-color: #f2f2f2; padding: 10px; border-bottom: 1px solid #ddd;\">\n<div style=\"width: 40%; font-weight: bold;\">\u00a0Product Name<\/div>\n<div style=\"width: 60%;\">Cheap price bathroom ceramic sanitary ware material rectangle squat pan toilet turkish\u00a0 arab\u00a0 toilet wc<\/div>\n<\/div>\n<div style=\"display: flex; background-color: #e9ecef; padding: 10px; border-bottom: 1px solid #ddd;\">\n<div style=\"width: 40%; font-weight: bold;\">\u00a0Product Style<\/div>\n<div style=\"width: 60%;\">\u00a0modern<\/div>\n<\/div>\n<div style=\"display: flex; background-color: #f2f2f2; padding: 10px; border-bottom: 1px solid #ddd;\">\n<div style=\"width: 40%; font-weight: bold;\">\u00a0Product Material<\/div>\n<div style=\"width: 60%;\">\u00a0ceramic<\/div>\n<\/div>\n<div style=\"display: flex; background-color: #e9ecef; padding: 10px; border-bottom: 1px solid #ddd;\">\n<div style=\"width: 40%; font-weight: bold;\">\u00a0Installation<\/div>\n<div style=\"width: 60%;\">\u00a0According to Customer&#8217;s Customization<\/div>\n<\/div>\n<div style=\"display: flex; background-color: #f2f2f2; padding: 10px; border-bottom: 1px solid #ddd;\">\n<div style=\"width: 40%; font-weight: bold;\">\u00a0Size<\/div>\n<div style=\"width: 60%;\">530*430*190\u00a0MM<\/div>\n<\/div>\n<div style=\"display: flex; background-color: #e9ecef; padding: 10px; border-bottom: 1px solid #ddd;\">\n<div style=\"width: 40%; font-weight: bold;\">\u00a0Accessaries<\/div>\n<div style=\"width: 60%;\">1.No induction port2.Pipe Adapting Piece needs to be purchased separately;If demand, please contact us3.The sensor or manual flush valve needs to be purchased separately, please contact us to customize and order<\/div>\n<\/div>\n<div style=\"display: flex; background-color: #f2f2f2; padding: 10px; border-bottom: 1px solid #ddd;\">\n<div style=\"width: 40%; font-weight: bold;\">\u00a0Customized<\/div>\n<div style=\"width: 60%;\">\u00a0Can be customized as induction urinal or manual flush valve urinal<\/div>\n<\/div>\n<\/div>\n<\/div>\n<\/div>\n<div id=\"ali-anchor-AliPostDhMb-8gu58\" class=\"mceSectionContainer\" style=\"padding-top: 8px;\" data-section=\"AliPostDhMb-8gu58\" data-section-title=\"FAQ\">\n<div id=\"ali-title-AliPostDhMb-8gu58\" style=\"padding: 8px 0; border-bottom: 1px solid #ddd;\"><span style=\"background-color: #ddd; color: #333; font-weight: bold; padding: 8px 10px; line-height: 12px;\">FAQ<\/span><\/div>\n<div style=\"padding: 10px 0;\">\n<p><span style=\"font-size: 18px; color: #000000; background-color: #fac8af;\">Q:Where is your factory local? how can I visit there?<\/span><\/p>\n<p><span style=\"font-size: 18px; color: #000000;\">A:<\/span><\/p>\n<p><span style=\"font-size: 18px; color: #000000;\">\u00a0<\/span><\/p>\n<p style=\"box-sizing: content-box; margin: 0px; padding: 0px; border: 0px; font-style: normal; font-weight: 400; font-size: 12px; line-height: inherit; font-family: Arial,Helvetica; vertical-align: baseline; color: #333333;\"><span style=\"box-sizing: content-box; margin: 0px; padding: 0px; border: 0px; font-style: inherit; font-weight: inherit; font-size: 18px; line-height: 27px; vertical-align: baseline; color: #000000; background-color: #fac8af;\">Q:\u00a0What products are produced in your company?<\/span><\/p>\n<p style=\"box-sizing: content-box; margin: 0px; padding: 0px; border: 0px; font-style: normal; font-weight: 400; font-size: 12px; line-height: inherit; font-family: Arial,Helvetica; vertical-align: baseline; color: #333333;\"><span style=\"box-sizing: content-box; margin: 0px; padding: 0px; border: 0px; font-style: inherit; font-weight: inherit; font-size: 18px; line-height: 27px; vertical-align: baseline; color: #000000;\">A: We are major in making the sanitary ware products.such as toilets, basins,squatting pan,cabinets,and the relative sanitary ware products<\/span><span style=\"font-size: 18px; font-family: arial, helvetica, sans-serif;\">,including bathroom cabinet vanities, bathroom sink, one piece toilet, two piece toilet, smart toilet, wall hung toilet, toilet commode, ceramic wash Basins, pedestal Basin, squatting pan, ceramic urinal bowl, bathroom accessories, smart mirror etc.<\/span><\/p>\n<p style=\"box-sizing: content-box; margin: 0px; padding: 0px; border: 0px; font-style: normal; font-weight: 400; font-size: 12px; line-height: inherit; font-family: Arial,Helvetica; vertical-align: baseline; color: #333333;\"><span style=\"box-sizing: content-box; margin: 0px; padding: 0px; border: 0px; font-style: inherit; font-weight: inherit; font-size: 18px; line-height: 27px; vertical-align: baseline; color: #000000;\">\u00a0<\/span><\/p>\n<p style=\"box-sizing: content-box; margin: 0px; padding: 0px; border: 0px; font-style: normal; font-weight: 400; font-size: 12px; line-height: inherit; font-family: Arial,Helvetica; vertical-align: baseline; color: #333333;\"><span style=\"box-sizing: content-box; margin: 0px; padding: 0px; border: 0px; font-style: inherit; font-weight: inherit; font-size: 18px; line-height: 27px; vertical-align: baseline; color: #000000; background-color: #fac8af;\">Q: Is your company the factory or trade company?<\/span><\/p>\n<p style=\"box-sizing: content-box; margin: 0px; padding: 0px; border: 0px; font-style: normal; font-weight: 400; font-size: 12px; line-height: inherit; font-family: Arial,Helvetica; vertical-align: baseline; color: #333333;\"><span style=\"box-sizing: content-box; margin: 0px; padding: 0px; border: 0px; font-style: inherit; font-weight: inherit; font-size: 18px; line-height: 27px; vertical-align: baseline; color: #000000;\">A: Our company is combine with many factories all together,to offer the best quality and one stop service for our customers.Customers can do the OEM and can choose what relaive products they want,all products is produce in the factory then by our QC team,through our export department,to arrange everything for shipping savely to our customers.To offer the Competitive price ,high quality and best service.<\/span><\/p>\n<p style=\"box-sizing: content-box; margin: 0px; padding: 0px; border: 0px; font-style: normal; font-weight: 400; font-size: 12px; line-height: inherit; font-family: Arial,Helvetica; vertical-align: baseline; color: #333333;\"><span style=\"box-sizing: content-box; margin: 0px; padding: 0px; border: 0px; font-style: inherit; font-weight: inherit; font-size: 18px; line-height: 27px; vertical-align: baseline; color: #000000;\">\u00a0<\/span><\/p>\n<p style=\"box-sizing: content-box; margin: 0px; padding: 0px; border: 0px; font-style: normal; font-weight: 400; font-size: 12px; line-height: inherit; font-family: Arial,Helvetica; vertical-align: baseline; color: #333333;\"><span style=\"box-sizing: content-box; margin: 0px; padding: 0px; border: 0px; font-style: inherit; font-weight: inherit; font-size: 18px; line-height: 27px; vertical-align: baseline; color: #000000; background-color: #fac8af;\">Q: What package your company made?<\/span><\/p>\n<p style=\"box-sizing: content-box; margin: 0px; padding: 0px; border: 0px; font-style: normal; font-weight: 400; font-size: 12px; line-height: inherit; font-family: Arial,Helvetica; vertical-align: baseline; color: #333333;\"><span style=\"box-sizing: content-box; margin: 0px; padding: 0px; border: 0px; font-style: inherit; font-weight: inherit; font-size: 18px; line-height: 27px; vertical-align: baseline; color: #000000;\">A: We accept OEM for our customers and our package all can depend on the customers willing to make, usually we make stronger five layer carton package and international standard for different countries shipping require.<\/span><\/p>\n<p style=\"box-sizing: content-box; margin: 0px; padding: 0px; border: 0px; font-style: normal; font-weight: 400; font-size: 12px; line-height: inherit; font-family: Arial,Helvetica; vertical-align: baseline; color: #333333;\"><span style=\"box-sizing: content-box; margin: 0px; padding: 0px; border: 0px; font-style: inherit; font-weight: inherit; font-size: 18px; line-height: 27px; vertical-align: baseline; color: #000000;\">\u00a0<\/span><\/p>\n<p style=\"box-sizing: content-box; margin: 0px; padding: 0px; border: 0px; font-style: normal; font-weight: 400; font-size: 12px; line-height: inherit; font-family: Arial,Helvetica; vertical-align: baseline; color: #333333;\"><span style=\"box-sizing: content-box; margin: 0px; padding: 0px; border: 0px; font-style: inherit; font-weight: inherit; font-size: 18px; line-height: 27px; vertical-align: baseline; color: #000000; background-color: #fac8af;\">Q: How is your company products quality?<\/span><\/p>\n<p style=\"box-sizing: content-box; margin: 0px; padding: 0px; border: 0px; font-style: normal; font-weight: 400; font-size: 12px; line-height: inherit; font-family: Arial,Helvetica; vertical-align: baseline; color: #333333;\"><span style=\"box-sizing: content-box; margin: 0px; padding: 0px; border: 0px; font-style: inherit; font-weight: inherit; font-size: 18px; line-height: 27px; vertical-align: baseline; color: #000000;\">A: Our company products all produced in facotry,by three times QC check.during produce,after produce and before package. every toilets were tested by water to check.to promise every items all well and quality best.We keep smoothly outside and Good raw material. Just believe in us,We must do the be<\/span><\/p>\n<p><span style=\"font-size: 18px; color: #000000; background-color: #fac8af;\">Q:Can we combine many items assorted in one container in my first order?<\/span><\/p>\n<p><span style=\"font-size: 18px; color: #000000;\">A:Yes, you can. But the quantity of each order item should by very close to our MOQ and only maximum 5 item assorted are allowed per 20ft container, 10 items per 40ft container.<\/span><\/p>\n<p><span style=\"font-size: 18px; color: #000000;\">\u00a0<\/span><\/p>\n<p><span style=\"font-size: 18px; color: #000000; background-color: #fac8af;\">Q:We can make your own brand?<\/span><\/p>\n<p><span style=\"font-size: 18px; color: #000000;\">A:Yes, you can. we provide OEM\/ODM service. We also supply custom made service.<\/span><\/p>\n<p><span style=\"font-size: 18px; color: #000000;\">\u00a0<\/span><\/p>\n<p><span style=\"font-size: 18px; color: #000000; background-color: #fac8af;\">Q:What is your advantage?<\/span><\/p>\n<p><span style=\"font-size: 18px; color: #000000;\">A: 1. Supply lower factory price <\/span><br \/>\n<span style=\"font-size: 18px; color: #000000;\"> 2. Professional and technical personnel and quality control team. <\/span><br \/>\n<span style=\"font-size: 18px; color: #000000;\"> 3. The perfect after-sales service system to serve you at any time.<\/span><\/p>\n<p><span style=\"font-size: 18px; color: #000000;\">\u00a0<\/span><\/p>\n<p><span style=\"font-size: 18px; color: #000000; background-color: #fac8af;\">Q:What is the delivery time and payment term?<\/span><\/p>\n<p><span style=\"font-size: 18px; color: #000000;\">A: 1.Usually from 30 to 35 days. <\/span><br \/>\n<span style=\"font-size: 18px; color: #000000;\"> 2. T\/T, 30 % deposit and 70% before shipment.<\/span><\/p>\n<\/div>\n<\/div>\n<h2><span style=\"font-size: 24px; color: #000000;\">cleaning bathroom wall mounted modern design man sensor urinal ceramic waterless automatic men urinal divider\u00a0<\/span><\/h2>\n<div id=\"ali-anchor-AliPostDhMb-z33bi\" class=\"mceSectionContainer\" style=\"padding-top: 8px;\" data-section=\"AliPostDhMb-z33bi\" data-section-title=\"More products\">\n<div id=\"ali-title-AliPostDhMb-z33bi\" style=\"padding: 8px 0; border-bottom: 1px solid #ddd;\"><span style=\"background-color: #dddddd; color: #000000; font-weight: bold; padding: 8px 10px; line-height: 12px;\">More products<\/span><\/div>\n<div style=\"padding: 10px 0;\">\n<p><img loading=\"lazy\" decoding=\"async\" class=\"alignnone \" src=\"\/\/sc04.alicdn.com\/kf\/H3b16044e3fb24d8dbdd903e087ec96f8D\/244387199\/H3b16044e3fb24d8dbdd903e087ec96f8D.jpg\" width=\"542\" height=\"471\" \/><\/p>\n<map name=\"4523\"><\/map>\n<p>&nbsp;<\/p>\n<\/div>\n<\/div>\n","protected":false},"excerpt":{"rendered":"<p>Toilettes en c\u00e9ramique \u00e0 bas prix pour salle de bain, toilettes rectangulaires \u00e0 cuvette, toilettes turques et arabes Description du produit Design unique, meilleur<\/p>","protected":false},"featured_media":30332,"comment_status":"open","ping_status":"closed","template":"","meta":[],"product_cat":[167,173,175],"product_tag":[],"class_list":{"0":"post-30333","1":"product","2":"type-product","3":"status-publish","4":"has-post-thumbnail","6":"product_cat-sanitary-ware","7":"product_cat-squatting-pans","8":"product_cat-squatting-pans-with-traps","10":"first","11":"instock","12":"shipping-taxable","13":"purchasable","14":"product-type-simple"},"_links":{"self":[{"href":"https:\/\/meconstructionsupplies.com\/fr\/wp-json\/wp\/v2\/product\/30333","targetHints":{"allow":["GET"]}}],"collection":[{"href":"https:\/\/meconstructionsupplies.com\/fr\/wp-json\/wp\/v2\/product"}],"about":[{"href":"https:\/\/meconstructionsupplies.com\/fr\/wp-json\/wp\/v2\/types\/product"}],"replies":[{"embeddable":true,"href":"https:\/\/meconstructionsupplies.com\/fr\/wp-json\/wp\/v2\/comments?post=30333"}],"version-history":[{"count":2,"href":"https:\/\/meconstructionsupplies.com\/fr\/wp-json\/wp\/v2\/product\/30333\/revisions"}],"predecessor-version":[{"id":31460,"href":"https:\/\/meconstructionsupplies.com\/fr\/wp-json\/wp\/v2\/product\/30333\/revisions\/31460"}],"wp:featuredmedia":[{"embeddable":true,"href":"https:\/\/meconstructionsupplies.com\/fr\/wp-json\/wp\/v2\/media\/30332"}],"wp:attachment":[{"href":"https:\/\/meconstructionsupplies.com\/fr\/wp-json\/wp\/v2\/media?parent=30333"}],"wp:term":[{"taxonomy":"product_cat","embeddable":true,"href":"https:\/\/meconstructionsupplies.com\/fr\/wp-json\/wp\/v2\/product_cat?post=30333"},{"taxonomy":"product_tag","embeddable":true,"href":"https:\/\/meconstructionsupplies.com\/fr\/wp-json\/wp\/v2\/product_tag?post=30333"}],"curies":[{"name":"wp","href":"https:\/\/api.w.org\/{rel}","templated":true}]}}