{"id":30343,"date":"2024-11-18T08:00:19","date_gmt":"2024-11-18T08:00:19","guid":{"rendered":"https:\/\/meconstructionsupplies.com\/product\/random-pattern-multi-colors-s-bend-squat-toilet-pan-one-piece-wc-pan-rock-slab-squatting-pan\/"},"modified":"2024-12-02T08:08:50","modified_gmt":"2024-12-02T08:08:50","slug":"random-pattern-multi-colors-s-bend-squat-toilet-pan-one-piece-wc-pan-rock-slab-squatting-pan","status":"publish","type":"product","link":"https:\/\/meconstructionsupplies.com\/fr\/product\/random-pattern-multi-colors-s-bend-squat-toilet-pan-one-piece-wc-pan-rock-slab-squatting-pan\/","title":{"rendered":"Toilettes \u00e0 la turque \u00e0 motif al\u00e9atoire et \u00e0 plusieurs couleurs, cuvette de WC monobloc en forme de S, cuvette de WC \u00e0 la turque en dalle de roche"},"content":{"rendered":"<div style=\"width: 540px;\" class=\"wp-video\"><!--[if lt IE 9]><script>document.createElement('video');<\/script><![endif]-->\n<video class=\"wp-video-shortcode\" id=\"video-30343-1\" width=\"540\" height=\"960\" preload=\"metadata\" controls=\"controls\"><source type=\"video\/mp4\" src=\"\/\/play.video.alibaba.com\/play\/u\/2153292369\/p\/1\/e\/6\/t\/10300\/443435694080.mp4?_=1\" \/><a href=\"\/\/play.video.alibaba.com\/play\/u\/2153292369\/p\/1\/e\/6\/t\/10300\/443435694080.mp4\">\/\/play.video.alibaba.com\/play\/u\/2153292369\/p\/1\/e\/6\/t\/10300\/443435694080.mp4<\/a><\/video><\/div>\n<p><img fetchpriority=\"high\" decoding=\"async\" class=\"alignnone \" src=\"\/\/sc02.alicdn.com\/kf\/H86e7c9c2ceec4cf7aa1c1048c2a50627s\/234913078\/H86e7c9c2ceec4cf7aa1c1048c2a50627s.jpg\" width=\"541\" height=\"181\" \/><\/p>\n<h3><strong>Products Description<\/strong><\/h3>\n<hr style=\"border: 2px solid #000; margin-top: 5px; margin-bottom: 5px;\" \/>\n<p>Random pattern multi colors S-bend squat toilet pan one piece wc pan rock slab squatting pan<\/p>\n<div style=\"display: flex; background-color: #f2f2f2; padding: 10px; border-bottom: 1px solid #ddd;\">\n<div style=\"width: 40%; font-weight: bold;\">Item No.<\/div>\n<div style=\"width: 60%;\">BSQ-02<\/div>\n<\/div>\n<div style=\"display: flex; background-color: #ffffff; padding: 10px; border-bottom: 1px solid #ddd;\">\n<div style=\"width: 40%; font-weight: bold;\">Product<\/div>\n<div style=\"width: 60%;\">Squat Pan Toilet<\/div>\n<\/div>\n<div style=\"display: flex; background-color: #f2f2f2; padding: 10px; border-bottom: 1px solid #ddd;\">\n<div style=\"width: 40%; font-weight: bold;\">Type<\/div>\n<div style=\"width: 60%;\">S-trap<\/div>\n<\/div>\n<div style=\"display: flex; background-color: #ffffff; padding: 10px; border-bottom: 1px solid #ddd;\">\n<div style=\"width: 40%; font-weight: bold;\">Size<\/div>\n<div style=\"width: 60%;\">610*460*180\/220mm<\/div>\n<\/div>\n<div style=\"display: flex; background-color: #f2f2f2; padding: 10px; border-bottom: 1px solid #ddd;\">\n<div style=\"width: 40%; font-weight: bold;\">Color<\/div>\n<div style=\"width: 60%;\">white\/customized<\/div>\n<\/div>\n<div style=\"display: flex; background-color: #ffffff; padding: 10px; border-bottom: 1px solid #ddd;\">\n<div style=\"width: 40%; font-weight: bold;\">Accessories<\/div>\n<div style=\"width: 60%;\">\/<\/div>\n<\/div>\n<div style=\"display: flex; background-color: #f2f2f2; padding: 10px; border-bottom: 1px solid #ddd;\">\n<div style=\"width: 40%; font-weight: bold;\">Package<\/div>\n<div style=\"width: 60%;\">5-ply carton<\/div>\n<\/div>\n<p><img decoding=\"async\" class=\"alignnone \" src=\"\/\/sc04.alicdn.com\/kf\/H4a247c92b8e64b938c692d4708d9156af\/234913078\/H4a247c92b8e64b938c692d4708d9156af.png\" width=\"541\" height=\"2169\" \/><\/p>\n<p><img decoding=\"async\" class=\"alignnone \" src=\"\/\/sc04.alicdn.com\/kf\/Ha21f273609144e008fa414c229eebe46w\/234913078\/Ha21f273609144e008fa414c229eebe46w.png\" width=\"542\" height=\"2171\" \/><\/p>\n<p><img loading=\"lazy\" decoding=\"async\" class=\"alignnone \" src=\"\/\/sc04.alicdn.com\/kf\/H7878aa8646a4475bab171d2e4227ca0f8\/234913078\/H7878aa8646a4475bab171d2e4227ca0f8.png\" width=\"542\" height=\"2770\" \/><\/p>\n<h3><strong>Product Categories<\/strong><\/h3>\n<hr style=\"border: 2px solid #000; margin-top: 5px; margin-bottom: 5px;\" \/>\n<p><img loading=\"lazy\" decoding=\"async\" class=\"alignnone \" src=\"https:\/\/sc01.alicdn.com\/kf\/HTB1cHbALkvoK1RjSZFNq6AxMVXaM\/234913078\/HTB1cHbALkvoK1RjSZFNq6AxMVXaM.jpg\" width=\"542\" height=\"621\" \/><\/p>\n<p><img loading=\"lazy\" decoding=\"async\" class=\"alignnone \" src=\"https:\/\/sc01.alicdn.com\/kf\/HTB1jmroLmrqK1RjSZK9q6xyypXaH\/234913078\/HTB1jmroLmrqK1RjSZK9q6xyypXaH.jpg\" width=\"542\" height=\"581\" \/><\/p>\n<p><img loading=\"lazy\" decoding=\"async\" class=\"alignnone \" src=\"https:\/\/sc02.alicdn.com\/kf\/HTB1M_buLbvpK1RjSZFqq6AXUVXaC\/234913078\/HTB1M_buLbvpK1RjSZFqq6AXUVXaC.jpg\" width=\"543\" height=\"599\" \/><\/p>\n<p><img loading=\"lazy\" decoding=\"async\" class=\"alignnone \" src=\"https:\/\/sc01.alicdn.com\/kf\/HTB18ZjALkzoK1RjSZFlq6yi4VXab\/234913078\/HTB18ZjALkzoK1RjSZFlq6yi4VXab.jpg\" width=\"543\" height=\"620\" \/><\/p>\n<p><img loading=\"lazy\" decoding=\"async\" class=\"alignnone \" src=\"https:\/\/sc01.alicdn.com\/kf\/HTB14zHBLbrpK1RjSZTEq6AWAVXao\/234913078\/HTB14zHBLbrpK1RjSZTEq6AWAVXao.jpg\" width=\"543\" height=\"595\" \/><\/p>\n<p><img loading=\"lazy\" decoding=\"async\" class=\"alignnone \" src=\"https:\/\/sc01.alicdn.com\/kf\/HTB1CL6uLbPpK1RjSZFFq6y5PpXa0\/234913078\/HTB1CL6uLbPpK1RjSZFFq6y5PpXa0.jpg\" width=\"543\" height=\"607\" \/><\/p>\n<p><img loading=\"lazy\" decoding=\"async\" class=\"alignnone \" src=\"https:\/\/sc01.alicdn.com\/kf\/HTB1xhnzLhTpK1RjSZFMq6zG_VXan\/234913078\/HTB1xhnzLhTpK1RjSZFMq6zG_VXan.jpg\" width=\"542\" height=\"584\" \/><\/p>\n<p><img loading=\"lazy\" decoding=\"async\" class=\"alignnone \" src=\"https:\/\/sc01.alicdn.com\/kf\/HTB125YvLbvpK1RjSZFqq6AXUVXav\/234913078\/HTB125YvLbvpK1RjSZFqq6AXUVXav.jpg\" width=\"545\" height=\"607\" \/><\/p>\n<h3><strong>Product packaging<\/strong><\/h3>\n<hr style=\"border: 2px solid #000; margin-top: 5px; margin-bottom: 5px;\" \/>\n<p><img loading=\"lazy\" decoding=\"async\" class=\"alignnone \" src=\"\/\/sc01.alicdn.com\/kf\/H7fd6ca2147f142be9f7e2787d492eac7k\/234913078\/H7fd6ca2147f142be9f7e2787d492eac7k.jpg\" width=\"542\" height=\"156\" \/><\/p>\n<p><img loading=\"lazy\" decoding=\"async\" class=\"alignnone \" src=\"\/\/sc02.alicdn.com\/kf\/H6c4e451cf45a4274adab10a85125c890g\/234913078\/H6c4e451cf45a4274adab10a85125c890g.jpg\" width=\"542\" height=\"722\" \/><\/p>\n<p><img loading=\"lazy\" decoding=\"async\" class=\"alignnone \" src=\"\/\/sc01.alicdn.com\/kf\/H64804119a47e4c98a622afaa9890f42bW\/234913078\/H64804119a47e4c98a622afaa9890f42bW.jpg\" width=\"542\" height=\"722\" \/><\/p>\n<h3><strong>Company Profile<\/strong><\/h3>\n<hr style=\"border: 2px solid #000; margin-top: 5px; margin-bottom: 5px;\" \/>\n<p>&nbsp;<\/p>\n<p><img loading=\"lazy\" decoding=\"async\" class=\"alignnone \" src=\"\/\/sc01.alicdn.com\/kf\/H33e9070fc10f45e985c3c06389a6f3e56\/234913078\/H33e9070fc10f45e985c3c06389a6f3e56.jpg\" width=\"543\" height=\"429\" \/><\/p>\n<h3><strong>FAQ<\/strong><\/h3>\n<hr style=\"border: 2px solid #000; margin-top: 5px; margin-bottom: 5px;\" \/>\n<p><b><span style=\"color: #1f878b;\">Q: Is your company a factory or a trading company?<b><br \/>\nA: We are a manufacturer with 18 years ceramic sanitary ware production experience and 12 years toilet accessories (seat,<br \/>\nflushing, etc) production experience. You are welcome to visit us.<\/b><\/span><\/b><\/p>\n<p><b>Q: Do you accept OEM and what is your MOQ?<b><br \/>\nA: We do OEM as early as our factory set up in 1995. Now we are with an experience of 18 years for OEM. There is no limitation for<br \/>\nMOQ. Our purpose is for long term cooperation.<br \/>\n<b><br \/>\nQ: What is your payment term and lead time?<b><br \/>\nA: Our payment term is TT (30% deposit, 70% balance before loading container), L\/C , or other acceptable way by both sides. <\/b><\/b><\/b><\/b><\/p>\n","protected":false},"excerpt":{"rendered":"<p>Description des produits Cuvette de toilette \u00e0 la turque \u00e0 motif al\u00e9atoire et couleurs multiples, cuvette de toilette monobloc en forme de S, cuvette de toilette \u00e0 la turque en dalle de roche Num\u00e9ro d&#039;article.<\/p>","protected":false},"featured_media":30342,"comment_status":"open","ping_status":"closed","template":"","meta":[],"product_cat":[167,173,175],"product_tag":[],"class_list":{"0":"post-30343","1":"product","2":"type-product","3":"status-publish","4":"has-post-thumbnail","6":"product_cat-sanitary-ware","7":"product_cat-squatting-pans","8":"product_cat-squatting-pans-with-traps","10":"first","11":"instock","12":"shipping-taxable","13":"purchasable","14":"product-type-simple"},"_links":{"self":[{"href":"https:\/\/meconstructionsupplies.com\/fr\/wp-json\/wp\/v2\/product\/30343","targetHints":{"allow":["GET"]}}],"collection":[{"href":"https:\/\/meconstructionsupplies.com\/fr\/wp-json\/wp\/v2\/product"}],"about":[{"href":"https:\/\/meconstructionsupplies.com\/fr\/wp-json\/wp\/v2\/types\/product"}],"replies":[{"embeddable":true,"href":"https:\/\/meconstructionsupplies.com\/fr\/wp-json\/wp\/v2\/comments?post=30343"}],"version-history":[{"count":2,"href":"https:\/\/meconstructionsupplies.com\/fr\/wp-json\/wp\/v2\/product\/30343\/revisions"}],"predecessor-version":[{"id":31461,"href":"https:\/\/meconstructionsupplies.com\/fr\/wp-json\/wp\/v2\/product\/30343\/revisions\/31461"}],"wp:featuredmedia":[{"embeddable":true,"href":"https:\/\/meconstructionsupplies.com\/fr\/wp-json\/wp\/v2\/media\/30342"}],"wp:attachment":[{"href":"https:\/\/meconstructionsupplies.com\/fr\/wp-json\/wp\/v2\/media?parent=30343"}],"wp:term":[{"taxonomy":"product_cat","embeddable":true,"href":"https:\/\/meconstructionsupplies.com\/fr\/wp-json\/wp\/v2\/product_cat?post=30343"},{"taxonomy":"product_tag","embeddable":true,"href":"https:\/\/meconstructionsupplies.com\/fr\/wp-json\/wp\/v2\/product_tag?post=30343"}],"curies":[{"name":"wp","href":"https:\/\/api.w.org\/{rel}","templated":true}]}}