{"id":30425,"date":"2024-11-18T08:38:48","date_gmt":"2024-11-18T08:38:48","guid":{"rendered":"https:\/\/meconstructionsupplies.com\/product\/customized-under-counter-vanity-basin-ceramic-undermount-sink-bathroom-vanity-basin-rectangular-wash-basin-sink\/"},"modified":"2024-12-02T08:08:50","modified_gmt":"2024-12-02T08:08:50","slug":"customized-under-counter-vanity-basin-ceramic-undermount-sink-bathroom-vanity-basin-rectangular-wash-basin-sink","status":"publish","type":"product","link":"https:\/\/meconstructionsupplies.com\/fr\/product\/customized-under-counter-vanity-basin-ceramic-undermount-sink-bathroom-vanity-basin-rectangular-wash-basin-sink\/","title":{"rendered":"Lavabo sous comptoir personnalis\u00e9 Lavabo sous plan en c\u00e9ramique Lavabo de salle de bain Lavabo rectangulaire"},"content":{"rendered":"<p><img fetchpriority=\"high\" decoding=\"async\" class=\"alignnone\" src=\"\/\/sc02.alicdn.com\/kf\/H44c8a9e0889948d4a2281417a4d5445f8\/244293690\/H44c8a9e0889948d4a2281417a4d5445f8.jpg\" width=\"542\" height=\"319\" \/><\/p>\n<p><img decoding=\"async\" class=\"alignnone size-medium\" src=\"\/\/sc01.alicdn.com\/kf\/H85cf33b4fe89453f8441b04eee577e6cX\/244293690\/H85cf33b4fe89453f8441b04eee577e6cX.jpg\" width=\"640\" height=\"560\" \/><\/p>\n<div style=\"display: flex; background-color: #f2f2f2; padding: 10px; border-bottom: 1px solid #ddd;\">\n<div style=\"width: 40%; font-weight: bold;\">Nom du produit<\/div>\n<div style=\"width: 60%;\">Wholesale best price ceramic sinks bowls lavabo rectangular vanity wash basin bathroom under counter sinks<\/div>\n<\/div>\n<div style=\"display: flex; background-color: #ffffff; padding: 10px; border-bottom: 1px solid #ddd;\">\n<div style=\"width: 40%; font-weight: bold;\">Item Number<\/div>\n<div style=\"width: 60%;\">782CD<\/div>\n<\/div>\n<div style=\"display: flex; background-color: #f2f2f2; padding: 10px; border-bottom: 1px solid #ddd;\">\n<div style=\"width: 40%; font-weight: bold;\">Taper<\/div>\n<div style=\"width: 60%;\">Under Counter basin<\/div>\n<\/div>\n<div style=\"display: flex; background-color: #ffffff; padding: 10px; border-bottom: 1px solid #ddd;\">\n<div style=\"width: 40%; font-weight: bold;\">Material<\/div>\n<div style=\"width: 60%;\">Ceramic<\/div>\n<\/div>\n<div style=\"display: flex; background-color: #f2f2f2; padding: 10px; border-bottom: 1px solid #ddd;\">\n<div style=\"width: 40%; font-weight: bold;\">OEM &amp; ODM<\/div>\n<div style=\"width: 60%;\">Available<\/div>\n<\/div>\n<div style=\"display: flex; background-color: #ffffff; padding: 10px; border-bottom: 1px solid #ddd;\">\n<div style=\"width: 40%; font-weight: bold;\">Installation<\/div>\n<div style=\"width: 60%;\">Under Counter Mounting<\/div>\n<\/div>\n<div style=\"display: flex; background-color: #f2f2f2; padding: 10px; border-bottom: 1px solid #ddd;\">\n<div style=\"width: 40%; font-weight: bold;\">Payment<\/div>\n<div style=\"width: 60%;\">T\/T,L\/C<\/div>\n<\/div>\n<div style=\"display: flex; background-color: #ffffff; padding: 10px; border-bottom: 1px solid #ddd;\">\n<div style=\"width: 40%; font-weight: bold;\">Price item:<\/div>\n<div style=\"width: 60%;\">EXW,FOB,CFR<\/div>\n<\/div>\n<div style=\"display: flex; background-color: #f2f2f2; padding: 10px; border-bottom: 1px solid #ddd;\">\n<div style=\"width: 40%; font-weight: bold;\">Emballage<\/div>\n<div style=\"width: 60%;\">Standard export 5 layer carton<\/div>\n<\/div>\n<div style=\"display: flex; background-color: #ffffff; padding: 10px; border-bottom: 1px solid #ddd;\">\n<div style=\"width: 40%; font-weight: bold;\">Transportation<\/div>\n<div style=\"width: 60%;\">By sea\/air transportation\/as request<\/div>\n<\/div>\n<div style=\"display: flex; background-color: #f2f2f2; padding: 10px; border-bottom: 1px solid #ddd;\">\n<div style=\"width: 40%; font-weight: bold;\">Delivery port<\/div>\n<div style=\"width: 60%;\">Shenzhen port\/Shantou port<\/div>\n<\/div>\n<p><img decoding=\"async\" class=\"alignnone\" src=\"\/\/sc01.alicdn.com\/kf\/H69116aab53154deca02026d3a9eda41en\/244293690\/H69116aab53154deca02026d3a9eda41en.jpg\" width=\"542\" height=\"542\" \/><\/p>\n<p><img loading=\"lazy\" decoding=\"async\" class=\"alignnone\" src=\"\/\/sc01.alicdn.com\/kf\/Hfed40d38877c486b8d741a823470d050S\/244293690\/Hfed40d38877c486b8d741a823470d050S.jpg\" width=\"543\" height=\"543\" \/><\/p>\n<p><img loading=\"lazy\" decoding=\"async\" class=\"alignnone\" src=\"\/\/sc01.alicdn.com\/kf\/H25b926b8fcf14c869d3204efdd8c17f8k\/244293690\/H25b926b8fcf14c869d3204efdd8c17f8k.jpg\" width=\"542\" height=\"542\" \/><\/p>\n<p><img loading=\"lazy\" decoding=\"async\" class=\"alignnone\" src=\"\/\/sc01.alicdn.com\/kf\/H8318414ca12e49c09b82fdf96abe498fu\/244293690\/H8318414ca12e49c09b82fdf96abe498fu.jpg\" width=\"542\" height=\"542\" \/><\/p>\n<p><img loading=\"lazy\" decoding=\"async\" class=\"alignnone\" src=\"\/\/sc01.alicdn.com\/kf\/H83e0ed99ea3f49938e1a1a553946e9f9O\/244293690\/H83e0ed99ea3f49938e1a1a553946e9f9O.jpg\" width=\"540\" height=\"678\" \/><\/p>\n<p><img loading=\"lazy\" decoding=\"async\" class=\"alignnone\" src=\"\/\/sc02.alicdn.com\/kf\/Hd5fa08d047ac49d6b6fb84f567123bd54\/244293690\/Hd5fa08d047ac49d6b6fb84f567123bd54.jpg\" width=\"542\" height=\"572\" \/><\/p>\n<p>&nbsp;<\/p>\n<p>&nbsp;<\/p>\n<p><img loading=\"lazy\" decoding=\"async\" class=\"alignnone\" src=\"\/\/sc02.alicdn.com\/kf\/H56e70c949576496d84663ee4fd47853dL\/244293690\/H56e70c949576496d84663ee4fd47853dL.jpg\" width=\"542\" height=\"612\" \/><\/p>\n<p><img loading=\"lazy\" decoding=\"async\" class=\"alignnone\" src=\"\/\/sc01.alicdn.com\/kf\/H79a40f8f814441d0b5570f88ecb568e9S\/244293690\/H79a40f8f814441d0b5570f88ecb568e9S.jpg\" width=\"540\" height=\"282\" \/><\/p>\n<p>&nbsp;<\/p>\n<p><img loading=\"lazy\" decoding=\"async\" class=\"alignnone\" src=\"\/\/sc02.alicdn.com\/kf\/Hd0f54416c61642c08df1805e642e1b49N\/244293690\/Hd0f54416c61642c08df1805e642e1b49N.jpg\" width=\"542\" height=\"426\" \/><\/p>\n<p>&nbsp;<\/p>","protected":false},"excerpt":{"rendered":"<p>Nom du produit Vente en gros au meilleur prix \u00e9viers en c\u00e9ramique bols lavabo rectangulaire vanit\u00e9 lavabo salle de bain sous comptoir \u00e9viers Num\u00e9ro d&#039;article 782CD<\/p>","protected":false},"featured_media":30424,"comment_status":"open","ping_status":"closed","template":"","meta":[],"product_cat":[180,167,179],"product_tag":[],"class_list":{"0":"post-30425","1":"product","2":"type-product","3":"status-publish","4":"has-post-thumbnail","6":"product_cat-ceramic-under-counter-basins","7":"product_cat-sanitary-ware","8":"product_cat-under-counter-basins","10":"first","11":"instock","12":"shipping-taxable","13":"purchasable","14":"product-type-simple"},"_links":{"self":[{"href":"https:\/\/meconstructionsupplies.com\/fr\/wp-json\/wp\/v2\/product\/30425","targetHints":{"allow":["GET"]}}],"collection":[{"href":"https:\/\/meconstructionsupplies.com\/fr\/wp-json\/wp\/v2\/product"}],"about":[{"href":"https:\/\/meconstructionsupplies.com\/fr\/wp-json\/wp\/v2\/types\/product"}],"replies":[{"embeddable":true,"href":"https:\/\/meconstructionsupplies.com\/fr\/wp-json\/wp\/v2\/comments?post=30425"}],"version-history":[{"count":1,"href":"https:\/\/meconstructionsupplies.com\/fr\/wp-json\/wp\/v2\/product\/30425\/revisions"}],"predecessor-version":[{"id":31009,"href":"https:\/\/meconstructionsupplies.com\/fr\/wp-json\/wp\/v2\/product\/30425\/revisions\/31009"}],"wp:featuredmedia":[{"embeddable":true,"href":"https:\/\/meconstructionsupplies.com\/fr\/wp-json\/wp\/v2\/media\/30424"}],"wp:attachment":[{"href":"https:\/\/meconstructionsupplies.com\/fr\/wp-json\/wp\/v2\/media?parent=30425"}],"wp:term":[{"taxonomy":"product_cat","embeddable":true,"href":"https:\/\/meconstructionsupplies.com\/fr\/wp-json\/wp\/v2\/product_cat?post=30425"},{"taxonomy":"product_tag","embeddable":true,"href":"https:\/\/meconstructionsupplies.com\/fr\/wp-json\/wp\/v2\/product_tag?post=30425"}],"curies":[{"name":"wp","href":"https:\/\/api.w.org\/{rel}","templated":true}]}}