{"id":30529,"date":"2024-11-18T09:24:00","date_gmt":"2024-11-18T09:24:00","guid":{"rendered":"https:\/\/meconstructionsupplies.com\/product\/8-function-high-pressure-shower-handheld-showerhead-product-hand-held-shower\/"},"modified":"2025-09-23T01:37:23","modified_gmt":"2025-09-23T01:37:23","slug":"8-function-high-pressure-shower-handheld-showerhead-product-hand-held-shower","status":"publish","type":"product","link":"https:\/\/meconstructionsupplies.com\/fr\/product\/8-function-high-pressure-shower-handheld-showerhead-product-hand-held-shower\/","title":{"rendered":"Pommeau de douche \u00e0 main haute pression \u00e0 8 fonctions Produit Douche \u00e0 main"},"content":{"rendered":"<div style=\"width: 540px;\" class=\"wp-video\"><!--[if lt IE 9]><script>document.createElement('video');<\/script><![endif]-->\n<video class=\"wp-video-shortcode\" id=\"video-30529-1\" width=\"540\" height=\"960\" preload=\"metadata\" controls=\"controls\"><source type=\"video\/mp4\" src=\"\/\/play.video.alibaba.com\/play\/u\/2153292369\/p\/1\/e\/6\/t\/10300\/464384891850.mp4?_=1\" \/><a href=\"\/\/play.video.alibaba.com\/play\/u\/2153292369\/p\/1\/e\/6\/t\/10300\/464384891850.mp4\">\/\/play.video.alibaba.com\/play\/u\/2153292369\/p\/1\/e\/6\/t\/10300\/464384891850.mp4<\/a><\/video><\/div>\n<p><img fetchpriority=\"high\" decoding=\"async\" class=\"alignnone \" src=\"\/\/sc04.alicdn.com\/kf\/H470a11f0472a4b3d96247e030a08b191V\/268247423\/H470a11f0472a4b3d96247e030a08b191V.jpg\" width=\"542\" height=\"264\" \/><\/p>\n<p><img decoding=\"async\" class=\"alignnone size-medium\" src=\"\/\/sc04.alicdn.com\/kf\/He57bc5281eec4565b5fbd307d48be5cdp\/268247423\/He57bc5281eec4565b5fbd307d48be5cdp.jpg\" width=\"640\" height=\"560\" \/><\/p>\n<div style=\"display: flex; background-color: #f2f2f2; padding: 10px; border-bottom: 1px solid #ddd;\">\n<div style=\"width: 40%; font-weight: bold;\"><b data-spm-anchor-id=\"a2700.custom-template.0.i3.d5113333tqE9gJ\">Product Name<b><\/b><\/b><\/div>\n<div style=\"width: 60%;\">Shower Head<\/div>\n<\/div>\n<div style=\"display: flex; background-color: #ffffff; padding: 10px; border-bottom: 1px solid #ddd;\">\n<div style=\"width: 40%; font-weight: bold;\"><b data-spm-anchor-id=\"a2700.custom-template.0.i5.d5113333tqE9gJ\">Application<b><\/b><\/b><\/div>\n<div style=\"width: 60%;\">Bathroom<\/div>\n<\/div>\n<div style=\"display: flex; background-color: #f2f2f2; padding: 10px; border-bottom: 1px solid #ddd;\">\n<div style=\"width: 40%; font-weight: bold;\"><b data-spm-anchor-id=\"a2700.custom-template.0.i8.d5113333tqE9gJ\">Design Style<b><\/b><\/b><\/div>\n<div style=\"width: 60%;\">Modern<\/div>\n<\/div>\n<div style=\"display: flex; background-color: #ffffff; padding: 10px; border-bottom: 1px solid #ddd;\">\n<div style=\"width: 40%; font-weight: bold;\"><b data-spm-anchor-id=\"a2700.custom-template.0.i11.d5113333tqE9gJ\">Surface Finishing<b><\/b><\/b><\/div>\n<div style=\"width: 60%;\">Chrome<\/div>\n<\/div>\n<div style=\"display: flex; background-color: #f2f2f2; padding: 10px; border-bottom: 1px solid #ddd;\">\n<div style=\"width: 40%; font-weight: bold;\"><b data-spm-anchor-id=\"0.0.0.i9.46344f058zkEbx\">Material<b><br \/>\n<\/b><\/b><\/div>\n<div style=\"width: 60%;\">ABs<\/div>\n<\/div>\n<div style=\"display: flex; background-color: #ffffff; padding: 10px; border-bottom: 1px solid #ddd;\">\n<div style=\"width: 40%; font-weight: bold;\"><b data-spm-anchor-id=\"a2700.custom-template.0.i19.d5113333tqE9gJ\">Setting Type<b><\/b><\/b><\/div>\n<div style=\"width: 60%;\">8 water dispensing modes<\/div>\n<\/div>\n<div style=\"display: flex; background-color: #f2f2f2; padding: 10px; border-bottom: 1px solid #ddd;\">\n<div style=\"width: 40%; font-weight: bold;\"><b data-spm-anchor-id=\"a2700.custom-template.0.i26.d5113333tqE9gJ\">Warranty<b><\/b><\/b><\/div>\n<div style=\"width: 60%;\">1 Year<\/div>\n<\/div>\n<div style=\"display: flex; background-color: #ffffff; padding: 10px; border-bottom: 1px solid #ddd;\">\n<div style=\"width: 40%; font-weight: bold;\"><b data-spm-anchor-id=\"a2700.pc-decorate.0.i15.afd73333VBceBe\">MOQ<b><\/b><\/b><\/div>\n<div style=\"width: 60%;\">500 PCS<\/div>\n<\/div>\n<div style=\"display: flex; background-color: #f2f2f2; padding: 10px; border-bottom: 1px solid #ddd;\">\n<div style=\"width: 40%; font-weight: bold;\"><b>Packaging<b><\/b><\/b><\/div>\n<div style=\"width: 60%;\">Bubble bag,color box,or double blister pakage+strong export carton<\/div>\n<\/div>\n<p><img decoding=\"async\" class=\"alignnone \" src=\"\/\/sc04.alicdn.com\/kf\/H6bf32a4bf8774f80a8cc3fcffc0dc250H\/268247423\/H6bf32a4bf8774f80a8cc3fcffc0dc250H.png\" width=\"540\" height=\"334\" \/><\/p>\n<p><img loading=\"lazy\" decoding=\"async\" class=\"alignnone \" src=\"\/\/sc04.alicdn.com\/kf\/H10d20212fe67467b8e3691080f605092v\/268247423\/H10d20212fe67467b8e3691080f605092v.jpg\" width=\"541\" height=\"335\" \/><\/p>\n<p><img loading=\"lazy\" decoding=\"async\" class=\"alignnone \" src=\"\/\/sc04.alicdn.com\/kf\/H2d2487068340496b8bb0f84cbde6506cV\/268247423\/H2d2487068340496b8bb0f84cbde6506cV.jpg\" width=\"541\" height=\"335\" \/><\/p>\n<p><img loading=\"lazy\" decoding=\"async\" class=\"alignnone \" src=\"\/\/sc04.alicdn.com\/kf\/H902f49bc20364e3f8950dd4697d7b809h\/268247423\/H902f49bc20364e3f8950dd4697d7b809h.jpg\" width=\"541\" height=\"335\" \/><\/p>\n<p><img loading=\"lazy\" decoding=\"async\" class=\"alignnone \" src=\"\/\/sc04.alicdn.com\/kf\/Hd53660d4d0da418d9307165526a84a643\/268247423\/Hd53660d4d0da418d9307165526a84a643.jpg\" width=\"540\" height=\"334\" \/><\/p>\n<p><img loading=\"lazy\" decoding=\"async\" class=\"alignnone \" src=\"\/\/sc04.alicdn.com\/kf\/H8f9fa9b942ff4a1083ac9209616a85c7C\/268247423\/H8f9fa9b942ff4a1083ac9209616a85c7C.jpg\" width=\"541\" height=\"335\" \/><\/p>\n<p><img loading=\"lazy\" decoding=\"async\" class=\"alignnone \" src=\"\/\/sc04.alicdn.com\/kf\/Ha05bd0042496426ba2fb30f1db81c8bfo\/268247423\/Ha05bd0042496426ba2fb30f1db81c8bfo.jpg\" width=\"545\" height=\"40\" \/><\/p>\n<p><img loading=\"lazy\" decoding=\"async\" class=\"alignnone \" src=\"\/\/sc04.alicdn.com\/kf\/H9e5e03d53b9c4bd09bd13407ca762f4fP\/268247423\/H9e5e03d53b9c4bd09bd13407ca762f4fP.jpg\" width=\"541\" height=\"764\" \/><\/p>\n<p><img loading=\"lazy\" decoding=\"async\" class=\"alignnone \" src=\"\/\/sc04.alicdn.com\/kf\/H3759b3b583c54c759635abd35048e71d4\/268247423\/H3759b3b583c54c759635abd35048e71d4.jpg\" width=\"542\" height=\"495\" \/><\/p>\n<p>&nbsp;<\/p>\n<p><img loading=\"lazy\" decoding=\"async\" class=\"alignnone \" src=\"\/\/sc04.alicdn.com\/kf\/H1f9f66db79014d0f9140654b072867ed4\/268247423\/H1f9f66db79014d0f9140654b072867ed4.jpg\" width=\"540\" height=\"705\" \/><\/p>\n<p><img loading=\"lazy\" decoding=\"async\" class=\"alignnone \" src=\"\/\/sc04.alicdn.com\/kf\/H6f02f1fdb9df4b80b3771489d8c7bf91k\/268247423\/H6f02f1fdb9df4b80b3771489d8c7bf91k.jpg\" width=\"544\" height=\"456\" \/><\/p>\n<p>&nbsp;<\/p>\n<p><img loading=\"lazy\" decoding=\"async\" class=\"alignnone \" src=\"\/\/sc04.alicdn.com\/kf\/Hbdf8c693450743e2bdf5f8692297aad5y\/268247423\/Hbdf8c693450743e2bdf5f8692297aad5y.jpg\" width=\"540\" height=\"775\" \/><\/p>\n<p><img loading=\"lazy\" decoding=\"async\" class=\"alignnone \" src=\"\/\/sc04.alicdn.com\/kf\/H61b92175e8354984b33a2424c5480bcfF\/268247423\/H61b92175e8354984b33a2424c5480bcfF.jpg\" width=\"543\" height=\"45\" \/><\/p>\n<p><b>Q1: Can you accept OEM or ODM?<b>A1: Yes. We can produce products according to customer&#8217;s requirements and accept<span style=\"color: #d67b03;\">customlzed deslgn. Besides, if you have any ideas, we are here to make it out.<span><b>Q2: How about sample and charge?<b>A2: <span style=\"color: #d67b03;\">Sample ls free, but freight cost should be paid by clients.<span><b>Q3: What about the payment?<b>A3:<span style=\"color: #d67b03;\"> L\/C,T\/T,Western Unlon,PayPal.<span><b>Q4: How can we get detalled price?<b>A4: Please office us detailed information of the production,specific packaging requirementsand purchasing quantity.<b>Q5:How to control the quallty?<b>A5: We have <span style=\"color: #d67b03;\">professlonal personnel, for your products before delivery to provide strictInspection services, to ensure that you get high quallty products.<span><b>Q6: What&#8217;s the lead time for regular order?<b>A6:Honest, it depends on the order quantity, usually <span style=\"color: #d67b03;\">15-30 days. <\/span><\/b><\/b><\/span><\/span><\/b><\/b><\/b><\/b><\/span><\/span><\/b><\/b><\/span><\/span><\/b><\/b><\/span><\/span><\/b><\/b><\/p>\n<p>&nbsp;<\/p>\n","protected":false},"excerpt":{"rendered":"<p>Nom du produit Pommeau de douche Application Salle de bain Style de conception Moderne Finition de surface Chrome Mat\u00e9riau AB Type de r\u00e9glage 8 modes de distribution d&#039;eau<\/p>","protected":false},"featured_media":30528,"comment_status":"open","ping_status":"closed","template":"","meta":[],"product_cat":[185,167,184],"product_tag":[],"class_list":{"0":"post-30529","1":"product","2":"type-product","3":"status-publish","4":"has-post-thumbnail","6":"product_cat-hand-held-shower-heads","7":"product_cat-sanitary-ware","8":"product_cat-shower-heads","10":"first","11":"instock","12":"shipping-taxable","13":"purchasable","14":"product-type-simple"},"_links":{"self":[{"href":"https:\/\/meconstructionsupplies.com\/fr\/wp-json\/wp\/v2\/product\/30529","targetHints":{"allow":["GET"]}}],"collection":[{"href":"https:\/\/meconstructionsupplies.com\/fr\/wp-json\/wp\/v2\/product"}],"about":[{"href":"https:\/\/meconstructionsupplies.com\/fr\/wp-json\/wp\/v2\/types\/product"}],"replies":[{"embeddable":true,"href":"https:\/\/meconstructionsupplies.com\/fr\/wp-json\/wp\/v2\/comments?post=30529"}],"version-history":[{"count":2,"href":"https:\/\/meconstructionsupplies.com\/fr\/wp-json\/wp\/v2\/product\/30529\/revisions"}],"predecessor-version":[{"id":31068,"href":"https:\/\/meconstructionsupplies.com\/fr\/wp-json\/wp\/v2\/product\/30529\/revisions\/31068"}],"wp:featuredmedia":[{"embeddable":true,"href":"https:\/\/meconstructionsupplies.com\/fr\/wp-json\/wp\/v2\/media\/30528"}],"wp:attachment":[{"href":"https:\/\/meconstructionsupplies.com\/fr\/wp-json\/wp\/v2\/media?parent=30529"}],"wp:term":[{"taxonomy":"product_cat","embeddable":true,"href":"https:\/\/meconstructionsupplies.com\/fr\/wp-json\/wp\/v2\/product_cat?post=30529"},{"taxonomy":"product_tag","embeddable":true,"href":"https:\/\/meconstructionsupplies.com\/fr\/wp-json\/wp\/v2\/product_tag?post=30529"}],"curies":[{"name":"wp","href":"https:\/\/api.w.org\/{rel}","templated":true}]}}