{"id":30602,"date":"2024-11-19T01:35:27","date_gmt":"2024-11-19T01:35:27","guid":{"rendered":"https:\/\/meconstructionsupplies.com\/product\/undermount-fine-drawing-process-large-stainless-steel-double-bowl-kitchen-sinks\/"},"modified":"2024-12-02T08:08:25","modified_gmt":"2024-12-02T08:08:25","slug":"undermount-fine-drawing-process-large-stainless-steel-double-bowl-kitchen-sinks","status":"publish","type":"product","link":"https:\/\/meconstructionsupplies.com\/fr\/product\/undermount-fine-drawing-process-large-stainless-steel-double-bowl-kitchen-sinks\/","title":{"rendered":"\u00c9viers de cuisine \u00e0 double cuve en acier inoxydable de grande taille avec proc\u00e9d\u00e9 de dessin fin sous plan"},"content":{"rendered":"<div style=\"width: 540px;\" class=\"wp-video\"><!--[if lt IE 9]><script>document.createElement('video');<\/script><![endif]-->\n<video class=\"wp-video-shortcode\" id=\"video-30602-1\" width=\"540\" height=\"960\" preload=\"metadata\" controls=\"controls\"><source type=\"video\/mp4\" src=\"\/\/play.video.alibaba.com\/play\/u\/2153292369\/p\/1\/e\/6\/t\/10300\/392462201911.mp4?_=1\" \/><a href=\"\/\/play.video.alibaba.com\/play\/u\/2153292369\/p\/1\/e\/6\/t\/10300\/392462201911.mp4\">\/\/play.video.alibaba.com\/play\/u\/2153292369\/p\/1\/e\/6\/t\/10300\/392462201911.mp4<\/a><\/video><\/div>\n<p><b><b>Undermount Fine Drawing Process Large Stainless Steel Double Bowl Kitchen Sinks<b><\/b><\/b><\/b><\/p>\n<h3><strong>Products Description<\/strong><\/h3>\n<hr style=\"border: 2px solid #000; margin-top: 5px; margin-bottom: 5px;\" \/>\n<div style=\"display: flex; background-color: #f2f2f2; padding: 10px; border-bottom: 1px solid #ddd;\">\n<div style=\"width: 40%; font-weight: bold;\">Sink Type<\/div>\n<div style=\"width: 60%;\">Double bowl<\/div>\n<\/div>\n<div style=\"display: flex; background-color: #ffffff; padding: 10px; border-bottom: 1px solid #ddd;\">\n<div style=\"width: 40%; font-weight: bold;\">Bowl Size<\/div>\n<div style=\"width: 60%;\">355mm\u00d7405mm &amp; 2 pieces<\/div>\n<\/div>\n<div style=\"display: flex; background-color: #f2f2f2; padding: 10px; border-bottom: 1px solid #ddd;\">\n<div style=\"width: 40%; font-weight: bold;\">Overall Size<\/div>\n<div style=\"width: 60%;\">790mm\u00d7455mm<\/div>\n<\/div>\n<div style=\"display: flex; background-color: #ffffff; padding: 10px; border-bottom: 1px solid #ddd;\">\n<div style=\"width: 40%; font-weight: bold;\">Depth<\/div>\n<div style=\"width: 60%;\">8&#8243; \/ 9&#8243;<\/div>\n<\/div>\n<div style=\"display: flex; background-color: #f2f2f2; padding: 10px; border-bottom: 1px solid #ddd;\">\n<div style=\"width: 40%; font-weight: bold;\">Raw Material<\/div>\n<div style=\"width: 60%;\">Stainless steel 201 \/ 304 \/ 316<\/div>\n<\/div>\n<div style=\"display: flex; background-color: #ffffff; padding: 10px; border-bottom: 1px solid #ddd;\">\n<div style=\"width: 40%; font-weight: bold;\">Thickness<\/div>\n<div style=\"width: 60%;\">0.6mm \/ 0.8mm \/ 1.0mm \/ 1.2mm<\/div>\n<\/div>\n<div style=\"display: flex; background-color: #f2f2f2; padding: 10px; border-bottom: 1px solid #ddd;\">\n<div style=\"width: 40%; font-weight: bold;\">Surface Finish<\/div>\n<div style=\"width: 60%;\">Polished \/ All Satin \/ Deck polished, bowl satin<\/div>\n<\/div>\n<div style=\"display: flex; background-color: #ffffff; padding: 10px; border-bottom: 1px solid #ddd;\">\n<div style=\"width: 40%; font-weight: bold;\">Logo<\/div>\n<div style=\"width: 60%;\">Custom logos \/ Without logos<\/div>\n<\/div>\n<div style=\"display: flex; background-color: #f2f2f2; padding: 10px; border-bottom: 1px solid #ddd;\">\n<div style=\"width: 40%; font-weight: bold;\">Feature<\/div>\n<div style=\"width: 60%;\">Completely high grade stainless steel raw material<\/div>\n<\/div>\n<p><b>Professional in Kitchen Sinks, own factory<b><b>OEM\/ODM Welcomed, ONE-STOP SERVICE&gt;&gt; Send Inquire To Do Customization Now &lt;&lt;<b> <\/b><\/b><\/b><\/b><\/p>\n<p><img fetchpriority=\"high\" decoding=\"async\" class=\"alignnone \" src=\"\/\/sc04.alicdn.com\/kf\/Hb7f319e6bfbe4387926bbde003891053z\/200366531\/Hb7f319e6bfbe4387926bbde003891053z.jpg\" width=\"538\" height=\"644\" \/><\/p>\n<p><img decoding=\"async\" class=\"alignnone \" src=\"\/\/sc04.alicdn.com\/kf\/H684e684a2dfb43e491d564518221441de\/200366531\/H684e684a2dfb43e491d564518221441de.jpg\" width=\"540\" height=\"443\" \/><\/p>\n<p><img decoding=\"async\" class=\"alignnone \" src=\"\/\/sc04.alicdn.com\/kf\/Ha02aa3ec55a24a17a483a3c5bb21d201j\/200366531\/Ha02aa3ec55a24a17a483a3c5bb21d201j.jpg\" width=\"541\" height=\"594\" \/><\/p>\n<p><img loading=\"lazy\" decoding=\"async\" class=\"alignnone \" src=\"\/\/sc04.alicdn.com\/kf\/Hc3d396a3d97748d19a2bf44128b9d3481\/200366531\/Hc3d396a3d97748d19a2bf44128b9d3481.jpg\" width=\"542\" height=\"436\" \/><\/p>\n<p><img loading=\"lazy\" decoding=\"async\" class=\"alignnone \" src=\"\/\/sc04.alicdn.com\/kf\/H1b717936bf284ba8b9054ec0279010aeA\/200366531\/H1b717936bf284ba8b9054ec0279010aeA.jpg\" width=\"542\" height=\"593\" \/><\/p>\n<p><img loading=\"lazy\" decoding=\"async\" class=\"alignnone \" src=\"\/\/sc04.alicdn.com\/kf\/H102063199546496da6498d14ef83c792Z\/200366531\/H102063199546496da6498d14ef83c792Z.jpg\" width=\"540\" height=\"400\" \/><\/p>\n<p><img loading=\"lazy\" decoding=\"async\" class=\"alignnone \" src=\"\/\/sc04.alicdn.com\/kf\/H8eb01cc821374ae89c68da201777886f0\/200366531\/H8eb01cc821374ae89c68da201777886f0.jpg\" width=\"543\" height=\"475\" \/><\/p>\n<p><img loading=\"lazy\" decoding=\"async\" class=\"alignnone \" src=\"\/\/sc04.alicdn.com\/kf\/H87b4edac0c4545f1bffa586bc1228fc0a\/200366531\/H87b4edac0c4545f1bffa586bc1228fc0a.jpg\" width=\"543\" height=\"620\" \/><\/p>\n<p><img loading=\"lazy\" decoding=\"async\" class=\"alignnone \" src=\"\/\/sc04.alicdn.com\/kf\/H065cbf2ccc034351828ff6d381daa57cY\/200366531\/H065cbf2ccc034351828ff6d381daa57cY.jpg\" width=\"540\" height=\"684\" \/><\/p>\n<p><img loading=\"lazy\" decoding=\"async\" class=\"alignnone \" src=\"\/\/sc04.alicdn.com\/kf\/H56a83c1bf0854b53b0b1d81fb2cb9c60V\/200366531\/H56a83c1bf0854b53b0b1d81fb2cb9c60V.jpg\" width=\"543\" height=\"334\" \/><\/p>\n<p><b>Click here for the latest product quotes and information!!!<b> <\/b><\/b><\/p>\n<h3><strong>Hot Product<\/strong><\/h3>\n<hr style=\"border: 2px solid #000; margin-top: 5px; margin-bottom: 5px;\" \/>\n<p><img loading=\"lazy\" decoding=\"async\" class=\"alignnone \" src=\"\/\/sc04.alicdn.com\/kf\/H173cd8bb699a4e13868cbe6ccda07e3an\/200366531\/H173cd8bb699a4e13868cbe6ccda07e3an.jpg\" width=\"539\" height=\"561\" \/><\/p>\n<p><b>Professional Team Help You Start Your Business<b><b>&gt;&gt; SEND INQUIRE NOW &lt;&lt;<b> <\/b><\/b><\/b><\/b><\/p>\n<p><img loading=\"lazy\" decoding=\"async\" class=\"alignnone \" src=\"\/\/sc04.alicdn.com\/kf\/Hc39b376b40834329b3792e35d67137dck\/200366531\/Hc39b376b40834329b3792e35d67137dck.jpg\" width=\"541\" height=\"532\" \/><\/p>\n<p><img loading=\"lazy\" decoding=\"async\" class=\"alignnone \" src=\"\/\/sc04.alicdn.com\/kf\/H1119385544b64fd5a446a8a55713eb47G\/200366531\/H1119385544b64fd5a446a8a55713eb47G.jpg\" width=\"541\" height=\"519\" \/><\/p>\n<h3><strong>FAQ<\/strong><\/h3>\n<hr style=\"border: 2px solid #000; margin-top: 5px; margin-bottom: 5px;\" \/>\n<p><b>Q1: Are you a trading company or manufacturer?<b><br \/>\nA: We have more than 300 items for your choice. Handmade sink and Pressing sink are in product list.<br \/>\n<b><br \/>\nQ2: Can I add my logo on the product?<b><br \/>\nA: Yes. When your quantity reaches a certain amount according to different items.<\/p>\n<p><b>Q3: Are you able to design or produce new products for us?<b><br \/>\nA: New design or idea are welcome, but new products needs new mould to produce. The cost will be discussed how to be deal with.<\/p>\n<p><b>Q4: Could I get a sample for quality check?<br \/>\n<b>A: Of course yes. Halao will try to make the appropriate sample ,and hope buyer could bear the transport fee.<br \/>\n<b><br \/>\nQ5: What is your terms of delivery? <b><br \/>\nA: We accept EXW,FOB,CIF,etc. You can choose the one which is the most convenient or cost effective for you.<\/p>\n<p><b>Q6: How to solve the quality problems after sales?<b><br \/>\nA: Take photos of the problems and send to us. We will make a satisfied solution for you within 24 hours after we confirm the<br \/>\nproblems. <\/b><\/b><\/b><\/b><\/b><\/b><\/b><\/b><\/b><\/b><\/b><\/b><\/p>\n<p><img loading=\"lazy\" decoding=\"async\" class=\"alignnone \" src=\"\/\/sc04.alicdn.com\/kf\/H7f8753b1c01b48aebae13f8d2550e9c8R\/200366531\/H7f8753b1c01b48aebae13f8d2550e9c8R.jpg\" width=\"538\" height=\"53\" \/><\/p>\n","protected":false},"excerpt":{"rendered":"<p>\u00c9viers de cuisine \u00e0 double cuve en acier inoxydable \u00e0 montage sous plan avec proc\u00e9d\u00e9 de dessin fin Description des produits Type d&#039;\u00e9vier Double cuve Taille de la cuve 355 mm \u00d7 405 mm<\/p>","protected":false},"featured_media":30601,"comment_status":"open","ping_status":"closed","template":"","meta":[],"product_cat":[189,187,167],"product_tag":[],"class_list":{"0":"post-30602","1":"product","2":"type-product","3":"status-publish","4":"has-post-thumbnail","6":"product_cat-double-bowl-sinks","7":"product_cat-kitchen-sinks","8":"product_cat-sanitary-ware","10":"first","11":"instock","12":"shipping-taxable","13":"purchasable","14":"product-type-simple"},"_links":{"self":[{"href":"https:\/\/meconstructionsupplies.com\/fr\/wp-json\/wp\/v2\/product\/30602","targetHints":{"allow":["GET"]}}],"collection":[{"href":"https:\/\/meconstructionsupplies.com\/fr\/wp-json\/wp\/v2\/product"}],"about":[{"href":"https:\/\/meconstructionsupplies.com\/fr\/wp-json\/wp\/v2\/types\/product"}],"replies":[{"embeddable":true,"href":"https:\/\/meconstructionsupplies.com\/fr\/wp-json\/wp\/v2\/comments?post=30602"}],"version-history":[{"count":2,"href":"https:\/\/meconstructionsupplies.com\/fr\/wp-json\/wp\/v2\/product\/30602\/revisions"}],"predecessor-version":[{"id":31083,"href":"https:\/\/meconstructionsupplies.com\/fr\/wp-json\/wp\/v2\/product\/30602\/revisions\/31083"}],"wp:featuredmedia":[{"embeddable":true,"href":"https:\/\/meconstructionsupplies.com\/fr\/wp-json\/wp\/v2\/media\/30601"}],"wp:attachment":[{"href":"https:\/\/meconstructionsupplies.com\/fr\/wp-json\/wp\/v2\/media?parent=30602"}],"wp:term":[{"taxonomy":"product_cat","embeddable":true,"href":"https:\/\/meconstructionsupplies.com\/fr\/wp-json\/wp\/v2\/product_cat?post=30602"},{"taxonomy":"product_tag","embeddable":true,"href":"https:\/\/meconstructionsupplies.com\/fr\/wp-json\/wp\/v2\/product_tag?post=30602"}],"curies":[{"name":"wp","href":"https:\/\/api.w.org\/{rel}","templated":true}]}}